{"id":54378,"date":"2022-02-02T06:12:26","date_gmt":"2025-12-15T09:35:55","guid":{"rendered":"https:\/\/likeink.com\/gnuggis\/fisketatoveringer-a5\/"},"modified":"2026-03-16T20:44:01","modified_gmt":"2026-03-16T20:44:01","slug":"fisketatoveringer-a5","status":"publish","type":"product","link":"https:\/\/likeink.com\/no\/faketatureringar\/fisketatoveringer-a5\/","title":{"rendered":"Fisketatoveringer"},"content":{"rendered":"","protected":false},"excerpt":{"rendered":"<p> Her f\u00e5r du et 20 x 14 cm stort ark fylt med b\u00e5de fine og stygge fisker i forskjellige farger og st\u00f8rrelser. N\u00e5 kan du diskret tatovere en liten sj\u00f8stjerne p\u00e5 foten eller en hel fiskestim p\u00e5 armene, eller kanskje dele ut fisketatoveringer til alle vennene dine p\u00e5 festen.<br \/>\n<br \/>Motivene er tegnet av en australsk kunstner som sannsynligvis ble inspirert da hun dykket i Det indiske hav eller Stillehavet. <\/p>\n<p> Vi trykker og sender dette fine arket med midlertidige fisketatoveringer innen 24 timer! God kvalitet, og selvf\u00f8lgelig er v\u00e5re midlertidige tatoveringer trygge \u00e5 bruke. <\/p>\n<p> Arkst\u00f8rrelse: A5<br \/>\nAntall fisketatoveringer: 41<br \/>\n<br \/>St\u00f8rrelse: Ca. 3 cm <\/p>\n","protected":false},"featured_media":54379,"template":"","meta":[],"product_brand":[],"product_cat":[532,524,365],"product_tag":[],"class_list":{"0":"post-54378","1":"product","2":"type-product","3":"status-publish","4":"has-post-thumbnail","6":"product_cat-barnefest","7":"product_cat-dyr-natur-no","8":"product_cat-ferdige-ark","10":"first","11":"instock","12":"taxable","13":"shipping-taxable","14":"purchasable","15":"product-type-simple"},"yoast_head":"<!-- This site is optimized with the Yoast SEO Premium plugin v26.2 (Yoast SEO v27.5) - https:\/\/yoast.com\/product\/yoast-seo-premium-wordpress\/ -->\n<title>Fisketatoveringer: 41 flotte fiskedesign! Midlertidig tatoveringsark med fiskemotiver - Like ink<\/title>\n<meta name=\"description\" content=\"Fisketatoveringer: Fargerike, attraktive fisketatoveringer i god kvalitet! De midlertidige tatoveringene er enkle og trygge \u00e5 bruke. Rask levering!- Like ink\" \/>\n<meta name=\"robots\" content=\"index, follow, max-snippet:-1, max-image-preview:large, max-video-preview:-1\" \/>\n<link rel=\"canonical\" href=\"https:\/\/likeink.com\/no\/faketatureringar\/fisketatoveringer-a5\/\" \/>\n<meta property=\"og:locale\" content=\"nb_NO\" \/>\n<meta property=\"og:type\" content=\"article\" \/>\n<meta property=\"og:title\" content=\"Fisketatoveringer\" \/>\n<meta property=\"og:description\" content=\"Her f\u00e5r du et 20 x 14 cm stort ark fylt med b\u00e5de fine og stygge fisker i forskjellige farger og st\u00f8rrelser. N\u00e5 kan du diskret tatovere en liten sj\u00f8stjerne p\u00e5 foten eller en hel fiskestim p\u00e5 armene, eller kanskje dele ut fisketatoveringer til alle vennene dine p\u00e5 festen. Motivene er tegnet av en australsk kunstner som sannsynligvis ble inspirert da hun dykket i Det indiske hav eller Stillehavet.  Vi trykker og sender dette fine arket med midlertidige fisketatoveringer innen 24 timer! God kvalitet, og selvf\u00f8lgelig er v\u00e5re midlertidige tatoveringer trygge \u00e5 bruke.  Arkst\u00f8rrelse: A5 Antall fisketatoveringer: 41 St\u00f8rrelse: Ca. 3 cm\" \/>\n<meta property=\"og:url\" content=\"https:\/\/likeink.com\/no\/faketatureringar\/fisketatoveringer-a5\/\" \/>\n<meta property=\"og:site_name\" content=\"Like ink\" \/>\n<meta property=\"article:publisher\" content=\"https:\/\/www.facebook.com\/LikeInkSe\" \/>\n<meta property=\"article:modified_time\" content=\"2026-03-16T20:44:01+00:00\" \/>\n<meta property=\"og:image\" content=\"https:\/\/likeink.com\/wp-content\/uploads\/2022\/02\/Akvariefiskar-Likeink-Gnuggisar.jpg\" \/>\n\t<meta property=\"og:image:width\" content=\"1000\" \/>\n\t<meta property=\"og:image:height\" content=\"704\" \/>\n\t<meta property=\"og:image:type\" content=\"image\/jpeg\" \/>\n<meta name=\"twitter:card\" content=\"summary_large_image\" \/>\n<!-- \/ Yoast SEO Premium plugin. -->","yoast_head_json":{"title":"Fisketatoveringer: 41 flotte fiskedesign! Midlertidig tatoveringsark med fiskemotiver - Like ink","description":"Fisketatoveringer: Fargerike, attraktive fisketatoveringer i god kvalitet! De midlertidige tatoveringene er enkle og trygge \u00e5 bruke. Rask levering!- Like ink","robots":{"index":"index","follow":"follow","max-snippet":"max-snippet:-1","max-image-preview":"max-image-preview:large","max-video-preview":"max-video-preview:-1"},"canonical":"https:\/\/likeink.com\/no\/faketatureringar\/fisketatoveringer-a5\/","og_locale":"nb_NO","og_type":"article","og_title":"Fisketatoveringer","og_description":"Her f\u00e5r du et 20 x 14 cm stort ark fylt med b\u00e5de fine og stygge fisker i forskjellige farger og st\u00f8rrelser. N\u00e5 kan du diskret tatovere en liten sj\u00f8stjerne p\u00e5 foten eller en hel fiskestim p\u00e5 armene, eller kanskje dele ut fisketatoveringer til alle vennene dine p\u00e5 festen. Motivene er tegnet av en australsk kunstner som sannsynligvis ble inspirert da hun dykket i Det indiske hav eller Stillehavet.  Vi trykker og sender dette fine arket med midlertidige fisketatoveringer innen 24 timer! God kvalitet, og selvf\u00f8lgelig er v\u00e5re midlertidige tatoveringer trygge \u00e5 bruke.  Arkst\u00f8rrelse: A5 Antall fisketatoveringer: 41 St\u00f8rrelse: Ca. 3 cm","og_url":"https:\/\/likeink.com\/no\/faketatureringar\/fisketatoveringer-a5\/","og_site_name":"Like ink","article_publisher":"https:\/\/www.facebook.com\/LikeInkSe","article_modified_time":"2026-03-16T20:44:01+00:00","og_image":[{"width":1000,"height":704,"url":"https:\/\/likeink.com\/wp-content\/uploads\/2022\/02\/Akvariefiskar-Likeink-Gnuggisar.jpg","type":"image\/jpeg"}],"twitter_card":"summary_large_image","schema":{"@context":"https:\/\/schema.org","@graph":[{"@type":"WebPage","@id":"https:\/\/likeink.com\/no\/faketatureringar\/fisketatoveringer-a5\/","url":"https:\/\/likeink.com\/no\/faketatureringar\/fisketatoveringer-a5\/","name":"Fisketatoveringer: 41 flotte fiskedesign! Midlertidig tatoveringsark med fiskemotiver - Like ink","isPartOf":{"@id":"https:\/\/likeink.com\/no\/#website"},"primaryImageOfPage":{"@id":"https:\/\/likeink.com\/no\/faketatureringar\/fisketatoveringer-a5\/#primaryimage"},"image":{"@id":"https:\/\/likeink.com\/no\/faketatureringar\/fisketatoveringer-a5\/#primaryimage"},"thumbnailUrl":"https:\/\/likeink.com\/wp-content\/uploads\/2022\/02\/Akvariefiskar-Likeink-Gnuggisar.jpg","datePublished":"2025-12-15T09:35:55+00:00","dateModified":"2026-03-16T20:44:01+00:00","description":"Fisketatoveringer: Fargerike, attraktive fisketatoveringer i god kvalitet! De midlertidige tatoveringene er enkle og trygge \u00e5 bruke. Rask levering!- Like ink","breadcrumb":{"@id":"https:\/\/likeink.com\/no\/faketatureringar\/fisketatoveringer-a5\/#breadcrumb"},"inLanguage":"nb-NO","potentialAction":[{"@type":"ReadAction","target":["https:\/\/likeink.com\/no\/faketatureringar\/fisketatoveringer-a5\/"]}]},{"@type":"ImageObject","inLanguage":"nb-NO","@id":"https:\/\/likeink.com\/no\/faketatureringar\/fisketatoveringer-a5\/#primaryimage","url":"https:\/\/likeink.com\/wp-content\/uploads\/2022\/02\/Akvariefiskar-Likeink-Gnuggisar.jpg","contentUrl":"https:\/\/likeink.com\/wp-content\/uploads\/2022\/02\/Akvariefiskar-Likeink-Gnuggisar.jpg","width":1000,"height":704,"caption":"Fish, aquarium fish as temporary tattoos! Tattoo fish - Buy high-quality fake tattoos with fast delivery - likeink.se"},{"@type":"BreadcrumbList","@id":"https:\/\/likeink.com\/no\/faketatureringar\/fisketatoveringer-a5\/#breadcrumb","itemListElement":[{"@type":"ListItem","position":1,"name":"Hem","item":"https:\/\/likeink.com\/no\/"},{"@type":"ListItem","position":2,"name":"Butikk","item":"https:\/\/likeink.com\/no\/butikk\/"},{"@type":"ListItem","position":3,"name":"Fisketatoveringer"}]},{"@type":"WebSite","@id":"https:\/\/likeink.com\/no\/#website","url":"https:\/\/likeink.com\/no\/","name":"Like ink","description":"Make your own custom design","potentialAction":[{"@type":"SearchAction","target":{"@type":"EntryPoint","urlTemplate":"https:\/\/likeink.com\/no\/?s={search_term_string}"},"query-input":{"@type":"PropertyValueSpecification","valueRequired":true,"valueName":"search_term_string"}}],"inLanguage":"nb-NO"}]}},"_links":{"self":[{"href":"https:\/\/likeink.com\/no\/wp-json\/wp\/v2\/product\/54378","targetHints":{"allow":["GET"]}}],"collection":[{"href":"https:\/\/likeink.com\/no\/wp-json\/wp\/v2\/product"}],"about":[{"href":"https:\/\/likeink.com\/no\/wp-json\/wp\/v2\/types\/product"}],"wp:featuredmedia":[{"embeddable":true,"href":"https:\/\/likeink.com\/no\/wp-json\/wp\/v2\/media\/54379"}],"wp:attachment":[{"href":"https:\/\/likeink.com\/no\/wp-json\/wp\/v2\/media?parent=54378"}],"wp:term":[{"taxonomy":"product_brand","embeddable":true,"href":"https:\/\/likeink.com\/no\/wp-json\/wp\/v2\/product_brand?post=54378"},{"taxonomy":"product_cat","embeddable":true,"href":"https:\/\/likeink.com\/no\/wp-json\/wp\/v2\/product_cat?post=54378"},{"taxonomy":"product_tag","embeddable":true,"href":"https:\/\/likeink.com\/no\/wp-json\/wp\/v2\/product_tag?post=54378"}],"curies":[{"name":"wp","href":"https:\/\/api.w.org\/{rel}","templated":true}]}}