{"id":54380,"date":"2022-02-01T15:52:14","date_gmt":"2025-12-15T09:35:56","guid":{"rendered":"https:\/\/likeink.com\/gnuggis\/owl-party-tatoveringer-a5-ark\/"},"modified":"2026-03-16T20:44:12","modified_gmt":"2026-03-16T20:44:12","slug":"owl-party-tatoveringer-a5-ark","status":"publish","type":"product","link":"https:\/\/likeink.com\/no\/faketatureringar\/owl-party-tatoveringer-a5-ark\/","title":{"rendered":"Owl Party-tatoveringer"},"content":{"rendered":"","protected":false},"excerpt":{"rendered":"<p> Midlertidige tatoveringer med s\u00f8te ugler, pakker, hjerter og fugler laget av en dyktig illustrat\u00f8r. Fine farger og superfine motiver!<br \/>\n<br \/>Hvis du skal arrangere barnefest, kan vi garantere at midlertidige tatoveringer vil bli en suksess, det l\u00f8fter feststemningen \ud83d\ude42 <\/p>\n<p> Vi trykker og sender disse flotte festtatoveringene innen 24 timer etter at du har bestilt!<br \/>\n<br \/>Tatoveringene er enkle \u00e5 p\u00e5f\u00f8re og fjerne. <\/p>\n<p> Arkst\u00f8rrelse: A5<br \/>\nAntall motiver: Ca. 32<br \/>\n<br \/>St\u00f8rrelse: 1-6 cm <\/p><\/p>\n","protected":false},"featured_media":54381,"template":"","meta":[],"product_brand":[],"product_cat":[374,365,371],"product_tag":[],"class_list":{"0":"post-54380","1":"product","2":"type-product","3":"status-publish","4":"has-post-thumbnail","6":"product_cat-dyre-og-naturtatoveringer","7":"product_cat-ferdige-ark","8":"product_cat-tatoveringer-for-barn","10":"first","11":"instock","12":"taxable","13":"shipping-taxable","14":"purchasable","15":"product-type-simple"},"yoast_head":"<!-- This site is optimized with the Yoast SEO Premium plugin v26.2 (Yoast SEO v27.4) - https:\/\/yoast.com\/product\/yoast-seo-premium-wordpress\/ -->\n<title>Owl Party-tatoveringer: falske tatoveringer med ugler til barnebursdager - Like ink<\/title>\n<meta name=\"description\" content=\"Hvis du skal arrangere fest, er festtatoveringer et must, de skaper feststemning! Festtatoveringer av god kvalitet og trygge! - Like ink\" \/>\n<meta name=\"robots\" content=\"index, follow, max-snippet:-1, max-image-preview:large, max-video-preview:-1\" \/>\n<link rel=\"canonical\" href=\"https:\/\/likeink.com\/no\/faketatureringar\/owl-party-tatoveringer-a5-ark\/\" \/>\n<meta property=\"og:locale\" content=\"nb_NO\" \/>\n<meta property=\"og:type\" content=\"article\" \/>\n<meta property=\"og:title\" content=\"Owl Party-tatoveringer\" \/>\n<meta property=\"og:description\" content=\"Midlertidige tatoveringer med s\u00f8te ugler, pakker, hjerter og fugler laget av en dyktig illustrat\u00f8r. Fine farger og superfine motiver! Hvis du skal arrangere barnefest, kan vi garantere at midlertidige tatoveringer vil bli en suksess, det l\u00f8fter feststemningen :)  Vi trykker og sender disse flotte festtatoveringene innen 24 timer etter at du har bestilt! Tatoveringene er enkle \u00e5 p\u00e5f\u00f8re og fjerne.  Arkst\u00f8rrelse: A5 Antall motiver: Ca. 32 St\u00f8rrelse: 1-6 cm\" \/>\n<meta property=\"og:url\" content=\"https:\/\/likeink.com\/no\/faketatureringar\/owl-party-tatoveringer-a5-ark\/\" \/>\n<meta property=\"og:site_name\" content=\"Like ink\" \/>\n<meta property=\"article:publisher\" content=\"https:\/\/www.facebook.com\/LikeInkSe\" \/>\n<meta property=\"article:modified_time\" content=\"2026-03-16T20:44:12+00:00\" \/>\n<meta property=\"og:image\" content=\"https:\/\/likeink.com\/wp-content\/uploads\/2022\/02\/Kalastatueringar-ugglor-Likeink.jpg\" \/>\n\t<meta property=\"og:image:width\" content=\"1200\" \/>\n\t<meta property=\"og:image:height\" content=\"845\" \/>\n\t<meta property=\"og:image:type\" content=\"image\/jpeg\" \/>\n<meta name=\"twitter:card\" content=\"summary_large_image\" \/>\n<script type=\"application\/ld+json\" class=\"yoast-schema-graph\">{\"@context\":\"https:\\\/\\\/schema.org\",\"@graph\":[{\"@type\":\"WebPage\",\"@id\":\"https:\\\/\\\/likeink.com\\\/no\\\/faketatureringar\\\/owl-party-tatoveringer-a5-ark\\\/\",\"url\":\"https:\\\/\\\/likeink.com\\\/no\\\/faketatureringar\\\/owl-party-tatoveringer-a5-ark\\\/\",\"name\":\"Owl Party-tatoveringer: falske tatoveringer med ugler til barnebursdager - Like ink\",\"isPartOf\":{\"@id\":\"https:\\\/\\\/likeink.com\\\/no\\\/#website\"},\"primaryImageOfPage\":{\"@id\":\"https:\\\/\\\/likeink.com\\\/no\\\/faketatureringar\\\/owl-party-tatoveringer-a5-ark\\\/#primaryimage\"},\"image\":{\"@id\":\"https:\\\/\\\/likeink.com\\\/no\\\/faketatureringar\\\/owl-party-tatoveringer-a5-ark\\\/#primaryimage\"},\"thumbnailUrl\":\"https:\\\/\\\/likeink.com\\\/wp-content\\\/uploads\\\/2022\\\/02\\\/Kalastatueringar-ugglor-Likeink.jpg\",\"datePublished\":\"2025-12-15T09:35:56+00:00\",\"dateModified\":\"2026-03-16T20:44:12+00:00\",\"description\":\"Hvis du skal arrangere fest, er festtatoveringer et must, de skaper feststemning! Festtatoveringer av god kvalitet og trygge! - Like ink\",\"breadcrumb\":{\"@id\":\"https:\\\/\\\/likeink.com\\\/no\\\/faketatureringar\\\/owl-party-tatoveringer-a5-ark\\\/#breadcrumb\"},\"inLanguage\":\"nb-NO\",\"potentialAction\":[{\"@type\":\"ReadAction\",\"target\":[\"https:\\\/\\\/likeink.com\\\/no\\\/faketatureringar\\\/owl-party-tatoveringer-a5-ark\\\/\"]}]},{\"@type\":\"ImageObject\",\"inLanguage\":\"nb-NO\",\"@id\":\"https:\\\/\\\/likeink.com\\\/no\\\/faketatureringar\\\/owl-party-tatoveringer-a5-ark\\\/#primaryimage\",\"url\":\"https:\\\/\\\/likeink.com\\\/wp-content\\\/uploads\\\/2022\\\/02\\\/Kalastatueringar-ugglor-Likeink.jpg\",\"contentUrl\":\"https:\\\/\\\/likeink.com\\\/wp-content\\\/uploads\\\/2022\\\/02\\\/Kalastatueringar-ugglor-Likeink.jpg\",\"width\":1200,\"height\":845,\"caption\":\"Owls, presents, candles, and birds. Tattoos for parties and children's parties.\"},{\"@type\":\"BreadcrumbList\",\"@id\":\"https:\\\/\\\/likeink.com\\\/no\\\/faketatureringar\\\/owl-party-tatoveringer-a5-ark\\\/#breadcrumb\",\"itemListElement\":[{\"@type\":\"ListItem\",\"position\":1,\"name\":\"Hem\",\"item\":\"https:\\\/\\\/likeink.com\\\/no\\\/\"},{\"@type\":\"ListItem\",\"position\":2,\"name\":\"Butikk\",\"item\":\"https:\\\/\\\/likeink.com\\\/no\\\/butikk\\\/\"},{\"@type\":\"ListItem\",\"position\":3,\"name\":\"Owl Party-tatoveringer\"}]},{\"@type\":\"WebSite\",\"@id\":\"https:\\\/\\\/likeink.com\\\/no\\\/#website\",\"url\":\"https:\\\/\\\/likeink.com\\\/no\\\/\",\"name\":\"Like ink\",\"description\":\"Make your own custom design\",\"potentialAction\":[{\"@type\":\"SearchAction\",\"target\":{\"@type\":\"EntryPoint\",\"urlTemplate\":\"https:\\\/\\\/likeink.com\\\/no\\\/?s={search_term_string}\"},\"query-input\":{\"@type\":\"PropertyValueSpecification\",\"valueRequired\":true,\"valueName\":\"search_term_string\"}}],\"inLanguage\":\"nb-NO\"}]}<\/script>\n<!-- \/ Yoast SEO Premium plugin. -->","yoast_head_json":{"title":"Owl Party-tatoveringer: falske tatoveringer med ugler til barnebursdager - Like ink","description":"Hvis du skal arrangere fest, er festtatoveringer et must, de skaper feststemning! Festtatoveringer av god kvalitet og trygge! - Like ink","robots":{"index":"index","follow":"follow","max-snippet":"max-snippet:-1","max-image-preview":"max-image-preview:large","max-video-preview":"max-video-preview:-1"},"canonical":"https:\/\/likeink.com\/no\/faketatureringar\/owl-party-tatoveringer-a5-ark\/","og_locale":"nb_NO","og_type":"article","og_title":"Owl Party-tatoveringer","og_description":"Midlertidige tatoveringer med s\u00f8te ugler, pakker, hjerter og fugler laget av en dyktig illustrat\u00f8r. Fine farger og superfine motiver! Hvis du skal arrangere barnefest, kan vi garantere at midlertidige tatoveringer vil bli en suksess, det l\u00f8fter feststemningen :)  Vi trykker og sender disse flotte festtatoveringene innen 24 timer etter at du har bestilt! Tatoveringene er enkle \u00e5 p\u00e5f\u00f8re og fjerne.  Arkst\u00f8rrelse: A5 Antall motiver: Ca. 32 St\u00f8rrelse: 1-6 cm","og_url":"https:\/\/likeink.com\/no\/faketatureringar\/owl-party-tatoveringer-a5-ark\/","og_site_name":"Like ink","article_publisher":"https:\/\/www.facebook.com\/LikeInkSe","article_modified_time":"2026-03-16T20:44:12+00:00","og_image":[{"width":1200,"height":845,"url":"https:\/\/likeink.com\/wp-content\/uploads\/2022\/02\/Kalastatueringar-ugglor-Likeink.jpg","type":"image\/jpeg"}],"twitter_card":"summary_large_image","schema":{"@context":"https:\/\/schema.org","@graph":[{"@type":"WebPage","@id":"https:\/\/likeink.com\/no\/faketatureringar\/owl-party-tatoveringer-a5-ark\/","url":"https:\/\/likeink.com\/no\/faketatureringar\/owl-party-tatoveringer-a5-ark\/","name":"Owl Party-tatoveringer: falske tatoveringer med ugler til barnebursdager - Like ink","isPartOf":{"@id":"https:\/\/likeink.com\/no\/#website"},"primaryImageOfPage":{"@id":"https:\/\/likeink.com\/no\/faketatureringar\/owl-party-tatoveringer-a5-ark\/#primaryimage"},"image":{"@id":"https:\/\/likeink.com\/no\/faketatureringar\/owl-party-tatoveringer-a5-ark\/#primaryimage"},"thumbnailUrl":"https:\/\/likeink.com\/wp-content\/uploads\/2022\/02\/Kalastatueringar-ugglor-Likeink.jpg","datePublished":"2025-12-15T09:35:56+00:00","dateModified":"2026-03-16T20:44:12+00:00","description":"Hvis du skal arrangere fest, er festtatoveringer et must, de skaper feststemning! Festtatoveringer av god kvalitet og trygge! - Like ink","breadcrumb":{"@id":"https:\/\/likeink.com\/no\/faketatureringar\/owl-party-tatoveringer-a5-ark\/#breadcrumb"},"inLanguage":"nb-NO","potentialAction":[{"@type":"ReadAction","target":["https:\/\/likeink.com\/no\/faketatureringar\/owl-party-tatoveringer-a5-ark\/"]}]},{"@type":"ImageObject","inLanguage":"nb-NO","@id":"https:\/\/likeink.com\/no\/faketatureringar\/owl-party-tatoveringer-a5-ark\/#primaryimage","url":"https:\/\/likeink.com\/wp-content\/uploads\/2022\/02\/Kalastatueringar-ugglor-Likeink.jpg","contentUrl":"https:\/\/likeink.com\/wp-content\/uploads\/2022\/02\/Kalastatueringar-ugglor-Likeink.jpg","width":1200,"height":845,"caption":"Owls, presents, candles, and birds. Tattoos for parties and children's parties."},{"@type":"BreadcrumbList","@id":"https:\/\/likeink.com\/no\/faketatureringar\/owl-party-tatoveringer-a5-ark\/#breadcrumb","itemListElement":[{"@type":"ListItem","position":1,"name":"Hem","item":"https:\/\/likeink.com\/no\/"},{"@type":"ListItem","position":2,"name":"Butikk","item":"https:\/\/likeink.com\/no\/butikk\/"},{"@type":"ListItem","position":3,"name":"Owl Party-tatoveringer"}]},{"@type":"WebSite","@id":"https:\/\/likeink.com\/no\/#website","url":"https:\/\/likeink.com\/no\/","name":"Like ink","description":"Make your own custom design","potentialAction":[{"@type":"SearchAction","target":{"@type":"EntryPoint","urlTemplate":"https:\/\/likeink.com\/no\/?s={search_term_string}"},"query-input":{"@type":"PropertyValueSpecification","valueRequired":true,"valueName":"search_term_string"}}],"inLanguage":"nb-NO"}]}},"_links":{"self":[{"href":"https:\/\/likeink.com\/no\/wp-json\/wp\/v2\/product\/54380","targetHints":{"allow":["GET"]}}],"collection":[{"href":"https:\/\/likeink.com\/no\/wp-json\/wp\/v2\/product"}],"about":[{"href":"https:\/\/likeink.com\/no\/wp-json\/wp\/v2\/types\/product"}],"wp:featuredmedia":[{"embeddable":true,"href":"https:\/\/likeink.com\/no\/wp-json\/wp\/v2\/media\/54381"}],"wp:attachment":[{"href":"https:\/\/likeink.com\/no\/wp-json\/wp\/v2\/media?parent=54380"}],"wp:term":[{"taxonomy":"product_brand","embeddable":true,"href":"https:\/\/likeink.com\/no\/wp-json\/wp\/v2\/product_brand?post=54380"},{"taxonomy":"product_cat","embeddable":true,"href":"https:\/\/likeink.com\/no\/wp-json\/wp\/v2\/product_cat?post=54380"},{"taxonomy":"product_tag","embeddable":true,"href":"https:\/\/likeink.com\/no\/wp-json\/wp\/v2\/product_tag?post=54380"}],"curies":[{"name":"wp","href":"https:\/\/api.w.org\/{rel}","templated":true}]}}