{"id":54386,"date":"2022-02-01T14:01:43","date_gmt":"2025-12-15T09:35:59","guid":{"rendered":"https:\/\/likeink.com\/gnuggis\/fengselstatoveringer-a5-2\/"},"modified":"2026-03-16T20:44:12","modified_gmt":"2026-03-16T20:44:12","slug":"fengselstatoveringer-a5-2","status":"publish","type":"product","link":"https:\/\/likeink.com\/no\/faketatureringar\/fengselstatoveringer-a5-2\/","title":{"rendered":"Fengselstatoveringer"},"content":{"rendered":"","protected":false},"excerpt":{"rendered":"<p>Designene er laget av K3star, en lidenskapelig vektorgrafikkdesigner fra Moskva i Russland. Med et ark med midlertidige tatoveringer med fengselstema kan du enkelt forvandle utseendet ditt til det av en ekte fengselsfugl.<\/p>\n<p> Det som virkelig kjennetegner en fengselstatovering, er at den er laget i et fengsel, vanligvis med sv\u00e6rt enkle midler. Tatoveringene er vanligvis grafisk enkle, litt skjeve, ikke helt glatte og ofte bare i \u00e9n farge. Det ligger ogs\u00e5 et helt symbolsk spr\u00e5k bak visse motiver, spesielt i russiske fengsler.<br \/>\n<br \/>Mordere merker seg ofte med hodeskaller, kniver og lignende brutale og morbide bilder. En annen klassiker i fengsler er \u00e5 tatovere et par \u00f8yne, som viser at du holder \u00f8ye med og overv\u00e5ker andre fanger og kriminelle aktiviteter. Denne typen \u00f8yetatovering brukes hovedsakelig av h\u00f8ytst\u00e5ende fanger.<br \/>\nHva betyr spindelvev som tatovering?<br \/>\n<br \/>Hvis du har et insekt i et spindelvev tatovert p\u00e5 kroppen, viser det at du er fanget i et narkotikamisbruk som du sannsynligvis aldri vil kunne komme ut av.<br \/>\n<br \/>I dette arket f\u00e5r du motiver med rose i h\u00e5ndjern, kniv og hodeskalle, rose bak gitter, spindelvev og linjer for \u00e5 markere antall dager, \u00e5r eller lignende du har v\u00e6rt innel\u00e5st. <\/p>\n<p> Vi i Like Ink er veldig interessert i tatoveringer og tatoveringers historie, s\u00e5 uansett hva du mener om kriminalitet og fengselstatoveringer, er det en viktig del av tatoveringens kunstform. <\/p>\n<p> Vi trykker og sender bestillingen din innen 24 timer. Ta vare p\u00e5 deg selv. <\/p>\n<p> Arkst\u00f8rrelse: A5<br \/>\nAntall tatoveringer: 10<br \/>\n<br \/>Kniv med hodeskalle st\u00f8rrelse: 13X4 cm <\/p>\n","protected":false},"featured_media":54387,"template":"","meta":[],"product_brand":[],"product_cat":[365,385],"product_tag":[],"class_list":{"0":"post-54386","1":"product","2":"type-product","3":"status-publish","4":"has-post-thumbnail","6":"product_cat-ferdige-ark","7":"product_cat-tyv-og-polititatoveringer","9":"first","10":"instock","11":"taxable","12":"shipping-taxable","13":"purchasable","14":"product-type-simple"},"yoast_head":"<!-- This site is optimized with the Yoast SEO Premium plugin v26.2 (Yoast SEO v27.4) - https:\/\/yoast.com\/product\/yoast-seo-premium-wordpress\/ -->\n<title>Midlertidige tatoveringer \/ Falske fengselstatoveringer - Like ink<\/title>\n<meta name=\"description\" content=\"A5-ark fylt med klassiske fengselstatoveringer! Enkle, litt skjeve, akkurat som fengselstatoveringer skal v\u00e6re! Rask levering! - Like ink\" \/>\n<meta name=\"robots\" content=\"index, follow, max-snippet:-1, max-image-preview:large, max-video-preview:-1\" \/>\n<link rel=\"canonical\" href=\"https:\/\/likeink.com\/no\/faketatureringar\/fengselstatoveringer-a5-2\/\" \/>\n<meta property=\"og:locale\" content=\"nb_NO\" \/>\n<meta property=\"og:type\" content=\"article\" \/>\n<meta property=\"og:title\" content=\"Fengselstatoveringer\" \/>\n<meta property=\"og:description\" content=\"Designene er laget av K3star, en lidenskapelig vektorgrafikkdesigner fra Moskva i Russland. Med et ark med midlertidige tatoveringer med fengselstema kan du enkelt forvandle utseendet ditt til det av en ekte fengselsfugl. Det som virkelig kjennetegner en fengselstatovering, er at den er laget i et fengsel, vanligvis med sv\u00e6rt enkle midler. Tatoveringene er vanligvis grafisk enkle, litt skjeve, ikke helt glatte og ofte bare i \u00e9n farge. Det ligger ogs\u00e5 et helt symbolsk spr\u00e5k bak visse motiver, spesielt i russiske fengsler. Mordere merker seg ofte med hodeskaller, kniver og lignende brutale og morbide bilder. En annen klassiker i fengsler er \u00e5 tatovere et par \u00f8yne, som viser at du holder \u00f8ye med og overv\u00e5ker andre fanger og kriminelle aktiviteter. Denne typen \u00f8yetatovering brukes hovedsakelig av h\u00f8ytst\u00e5ende fanger. Hva betyr spindelvev som tatovering? Hvis du har et insekt i et spindelvev tatovert p\u00e5 kroppen, viser det at du er fanget i et narkotikamisbruk som du sannsynligvis aldri vil kunne komme ut av. I dette arket f\u00e5r du motiver med rose i h\u00e5ndjern, kniv og hodeskalle, rose bak gitter, spindelvev og linjer for \u00e5 markere antall dager, \u00e5r eller lignende du har v\u00e6rt innel\u00e5st.  Vi i Like Ink er veldig interessert i tatoveringer og tatoveringers historie, s\u00e5 uansett hva du mener om kriminalitet og fengselstatoveringer, er det en viktig del av tatoveringens kunstform.  Vi trykker og sender bestillingen din innen 24 timer. Ta vare p\u00e5 deg selv.  Arkst\u00f8rrelse: A5 Antall tatoveringer: 10 Kniv med hodeskalle st\u00f8rrelse: 13X4 cm\" \/>\n<meta property=\"og:url\" content=\"https:\/\/likeink.com\/no\/faketatureringar\/fengselstatoveringer-a5-2\/\" \/>\n<meta property=\"og:site_name\" content=\"Like ink\" \/>\n<meta property=\"article:publisher\" content=\"https:\/\/www.facebook.com\/LikeInkSe\" \/>\n<meta property=\"article:modified_time\" content=\"2026-03-16T20:44:12+00:00\" \/>\n<meta property=\"og:image\" content=\"https:\/\/likeink.com\/wp-content\/uploads\/2022\/02\/FangelseTatueringar-Likeink.jpg\" \/>\n\t<meta property=\"og:image:width\" content=\"1000\" \/>\n\t<meta property=\"og:image:height\" content=\"704\" \/>\n\t<meta property=\"og:image:type\" content=\"image\/jpeg\" \/>\n<meta name=\"twitter:card\" content=\"summary_large_image\" \/>\n<script type=\"application\/ld+json\" class=\"yoast-schema-graph\">{\"@context\":\"https:\\\/\\\/schema.org\",\"@graph\":[{\"@type\":\"WebPage\",\"@id\":\"https:\\\/\\\/likeink.com\\\/no\\\/faketatureringar\\\/fengselstatoveringer-a5-2\\\/\",\"url\":\"https:\\\/\\\/likeink.com\\\/no\\\/faketatureringar\\\/fengselstatoveringer-a5-2\\\/\",\"name\":\"Midlertidige tatoveringer \\\/ Falske fengselstatoveringer - Like ink\",\"isPartOf\":{\"@id\":\"https:\\\/\\\/likeink.com\\\/no\\\/#website\"},\"primaryImageOfPage\":{\"@id\":\"https:\\\/\\\/likeink.com\\\/no\\\/faketatureringar\\\/fengselstatoveringer-a5-2\\\/#primaryimage\"},\"image\":{\"@id\":\"https:\\\/\\\/likeink.com\\\/no\\\/faketatureringar\\\/fengselstatoveringer-a5-2\\\/#primaryimage\"},\"thumbnailUrl\":\"https:\\\/\\\/likeink.com\\\/wp-content\\\/uploads\\\/2022\\\/02\\\/FangelseTatueringar-Likeink.jpg\",\"datePublished\":\"2025-12-15T09:35:59+00:00\",\"dateModified\":\"2026-03-16T20:44:12+00:00\",\"description\":\"A5-ark fylt med klassiske fengselstatoveringer! Enkle, litt skjeve, akkurat som fengselstatoveringer skal v\u00e6re! Rask levering! - Like ink\",\"breadcrumb\":{\"@id\":\"https:\\\/\\\/likeink.com\\\/no\\\/faketatureringar\\\/fengselstatoveringer-a5-2\\\/#breadcrumb\"},\"inLanguage\":\"nb-NO\",\"potentialAction\":[{\"@type\":\"ReadAction\",\"target\":[\"https:\\\/\\\/likeink.com\\\/no\\\/faketatureringar\\\/fengselstatoveringer-a5-2\\\/\"]}]},{\"@type\":\"ImageObject\",\"inLanguage\":\"nb-NO\",\"@id\":\"https:\\\/\\\/likeink.com\\\/no\\\/faketatureringar\\\/fengselstatoveringer-a5-2\\\/#primaryimage\",\"url\":\"https:\\\/\\\/likeink.com\\\/wp-content\\\/uploads\\\/2022\\\/02\\\/FangelseTatueringar-Likeink.jpg\",\"contentUrl\":\"https:\\\/\\\/likeink.com\\\/wp-content\\\/uploads\\\/2022\\\/02\\\/FangelseTatueringar-Likeink.jpg\",\"width\":1000,\"height\":704,\"caption\":\"Temporary tattoos with a prison theme, prison tattoos in black.\"},{\"@type\":\"BreadcrumbList\",\"@id\":\"https:\\\/\\\/likeink.com\\\/no\\\/faketatureringar\\\/fengselstatoveringer-a5-2\\\/#breadcrumb\",\"itemListElement\":[{\"@type\":\"ListItem\",\"position\":1,\"name\":\"Hem\",\"item\":\"https:\\\/\\\/likeink.com\\\/no\\\/\"},{\"@type\":\"ListItem\",\"position\":2,\"name\":\"Butikk\",\"item\":\"https:\\\/\\\/likeink.com\\\/no\\\/butikk\\\/\"},{\"@type\":\"ListItem\",\"position\":3,\"name\":\"Fengselstatoveringer\"}]},{\"@type\":\"WebSite\",\"@id\":\"https:\\\/\\\/likeink.com\\\/no\\\/#website\",\"url\":\"https:\\\/\\\/likeink.com\\\/no\\\/\",\"name\":\"Like ink\",\"description\":\"Make your own custom design\",\"potentialAction\":[{\"@type\":\"SearchAction\",\"target\":{\"@type\":\"EntryPoint\",\"urlTemplate\":\"https:\\\/\\\/likeink.com\\\/no\\\/?s={search_term_string}\"},\"query-input\":{\"@type\":\"PropertyValueSpecification\",\"valueRequired\":true,\"valueName\":\"search_term_string\"}}],\"inLanguage\":\"nb-NO\"}]}<\/script>\n<!-- \/ Yoast SEO Premium plugin. -->","yoast_head_json":{"title":"Midlertidige tatoveringer \/ Falske fengselstatoveringer - Like ink","description":"A5-ark fylt med klassiske fengselstatoveringer! Enkle, litt skjeve, akkurat som fengselstatoveringer skal v\u00e6re! Rask levering! - Like ink","robots":{"index":"index","follow":"follow","max-snippet":"max-snippet:-1","max-image-preview":"max-image-preview:large","max-video-preview":"max-video-preview:-1"},"canonical":"https:\/\/likeink.com\/no\/faketatureringar\/fengselstatoveringer-a5-2\/","og_locale":"nb_NO","og_type":"article","og_title":"Fengselstatoveringer","og_description":"Designene er laget av K3star, en lidenskapelig vektorgrafikkdesigner fra Moskva i Russland. Med et ark med midlertidige tatoveringer med fengselstema kan du enkelt forvandle utseendet ditt til det av en ekte fengselsfugl. Det som virkelig kjennetegner en fengselstatovering, er at den er laget i et fengsel, vanligvis med sv\u00e6rt enkle midler. Tatoveringene er vanligvis grafisk enkle, litt skjeve, ikke helt glatte og ofte bare i \u00e9n farge. Det ligger ogs\u00e5 et helt symbolsk spr\u00e5k bak visse motiver, spesielt i russiske fengsler. Mordere merker seg ofte med hodeskaller, kniver og lignende brutale og morbide bilder. En annen klassiker i fengsler er \u00e5 tatovere et par \u00f8yne, som viser at du holder \u00f8ye med og overv\u00e5ker andre fanger og kriminelle aktiviteter. Denne typen \u00f8yetatovering brukes hovedsakelig av h\u00f8ytst\u00e5ende fanger. Hva betyr spindelvev som tatovering? Hvis du har et insekt i et spindelvev tatovert p\u00e5 kroppen, viser det at du er fanget i et narkotikamisbruk som du sannsynligvis aldri vil kunne komme ut av. I dette arket f\u00e5r du motiver med rose i h\u00e5ndjern, kniv og hodeskalle, rose bak gitter, spindelvev og linjer for \u00e5 markere antall dager, \u00e5r eller lignende du har v\u00e6rt innel\u00e5st.  Vi i Like Ink er veldig interessert i tatoveringer og tatoveringers historie, s\u00e5 uansett hva du mener om kriminalitet og fengselstatoveringer, er det en viktig del av tatoveringens kunstform.  Vi trykker og sender bestillingen din innen 24 timer. Ta vare p\u00e5 deg selv.  Arkst\u00f8rrelse: A5 Antall tatoveringer: 10 Kniv med hodeskalle st\u00f8rrelse: 13X4 cm","og_url":"https:\/\/likeink.com\/no\/faketatureringar\/fengselstatoveringer-a5-2\/","og_site_name":"Like ink","article_publisher":"https:\/\/www.facebook.com\/LikeInkSe","article_modified_time":"2026-03-16T20:44:12+00:00","og_image":[{"width":1000,"height":704,"url":"https:\/\/likeink.com\/wp-content\/uploads\/2022\/02\/FangelseTatueringar-Likeink.jpg","type":"image\/jpeg"}],"twitter_card":"summary_large_image","schema":{"@context":"https:\/\/schema.org","@graph":[{"@type":"WebPage","@id":"https:\/\/likeink.com\/no\/faketatureringar\/fengselstatoveringer-a5-2\/","url":"https:\/\/likeink.com\/no\/faketatureringar\/fengselstatoveringer-a5-2\/","name":"Midlertidige tatoveringer \/ Falske fengselstatoveringer - Like ink","isPartOf":{"@id":"https:\/\/likeink.com\/no\/#website"},"primaryImageOfPage":{"@id":"https:\/\/likeink.com\/no\/faketatureringar\/fengselstatoveringer-a5-2\/#primaryimage"},"image":{"@id":"https:\/\/likeink.com\/no\/faketatureringar\/fengselstatoveringer-a5-2\/#primaryimage"},"thumbnailUrl":"https:\/\/likeink.com\/wp-content\/uploads\/2022\/02\/FangelseTatueringar-Likeink.jpg","datePublished":"2025-12-15T09:35:59+00:00","dateModified":"2026-03-16T20:44:12+00:00","description":"A5-ark fylt med klassiske fengselstatoveringer! Enkle, litt skjeve, akkurat som fengselstatoveringer skal v\u00e6re! Rask levering! - Like ink","breadcrumb":{"@id":"https:\/\/likeink.com\/no\/faketatureringar\/fengselstatoveringer-a5-2\/#breadcrumb"},"inLanguage":"nb-NO","potentialAction":[{"@type":"ReadAction","target":["https:\/\/likeink.com\/no\/faketatureringar\/fengselstatoveringer-a5-2\/"]}]},{"@type":"ImageObject","inLanguage":"nb-NO","@id":"https:\/\/likeink.com\/no\/faketatureringar\/fengselstatoveringer-a5-2\/#primaryimage","url":"https:\/\/likeink.com\/wp-content\/uploads\/2022\/02\/FangelseTatueringar-Likeink.jpg","contentUrl":"https:\/\/likeink.com\/wp-content\/uploads\/2022\/02\/FangelseTatueringar-Likeink.jpg","width":1000,"height":704,"caption":"Temporary tattoos with a prison theme, prison tattoos in black."},{"@type":"BreadcrumbList","@id":"https:\/\/likeink.com\/no\/faketatureringar\/fengselstatoveringer-a5-2\/#breadcrumb","itemListElement":[{"@type":"ListItem","position":1,"name":"Hem","item":"https:\/\/likeink.com\/no\/"},{"@type":"ListItem","position":2,"name":"Butikk","item":"https:\/\/likeink.com\/no\/butikk\/"},{"@type":"ListItem","position":3,"name":"Fengselstatoveringer"}]},{"@type":"WebSite","@id":"https:\/\/likeink.com\/no\/#website","url":"https:\/\/likeink.com\/no\/","name":"Like ink","description":"Make your own custom design","potentialAction":[{"@type":"SearchAction","target":{"@type":"EntryPoint","urlTemplate":"https:\/\/likeink.com\/no\/?s={search_term_string}"},"query-input":{"@type":"PropertyValueSpecification","valueRequired":true,"valueName":"search_term_string"}}],"inLanguage":"nb-NO"}]}},"_links":{"self":[{"href":"https:\/\/likeink.com\/no\/wp-json\/wp\/v2\/product\/54386","targetHints":{"allow":["GET"]}}],"collection":[{"href":"https:\/\/likeink.com\/no\/wp-json\/wp\/v2\/product"}],"about":[{"href":"https:\/\/likeink.com\/no\/wp-json\/wp\/v2\/types\/product"}],"wp:featuredmedia":[{"embeddable":true,"href":"https:\/\/likeink.com\/no\/wp-json\/wp\/v2\/media\/54387"}],"wp:attachment":[{"href":"https:\/\/likeink.com\/no\/wp-json\/wp\/v2\/media?parent=54386"}],"wp:term":[{"taxonomy":"product_brand","embeddable":true,"href":"https:\/\/likeink.com\/no\/wp-json\/wp\/v2\/product_brand?post=54386"},{"taxonomy":"product_cat","embeddable":true,"href":"https:\/\/likeink.com\/no\/wp-json\/wp\/v2\/product_cat?post=54386"},{"taxonomy":"product_tag","embeddable":true,"href":"https:\/\/likeink.com\/no\/wp-json\/wp\/v2\/product_tag?post=54386"}],"curies":[{"name":"wp","href":"https:\/\/api.w.org\/{rel}","templated":true}]}}