{"id":54388,"date":"2022-01-31T15:46:18","date_gmt":"2025-12-15T09:36:00","guid":{"rendered":"https:\/\/likeink.com\/gnuggis\/mafia-tatoveringer-a5\/"},"modified":"2026-03-16T20:44:24","modified_gmt":"2026-03-16T20:44:24","slug":"mafia-tatoveringer-a5","status":"publish","type":"product","link":"https:\/\/likeink.com\/no\/faketatureringar\/mafia-tatoveringer-a5\/","title":{"rendered":"Mafia-tatoveringer"},"content":{"rendered":"","protected":false},"excerpt":{"rendered":"<p> Ark med falske tatoveringer fylt med klassiske mafia-relaterte motiver. Mafia-tatoveringer som spillkort, r\u00f8d rose, mafia-v\u00e5pen som pistoler og maskingev\u00e6rer, molotovcocktailer og en fin klassisk mafia-bil.<br \/>\n<br \/>V\u00e5re falske tatoveringer varer i 1-7 dager, avhengig av hudtype, pleie og plassering. Tatoveringene er av god kvalitet og trygge \u00e5 bruke. <\/p>\n<p> Ha det g\u00f8y! <\/p>\n<p> Arkst\u00f8rrelse: A5<br \/>\nAntall mafia-tatoveringer: 18<br \/>\n<br \/>Bilst\u00f8rrelse: 6X3 cm <\/p>\n","protected":false},"featured_media":54389,"template":"","meta":[],"product_brand":[],"product_cat":[365,512],"product_tag":[],"class_list":{"0":"post-54388","1":"product","2":"type-product","3":"status-publish","4":"has-post-thumbnail","6":"product_cat-ferdige-ark","7":"product_cat-old-school-retro-no","9":"first","10":"instock","11":"taxable","12":"shipping-taxable","13":"purchasable","14":"product-type-simple"},"yoast_head":"<!-- This site is optimized with the Yoast SEO Premium plugin v26.2 (Yoast SEO v27.5) - https:\/\/yoast.com\/product\/yoast-seo-premium-wordpress\/ -->\n<title>Mafia-falske tatoveringer p\u00e5 A5-ark - Like ink<\/title>\n<meta name=\"description\" content=\"Mafia-tatoveringer: Klassiske falske tatoveringsmotiver fra mafiaen. Mafia-tatoveringer er et must hvis du skal kle deg ut som en mafia-leder! - Like ink\" \/>\n<meta name=\"robots\" content=\"index, follow, max-snippet:-1, max-image-preview:large, max-video-preview:-1\" \/>\n<link rel=\"canonical\" href=\"https:\/\/likeink.com\/no\/faketatureringar\/mafia-tatoveringer-a5\/\" \/>\n<meta property=\"og:locale\" content=\"nb_NO\" \/>\n<meta property=\"og:type\" content=\"article\" \/>\n<meta property=\"og:title\" content=\"Mafia-tatoveringer\" \/>\n<meta property=\"og:description\" content=\"Ark med falske tatoveringer fylt med klassiske mafia-relaterte motiver. Mafia-tatoveringer som spillkort, r\u00f8d rose, mafia-v\u00e5pen som pistoler og maskingev\u00e6rer, molotovcocktailer og en fin klassisk mafia-bil. V\u00e5re falske tatoveringer varer i 1-7 dager, avhengig av hudtype, pleie og plassering. Tatoveringene er av god kvalitet og trygge \u00e5 bruke.  Ha det g\u00f8y!  Arkst\u00f8rrelse: A5 Antall mafia-tatoveringer: 18 Bilst\u00f8rrelse: 6X3 cm\" \/>\n<meta property=\"og:url\" content=\"https:\/\/likeink.com\/no\/faketatureringar\/mafia-tatoveringer-a5\/\" \/>\n<meta property=\"og:site_name\" content=\"Like ink\" \/>\n<meta property=\"article:publisher\" content=\"https:\/\/www.facebook.com\/LikeInkSe\" \/>\n<meta property=\"article:modified_time\" content=\"2026-03-16T20:44:24+00:00\" \/>\n<meta property=\"og:image\" content=\"https:\/\/likeink.com\/wp-content\/uploads\/2022\/01\/MafiaTatueringar-Likeink.jpg\" \/>\n\t<meta property=\"og:image:width\" content=\"1000\" \/>\n\t<meta property=\"og:image:height\" content=\"704\" \/>\n\t<meta property=\"og:image:type\" content=\"image\/jpeg\" \/>\n<meta name=\"twitter:card\" content=\"summary_large_image\" \/>\n<!-- \/ Yoast SEO Premium plugin. -->","yoast_head_json":{"title":"Mafia-falske tatoveringer p\u00e5 A5-ark - Like ink","description":"Mafia-tatoveringer: Klassiske falske tatoveringsmotiver fra mafiaen. Mafia-tatoveringer er et must hvis du skal kle deg ut som en mafia-leder! - Like ink","robots":{"index":"index","follow":"follow","max-snippet":"max-snippet:-1","max-image-preview":"max-image-preview:large","max-video-preview":"max-video-preview:-1"},"canonical":"https:\/\/likeink.com\/no\/faketatureringar\/mafia-tatoveringer-a5\/","og_locale":"nb_NO","og_type":"article","og_title":"Mafia-tatoveringer","og_description":"Ark med falske tatoveringer fylt med klassiske mafia-relaterte motiver. Mafia-tatoveringer som spillkort, r\u00f8d rose, mafia-v\u00e5pen som pistoler og maskingev\u00e6rer, molotovcocktailer og en fin klassisk mafia-bil. V\u00e5re falske tatoveringer varer i 1-7 dager, avhengig av hudtype, pleie og plassering. Tatoveringene er av god kvalitet og trygge \u00e5 bruke.  Ha det g\u00f8y!  Arkst\u00f8rrelse: A5 Antall mafia-tatoveringer: 18 Bilst\u00f8rrelse: 6X3 cm","og_url":"https:\/\/likeink.com\/no\/faketatureringar\/mafia-tatoveringer-a5\/","og_site_name":"Like ink","article_publisher":"https:\/\/www.facebook.com\/LikeInkSe","article_modified_time":"2026-03-16T20:44:24+00:00","og_image":[{"width":1000,"height":704,"url":"https:\/\/likeink.com\/wp-content\/uploads\/2022\/01\/MafiaTatueringar-Likeink.jpg","type":"image\/jpeg"}],"twitter_card":"summary_large_image","schema":{"@context":"https:\/\/schema.org","@graph":[{"@type":"WebPage","@id":"https:\/\/likeink.com\/no\/faketatureringar\/mafia-tatoveringer-a5\/","url":"https:\/\/likeink.com\/no\/faketatureringar\/mafia-tatoveringer-a5\/","name":"Mafia-falske tatoveringer p\u00e5 A5-ark - Like ink","isPartOf":{"@id":"https:\/\/likeink.com\/no\/#website"},"primaryImageOfPage":{"@id":"https:\/\/likeink.com\/no\/faketatureringar\/mafia-tatoveringer-a5\/#primaryimage"},"image":{"@id":"https:\/\/likeink.com\/no\/faketatureringar\/mafia-tatoveringer-a5\/#primaryimage"},"thumbnailUrl":"https:\/\/likeink.com\/wp-content\/uploads\/2022\/01\/MafiaTatueringar-Likeink.jpg","datePublished":"2025-12-15T09:36:00+00:00","dateModified":"2026-03-16T20:44:24+00:00","description":"Mafia-tatoveringer: Klassiske falske tatoveringsmotiver fra mafiaen. Mafia-tatoveringer er et must hvis du skal kle deg ut som en mafia-leder! - Like ink","breadcrumb":{"@id":"https:\/\/likeink.com\/no\/faketatureringar\/mafia-tatoveringer-a5\/#breadcrumb"},"inLanguage":"nb-NO","potentialAction":[{"@type":"ReadAction","target":["https:\/\/likeink.com\/no\/faketatureringar\/mafia-tatoveringer-a5\/"]}]},{"@type":"ImageObject","inLanguage":"nb-NO","@id":"https:\/\/likeink.com\/no\/faketatureringar\/mafia-tatoveringer-a5\/#primaryimage","url":"https:\/\/likeink.com\/wp-content\/uploads\/2022\/01\/MafiaTatueringar-Likeink.jpg","contentUrl":"https:\/\/likeink.com\/wp-content\/uploads\/2022\/01\/MafiaTatueringar-Likeink.jpg","width":1000,"height":704,"caption":"Various fake tattoos with Mafia theme. Mafia Retro Motif."},{"@type":"BreadcrumbList","@id":"https:\/\/likeink.com\/no\/faketatureringar\/mafia-tatoveringer-a5\/#breadcrumb","itemListElement":[{"@type":"ListItem","position":1,"name":"Hem","item":"https:\/\/likeink.com\/no\/"},{"@type":"ListItem","position":2,"name":"Butikk","item":"https:\/\/likeink.com\/no\/butikk\/"},{"@type":"ListItem","position":3,"name":"Mafia-tatoveringer"}]},{"@type":"WebSite","@id":"https:\/\/likeink.com\/no\/#website","url":"https:\/\/likeink.com\/no\/","name":"Like ink","description":"Make your own custom design","potentialAction":[{"@type":"SearchAction","target":{"@type":"EntryPoint","urlTemplate":"https:\/\/likeink.com\/no\/?s={search_term_string}"},"query-input":{"@type":"PropertyValueSpecification","valueRequired":true,"valueName":"search_term_string"}}],"inLanguage":"nb-NO"}]}},"_links":{"self":[{"href":"https:\/\/likeink.com\/no\/wp-json\/wp\/v2\/product\/54388","targetHints":{"allow":["GET"]}}],"collection":[{"href":"https:\/\/likeink.com\/no\/wp-json\/wp\/v2\/product"}],"about":[{"href":"https:\/\/likeink.com\/no\/wp-json\/wp\/v2\/types\/product"}],"wp:featuredmedia":[{"embeddable":true,"href":"https:\/\/likeink.com\/no\/wp-json\/wp\/v2\/media\/54389"}],"wp:attachment":[{"href":"https:\/\/likeink.com\/no\/wp-json\/wp\/v2\/media?parent=54388"}],"wp:term":[{"taxonomy":"product_brand","embeddable":true,"href":"https:\/\/likeink.com\/no\/wp-json\/wp\/v2\/product_brand?post=54388"},{"taxonomy":"product_cat","embeddable":true,"href":"https:\/\/likeink.com\/no\/wp-json\/wp\/v2\/product_cat?post=54388"},{"taxonomy":"product_tag","embeddable":true,"href":"https:\/\/likeink.com\/no\/wp-json\/wp\/v2\/product_tag?post=54388"}],"curies":[{"name":"wp","href":"https:\/\/api.w.org\/{rel}","templated":true}]}}