{"id":54394,"date":"2022-01-31T14:06:21","date_gmt":"2025-12-15T09:36:04","guid":{"rendered":"https:\/\/likeink.com\/gnuggis\/cowboy-rodeo-tatoveringer-a5\/"},"modified":"2026-03-16T20:44:24","modified_gmt":"2026-03-16T20:44:24","slug":"cowboy-rodeo-tatoveringer-a5","status":"publish","type":"product","link":"https:\/\/likeink.com\/no\/faketatureringar\/cowboy-rodeo-tatoveringer-a5\/","title":{"rendered":"Cowboy Rodeo-tatoveringer"},"content":{"rendered":"","protected":false},"excerpt":{"rendered":"<p>Her har en talentfull kunstner satt sammen et tatoveringsark med tatoveringer for deg som vil f\u00f8le deg som en supert\u00f8ff \u00abrodeo cowboy eller cowgirl\u00bb!<br \/>\n<br \/>\nMed cowboy-tatoveringsmotiver som en whiskyflaske, en cowboyst\u00f8vel, lasso, cowboyhatt og forskjellige v\u00e5pen, blir du raskt den t\u00f8ffeste cowboyen i byen!<\/p>\n<p> Vi trykker og sender dine falske cowboy-tatoveringer innen 24 timer, og v\u00e5re tatoveringer er b\u00e5de trygge, veganske og av veldig god kvalitet! Yeehaaaa! <\/p>\n<p> Arkst\u00f8rrelse: A5<br \/>\n<br \/>Antall tatoveringer: 17<br \/>\n<br \/>St\u00f8rrelse: Den st\u00f8rste tatoveringen er 12 x 6 cm <\/p>\n","protected":false},"featured_media":54395,"template":"","meta":[],"product_brand":[],"product_cat":[365,385],"product_tag":[],"class_list":{"0":"post-54394","1":"product","2":"type-product","3":"status-publish","4":"has-post-thumbnail","6":"product_cat-ferdige-ark","7":"product_cat-tyv-og-polititatoveringer","9":"first","10":"instock","11":"taxable","12":"shipping-taxable","13":"purchasable","14":"product-type-simple"},"yoast_head":"<!-- This site is optimized with the Yoast SEO Premium plugin v26.2 (Yoast SEO v27.4) - https:\/\/yoast.com\/product\/yoast-seo-premium-wordpress\/ -->\n<title>Cowboy Rodeo midlertidige tatoveringer, A5-ark<\/title>\n<meta name=\"description\" content=\"F\u00e5 noen virkelig kule midlertidige tatoveringer i cowboy-\/rodeo-stil! Trygge tatoveringer av god kvalitet! Vi sender over hele verden! - Like ink\" \/>\n<meta name=\"robots\" content=\"index, follow, max-snippet:-1, max-image-preview:large, max-video-preview:-1\" \/>\n<link rel=\"canonical\" href=\"https:\/\/likeink.com\/no\/faketatureringar\/cowboy-rodeo-tatoveringer-a5\/\" \/>\n<meta property=\"og:locale\" content=\"nb_NO\" \/>\n<meta property=\"og:type\" content=\"article\" \/>\n<meta property=\"og:title\" content=\"Cowboy Rodeo-tatoveringer\" \/>\n<meta property=\"og:description\" content=\"Her har en talentfull kunstner satt sammen et tatoveringsark med tatoveringer for deg som vil f\u00f8le deg som en supert\u00f8ff \u00abrodeo cowboy eller cowgirl\u00bb!  Med cowboy-tatoveringsmotiver som en whiskyflaske, en cowboyst\u00f8vel, lasso, cowboyhatt og forskjellige v\u00e5pen, blir du raskt den t\u00f8ffeste cowboyen i byen! Vi trykker og sender dine falske cowboy-tatoveringer innen 24 timer, og v\u00e5re tatoveringer er b\u00e5de trygge, veganske og av veldig god kvalitet! Yeehaaaa!  Arkst\u00f8rrelse: A5 Antall tatoveringer: 17 St\u00f8rrelse: Den st\u00f8rste tatoveringen er 12 x 6 cm\" \/>\n<meta property=\"og:url\" content=\"https:\/\/likeink.com\/no\/faketatureringar\/cowboy-rodeo-tatoveringer-a5\/\" \/>\n<meta property=\"og:site_name\" content=\"Like ink\" \/>\n<meta property=\"article:publisher\" content=\"https:\/\/www.facebook.com\/LikeInkSe\" \/>\n<meta property=\"article:modified_time\" content=\"2026-03-16T20:44:24+00:00\" \/>\n<meta property=\"og:image\" content=\"https:\/\/likeink.com\/wp-content\/uploads\/2022\/01\/Cowboy-Rodeo-Tatueringar-Likeink.jpg\" \/>\n\t<meta property=\"og:image:width\" content=\"1000\" \/>\n\t<meta property=\"og:image:height\" content=\"704\" \/>\n\t<meta property=\"og:image:type\" content=\"image\/jpeg\" \/>\n<meta name=\"twitter:card\" content=\"summary_large_image\" \/>\n<script type=\"application\/ld+json\" class=\"yoast-schema-graph\">{\"@context\":\"https:\\\/\\\/schema.org\",\"@graph\":[{\"@type\":\"WebPage\",\"@id\":\"https:\\\/\\\/likeink.com\\\/no\\\/faketatureringar\\\/cowboy-rodeo-tatoveringer-a5\\\/\",\"url\":\"https:\\\/\\\/likeink.com\\\/no\\\/faketatureringar\\\/cowboy-rodeo-tatoveringer-a5\\\/\",\"name\":\"Cowboy Rodeo midlertidige tatoveringer, A5-ark\",\"isPartOf\":{\"@id\":\"https:\\\/\\\/likeink.com\\\/no\\\/#website\"},\"primaryImageOfPage\":{\"@id\":\"https:\\\/\\\/likeink.com\\\/no\\\/faketatureringar\\\/cowboy-rodeo-tatoveringer-a5\\\/#primaryimage\"},\"image\":{\"@id\":\"https:\\\/\\\/likeink.com\\\/no\\\/faketatureringar\\\/cowboy-rodeo-tatoveringer-a5\\\/#primaryimage\"},\"thumbnailUrl\":\"https:\\\/\\\/likeink.com\\\/wp-content\\\/uploads\\\/2022\\\/01\\\/Cowboy-Rodeo-Tatueringar-Likeink.jpg\",\"datePublished\":\"2025-12-15T09:36:04+00:00\",\"dateModified\":\"2026-03-16T20:44:24+00:00\",\"description\":\"F\u00e5 noen virkelig kule midlertidige tatoveringer i cowboy-\\\/rodeo-stil! Trygge tatoveringer av god kvalitet! Vi sender over hele verden! - Like ink\",\"breadcrumb\":{\"@id\":\"https:\\\/\\\/likeink.com\\\/no\\\/faketatureringar\\\/cowboy-rodeo-tatoveringer-a5\\\/#breadcrumb\"},\"inLanguage\":\"nb-NO\",\"potentialAction\":[{\"@type\":\"ReadAction\",\"target\":[\"https:\\\/\\\/likeink.com\\\/no\\\/faketatureringar\\\/cowboy-rodeo-tatoveringer-a5\\\/\"]}]},{\"@type\":\"ImageObject\",\"inLanguage\":\"nb-NO\",\"@id\":\"https:\\\/\\\/likeink.com\\\/no\\\/faketatureringar\\\/cowboy-rodeo-tatoveringer-a5\\\/#primaryimage\",\"url\":\"https:\\\/\\\/likeink.com\\\/wp-content\\\/uploads\\\/2022\\\/01\\\/Cowboy-Rodeo-Tatueringar-Likeink.jpg\",\"contentUrl\":\"https:\\\/\\\/likeink.com\\\/wp-content\\\/uploads\\\/2022\\\/01\\\/Cowboy-Rodeo-Tatueringar-Likeink.jpg\",\"width\":1000,\"height\":704,\"caption\":\"Cowboy tattoos, whiskey tattoo, knuckle tattoo, and rodeo tattoos as fake tattoos.\"},{\"@type\":\"BreadcrumbList\",\"@id\":\"https:\\\/\\\/likeink.com\\\/no\\\/faketatureringar\\\/cowboy-rodeo-tatoveringer-a5\\\/#breadcrumb\",\"itemListElement\":[{\"@type\":\"ListItem\",\"position\":1,\"name\":\"Hem\",\"item\":\"https:\\\/\\\/likeink.com\\\/no\\\/\"},{\"@type\":\"ListItem\",\"position\":2,\"name\":\"Butikk\",\"item\":\"https:\\\/\\\/likeink.com\\\/no\\\/butikk\\\/\"},{\"@type\":\"ListItem\",\"position\":3,\"name\":\"Cowboy Rodeo-tatoveringer\"}]},{\"@type\":\"WebSite\",\"@id\":\"https:\\\/\\\/likeink.com\\\/no\\\/#website\",\"url\":\"https:\\\/\\\/likeink.com\\\/no\\\/\",\"name\":\"Like ink\",\"description\":\"Make your own custom design\",\"potentialAction\":[{\"@type\":\"SearchAction\",\"target\":{\"@type\":\"EntryPoint\",\"urlTemplate\":\"https:\\\/\\\/likeink.com\\\/no\\\/?s={search_term_string}\"},\"query-input\":{\"@type\":\"PropertyValueSpecification\",\"valueRequired\":true,\"valueName\":\"search_term_string\"}}],\"inLanguage\":\"nb-NO\"}]}<\/script>\n<!-- \/ Yoast SEO Premium plugin. -->","yoast_head_json":{"title":"Cowboy Rodeo midlertidige tatoveringer, A5-ark","description":"F\u00e5 noen virkelig kule midlertidige tatoveringer i cowboy-\/rodeo-stil! Trygge tatoveringer av god kvalitet! Vi sender over hele verden! - Like ink","robots":{"index":"index","follow":"follow","max-snippet":"max-snippet:-1","max-image-preview":"max-image-preview:large","max-video-preview":"max-video-preview:-1"},"canonical":"https:\/\/likeink.com\/no\/faketatureringar\/cowboy-rodeo-tatoveringer-a5\/","og_locale":"nb_NO","og_type":"article","og_title":"Cowboy Rodeo-tatoveringer","og_description":"Her har en talentfull kunstner satt sammen et tatoveringsark med tatoveringer for deg som vil f\u00f8le deg som en supert\u00f8ff \u00abrodeo cowboy eller cowgirl\u00bb!  Med cowboy-tatoveringsmotiver som en whiskyflaske, en cowboyst\u00f8vel, lasso, cowboyhatt og forskjellige v\u00e5pen, blir du raskt den t\u00f8ffeste cowboyen i byen! Vi trykker og sender dine falske cowboy-tatoveringer innen 24 timer, og v\u00e5re tatoveringer er b\u00e5de trygge, veganske og av veldig god kvalitet! Yeehaaaa!  Arkst\u00f8rrelse: A5 Antall tatoveringer: 17 St\u00f8rrelse: Den st\u00f8rste tatoveringen er 12 x 6 cm","og_url":"https:\/\/likeink.com\/no\/faketatureringar\/cowboy-rodeo-tatoveringer-a5\/","og_site_name":"Like ink","article_publisher":"https:\/\/www.facebook.com\/LikeInkSe","article_modified_time":"2026-03-16T20:44:24+00:00","og_image":[{"width":1000,"height":704,"url":"https:\/\/likeink.com\/wp-content\/uploads\/2022\/01\/Cowboy-Rodeo-Tatueringar-Likeink.jpg","type":"image\/jpeg"}],"twitter_card":"summary_large_image","schema":{"@context":"https:\/\/schema.org","@graph":[{"@type":"WebPage","@id":"https:\/\/likeink.com\/no\/faketatureringar\/cowboy-rodeo-tatoveringer-a5\/","url":"https:\/\/likeink.com\/no\/faketatureringar\/cowboy-rodeo-tatoveringer-a5\/","name":"Cowboy Rodeo midlertidige tatoveringer, A5-ark","isPartOf":{"@id":"https:\/\/likeink.com\/no\/#website"},"primaryImageOfPage":{"@id":"https:\/\/likeink.com\/no\/faketatureringar\/cowboy-rodeo-tatoveringer-a5\/#primaryimage"},"image":{"@id":"https:\/\/likeink.com\/no\/faketatureringar\/cowboy-rodeo-tatoveringer-a5\/#primaryimage"},"thumbnailUrl":"https:\/\/likeink.com\/wp-content\/uploads\/2022\/01\/Cowboy-Rodeo-Tatueringar-Likeink.jpg","datePublished":"2025-12-15T09:36:04+00:00","dateModified":"2026-03-16T20:44:24+00:00","description":"F\u00e5 noen virkelig kule midlertidige tatoveringer i cowboy-\/rodeo-stil! Trygge tatoveringer av god kvalitet! Vi sender over hele verden! - Like ink","breadcrumb":{"@id":"https:\/\/likeink.com\/no\/faketatureringar\/cowboy-rodeo-tatoveringer-a5\/#breadcrumb"},"inLanguage":"nb-NO","potentialAction":[{"@type":"ReadAction","target":["https:\/\/likeink.com\/no\/faketatureringar\/cowboy-rodeo-tatoveringer-a5\/"]}]},{"@type":"ImageObject","inLanguage":"nb-NO","@id":"https:\/\/likeink.com\/no\/faketatureringar\/cowboy-rodeo-tatoveringer-a5\/#primaryimage","url":"https:\/\/likeink.com\/wp-content\/uploads\/2022\/01\/Cowboy-Rodeo-Tatueringar-Likeink.jpg","contentUrl":"https:\/\/likeink.com\/wp-content\/uploads\/2022\/01\/Cowboy-Rodeo-Tatueringar-Likeink.jpg","width":1000,"height":704,"caption":"Cowboy tattoos, whiskey tattoo, knuckle tattoo, and rodeo tattoos as fake tattoos."},{"@type":"BreadcrumbList","@id":"https:\/\/likeink.com\/no\/faketatureringar\/cowboy-rodeo-tatoveringer-a5\/#breadcrumb","itemListElement":[{"@type":"ListItem","position":1,"name":"Hem","item":"https:\/\/likeink.com\/no\/"},{"@type":"ListItem","position":2,"name":"Butikk","item":"https:\/\/likeink.com\/no\/butikk\/"},{"@type":"ListItem","position":3,"name":"Cowboy Rodeo-tatoveringer"}]},{"@type":"WebSite","@id":"https:\/\/likeink.com\/no\/#website","url":"https:\/\/likeink.com\/no\/","name":"Like ink","description":"Make your own custom design","potentialAction":[{"@type":"SearchAction","target":{"@type":"EntryPoint","urlTemplate":"https:\/\/likeink.com\/no\/?s={search_term_string}"},"query-input":{"@type":"PropertyValueSpecification","valueRequired":true,"valueName":"search_term_string"}}],"inLanguage":"nb-NO"}]}},"_links":{"self":[{"href":"https:\/\/likeink.com\/no\/wp-json\/wp\/v2\/product\/54394","targetHints":{"allow":["GET"]}}],"collection":[{"href":"https:\/\/likeink.com\/no\/wp-json\/wp\/v2\/product"}],"about":[{"href":"https:\/\/likeink.com\/no\/wp-json\/wp\/v2\/types\/product"}],"wp:featuredmedia":[{"embeddable":true,"href":"https:\/\/likeink.com\/no\/wp-json\/wp\/v2\/media\/54395"}],"wp:attachment":[{"href":"https:\/\/likeink.com\/no\/wp-json\/wp\/v2\/media?parent=54394"}],"wp:term":[{"taxonomy":"product_brand","embeddable":true,"href":"https:\/\/likeink.com\/no\/wp-json\/wp\/v2\/product_brand?post=54394"},{"taxonomy":"product_cat","embeddable":true,"href":"https:\/\/likeink.com\/no\/wp-json\/wp\/v2\/product_cat?post=54394"},{"taxonomy":"product_tag","embeddable":true,"href":"https:\/\/likeink.com\/no\/wp-json\/wp\/v2\/product_tag?post=54394"}],"curies":[{"name":"wp","href":"https:\/\/api.w.org\/{rel}","templated":true}]}}