{"id":54400,"date":"2022-01-27T16:17:39","date_gmt":"2025-12-15T09:36:07","guid":{"rendered":"https:\/\/likeink.com\/gnuggis\/hav-og-marinetatoveringer-a5\/"},"modified":"2026-03-16T20:44:35","modified_gmt":"2026-03-16T20:44:35","slug":"hav-og-marinetatoveringer-a5","status":"publish","type":"product","link":"https:\/\/likeink.com\/no\/faketatureringar\/hav-og-marinetatoveringer-a5\/","title":{"rendered":"Hav- og marinetatoveringer"},"content":{"rendered":"","protected":false},"excerpt":{"rendered":"<p>Dette arket er fylt med tatoveringsmotiver fra havet og marinen. Motivene er tegnet med blyant, noe som gj\u00f8r at de midlertidige tatoveringene ser veldig realistiske ut.<br \/>\n<br \/>\nDenne typen motiver, med havet og marinen som tema, har alltid v\u00e6rt popul\u00e6re som ekte tatoveringer! Du f\u00e5r en stor tatovering av et skip, en sabel, en hodeskalle og en krabbe, sammen med forskjellige havmotiver som alle ekte sj\u00f8menn har i sekken sin.<\/p>\n<p> Vi trykker dine midlertidige tatoveringer i Sverige og sender dem innen 24 timer. <\/p>\n<p> Arkst\u00f8rrelse: A5<br \/>\nAntall tatoveringer: 13<br \/>\n<br \/>Skipsst\u00f8rrelse: ca. 10 x 9 cm <\/p>\n","protected":false},"featured_media":54401,"template":"","meta":[],"product_brand":[],"product_cat":[365,383],"product_tag":[],"class_list":{"0":"post-54400","1":"product","2":"type-product","3":"status-publish","4":"has-post-thumbnail","6":"product_cat-ferdige-ark","7":"product_cat-marine-tatoveringer","9":"first","10":"instock","11":"taxable","12":"shipping-taxable","13":"purchasable","14":"product-type-simple"},"yoast_head":"<!-- This site is optimized with the Yoast SEO Premium plugin v26.2 (Yoast SEO v27.4) - https:\/\/yoast.com\/product\/yoast-seo-premium-wordpress\/ -->\n<title>Hav- og marine-tatoveringer: A5 falskt tatoveringsark<\/title>\n<meta name=\"description\" content=\"Klassiske sj\u00f8- og marine-tatoveringer kan n\u00e5 pryde kroppen din i noen dager! Midlertidige tatoveringer av h\u00f8y kvalitet, vi sender over hele verden.\" \/>\n<meta name=\"robots\" content=\"index, follow, max-snippet:-1, max-image-preview:large, max-video-preview:-1\" \/>\n<link rel=\"canonical\" href=\"https:\/\/likeink.com\/no\/faketatureringar\/hav-og-marinetatoveringer-a5\/\" \/>\n<meta property=\"og:locale\" content=\"nb_NO\" \/>\n<meta property=\"og:type\" content=\"article\" \/>\n<meta property=\"og:title\" content=\"Hav- og marinetatoveringer\" \/>\n<meta property=\"og:description\" content=\"Dette arket er fylt med tatoveringsmotiver fra havet og marinen. Motivene er tegnet med blyant, noe som gj\u00f8r at de midlertidige tatoveringene ser veldig realistiske ut.  Denne typen motiver, med havet og marinen som tema, har alltid v\u00e6rt popul\u00e6re som ekte tatoveringer! Du f\u00e5r en stor tatovering av et skip, en sabel, en hodeskalle og en krabbe, sammen med forskjellige havmotiver som alle ekte sj\u00f8menn har i sekken sin. Vi trykker dine midlertidige tatoveringer i Sverige og sender dem innen 24 timer.  Arkst\u00f8rrelse: A5 Antall tatoveringer: 13 Skipsst\u00f8rrelse: ca. 10 x 9 cm\" \/>\n<meta property=\"og:url\" content=\"https:\/\/likeink.com\/no\/faketatureringar\/hav-og-marinetatoveringer-a5\/\" \/>\n<meta property=\"og:site_name\" content=\"Like ink\" \/>\n<meta property=\"article:publisher\" content=\"https:\/\/www.facebook.com\/LikeInkSe\" \/>\n<meta property=\"article:modified_time\" content=\"2026-03-16T20:44:35+00:00\" \/>\n<meta property=\"og:image\" content=\"https:\/\/likeink.com\/wp-content\/uploads\/2022\/01\/Havochmarin-tatueringar.jpg\" \/>\n\t<meta property=\"og:image:width\" content=\"1000\" \/>\n\t<meta property=\"og:image:height\" content=\"704\" \/>\n\t<meta property=\"og:image:type\" content=\"image\/jpeg\" \/>\n<meta name=\"twitter:card\" content=\"summary_large_image\" \/>\n<script type=\"application\/ld+json\" class=\"yoast-schema-graph\">{\"@context\":\"https:\\\/\\\/schema.org\",\"@graph\":[{\"@type\":\"WebPage\",\"@id\":\"https:\\\/\\\/likeink.com\\\/no\\\/faketatureringar\\\/hav-og-marinetatoveringer-a5\\\/\",\"url\":\"https:\\\/\\\/likeink.com\\\/no\\\/faketatureringar\\\/hav-og-marinetatoveringer-a5\\\/\",\"name\":\"Hav- og marine-tatoveringer: A5 falskt tatoveringsark\",\"isPartOf\":{\"@id\":\"https:\\\/\\\/likeink.com\\\/no\\\/#website\"},\"primaryImageOfPage\":{\"@id\":\"https:\\\/\\\/likeink.com\\\/no\\\/faketatureringar\\\/hav-og-marinetatoveringer-a5\\\/#primaryimage\"},\"image\":{\"@id\":\"https:\\\/\\\/likeink.com\\\/no\\\/faketatureringar\\\/hav-og-marinetatoveringer-a5\\\/#primaryimage\"},\"thumbnailUrl\":\"https:\\\/\\\/likeink.com\\\/wp-content\\\/uploads\\\/2022\\\/01\\\/Havochmarin-tatueringar.jpg\",\"datePublished\":\"2025-12-15T09:36:07+00:00\",\"dateModified\":\"2026-03-16T20:44:35+00:00\",\"description\":\"Klassiske sj\u00f8- og marine-tatoveringer kan n\u00e5 pryde kroppen din i noen dager! Midlertidige tatoveringer av h\u00f8y kvalitet, vi sender over hele verden.\",\"breadcrumb\":{\"@id\":\"https:\\\/\\\/likeink.com\\\/no\\\/faketatureringar\\\/hav-og-marinetatoveringer-a5\\\/#breadcrumb\"},\"inLanguage\":\"nb-NO\",\"potentialAction\":[{\"@type\":\"ReadAction\",\"target\":[\"https:\\\/\\\/likeink.com\\\/no\\\/faketatureringar\\\/hav-og-marinetatoveringer-a5\\\/\"]}]},{\"@type\":\"ImageObject\",\"inLanguage\":\"nb-NO\",\"@id\":\"https:\\\/\\\/likeink.com\\\/no\\\/faketatureringar\\\/hav-og-marinetatoveringer-a5\\\/#primaryimage\",\"url\":\"https:\\\/\\\/likeink.com\\\/wp-content\\\/uploads\\\/2022\\\/01\\\/Havochmarin-tatueringar.jpg\",\"contentUrl\":\"https:\\\/\\\/likeink.com\\\/wp-content\\\/uploads\\\/2022\\\/01\\\/Havochmarin-tatueringar.jpg\",\"width\":1000,\"height\":704,\"caption\":\"Fake tattoos with lantern, bell, crab, steering wheel, and ship.\"},{\"@type\":\"BreadcrumbList\",\"@id\":\"https:\\\/\\\/likeink.com\\\/no\\\/faketatureringar\\\/hav-og-marinetatoveringer-a5\\\/#breadcrumb\",\"itemListElement\":[{\"@type\":\"ListItem\",\"position\":1,\"name\":\"Hem\",\"item\":\"https:\\\/\\\/likeink.com\\\/no\\\/\"},{\"@type\":\"ListItem\",\"position\":2,\"name\":\"Butikk\",\"item\":\"https:\\\/\\\/likeink.com\\\/no\\\/butikk\\\/\"},{\"@type\":\"ListItem\",\"position\":3,\"name\":\"Hav- og marinetatoveringer\"}]},{\"@type\":\"WebSite\",\"@id\":\"https:\\\/\\\/likeink.com\\\/no\\\/#website\",\"url\":\"https:\\\/\\\/likeink.com\\\/no\\\/\",\"name\":\"Like ink\",\"description\":\"Make your own custom design\",\"potentialAction\":[{\"@type\":\"SearchAction\",\"target\":{\"@type\":\"EntryPoint\",\"urlTemplate\":\"https:\\\/\\\/likeink.com\\\/no\\\/?s={search_term_string}\"},\"query-input\":{\"@type\":\"PropertyValueSpecification\",\"valueRequired\":true,\"valueName\":\"search_term_string\"}}],\"inLanguage\":\"nb-NO\"}]}<\/script>\n<!-- \/ Yoast SEO Premium plugin. -->","yoast_head_json":{"title":"Hav- og marine-tatoveringer: A5 falskt tatoveringsark","description":"Klassiske sj\u00f8- og marine-tatoveringer kan n\u00e5 pryde kroppen din i noen dager! Midlertidige tatoveringer av h\u00f8y kvalitet, vi sender over hele verden.","robots":{"index":"index","follow":"follow","max-snippet":"max-snippet:-1","max-image-preview":"max-image-preview:large","max-video-preview":"max-video-preview:-1"},"canonical":"https:\/\/likeink.com\/no\/faketatureringar\/hav-og-marinetatoveringer-a5\/","og_locale":"nb_NO","og_type":"article","og_title":"Hav- og marinetatoveringer","og_description":"Dette arket er fylt med tatoveringsmotiver fra havet og marinen. Motivene er tegnet med blyant, noe som gj\u00f8r at de midlertidige tatoveringene ser veldig realistiske ut.  Denne typen motiver, med havet og marinen som tema, har alltid v\u00e6rt popul\u00e6re som ekte tatoveringer! Du f\u00e5r en stor tatovering av et skip, en sabel, en hodeskalle og en krabbe, sammen med forskjellige havmotiver som alle ekte sj\u00f8menn har i sekken sin. Vi trykker dine midlertidige tatoveringer i Sverige og sender dem innen 24 timer.  Arkst\u00f8rrelse: A5 Antall tatoveringer: 13 Skipsst\u00f8rrelse: ca. 10 x 9 cm","og_url":"https:\/\/likeink.com\/no\/faketatureringar\/hav-og-marinetatoveringer-a5\/","og_site_name":"Like ink","article_publisher":"https:\/\/www.facebook.com\/LikeInkSe","article_modified_time":"2026-03-16T20:44:35+00:00","og_image":[{"width":1000,"height":704,"url":"https:\/\/likeink.com\/wp-content\/uploads\/2022\/01\/Havochmarin-tatueringar.jpg","type":"image\/jpeg"}],"twitter_card":"summary_large_image","schema":{"@context":"https:\/\/schema.org","@graph":[{"@type":"WebPage","@id":"https:\/\/likeink.com\/no\/faketatureringar\/hav-og-marinetatoveringer-a5\/","url":"https:\/\/likeink.com\/no\/faketatureringar\/hav-og-marinetatoveringer-a5\/","name":"Hav- og marine-tatoveringer: A5 falskt tatoveringsark","isPartOf":{"@id":"https:\/\/likeink.com\/no\/#website"},"primaryImageOfPage":{"@id":"https:\/\/likeink.com\/no\/faketatureringar\/hav-og-marinetatoveringer-a5\/#primaryimage"},"image":{"@id":"https:\/\/likeink.com\/no\/faketatureringar\/hav-og-marinetatoveringer-a5\/#primaryimage"},"thumbnailUrl":"https:\/\/likeink.com\/wp-content\/uploads\/2022\/01\/Havochmarin-tatueringar.jpg","datePublished":"2025-12-15T09:36:07+00:00","dateModified":"2026-03-16T20:44:35+00:00","description":"Klassiske sj\u00f8- og marine-tatoveringer kan n\u00e5 pryde kroppen din i noen dager! Midlertidige tatoveringer av h\u00f8y kvalitet, vi sender over hele verden.","breadcrumb":{"@id":"https:\/\/likeink.com\/no\/faketatureringar\/hav-og-marinetatoveringer-a5\/#breadcrumb"},"inLanguage":"nb-NO","potentialAction":[{"@type":"ReadAction","target":["https:\/\/likeink.com\/no\/faketatureringar\/hav-og-marinetatoveringer-a5\/"]}]},{"@type":"ImageObject","inLanguage":"nb-NO","@id":"https:\/\/likeink.com\/no\/faketatureringar\/hav-og-marinetatoveringer-a5\/#primaryimage","url":"https:\/\/likeink.com\/wp-content\/uploads\/2022\/01\/Havochmarin-tatueringar.jpg","contentUrl":"https:\/\/likeink.com\/wp-content\/uploads\/2022\/01\/Havochmarin-tatueringar.jpg","width":1000,"height":704,"caption":"Fake tattoos with lantern, bell, crab, steering wheel, and ship."},{"@type":"BreadcrumbList","@id":"https:\/\/likeink.com\/no\/faketatureringar\/hav-og-marinetatoveringer-a5\/#breadcrumb","itemListElement":[{"@type":"ListItem","position":1,"name":"Hem","item":"https:\/\/likeink.com\/no\/"},{"@type":"ListItem","position":2,"name":"Butikk","item":"https:\/\/likeink.com\/no\/butikk\/"},{"@type":"ListItem","position":3,"name":"Hav- og marinetatoveringer"}]},{"@type":"WebSite","@id":"https:\/\/likeink.com\/no\/#website","url":"https:\/\/likeink.com\/no\/","name":"Like ink","description":"Make your own custom design","potentialAction":[{"@type":"SearchAction","target":{"@type":"EntryPoint","urlTemplate":"https:\/\/likeink.com\/no\/?s={search_term_string}"},"query-input":{"@type":"PropertyValueSpecification","valueRequired":true,"valueName":"search_term_string"}}],"inLanguage":"nb-NO"}]}},"_links":{"self":[{"href":"https:\/\/likeink.com\/no\/wp-json\/wp\/v2\/product\/54400","targetHints":{"allow":["GET"]}}],"collection":[{"href":"https:\/\/likeink.com\/no\/wp-json\/wp\/v2\/product"}],"about":[{"href":"https:\/\/likeink.com\/no\/wp-json\/wp\/v2\/types\/product"}],"wp:featuredmedia":[{"embeddable":true,"href":"https:\/\/likeink.com\/no\/wp-json\/wp\/v2\/media\/54401"}],"wp:attachment":[{"href":"https:\/\/likeink.com\/no\/wp-json\/wp\/v2\/media?parent=54400"}],"wp:term":[{"taxonomy":"product_brand","embeddable":true,"href":"https:\/\/likeink.com\/no\/wp-json\/wp\/v2\/product_brand?post=54400"},{"taxonomy":"product_cat","embeddable":true,"href":"https:\/\/likeink.com\/no\/wp-json\/wp\/v2\/product_cat?post=54400"},{"taxonomy":"product_tag","embeddable":true,"href":"https:\/\/likeink.com\/no\/wp-json\/wp\/v2\/product_tag?post=54400"}],"curies":[{"name":"wp","href":"https:\/\/api.w.org\/{rel}","templated":true}]}}