{"id":54404,"date":"2022-01-26T14:45:50","date_gmt":"2022-01-26T14:45:50","guid":{"rendered":"https:\/\/likeink.com\/gnuggis\/pirate-items-tatoveringer-a5\/"},"modified":"2026-03-16T20:44:46","modified_gmt":"2026-03-16T20:44:46","slug":"pirate-items-tatoveringer-a5","status":"publish","type":"product","link":"https:\/\/likeink.com\/no\/faketatureringar\/pirate-items-tatoveringer-a5\/","title":{"rendered":"Pirate items Tatoveringer"},"content":{"rendered":"","protected":false},"excerpt":{"rendered":"<p>20 x 14 cm stort ark med midlertidige pirattatoveringer. Tatoveringsarket er fylt med piratmotiver som papeg\u00f8ye, kanonkule, kanon, skattekart og det klassiske piratflagget! Disse tatoveringene er perfekte til neste maskerade, fest og piratfest! Ha det g\u00f8y!<\/p>\n<p> V\u00e5re midlertidige tatoveringer er allergivenlige og enkle \u00e5 sette p\u00e5 og ta av! Vi trykker og sender pirattatoveringene dine innen 24 timer. <\/p>\n<p> Ark: A5<br \/>\nAntall pirattatoveringer: 20<br \/>\n<br \/>Motivst\u00f8rrelse: 2-5 cm <\/p>\n","protected":false},"featured_media":60197,"template":"","meta":[],"product_brand":[],"product_cat":[532,365],"product_tag":[],"class_list":{"0":"post-54404","1":"product","2":"type-product","3":"status-publish","4":"has-post-thumbnail","6":"product_cat-barnefest","7":"product_cat-ferdige-ark","9":"first","10":"instock","11":"taxable","12":"shipping-taxable","13":"purchasable","14":"product-type-simple"},"yoast_head":"<!-- This site is optimized with the Yoast SEO Premium plugin v27.5 (Yoast SEO v27.6) - https:\/\/yoast.com\/product\/yoast-seo-premium-wordpress\/ -->\n<title>Midlertidige tatoveringer med piratmotiver for en morsom piratfest - Like ink<\/title>\n<meta name=\"description\" content=\"Kj\u00f8p trygge, midlertidige tatoveringer med piratmotiver til neste piratfest eller maskerade! Klassiske piratmotiver! - Like ink\" \/>\n<meta name=\"robots\" content=\"index, follow, max-snippet:-1, max-image-preview:large, max-video-preview:-1\" \/>\n<link rel=\"canonical\" href=\"https:\/\/likeink.com\/no\/faketatureringar\/pirate-items-tatoveringer-a5\/\" \/>\n<meta property=\"og:locale\" content=\"nb_NO\" \/>\n<meta property=\"og:type\" content=\"article\" \/>\n<meta property=\"og:title\" content=\"Pirate items Tatoveringer\" \/>\n<meta property=\"og:description\" content=\"20 x 14 cm stort ark med midlertidige pirattatoveringer. Tatoveringsarket er fylt med piratmotiver som papeg\u00f8ye, kanonkule, kanon, skattekart og det klassiske piratflagget! Disse tatoveringene er perfekte til neste maskerade, fest og piratfest! Ha det g\u00f8y! V\u00e5re midlertidige tatoveringer er allergivenlige og enkle \u00e5 sette p\u00e5 og ta av! Vi trykker og sender pirattatoveringene dine innen 24 timer.  Ark: A5 Antall pirattatoveringer: 20 Motivst\u00f8rrelse: 2-5 cm\" \/>\n<meta property=\"og:url\" content=\"https:\/\/likeink.com\/no\/faketatureringar\/pirate-items-tatoveringer-a5\/\" \/>\n<meta property=\"og:site_name\" content=\"Like ink\" \/>\n<meta property=\"article:publisher\" content=\"https:\/\/www.facebook.com\/LikeInkSe\" \/>\n<meta property=\"article:modified_time\" content=\"2026-03-16T20:44:46+00:00\" \/>\n<meta property=\"og:image\" content=\"https:\/\/likeink.com\/wp-content\/uploads\/2026\/03\/Pirat-tema-kalas-tatueringar-likeink.jpg\" \/>\n\t<meta property=\"og:image:width\" content=\"1800\" \/>\n\t<meta property=\"og:image:height\" content=\"1268\" \/>\n\t<meta property=\"og:image:type\" content=\"image\/jpeg\" \/>\n<meta name=\"twitter:card\" content=\"summary_large_image\" \/>\n<!-- \/ Yoast SEO Premium plugin. -->","yoast_head_json":{"title":"Midlertidige tatoveringer med piratmotiver for en morsom piratfest - Like ink","description":"Kj\u00f8p trygge, midlertidige tatoveringer med piratmotiver til neste piratfest eller maskerade! Klassiske piratmotiver! - Like ink","robots":{"index":"index","follow":"follow","max-snippet":"max-snippet:-1","max-image-preview":"max-image-preview:large","max-video-preview":"max-video-preview:-1"},"canonical":"https:\/\/likeink.com\/no\/faketatureringar\/pirate-items-tatoveringer-a5\/","og_locale":"nb_NO","og_type":"article","og_title":"Pirate items Tatoveringer","og_description":"20 x 14 cm stort ark med midlertidige pirattatoveringer. Tatoveringsarket er fylt med piratmotiver som papeg\u00f8ye, kanonkule, kanon, skattekart og det klassiske piratflagget! Disse tatoveringene er perfekte til neste maskerade, fest og piratfest! Ha det g\u00f8y! V\u00e5re midlertidige tatoveringer er allergivenlige og enkle \u00e5 sette p\u00e5 og ta av! Vi trykker og sender pirattatoveringene dine innen 24 timer.  Ark: A5 Antall pirattatoveringer: 20 Motivst\u00f8rrelse: 2-5 cm","og_url":"https:\/\/likeink.com\/no\/faketatureringar\/pirate-items-tatoveringer-a5\/","og_site_name":"Like ink","article_publisher":"https:\/\/www.facebook.com\/LikeInkSe","article_modified_time":"2026-03-16T20:44:46+00:00","og_image":[{"width":1800,"height":1268,"url":"https:\/\/likeink.com\/wp-content\/uploads\/2026\/03\/Pirat-tema-kalas-tatueringar-likeink.jpg","type":"image\/jpeg"}],"twitter_card":"summary_large_image","schema":{"@context":"https:\/\/schema.org","@graph":[{"@type":"WebPage","@id":"https:\/\/likeink.com\/no\/faketatureringar\/pirate-items-tatoveringer-a5\/","url":"https:\/\/likeink.com\/no\/faketatureringar\/pirate-items-tatoveringer-a5\/","name":"Midlertidige tatoveringer med piratmotiver for en morsom piratfest - Like ink","isPartOf":{"@id":"https:\/\/likeink.com\/no\/#website"},"primaryImageOfPage":{"@id":"https:\/\/likeink.com\/no\/faketatureringar\/pirate-items-tatoveringer-a5\/#primaryimage"},"image":{"@id":"https:\/\/likeink.com\/no\/faketatureringar\/pirate-items-tatoveringer-a5\/#primaryimage"},"thumbnailUrl":"https:\/\/likeink.com\/wp-content\/uploads\/2026\/03\/Pirat-tema-kalas-tatueringar-likeink.jpg","datePublished":"2022-01-26T14:45:50+00:00","dateModified":"2026-03-16T20:44:46+00:00","description":"Kj\u00f8p trygge, midlertidige tatoveringer med piratmotiver til neste piratfest eller maskerade! Klassiske piratmotiver! - Like ink","breadcrumb":{"@id":"https:\/\/likeink.com\/no\/faketatureringar\/pirate-items-tatoveringer-a5\/#breadcrumb"},"inLanguage":"nb-NO","potentialAction":[{"@type":"ReadAction","target":["https:\/\/likeink.com\/no\/faketatureringar\/pirate-items-tatoveringer-a5\/"]}]},{"@type":"ImageObject","inLanguage":"nb-NO","@id":"https:\/\/likeink.com\/no\/faketatureringar\/pirate-items-tatoveringer-a5\/#primaryimage","url":"https:\/\/likeink.com\/wp-content\/uploads\/2026\/03\/Pirat-tema-kalas-tatueringar-likeink.jpg","contentUrl":"https:\/\/likeink.com\/wp-content\/uploads\/2026\/03\/Pirat-tema-kalas-tatueringar-likeink.jpg","width":1800,"height":1268,"caption":"Finurlige illustrasjoner med sj\u00f8r\u00f8vertema, blant annet haier med hatter, skattekister, papeg\u00f8yer, kart, hodeskaller, sj\u00f8r\u00f8verskip, blekkspruter med hatter, ankere, flasker og palmer, alt mot en hvit bakgrunn."},{"@type":"BreadcrumbList","@id":"https:\/\/likeink.com\/no\/faketatureringar\/pirate-items-tatoveringer-a5\/#breadcrumb","itemListElement":[{"@type":"ListItem","position":1,"name":"Hem","item":"https:\/\/likeink.com\/no\/"},{"@type":"ListItem","position":2,"name":"Butikk","item":"https:\/\/likeink.com\/no\/butikk\/"},{"@type":"ListItem","position":3,"name":"Pirate items Tatoveringer"}]},{"@type":"WebSite","@id":"https:\/\/likeink.com\/no\/#website","url":"https:\/\/likeink.com\/no\/","name":"Like ink","description":"Make your own custom design","potentialAction":[{"@type":"SearchAction","target":{"@type":"EntryPoint","urlTemplate":"https:\/\/likeink.com\/no\/?s={search_term_string}"},"query-input":{"@type":"PropertyValueSpecification","valueRequired":true,"valueName":"search_term_string"}}],"inLanguage":"nb-NO"}]}},"_links":{"self":[{"href":"https:\/\/likeink.com\/no\/wp-json\/wp\/v2\/product\/54404","targetHints":{"allow":["GET"]}}],"collection":[{"href":"https:\/\/likeink.com\/no\/wp-json\/wp\/v2\/product"}],"about":[{"href":"https:\/\/likeink.com\/no\/wp-json\/wp\/v2\/types\/product"}],"wp:featuredmedia":[{"embeddable":true,"href":"https:\/\/likeink.com\/no\/wp-json\/wp\/v2\/media\/60197"}],"wp:attachment":[{"href":"https:\/\/likeink.com\/no\/wp-json\/wp\/v2\/media?parent=54404"}],"wp:term":[{"taxonomy":"product_brand","embeddable":true,"href":"https:\/\/likeink.com\/no\/wp-json\/wp\/v2\/product_brand?post=54404"},{"taxonomy":"product_cat","embeddable":true,"href":"https:\/\/likeink.com\/no\/wp-json\/wp\/v2\/product_cat?post=54404"},{"taxonomy":"product_tag","embeddable":true,"href":"https:\/\/likeink.com\/no\/wp-json\/wp\/v2\/product_tag?post=54404"}],"curies":[{"name":"wp","href":"https:\/\/api.w.org\/{rel}","templated":true}]}}