{"id":54410,"date":"2022-01-25T15:52:22","date_gmt":"2025-12-15T09:36:14","guid":{"rendered":"https:\/\/likeink.com\/gnuggis\/dragetatoveringer-a5\/"},"modified":"2026-03-16T20:44:46","modified_gmt":"2026-03-16T20:44:46","slug":"dragetatoveringer-a5","status":"publish","type":"product","link":"https:\/\/likeink.com\/no\/faketatureringar\/dragetatoveringer-a5\/","title":{"rendered":"Dragetatoveringer"},"content":{"rendered":"","protected":false},"excerpt":{"rendered":"<p>Midlertidige tatoveringer med drager! Her har vi samlet en rekke forskjellige design av drager, midlertidige tatoveringer med drager. Tatoveringene er enkle \u00e5 p\u00e5f\u00f8re huden eller andre overflater!<br \/>\nDragen har alltid v\u00e6rt popul\u00e6r som tatovering, og dragen symboliserer visdom, makt og styrke! Dragen ses ofte som vokter av ulike skatter i tegneserier og ogs\u00e5 i Astrid Lindgrens Br\u00f8drene L\u00f8vehjerte. Dragen symboliserer styrke og energi, og hvem \u00f8nsker ikke en sterk beskytter p\u00e5 kroppen sin!<\/p>\n<p>Vi trykker og sender bestillingen din innen 24 timer! Tatoveringene er av h\u00f8y kvalitet.<br \/>\nArk: A5<br \/>\nAntall tatoveringer: 9<br \/>\nSt\u00f8rrelse p\u00e5 st\u00f8rste tatovering: 10 x 5 cm<\/p>\n","protected":false},"featured_media":54411,"template":"","meta":[],"product_brand":[],"product_cat":[381,365,378],"product_tag":[],"class_list":{"0":"post-54410","1":"product","2":"type-product","3":"status-publish","4":"has-post-thumbnail","6":"product_cat-fantasy-dyretatoveringer","7":"product_cat-ferdige-ark","8":"product_cat-tribal-tatoveringer","10":"first","11":"instock","12":"taxable","13":"shipping-taxable","14":"purchasable","15":"product-type-simple"},"yoast_head":"<!-- This site is optimized with the Yoast SEO Premium plugin v26.2 (Yoast SEO v27.4) - https:\/\/yoast.com\/product\/yoast-seo-premium-wordpress\/ -->\n<title>Midlertidige dragetatoveringer! Gratis frakt - Like ink<\/title>\n<meta name=\"description\" content=\"A5-ark med drager i forskjellige design. Du kan ogs\u00e5 laste opp ditt eget draketatoveringsdesign, s\u00e5 trykker vi tilpassede tatoveringer! - Like ink\" \/>\n<meta name=\"robots\" content=\"index, follow, max-snippet:-1, max-image-preview:large, max-video-preview:-1\" \/>\n<link rel=\"canonical\" href=\"https:\/\/likeink.com\/no\/faketatureringar\/dragetatoveringer-a5\/\" \/>\n<meta property=\"og:locale\" content=\"nb_NO\" \/>\n<meta property=\"og:type\" content=\"article\" \/>\n<meta property=\"og:title\" content=\"Dragetatoveringer\" \/>\n<meta property=\"og:description\" content=\"Midlertidige tatoveringer med drager! Her har vi samlet en rekke forskjellige design av drager, midlertidige tatoveringer med drager. Tatoveringene er enkle \u00e5 p\u00e5f\u00f8re huden eller andre overflater! Dragen har alltid v\u00e6rt popul\u00e6r som tatovering, og dragen symboliserer visdom, makt og styrke! Dragen ses ofte som vokter av ulike skatter i tegneserier og ogs\u00e5 i Astrid Lindgrens Br\u00f8drene L\u00f8vehjerte. Dragen symboliserer styrke og energi, og hvem \u00f8nsker ikke en sterk beskytter p\u00e5 kroppen sin! Vi trykker og sender bestillingen din innen 24 timer! Tatoveringene er av h\u00f8y kvalitet. Ark: A5 Antall tatoveringer: 9 St\u00f8rrelse p\u00e5 st\u00f8rste tatovering: 10 x 5 cm\" \/>\n<meta property=\"og:url\" content=\"https:\/\/likeink.com\/no\/faketatureringar\/dragetatoveringer-a5\/\" \/>\n<meta property=\"og:site_name\" content=\"Like ink\" \/>\n<meta property=\"article:publisher\" content=\"https:\/\/www.facebook.com\/LikeInkSe\" \/>\n<meta property=\"article:modified_time\" content=\"2026-03-16T20:44:46+00:00\" \/>\n<meta property=\"og:image\" content=\"https:\/\/likeink.com\/wp-content\/uploads\/2022\/01\/Drakar-TemporaraTatueringar-Likeink.jpg\" \/>\n\t<meta property=\"og:image:width\" content=\"1000\" \/>\n\t<meta property=\"og:image:height\" content=\"704\" \/>\n\t<meta property=\"og:image:type\" content=\"image\/jpeg\" \/>\n<meta name=\"twitter:card\" content=\"summary_large_image\" \/>\n<script type=\"application\/ld+json\" class=\"yoast-schema-graph\">{\"@context\":\"https:\\\/\\\/schema.org\",\"@graph\":[{\"@type\":\"WebPage\",\"@id\":\"https:\\\/\\\/likeink.com\\\/no\\\/faketatureringar\\\/dragetatoveringer-a5\\\/\",\"url\":\"https:\\\/\\\/likeink.com\\\/no\\\/faketatureringar\\\/dragetatoveringer-a5\\\/\",\"name\":\"Midlertidige dragetatoveringer! Gratis frakt - Like ink\",\"isPartOf\":{\"@id\":\"https:\\\/\\\/likeink.com\\\/no\\\/#website\"},\"primaryImageOfPage\":{\"@id\":\"https:\\\/\\\/likeink.com\\\/no\\\/faketatureringar\\\/dragetatoveringer-a5\\\/#primaryimage\"},\"image\":{\"@id\":\"https:\\\/\\\/likeink.com\\\/no\\\/faketatureringar\\\/dragetatoveringer-a5\\\/#primaryimage\"},\"thumbnailUrl\":\"https:\\\/\\\/likeink.com\\\/wp-content\\\/uploads\\\/2022\\\/01\\\/Drakar-TemporaraTatueringar-Likeink.jpg\",\"datePublished\":\"2025-12-15T09:36:14+00:00\",\"dateModified\":\"2026-03-16T20:44:46+00:00\",\"description\":\"A5-ark med drager i forskjellige design. Du kan ogs\u00e5 laste opp ditt eget draketatoveringsdesign, s\u00e5 trykker vi tilpassede tatoveringer! - Like ink\",\"breadcrumb\":{\"@id\":\"https:\\\/\\\/likeink.com\\\/no\\\/faketatureringar\\\/dragetatoveringer-a5\\\/#breadcrumb\"},\"inLanguage\":\"nb-NO\",\"potentialAction\":[{\"@type\":\"ReadAction\",\"target\":[\"https:\\\/\\\/likeink.com\\\/no\\\/faketatureringar\\\/dragetatoveringer-a5\\\/\"]}]},{\"@type\":\"ImageObject\",\"inLanguage\":\"nb-NO\",\"@id\":\"https:\\\/\\\/likeink.com\\\/no\\\/faketatureringar\\\/dragetatoveringer-a5\\\/#primaryimage\",\"url\":\"https:\\\/\\\/likeink.com\\\/wp-content\\\/uploads\\\/2022\\\/01\\\/Drakar-TemporaraTatueringar-Likeink.jpg\",\"contentUrl\":\"https:\\\/\\\/likeink.com\\\/wp-content\\\/uploads\\\/2022\\\/01\\\/Drakar-TemporaraTatueringar-Likeink.jpg\",\"width\":1000,\"height\":704,\"caption\":\"Temporary tattoos with various dragon designs.\"},{\"@type\":\"BreadcrumbList\",\"@id\":\"https:\\\/\\\/likeink.com\\\/no\\\/faketatureringar\\\/dragetatoveringer-a5\\\/#breadcrumb\",\"itemListElement\":[{\"@type\":\"ListItem\",\"position\":1,\"name\":\"Hem\",\"item\":\"https:\\\/\\\/likeink.com\\\/no\\\/\"},{\"@type\":\"ListItem\",\"position\":2,\"name\":\"Butikk\",\"item\":\"https:\\\/\\\/likeink.com\\\/no\\\/butikk\\\/\"},{\"@type\":\"ListItem\",\"position\":3,\"name\":\"Dragetatoveringer\"}]},{\"@type\":\"WebSite\",\"@id\":\"https:\\\/\\\/likeink.com\\\/no\\\/#website\",\"url\":\"https:\\\/\\\/likeink.com\\\/no\\\/\",\"name\":\"Like ink\",\"description\":\"Make your own custom design\",\"potentialAction\":[{\"@type\":\"SearchAction\",\"target\":{\"@type\":\"EntryPoint\",\"urlTemplate\":\"https:\\\/\\\/likeink.com\\\/no\\\/?s={search_term_string}\"},\"query-input\":{\"@type\":\"PropertyValueSpecification\",\"valueRequired\":true,\"valueName\":\"search_term_string\"}}],\"inLanguage\":\"nb-NO\"}]}<\/script>\n<!-- \/ Yoast SEO Premium plugin. -->","yoast_head_json":{"title":"Midlertidige dragetatoveringer! Gratis frakt - Like ink","description":"A5-ark med drager i forskjellige design. Du kan ogs\u00e5 laste opp ditt eget draketatoveringsdesign, s\u00e5 trykker vi tilpassede tatoveringer! - Like ink","robots":{"index":"index","follow":"follow","max-snippet":"max-snippet:-1","max-image-preview":"max-image-preview:large","max-video-preview":"max-video-preview:-1"},"canonical":"https:\/\/likeink.com\/no\/faketatureringar\/dragetatoveringer-a5\/","og_locale":"nb_NO","og_type":"article","og_title":"Dragetatoveringer","og_description":"Midlertidige tatoveringer med drager! Her har vi samlet en rekke forskjellige design av drager, midlertidige tatoveringer med drager. Tatoveringene er enkle \u00e5 p\u00e5f\u00f8re huden eller andre overflater! Dragen har alltid v\u00e6rt popul\u00e6r som tatovering, og dragen symboliserer visdom, makt og styrke! Dragen ses ofte som vokter av ulike skatter i tegneserier og ogs\u00e5 i Astrid Lindgrens Br\u00f8drene L\u00f8vehjerte. Dragen symboliserer styrke og energi, og hvem \u00f8nsker ikke en sterk beskytter p\u00e5 kroppen sin! Vi trykker og sender bestillingen din innen 24 timer! Tatoveringene er av h\u00f8y kvalitet. Ark: A5 Antall tatoveringer: 9 St\u00f8rrelse p\u00e5 st\u00f8rste tatovering: 10 x 5 cm","og_url":"https:\/\/likeink.com\/no\/faketatureringar\/dragetatoveringer-a5\/","og_site_name":"Like ink","article_publisher":"https:\/\/www.facebook.com\/LikeInkSe","article_modified_time":"2026-03-16T20:44:46+00:00","og_image":[{"width":1000,"height":704,"url":"https:\/\/likeink.com\/wp-content\/uploads\/2022\/01\/Drakar-TemporaraTatueringar-Likeink.jpg","type":"image\/jpeg"}],"twitter_card":"summary_large_image","schema":{"@context":"https:\/\/schema.org","@graph":[{"@type":"WebPage","@id":"https:\/\/likeink.com\/no\/faketatureringar\/dragetatoveringer-a5\/","url":"https:\/\/likeink.com\/no\/faketatureringar\/dragetatoveringer-a5\/","name":"Midlertidige dragetatoveringer! Gratis frakt - Like ink","isPartOf":{"@id":"https:\/\/likeink.com\/no\/#website"},"primaryImageOfPage":{"@id":"https:\/\/likeink.com\/no\/faketatureringar\/dragetatoveringer-a5\/#primaryimage"},"image":{"@id":"https:\/\/likeink.com\/no\/faketatureringar\/dragetatoveringer-a5\/#primaryimage"},"thumbnailUrl":"https:\/\/likeink.com\/wp-content\/uploads\/2022\/01\/Drakar-TemporaraTatueringar-Likeink.jpg","datePublished":"2025-12-15T09:36:14+00:00","dateModified":"2026-03-16T20:44:46+00:00","description":"A5-ark med drager i forskjellige design. Du kan ogs\u00e5 laste opp ditt eget draketatoveringsdesign, s\u00e5 trykker vi tilpassede tatoveringer! - Like ink","breadcrumb":{"@id":"https:\/\/likeink.com\/no\/faketatureringar\/dragetatoveringer-a5\/#breadcrumb"},"inLanguage":"nb-NO","potentialAction":[{"@type":"ReadAction","target":["https:\/\/likeink.com\/no\/faketatureringar\/dragetatoveringer-a5\/"]}]},{"@type":"ImageObject","inLanguage":"nb-NO","@id":"https:\/\/likeink.com\/no\/faketatureringar\/dragetatoveringer-a5\/#primaryimage","url":"https:\/\/likeink.com\/wp-content\/uploads\/2022\/01\/Drakar-TemporaraTatueringar-Likeink.jpg","contentUrl":"https:\/\/likeink.com\/wp-content\/uploads\/2022\/01\/Drakar-TemporaraTatueringar-Likeink.jpg","width":1000,"height":704,"caption":"Temporary tattoos with various dragon designs."},{"@type":"BreadcrumbList","@id":"https:\/\/likeink.com\/no\/faketatureringar\/dragetatoveringer-a5\/#breadcrumb","itemListElement":[{"@type":"ListItem","position":1,"name":"Hem","item":"https:\/\/likeink.com\/no\/"},{"@type":"ListItem","position":2,"name":"Butikk","item":"https:\/\/likeink.com\/no\/butikk\/"},{"@type":"ListItem","position":3,"name":"Dragetatoveringer"}]},{"@type":"WebSite","@id":"https:\/\/likeink.com\/no\/#website","url":"https:\/\/likeink.com\/no\/","name":"Like ink","description":"Make your own custom design","potentialAction":[{"@type":"SearchAction","target":{"@type":"EntryPoint","urlTemplate":"https:\/\/likeink.com\/no\/?s={search_term_string}"},"query-input":{"@type":"PropertyValueSpecification","valueRequired":true,"valueName":"search_term_string"}}],"inLanguage":"nb-NO"}]}},"_links":{"self":[{"href":"https:\/\/likeink.com\/no\/wp-json\/wp\/v2\/product\/54410","targetHints":{"allow":["GET"]}}],"collection":[{"href":"https:\/\/likeink.com\/no\/wp-json\/wp\/v2\/product"}],"about":[{"href":"https:\/\/likeink.com\/no\/wp-json\/wp\/v2\/types\/product"}],"wp:featuredmedia":[{"embeddable":true,"href":"https:\/\/likeink.com\/no\/wp-json\/wp\/v2\/media\/54411"}],"wp:attachment":[{"href":"https:\/\/likeink.com\/no\/wp-json\/wp\/v2\/media?parent=54410"}],"wp:term":[{"taxonomy":"product_brand","embeddable":true,"href":"https:\/\/likeink.com\/no\/wp-json\/wp\/v2\/product_brand?post=54410"},{"taxonomy":"product_cat","embeddable":true,"href":"https:\/\/likeink.com\/no\/wp-json\/wp\/v2\/product_cat?post=54410"},{"taxonomy":"product_tag","embeddable":true,"href":"https:\/\/likeink.com\/no\/wp-json\/wp\/v2\/product_tag?post=54410"}],"curies":[{"name":"wp","href":"https:\/\/api.w.org\/{rel}","templated":true}]}}