{"id":54412,"date":"2022-01-25T14:24:19","date_gmt":"2025-12-15T09:36:15","guid":{"rendered":"https:\/\/likeink.com\/gnuggis\/stammemasker-a5\/"},"modified":"2026-03-16T20:44:57","modified_gmt":"2026-03-16T20:44:57","slug":"stammemasker-a5","status":"publish","type":"product","link":"https:\/\/likeink.com\/no\/faketatureringar\/stammemasker-a5\/","title":{"rendered":"Stammemasker"},"content":{"rendered":"","protected":false},"excerpt":{"rendered":"<p>Stammemasker blir ofte sett p\u00e5 som treskulpturer, og illustrat\u00f8ren som tegnet disse motivene har hentet inspirasjon fra afrikanske masker. I afrikansk kultur spiller, eller rettere sagt spilte, denne typen masker en viktig rolle i ritualer og ulike seremonier.<br \/>\nForm\u00e5let er forskjellig, det kan handle om \u00e5 sikre en god h\u00f8st og andre \u00f8nsker som ang\u00e5r stammen i fredstid eller krigstid.<br \/>\nMasker kan ogs\u00e5 vise stamtilh\u00f8righet og symbolisere totemdyr og ulike andre rollefigurer.<br \/>\nV\u00e5re midlertidige tatoveringer varer fra 1 til 7 dager og er av veldig god kvalitet! Vi trykker og sender innen 24 timer.<\/p>\n<p>Arkst\u00f8rrelse: A5<br \/>\nAntall tatoveringer: 6<br \/>\nTatoveringsst\u00f8rrelse: Ca. 6 x 7 cm. <\/p>\n","protected":false},"featured_media":54413,"template":"","meta":[],"product_brand":[],"product_cat":[365,378],"product_tag":[],"class_list":{"0":"post-54412","1":"product","2":"type-product","3":"status-publish","4":"has-post-thumbnail","6":"product_cat-ferdige-ark","7":"product_cat-tribal-tatoveringer","9":"first","10":"instock","11":"taxable","12":"shipping-taxable","13":"purchasable","14":"product-type-simple"},"yoast_head":"<!-- This site is optimized with the Yoast SEO Premium plugin v26.2 (Yoast SEO v27.4) - https:\/\/yoast.com\/product\/yoast-seo-premium-wordpress\/ -->\n<title>Tribal maske midlertidige tatoveringer - Like ink<\/title>\n<meta name=\"description\" content=\"A5-ark med 6 stammemasker som midlertidige tatoveringer! God kvalitet og rask levering, passer perfekt p\u00e5 underarmen! - Like ink\" \/>\n<meta name=\"robots\" content=\"index, follow, max-snippet:-1, max-image-preview:large, max-video-preview:-1\" \/>\n<link rel=\"canonical\" href=\"https:\/\/likeink.com\/no\/faketatureringar\/stammemasker-a5\/\" \/>\n<meta property=\"og:locale\" content=\"nb_NO\" \/>\n<meta property=\"og:type\" content=\"article\" \/>\n<meta property=\"og:title\" content=\"Stammemasker\" \/>\n<meta property=\"og:description\" content=\"Stammemasker blir ofte sett p\u00e5 som treskulpturer, og illustrat\u00f8ren som tegnet disse motivene har hentet inspirasjon fra afrikanske masker. I afrikansk kultur spiller, eller rettere sagt spilte, denne typen masker en viktig rolle i ritualer og ulike seremonier. Form\u00e5let er forskjellig, det kan handle om \u00e5 sikre en god h\u00f8st og andre \u00f8nsker som ang\u00e5r stammen i fredstid eller krigstid. Masker kan ogs\u00e5 vise stamtilh\u00f8righet og symbolisere totemdyr og ulike andre rollefigurer. V\u00e5re midlertidige tatoveringer varer fra 1 til 7 dager og er av veldig god kvalitet! Vi trykker og sender innen 24 timer. Arkst\u00f8rrelse: A5 Antall tatoveringer: 6 Tatoveringsst\u00f8rrelse: Ca. 6 x 7 cm.\" \/>\n<meta property=\"og:url\" content=\"https:\/\/likeink.com\/no\/faketatureringar\/stammemasker-a5\/\" \/>\n<meta property=\"og:site_name\" content=\"Like ink\" \/>\n<meta property=\"article:publisher\" content=\"https:\/\/www.facebook.com\/LikeInkSe\" \/>\n<meta property=\"article:modified_time\" content=\"2026-03-16T20:44:57+00:00\" \/>\n<meta property=\"og:image\" content=\"https:\/\/likeink.com\/wp-content\/uploads\/2022\/01\/TribalMask-Tattoos-Likeink.jpg\" \/>\n\t<meta property=\"og:image:width\" content=\"1000\" \/>\n\t<meta property=\"og:image:height\" content=\"704\" \/>\n\t<meta property=\"og:image:type\" content=\"image\/jpeg\" \/>\n<meta name=\"twitter:card\" content=\"summary_large_image\" \/>\n<script type=\"application\/ld+json\" class=\"yoast-schema-graph\">{\"@context\":\"https:\\\/\\\/schema.org\",\"@graph\":[{\"@type\":\"WebPage\",\"@id\":\"https:\\\/\\\/likeink.com\\\/no\\\/faketatureringar\\\/stammemasker-a5\\\/\",\"url\":\"https:\\\/\\\/likeink.com\\\/no\\\/faketatureringar\\\/stammemasker-a5\\\/\",\"name\":\"Tribal maske midlertidige tatoveringer - Like ink\",\"isPartOf\":{\"@id\":\"https:\\\/\\\/likeink.com\\\/no\\\/#website\"},\"primaryImageOfPage\":{\"@id\":\"https:\\\/\\\/likeink.com\\\/no\\\/faketatureringar\\\/stammemasker-a5\\\/#primaryimage\"},\"image\":{\"@id\":\"https:\\\/\\\/likeink.com\\\/no\\\/faketatureringar\\\/stammemasker-a5\\\/#primaryimage\"},\"thumbnailUrl\":\"https:\\\/\\\/likeink.com\\\/wp-content\\\/uploads\\\/2022\\\/01\\\/TribalMask-Tattoos-Likeink.jpg\",\"datePublished\":\"2025-12-15T09:36:15+00:00\",\"dateModified\":\"2026-03-16T20:44:57+00:00\",\"description\":\"A5-ark med 6 stammemasker som midlertidige tatoveringer! God kvalitet og rask levering, passer perfekt p\u00e5 underarmen! - Like ink\",\"breadcrumb\":{\"@id\":\"https:\\\/\\\/likeink.com\\\/no\\\/faketatureringar\\\/stammemasker-a5\\\/#breadcrumb\"},\"inLanguage\":\"nb-NO\",\"potentialAction\":[{\"@type\":\"ReadAction\",\"target\":[\"https:\\\/\\\/likeink.com\\\/no\\\/faketatureringar\\\/stammemasker-a5\\\/\"]}]},{\"@type\":\"ImageObject\",\"inLanguage\":\"nb-NO\",\"@id\":\"https:\\\/\\\/likeink.com\\\/no\\\/faketatureringar\\\/stammemasker-a5\\\/#primaryimage\",\"url\":\"https:\\\/\\\/likeink.com\\\/wp-content\\\/uploads\\\/2022\\\/01\\\/TribalMask-Tattoos-Likeink.jpg\",\"contentUrl\":\"https:\\\/\\\/likeink.com\\\/wp-content\\\/uploads\\\/2022\\\/01\\\/TribalMask-Tattoos-Likeink.jpg\",\"width\":1000,\"height\":704,\"caption\":\"6 temporary tattoos depicting masks. Black tribal masks.\"},{\"@type\":\"BreadcrumbList\",\"@id\":\"https:\\\/\\\/likeink.com\\\/no\\\/faketatureringar\\\/stammemasker-a5\\\/#breadcrumb\",\"itemListElement\":[{\"@type\":\"ListItem\",\"position\":1,\"name\":\"Hem\",\"item\":\"https:\\\/\\\/likeink.com\\\/no\\\/\"},{\"@type\":\"ListItem\",\"position\":2,\"name\":\"Butikk\",\"item\":\"https:\\\/\\\/likeink.com\\\/no\\\/butikk\\\/\"},{\"@type\":\"ListItem\",\"position\":3,\"name\":\"Stammemasker\"}]},{\"@type\":\"WebSite\",\"@id\":\"https:\\\/\\\/likeink.com\\\/no\\\/#website\",\"url\":\"https:\\\/\\\/likeink.com\\\/no\\\/\",\"name\":\"Like ink\",\"description\":\"Make your own custom design\",\"potentialAction\":[{\"@type\":\"SearchAction\",\"target\":{\"@type\":\"EntryPoint\",\"urlTemplate\":\"https:\\\/\\\/likeink.com\\\/no\\\/?s={search_term_string}\"},\"query-input\":{\"@type\":\"PropertyValueSpecification\",\"valueRequired\":true,\"valueName\":\"search_term_string\"}}],\"inLanguage\":\"nb-NO\"}]}<\/script>\n<!-- \/ Yoast SEO Premium plugin. -->","yoast_head_json":{"title":"Tribal maske midlertidige tatoveringer - Like ink","description":"A5-ark med 6 stammemasker som midlertidige tatoveringer! God kvalitet og rask levering, passer perfekt p\u00e5 underarmen! - Like ink","robots":{"index":"index","follow":"follow","max-snippet":"max-snippet:-1","max-image-preview":"max-image-preview:large","max-video-preview":"max-video-preview:-1"},"canonical":"https:\/\/likeink.com\/no\/faketatureringar\/stammemasker-a5\/","og_locale":"nb_NO","og_type":"article","og_title":"Stammemasker","og_description":"Stammemasker blir ofte sett p\u00e5 som treskulpturer, og illustrat\u00f8ren som tegnet disse motivene har hentet inspirasjon fra afrikanske masker. I afrikansk kultur spiller, eller rettere sagt spilte, denne typen masker en viktig rolle i ritualer og ulike seremonier. Form\u00e5let er forskjellig, det kan handle om \u00e5 sikre en god h\u00f8st og andre \u00f8nsker som ang\u00e5r stammen i fredstid eller krigstid. Masker kan ogs\u00e5 vise stamtilh\u00f8righet og symbolisere totemdyr og ulike andre rollefigurer. V\u00e5re midlertidige tatoveringer varer fra 1 til 7 dager og er av veldig god kvalitet! Vi trykker og sender innen 24 timer. Arkst\u00f8rrelse: A5 Antall tatoveringer: 6 Tatoveringsst\u00f8rrelse: Ca. 6 x 7 cm.","og_url":"https:\/\/likeink.com\/no\/faketatureringar\/stammemasker-a5\/","og_site_name":"Like ink","article_publisher":"https:\/\/www.facebook.com\/LikeInkSe","article_modified_time":"2026-03-16T20:44:57+00:00","og_image":[{"width":1000,"height":704,"url":"https:\/\/likeink.com\/wp-content\/uploads\/2022\/01\/TribalMask-Tattoos-Likeink.jpg","type":"image\/jpeg"}],"twitter_card":"summary_large_image","schema":{"@context":"https:\/\/schema.org","@graph":[{"@type":"WebPage","@id":"https:\/\/likeink.com\/no\/faketatureringar\/stammemasker-a5\/","url":"https:\/\/likeink.com\/no\/faketatureringar\/stammemasker-a5\/","name":"Tribal maske midlertidige tatoveringer - Like ink","isPartOf":{"@id":"https:\/\/likeink.com\/no\/#website"},"primaryImageOfPage":{"@id":"https:\/\/likeink.com\/no\/faketatureringar\/stammemasker-a5\/#primaryimage"},"image":{"@id":"https:\/\/likeink.com\/no\/faketatureringar\/stammemasker-a5\/#primaryimage"},"thumbnailUrl":"https:\/\/likeink.com\/wp-content\/uploads\/2022\/01\/TribalMask-Tattoos-Likeink.jpg","datePublished":"2025-12-15T09:36:15+00:00","dateModified":"2026-03-16T20:44:57+00:00","description":"A5-ark med 6 stammemasker som midlertidige tatoveringer! God kvalitet og rask levering, passer perfekt p\u00e5 underarmen! - Like ink","breadcrumb":{"@id":"https:\/\/likeink.com\/no\/faketatureringar\/stammemasker-a5\/#breadcrumb"},"inLanguage":"nb-NO","potentialAction":[{"@type":"ReadAction","target":["https:\/\/likeink.com\/no\/faketatureringar\/stammemasker-a5\/"]}]},{"@type":"ImageObject","inLanguage":"nb-NO","@id":"https:\/\/likeink.com\/no\/faketatureringar\/stammemasker-a5\/#primaryimage","url":"https:\/\/likeink.com\/wp-content\/uploads\/2022\/01\/TribalMask-Tattoos-Likeink.jpg","contentUrl":"https:\/\/likeink.com\/wp-content\/uploads\/2022\/01\/TribalMask-Tattoos-Likeink.jpg","width":1000,"height":704,"caption":"6 temporary tattoos depicting masks. Black tribal masks."},{"@type":"BreadcrumbList","@id":"https:\/\/likeink.com\/no\/faketatureringar\/stammemasker-a5\/#breadcrumb","itemListElement":[{"@type":"ListItem","position":1,"name":"Hem","item":"https:\/\/likeink.com\/no\/"},{"@type":"ListItem","position":2,"name":"Butikk","item":"https:\/\/likeink.com\/no\/butikk\/"},{"@type":"ListItem","position":3,"name":"Stammemasker"}]},{"@type":"WebSite","@id":"https:\/\/likeink.com\/no\/#website","url":"https:\/\/likeink.com\/no\/","name":"Like ink","description":"Make your own custom design","potentialAction":[{"@type":"SearchAction","target":{"@type":"EntryPoint","urlTemplate":"https:\/\/likeink.com\/no\/?s={search_term_string}"},"query-input":{"@type":"PropertyValueSpecification","valueRequired":true,"valueName":"search_term_string"}}],"inLanguage":"nb-NO"}]}},"_links":{"self":[{"href":"https:\/\/likeink.com\/no\/wp-json\/wp\/v2\/product\/54412","targetHints":{"allow":["GET"]}}],"collection":[{"href":"https:\/\/likeink.com\/no\/wp-json\/wp\/v2\/product"}],"about":[{"href":"https:\/\/likeink.com\/no\/wp-json\/wp\/v2\/types\/product"}],"wp:featuredmedia":[{"embeddable":true,"href":"https:\/\/likeink.com\/no\/wp-json\/wp\/v2\/media\/54413"}],"wp:attachment":[{"href":"https:\/\/likeink.com\/no\/wp-json\/wp\/v2\/media?parent=54412"}],"wp:term":[{"taxonomy":"product_brand","embeddable":true,"href":"https:\/\/likeink.com\/no\/wp-json\/wp\/v2\/product_brand?post=54412"},{"taxonomy":"product_cat","embeddable":true,"href":"https:\/\/likeink.com\/no\/wp-json\/wp\/v2\/product_cat?post=54412"},{"taxonomy":"product_tag","embeddable":true,"href":"https:\/\/likeink.com\/no\/wp-json\/wp\/v2\/product_tag?post=54412"}],"curies":[{"name":"wp","href":"https:\/\/api.w.org\/{rel}","templated":true}]}}