{"id":54416,"date":"2022-01-25T13:03:55","date_gmt":"2025-12-15T09:36:17","guid":{"rendered":"https:\/\/likeink.com\/gnuggis\/gamle-skole-tatoveringssymboler-a5\/"},"modified":"2026-03-16T20:44:57","modified_gmt":"2026-03-16T20:44:57","slug":"gamle-skole-tatoveringssymboler-a5","status":"publish","type":"product","link":"https:\/\/likeink.com\/no\/faketatureringar\/gamle-skole-tatoveringssymboler-a5\/","title":{"rendered":"Gamle skole tatoveringssymboler"},"content":{"rendered":"","protected":false},"excerpt":{"rendered":"<p>Falske tatoveringer med klassiske old school-motiver som anker, svale, terning, edderkopp, kniv, svart rose og diamant.<br \/>\nHva betyr en diamanttatovering? Diamanttatoveringer er veldig popul\u00e6re og kan gj\u00f8res i alle tenkelige farger eller bare med linjer eller svart farge. Diamantens popularitet som tatovering skyldes selvf\u00f8lgelig i stor grad at diamanten er grafisk vakker! Diamant er en edelsten, og ordet diamant kommer fra gresk og betyr \u00abuovervinnelig\u00bb eller \u00abubrytelig\u00bb.<br \/>\nDet var dagens tatoveringsskole fra oss i Like ink \ud83d\ude42<\/p>\n<p>Vi trykker og sender tatoveringene dine innen 24 timer.<\/p>\n<p>Arkst\u00f8rrelse: A5<br \/>\nAntall tatoveringer: 14<\/p>\n","protected":false},"featured_media":54417,"template":"","meta":[],"product_brand":[],"product_cat":[365,512],"product_tag":[],"class_list":{"0":"post-54416","1":"product","2":"type-product","3":"status-publish","4":"has-post-thumbnail","6":"product_cat-ferdige-ark","7":"product_cat-old-school-retro-no","9":"first","10":"instock","11":"taxable","12":"shipping-taxable","13":"purchasable","14":"product-type-simple"},"yoast_head":"<!-- This site is optimized with the Yoast SEO Premium plugin v26.2 (Yoast SEO v27.5) - https:\/\/yoast.com\/product\/yoast-seo-premium-wordpress\/ -->\n<title>Gamle skole-tatoveringssymboler som falske tatoveringer - Like ink<\/title>\n<meta name=\"description\" content=\"Vi trykker og sender innen 24 timer. Flere klassiske old school-symboler som diamantankere og terninger! Fantastisk kvalitet p\u00e5 falske tatoveringer! - Like ink\" \/>\n<meta name=\"robots\" content=\"index, follow, max-snippet:-1, max-image-preview:large, max-video-preview:-1\" \/>\n<link rel=\"canonical\" href=\"https:\/\/likeink.com\/no\/faketatureringar\/gamle-skole-tatoveringssymboler-a5\/\" \/>\n<meta property=\"og:locale\" content=\"nb_NO\" \/>\n<meta property=\"og:type\" content=\"article\" \/>\n<meta property=\"og:title\" content=\"Gamle skole tatoveringssymboler\" \/>\n<meta property=\"og:description\" content=\"Falske tatoveringer med klassiske old school-motiver som anker, svale, terning, edderkopp, kniv, svart rose og diamant. Hva betyr en diamanttatovering? Diamanttatoveringer er veldig popul\u00e6re og kan gj\u00f8res i alle tenkelige farger eller bare med linjer eller svart farge. Diamantens popularitet som tatovering skyldes selvf\u00f8lgelig i stor grad at diamanten er grafisk vakker! Diamant er en edelsten, og ordet diamant kommer fra gresk og betyr \u00abuovervinnelig\u00bb eller \u00abubrytelig\u00bb. Det var dagens tatoveringsskole fra oss i Like ink :) Vi trykker og sender tatoveringene dine innen 24 timer. Arkst\u00f8rrelse: A5 Antall tatoveringer: 14\" \/>\n<meta property=\"og:url\" content=\"https:\/\/likeink.com\/no\/faketatureringar\/gamle-skole-tatoveringssymboler-a5\/\" \/>\n<meta property=\"og:site_name\" content=\"Like ink\" \/>\n<meta property=\"article:publisher\" content=\"https:\/\/www.facebook.com\/LikeInkSe\" \/>\n<meta property=\"article:modified_time\" content=\"2026-03-16T20:44:57+00:00\" \/>\n<meta property=\"og:image\" content=\"https:\/\/likeink.com\/wp-content\/uploads\/2022\/01\/OldSchool-tatueringssymboler-likeink.jpg\" \/>\n\t<meta property=\"og:image:width\" content=\"1000\" \/>\n\t<meta property=\"og:image:height\" content=\"704\" \/>\n\t<meta property=\"og:image:type\" content=\"image\/jpeg\" \/>\n<meta name=\"twitter:card\" content=\"summary_large_image\" \/>\n<!-- \/ Yoast SEO Premium plugin. -->","yoast_head_json":{"title":"Gamle skole-tatoveringssymboler som falske tatoveringer - Like ink","description":"Vi trykker og sender innen 24 timer. Flere klassiske old school-symboler som diamantankere og terninger! Fantastisk kvalitet p\u00e5 falske tatoveringer! - Like ink","robots":{"index":"index","follow":"follow","max-snippet":"max-snippet:-1","max-image-preview":"max-image-preview:large","max-video-preview":"max-video-preview:-1"},"canonical":"https:\/\/likeink.com\/no\/faketatureringar\/gamle-skole-tatoveringssymboler-a5\/","og_locale":"nb_NO","og_type":"article","og_title":"Gamle skole tatoveringssymboler","og_description":"Falske tatoveringer med klassiske old school-motiver som anker, svale, terning, edderkopp, kniv, svart rose og diamant. Hva betyr en diamanttatovering? Diamanttatoveringer er veldig popul\u00e6re og kan gj\u00f8res i alle tenkelige farger eller bare med linjer eller svart farge. Diamantens popularitet som tatovering skyldes selvf\u00f8lgelig i stor grad at diamanten er grafisk vakker! Diamant er en edelsten, og ordet diamant kommer fra gresk og betyr \u00abuovervinnelig\u00bb eller \u00abubrytelig\u00bb. Det var dagens tatoveringsskole fra oss i Like ink :) Vi trykker og sender tatoveringene dine innen 24 timer. Arkst\u00f8rrelse: A5 Antall tatoveringer: 14","og_url":"https:\/\/likeink.com\/no\/faketatureringar\/gamle-skole-tatoveringssymboler-a5\/","og_site_name":"Like ink","article_publisher":"https:\/\/www.facebook.com\/LikeInkSe","article_modified_time":"2026-03-16T20:44:57+00:00","og_image":[{"width":1000,"height":704,"url":"https:\/\/likeink.com\/wp-content\/uploads\/2022\/01\/OldSchool-tatueringssymboler-likeink.jpg","type":"image\/jpeg"}],"twitter_card":"summary_large_image","schema":{"@context":"https:\/\/schema.org","@graph":[{"@type":"WebPage","@id":"https:\/\/likeink.com\/no\/faketatureringar\/gamle-skole-tatoveringssymboler-a5\/","url":"https:\/\/likeink.com\/no\/faketatureringar\/gamle-skole-tatoveringssymboler-a5\/","name":"Gamle skole-tatoveringssymboler som falske tatoveringer - Like ink","isPartOf":{"@id":"https:\/\/likeink.com\/no\/#website"},"primaryImageOfPage":{"@id":"https:\/\/likeink.com\/no\/faketatureringar\/gamle-skole-tatoveringssymboler-a5\/#primaryimage"},"image":{"@id":"https:\/\/likeink.com\/no\/faketatureringar\/gamle-skole-tatoveringssymboler-a5\/#primaryimage"},"thumbnailUrl":"https:\/\/likeink.com\/wp-content\/uploads\/2022\/01\/OldSchool-tatueringssymboler-likeink.jpg","datePublished":"2025-12-15T09:36:17+00:00","dateModified":"2026-03-16T20:44:57+00:00","description":"Vi trykker og sender innen 24 timer. Flere klassiske old school-symboler som diamantankere og terninger! Fantastisk kvalitet p\u00e5 falske tatoveringer! - Like ink","breadcrumb":{"@id":"https:\/\/likeink.com\/no\/faketatureringar\/gamle-skole-tatoveringssymboler-a5\/#breadcrumb"},"inLanguage":"nb-NO","potentialAction":[{"@type":"ReadAction","target":["https:\/\/likeink.com\/no\/faketatureringar\/gamle-skole-tatoveringssymboler-a5\/"]}]},{"@type":"ImageObject","inLanguage":"nb-NO","@id":"https:\/\/likeink.com\/no\/faketatureringar\/gamle-skole-tatoveringssymboler-a5\/#primaryimage","url":"https:\/\/likeink.com\/wp-content\/uploads\/2022\/01\/OldSchool-tatueringssymboler-likeink.jpg","contentUrl":"https:\/\/likeink.com\/wp-content\/uploads\/2022\/01\/OldSchool-tatueringssymboler-likeink.jpg","width":1000,"height":704,"caption":"Black classic tattoo symbols like anchor, crown, snake, and dice."},{"@type":"BreadcrumbList","@id":"https:\/\/likeink.com\/no\/faketatureringar\/gamle-skole-tatoveringssymboler-a5\/#breadcrumb","itemListElement":[{"@type":"ListItem","position":1,"name":"Hem","item":"https:\/\/likeink.com\/no\/"},{"@type":"ListItem","position":2,"name":"Butikk","item":"https:\/\/likeink.com\/no\/butikk\/"},{"@type":"ListItem","position":3,"name":"Gamle skole tatoveringssymboler"}]},{"@type":"WebSite","@id":"https:\/\/likeink.com\/no\/#website","url":"https:\/\/likeink.com\/no\/","name":"Like ink","description":"Make your own custom design","potentialAction":[{"@type":"SearchAction","target":{"@type":"EntryPoint","urlTemplate":"https:\/\/likeink.com\/no\/?s={search_term_string}"},"query-input":{"@type":"PropertyValueSpecification","valueRequired":true,"valueName":"search_term_string"}}],"inLanguage":"nb-NO"}]}},"_links":{"self":[{"href":"https:\/\/likeink.com\/no\/wp-json\/wp\/v2\/product\/54416","targetHints":{"allow":["GET"]}}],"collection":[{"href":"https:\/\/likeink.com\/no\/wp-json\/wp\/v2\/product"}],"about":[{"href":"https:\/\/likeink.com\/no\/wp-json\/wp\/v2\/types\/product"}],"wp:featuredmedia":[{"embeddable":true,"href":"https:\/\/likeink.com\/no\/wp-json\/wp\/v2\/media\/54417"}],"wp:attachment":[{"href":"https:\/\/likeink.com\/no\/wp-json\/wp\/v2\/media?parent=54416"}],"wp:term":[{"taxonomy":"product_brand","embeddable":true,"href":"https:\/\/likeink.com\/no\/wp-json\/wp\/v2\/product_brand?post=54416"},{"taxonomy":"product_cat","embeddable":true,"href":"https:\/\/likeink.com\/no\/wp-json\/wp\/v2\/product_cat?post=54416"},{"taxonomy":"product_tag","embeddable":true,"href":"https:\/\/likeink.com\/no\/wp-json\/wp\/v2\/product_tag?post=54416"}],"curies":[{"name":"wp","href":"https:\/\/api.w.org\/{rel}","templated":true}]}}