{"id":54424,"date":"2022-01-22T16:54:47","date_gmt":"2025-12-15T09:36:21","guid":{"rendered":"https:\/\/likeink.com\/gnuggis\/de-dodes-dag-svarte-hodeskalle-tatoveringer-a5\/"},"modified":"2026-03-16T20:45:08","modified_gmt":"2026-03-16T20:45:08","slug":"de-dodes-dag-svarte-hodeskalle-tatoveringer-a5","status":"publish","type":"product","link":"https:\/\/likeink.com\/no\/faketatureringar\/de-dodes-dag-svarte-hodeskalle-tatoveringer-a5\/","title":{"rendered":"De d\u00f8des dag Svarte hodeskalle-tatoveringer"},"content":{"rendered":"","protected":false},"excerpt":{"rendered":"<p>Tatoveringsark med svarte meksikanske hodeskaller som ofte sees p\u00e5 De d\u00f8des dag i Mexico.<br \/>\nDe d\u00f8des dag (spansk: D\u00eda de muertos \/ D\u00edas de muertos) er en viktig og stor religi\u00f8s h\u00f8ytid i Mexico som faller p\u00e5 2. november. Det er samme dag som Valentinsdag feires i den romersk-katolske kirken, ogs\u00e5 i Sverige.<br \/>\nArket inneholder 3 store svarte hodeskalle-tatoveringer, 6 mellomstore tatoveringer og 6 sm\u00e5 tatoveringer. Kanskje ikke ideelt p\u00e5 Valentinsdag, men alle andre dager er hodeskalle-tatoveringer alltid p\u00e5 sin plass!<\/p>\n<p>Vi trykker og sender bestillingen din innen 24 timer!<\/p>\n<p>Arkst\u00f8rrelse: A5<br \/>\nAntall tatoveringer: 15<br \/>\nSt\u00f8rrelse p\u00e5 tatoveringer: Den st\u00f8rste er ca. 7 cm. <\/p>\n","protected":false},"featured_media":54425,"template":"","meta":[],"product_brand":[],"product_cat":[365,518],"product_tag":[],"class_list":{"0":"post-54424","1":"product","2":"type-product","3":"status-publish","4":"has-post-thumbnail","6":"product_cat-ferdige-ark","7":"product_cat-maskerade-sesong","9":"first","10":"instock","11":"taxable","12":"shipping-taxable","13":"purchasable","14":"product-type-simple"},"yoast_head":"<!-- This site is optimized with the Yoast SEO Premium plugin v27.5 (Yoast SEO v27.6) - https:\/\/yoast.com\/product\/yoast-seo-premium-wordpress\/ -->\n<title>De d\u00f8des dag (D\u00eda de Muertos) Svarte falske tatoveringer med hodeskaller - Like ink<\/title>\n<meta name=\"description\" content=\"Falske tatoveringer til De d\u00f8des dag: Meksikanske svarte hodeskalle-tatoveringer i forskjellige st\u00f8rrelser. Falske tatoveringer av god kvalitet, produsert i Europa - Like ink\" \/>\n<meta name=\"robots\" content=\"index, follow, max-snippet:-1, max-image-preview:large, max-video-preview:-1\" \/>\n<link rel=\"canonical\" href=\"https:\/\/likeink.com\/no\/faketatureringar\/de-dodes-dag-svarte-hodeskalle-tatoveringer-a5\/\" \/>\n<meta property=\"og:locale\" content=\"nb_NO\" \/>\n<meta property=\"og:type\" content=\"article\" \/>\n<meta property=\"og:title\" content=\"De d\u00f8des dag Svarte hodeskalle-tatoveringer\" \/>\n<meta property=\"og:description\" content=\"Tatoveringsark med svarte meksikanske hodeskaller som ofte sees p\u00e5 De d\u00f8des dag i Mexico. De d\u00f8des dag (spansk: D\u00eda de muertos \/ D\u00edas de muertos) er en viktig og stor religi\u00f8s h\u00f8ytid i Mexico som faller p\u00e5 2. november. Det er samme dag som Valentinsdag feires i den romersk-katolske kirken, ogs\u00e5 i Sverige. Arket inneholder 3 store svarte hodeskalle-tatoveringer, 6 mellomstore tatoveringer og 6 sm\u00e5 tatoveringer. Kanskje ikke ideelt p\u00e5 Valentinsdag, men alle andre dager er hodeskalle-tatoveringer alltid p\u00e5 sin plass! Vi trykker og sender bestillingen din innen 24 timer! Arkst\u00f8rrelse: A5 Antall tatoveringer: 15 St\u00f8rrelse p\u00e5 tatoveringer: Den st\u00f8rste er ca. 7 cm.\" \/>\n<meta property=\"og:url\" content=\"https:\/\/likeink.com\/no\/faketatureringar\/de-dodes-dag-svarte-hodeskalle-tatoveringer-a5\/\" \/>\n<meta property=\"og:site_name\" content=\"Like ink\" \/>\n<meta property=\"article:publisher\" content=\"https:\/\/www.facebook.com\/LikeInkSe\" \/>\n<meta property=\"article:modified_time\" content=\"2026-03-16T20:45:08+00:00\" \/>\n<meta property=\"og:image\" content=\"https:\/\/likeink.com\/wp-content\/uploads\/2022\/01\/Mexikanska-svarta-doskallar-likeink.jpg\" \/>\n\t<meta property=\"og:image:width\" content=\"900\" \/>\n\t<meta property=\"og:image:height\" content=\"634\" \/>\n\t<meta property=\"og:image:type\" content=\"image\/jpeg\" \/>\n<meta name=\"twitter:card\" content=\"summary_large_image\" \/>\n<!-- \/ Yoast SEO Premium plugin. -->","yoast_head_json":{"title":"De d\u00f8des dag (D\u00eda de Muertos) Svarte falske tatoveringer med hodeskaller - Like ink","description":"Falske tatoveringer til De d\u00f8des dag: Meksikanske svarte hodeskalle-tatoveringer i forskjellige st\u00f8rrelser. Falske tatoveringer av god kvalitet, produsert i Europa - Like ink","robots":{"index":"index","follow":"follow","max-snippet":"max-snippet:-1","max-image-preview":"max-image-preview:large","max-video-preview":"max-video-preview:-1"},"canonical":"https:\/\/likeink.com\/no\/faketatureringar\/de-dodes-dag-svarte-hodeskalle-tatoveringer-a5\/","og_locale":"nb_NO","og_type":"article","og_title":"De d\u00f8des dag Svarte hodeskalle-tatoveringer","og_description":"Tatoveringsark med svarte meksikanske hodeskaller som ofte sees p\u00e5 De d\u00f8des dag i Mexico. De d\u00f8des dag (spansk: D\u00eda de muertos \/ D\u00edas de muertos) er en viktig og stor religi\u00f8s h\u00f8ytid i Mexico som faller p\u00e5 2. november. Det er samme dag som Valentinsdag feires i den romersk-katolske kirken, ogs\u00e5 i Sverige. Arket inneholder 3 store svarte hodeskalle-tatoveringer, 6 mellomstore tatoveringer og 6 sm\u00e5 tatoveringer. Kanskje ikke ideelt p\u00e5 Valentinsdag, men alle andre dager er hodeskalle-tatoveringer alltid p\u00e5 sin plass! Vi trykker og sender bestillingen din innen 24 timer! Arkst\u00f8rrelse: A5 Antall tatoveringer: 15 St\u00f8rrelse p\u00e5 tatoveringer: Den st\u00f8rste er ca. 7 cm.","og_url":"https:\/\/likeink.com\/no\/faketatureringar\/de-dodes-dag-svarte-hodeskalle-tatoveringer-a5\/","og_site_name":"Like ink","article_publisher":"https:\/\/www.facebook.com\/LikeInkSe","article_modified_time":"2026-03-16T20:45:08+00:00","og_image":[{"width":900,"height":634,"url":"https:\/\/likeink.com\/wp-content\/uploads\/2022\/01\/Mexikanska-svarta-doskallar-likeink.jpg","type":"image\/jpeg"}],"twitter_card":"summary_large_image","schema":{"@context":"https:\/\/schema.org","@graph":[{"@type":"WebPage","@id":"https:\/\/likeink.com\/no\/faketatureringar\/de-dodes-dag-svarte-hodeskalle-tatoveringer-a5\/","url":"https:\/\/likeink.com\/no\/faketatureringar\/de-dodes-dag-svarte-hodeskalle-tatoveringer-a5\/","name":"De d\u00f8des dag (D\u00eda de Muertos) Svarte falske tatoveringer med hodeskaller - Like ink","isPartOf":{"@id":"https:\/\/likeink.com\/no\/#website"},"primaryImageOfPage":{"@id":"https:\/\/likeink.com\/no\/faketatureringar\/de-dodes-dag-svarte-hodeskalle-tatoveringer-a5\/#primaryimage"},"image":{"@id":"https:\/\/likeink.com\/no\/faketatureringar\/de-dodes-dag-svarte-hodeskalle-tatoveringer-a5\/#primaryimage"},"thumbnailUrl":"https:\/\/likeink.com\/wp-content\/uploads\/2022\/01\/Mexikanska-svarta-doskallar-likeink.jpg","datePublished":"2025-12-15T09:36:21+00:00","dateModified":"2026-03-16T20:45:08+00:00","description":"Falske tatoveringer til De d\u00f8des dag: Meksikanske svarte hodeskalle-tatoveringer i forskjellige st\u00f8rrelser. Falske tatoveringer av god kvalitet, produsert i Europa - Like ink","breadcrumb":{"@id":"https:\/\/likeink.com\/no\/faketatureringar\/de-dodes-dag-svarte-hodeskalle-tatoveringer-a5\/#breadcrumb"},"inLanguage":"nb-NO","potentialAction":[{"@type":"ReadAction","target":["https:\/\/likeink.com\/no\/faketatureringar\/de-dodes-dag-svarte-hodeskalle-tatoveringer-a5\/"]}]},{"@type":"ImageObject","inLanguage":"nb-NO","@id":"https:\/\/likeink.com\/no\/faketatureringar\/de-dodes-dag-svarte-hodeskalle-tatoveringer-a5\/#primaryimage","url":"https:\/\/likeink.com\/wp-content\/uploads\/2022\/01\/Mexikanska-svarta-doskallar-likeink.jpg","contentUrl":"https:\/\/likeink.com\/wp-content\/uploads\/2022\/01\/Mexikanska-svarta-doskallar-likeink.jpg","width":900,"height":634,"caption":"Sheet with Mexican sugar skulls as fake tattoos."},{"@type":"BreadcrumbList","@id":"https:\/\/likeink.com\/no\/faketatureringar\/de-dodes-dag-svarte-hodeskalle-tatoveringer-a5\/#breadcrumb","itemListElement":[{"@type":"ListItem","position":1,"name":"Hem","item":"https:\/\/likeink.com\/no\/"},{"@type":"ListItem","position":2,"name":"Butikk","item":"https:\/\/likeink.com\/no\/butikk\/"},{"@type":"ListItem","position":3,"name":"De d\u00f8des dag Svarte hodeskalle-tatoveringer"}]},{"@type":"WebSite","@id":"https:\/\/likeink.com\/no\/#website","url":"https:\/\/likeink.com\/no\/","name":"Like ink","description":"Make your own custom design","potentialAction":[{"@type":"SearchAction","target":{"@type":"EntryPoint","urlTemplate":"https:\/\/likeink.com\/no\/?s={search_term_string}"},"query-input":{"@type":"PropertyValueSpecification","valueRequired":true,"valueName":"search_term_string"}}],"inLanguage":"nb-NO"}]}},"_links":{"self":[{"href":"https:\/\/likeink.com\/no\/wp-json\/wp\/v2\/product\/54424","targetHints":{"allow":["GET"]}}],"collection":[{"href":"https:\/\/likeink.com\/no\/wp-json\/wp\/v2\/product"}],"about":[{"href":"https:\/\/likeink.com\/no\/wp-json\/wp\/v2\/types\/product"}],"wp:featuredmedia":[{"embeddable":true,"href":"https:\/\/likeink.com\/no\/wp-json\/wp\/v2\/media\/54425"}],"wp:attachment":[{"href":"https:\/\/likeink.com\/no\/wp-json\/wp\/v2\/media?parent=54424"}],"wp:term":[{"taxonomy":"product_brand","embeddable":true,"href":"https:\/\/likeink.com\/no\/wp-json\/wp\/v2\/product_brand?post=54424"},{"taxonomy":"product_cat","embeddable":true,"href":"https:\/\/likeink.com\/no\/wp-json\/wp\/v2\/product_cat?post=54424"},{"taxonomy":"product_tag","embeddable":true,"href":"https:\/\/likeink.com\/no\/wp-json\/wp\/v2\/product_tag?post=54424"}],"curies":[{"name":"wp","href":"https:\/\/api.w.org\/{rel}","templated":true}]}}