{"id":54430,"date":"2022-01-22T14:48:00","date_gmt":"2025-12-15T09:36:24","guid":{"rendered":"https:\/\/likeink.com\/gnuggis\/hjerte-av-ess-tatoveringsark-a5\/"},"modified":"2026-03-16T20:45:20","modified_gmt":"2026-03-16T20:45:20","slug":"hjerte-av-ess-tatoveringsark-a5","status":"publish","type":"product","link":"https:\/\/likeink.com\/no\/faketatureringar\/hjerte-av-ess-tatoveringsark-a5\/","title":{"rendered":"Hjerte av ess tatoveringsark"},"content":{"rendered":"","protected":false},"excerpt":{"rendered":"<p>Dette vakre arket med midlertidige tatoveringer er laget av en russisk designer, og vi er veldig glade for \u00e5 kunne selge det i butikken v\u00e5r. Arket er fullt av motiver, en vakker fj\u00e6r, sommerfugl, hodeskalle, kniv og en h\u00e5nd med hjerter ess. Hva mer trenger du?<br \/>\nHva betyr en tatovering med hjerter ess?<br \/>\nTradisjonelt sett er hjerter ess et kort som symboliserer lykke, feiring og kj\u00e6rlighet. I hovedsak symboliserer hjerter ess f\u00f8dselen av ny kj\u00e6rlighet og begynnelsen p\u00e5 et nytt liv, samt feiringen av suksess og lykke.<\/p>\n<p>Arkst\u00f8rrelse: A5<br \/>\nAntall tatoveringer? 9<br \/>\nSt\u00f8rrelse p\u00e5 st\u00f8rste hjerter ess: 8 x 5 cm<\/p>\n","protected":false},"featured_media":54431,"template":"","meta":[],"product_brand":[],"product_cat":[365,512],"product_tag":[],"class_list":{"0":"post-54430","1":"product","2":"type-product","3":"status-publish","4":"has-post-thumbnail","6":"product_cat-ferdige-ark","7":"product_cat-old-school-retro-no","9":"first","10":"instock","11":"taxable","12":"shipping-taxable","13":"purchasable","14":"product-type-simple"},"yoast_head":"<!-- This site is optimized with the Yoast SEO Premium plugin v26.2 (Yoast SEO v27.5) - https:\/\/yoast.com\/product\/yoast-seo-premium-wordpress\/ -->\n<title>Hva betyr en Heart Of Ace-tatovering? Midlertidig tatoveringsark - Like ink<\/title>\n<meta name=\"description\" content=\"Hjerter ess-tatovering: Tradisjonelt sett er hjerter ess et kort som symboliserer lykke, kj\u00e6rlighet og feiring. Et kort som er verdt \u00e5 feire! Ekte falske tatoveringer! - Like ink\" \/>\n<meta name=\"robots\" content=\"index, follow, max-snippet:-1, max-image-preview:large, max-video-preview:-1\" \/>\n<link rel=\"canonical\" href=\"https:\/\/likeink.com\/no\/faketatureringar\/hjerte-av-ess-tatoveringsark-a5\/\" \/>\n<meta property=\"og:locale\" content=\"nb_NO\" \/>\n<meta property=\"og:type\" content=\"article\" \/>\n<meta property=\"og:title\" content=\"Hjerte av ess tatoveringsark\" \/>\n<meta property=\"og:description\" content=\"Dette vakre arket med midlertidige tatoveringer er laget av en russisk designer, og vi er veldig glade for \u00e5 kunne selge det i butikken v\u00e5r. Arket er fullt av motiver, en vakker fj\u00e6r, sommerfugl, hodeskalle, kniv og en h\u00e5nd med hjerter ess. Hva mer trenger du? Hva betyr en tatovering med hjerter ess? Tradisjonelt sett er hjerter ess et kort som symboliserer lykke, feiring og kj\u00e6rlighet. I hovedsak symboliserer hjerter ess f\u00f8dselen av ny kj\u00e6rlighet og begynnelsen p\u00e5 et nytt liv, samt feiringen av suksess og lykke. Arkst\u00f8rrelse: A5 Antall tatoveringer? 9 St\u00f8rrelse p\u00e5 st\u00f8rste hjerter ess: 8 x 5 cm\" \/>\n<meta property=\"og:url\" content=\"https:\/\/likeink.com\/no\/faketatureringar\/hjerte-av-ess-tatoveringsark-a5\/\" \/>\n<meta property=\"og:site_name\" content=\"Like ink\" \/>\n<meta property=\"article:publisher\" content=\"https:\/\/www.facebook.com\/LikeInkSe\" \/>\n<meta property=\"article:modified_time\" content=\"2026-03-16T20:45:20+00:00\" \/>\n<meta property=\"og:image\" content=\"https:\/\/likeink.com\/wp-content\/uploads\/2022\/01\/HjarterEssTatuering-Likeink.jpg\" \/>\n\t<meta property=\"og:image:width\" content=\"1134\" \/>\n\t<meta property=\"og:image:height\" content=\"800\" \/>\n\t<meta property=\"og:image:type\" content=\"image\/jpeg\" \/>\n<meta name=\"twitter:card\" content=\"summary_large_image\" \/>\n<!-- \/ Yoast SEO Premium plugin. -->","yoast_head_json":{"title":"Hva betyr en Heart Of Ace-tatovering? Midlertidig tatoveringsark - Like ink","description":"Hjerter ess-tatovering: Tradisjonelt sett er hjerter ess et kort som symboliserer lykke, kj\u00e6rlighet og feiring. Et kort som er verdt \u00e5 feire! Ekte falske tatoveringer! - Like ink","robots":{"index":"index","follow":"follow","max-snippet":"max-snippet:-1","max-image-preview":"max-image-preview:large","max-video-preview":"max-video-preview:-1"},"canonical":"https:\/\/likeink.com\/no\/faketatureringar\/hjerte-av-ess-tatoveringsark-a5\/","og_locale":"nb_NO","og_type":"article","og_title":"Hjerte av ess tatoveringsark","og_description":"Dette vakre arket med midlertidige tatoveringer er laget av en russisk designer, og vi er veldig glade for \u00e5 kunne selge det i butikken v\u00e5r. Arket er fullt av motiver, en vakker fj\u00e6r, sommerfugl, hodeskalle, kniv og en h\u00e5nd med hjerter ess. Hva mer trenger du? Hva betyr en tatovering med hjerter ess? Tradisjonelt sett er hjerter ess et kort som symboliserer lykke, feiring og kj\u00e6rlighet. I hovedsak symboliserer hjerter ess f\u00f8dselen av ny kj\u00e6rlighet og begynnelsen p\u00e5 et nytt liv, samt feiringen av suksess og lykke. Arkst\u00f8rrelse: A5 Antall tatoveringer? 9 St\u00f8rrelse p\u00e5 st\u00f8rste hjerter ess: 8 x 5 cm","og_url":"https:\/\/likeink.com\/no\/faketatureringar\/hjerte-av-ess-tatoveringsark-a5\/","og_site_name":"Like ink","article_publisher":"https:\/\/www.facebook.com\/LikeInkSe","article_modified_time":"2026-03-16T20:45:20+00:00","og_image":[{"width":1134,"height":800,"url":"https:\/\/likeink.com\/wp-content\/uploads\/2022\/01\/HjarterEssTatuering-Likeink.jpg","type":"image\/jpeg"}],"twitter_card":"summary_large_image","schema":{"@context":"https:\/\/schema.org","@graph":[{"@type":"WebPage","@id":"https:\/\/likeink.com\/no\/faketatureringar\/hjerte-av-ess-tatoveringsark-a5\/","url":"https:\/\/likeink.com\/no\/faketatureringar\/hjerte-av-ess-tatoveringsark-a5\/","name":"Hva betyr en Heart Of Ace-tatovering? Midlertidig tatoveringsark - Like ink","isPartOf":{"@id":"https:\/\/likeink.com\/no\/#website"},"primaryImageOfPage":{"@id":"https:\/\/likeink.com\/no\/faketatureringar\/hjerte-av-ess-tatoveringsark-a5\/#primaryimage"},"image":{"@id":"https:\/\/likeink.com\/no\/faketatureringar\/hjerte-av-ess-tatoveringsark-a5\/#primaryimage"},"thumbnailUrl":"https:\/\/likeink.com\/wp-content\/uploads\/2022\/01\/HjarterEssTatuering-Likeink.jpg","datePublished":"2025-12-15T09:36:24+00:00","dateModified":"2026-03-16T20:45:20+00:00","description":"Hjerter ess-tatovering: Tradisjonelt sett er hjerter ess et kort som symboliserer lykke, kj\u00e6rlighet og feiring. Et kort som er verdt \u00e5 feire! Ekte falske tatoveringer! - Like ink","breadcrumb":{"@id":"https:\/\/likeink.com\/no\/faketatureringar\/hjerte-av-ess-tatoveringsark-a5\/#breadcrumb"},"inLanguage":"nb-NO","potentialAction":[{"@type":"ReadAction","target":["https:\/\/likeink.com\/no\/faketatureringar\/hjerte-av-ess-tatoveringsark-a5\/"]}]},{"@type":"ImageObject","inLanguage":"nb-NO","@id":"https:\/\/likeink.com\/no\/faketatureringar\/hjerte-av-ess-tatoveringsark-a5\/#primaryimage","url":"https:\/\/likeink.com\/wp-content\/uploads\/2022\/01\/HjarterEssTatuering-Likeink.jpg","contentUrl":"https:\/\/likeink.com\/wp-content\/uploads\/2022\/01\/HjarterEssTatuering-Likeink.jpg","width":1134,"height":800,"caption":"Fake tattoos with motifs of Hearts Ace and other beautiful tattoo designs."},{"@type":"BreadcrumbList","@id":"https:\/\/likeink.com\/no\/faketatureringar\/hjerte-av-ess-tatoveringsark-a5\/#breadcrumb","itemListElement":[{"@type":"ListItem","position":1,"name":"Hem","item":"https:\/\/likeink.com\/no\/"},{"@type":"ListItem","position":2,"name":"Butikk","item":"https:\/\/likeink.com\/no\/butikk\/"},{"@type":"ListItem","position":3,"name":"Hjerte av ess tatoveringsark"}]},{"@type":"WebSite","@id":"https:\/\/likeink.com\/no\/#website","url":"https:\/\/likeink.com\/no\/","name":"Like ink","description":"Make your own custom design","potentialAction":[{"@type":"SearchAction","target":{"@type":"EntryPoint","urlTemplate":"https:\/\/likeink.com\/no\/?s={search_term_string}"},"query-input":{"@type":"PropertyValueSpecification","valueRequired":true,"valueName":"search_term_string"}}],"inLanguage":"nb-NO"}]}},"_links":{"self":[{"href":"https:\/\/likeink.com\/no\/wp-json\/wp\/v2\/product\/54430","targetHints":{"allow":["GET"]}}],"collection":[{"href":"https:\/\/likeink.com\/no\/wp-json\/wp\/v2\/product"}],"about":[{"href":"https:\/\/likeink.com\/no\/wp-json\/wp\/v2\/types\/product"}],"wp:featuredmedia":[{"embeddable":true,"href":"https:\/\/likeink.com\/no\/wp-json\/wp\/v2\/media\/54431"}],"wp:attachment":[{"href":"https:\/\/likeink.com\/no\/wp-json\/wp\/v2\/media?parent=54430"}],"wp:term":[{"taxonomy":"product_brand","embeddable":true,"href":"https:\/\/likeink.com\/no\/wp-json\/wp\/v2\/product_brand?post=54430"},{"taxonomy":"product_cat","embeddable":true,"href":"https:\/\/likeink.com\/no\/wp-json\/wp\/v2\/product_cat?post=54430"},{"taxonomy":"product_tag","embeddable":true,"href":"https:\/\/likeink.com\/no\/wp-json\/wp\/v2\/product_tag?post=54430"}],"curies":[{"name":"wp","href":"https:\/\/api.w.org\/{rel}","templated":true}]}}