{"id":54446,"date":"2021-10-07T05:22:31","date_gmt":"2025-12-15T09:36:33","guid":{"rendered":"https:\/\/likeink.com\/gnuggis\/halloween-tatoveringer-av-studio-black-a5\/"},"modified":"2026-03-16T20:45:43","modified_gmt":"2026-03-16T20:45:43","slug":"halloween-tatoveringer-av-studio-black-a5","status":"publish","type":"product","link":"https:\/\/likeink.com\/no\/faketatureringar\/halloween-tatoveringer-av-studio-black-a5\/","title":{"rendered":"Halloween-tatoveringer av Studio Bl\u00e4ck"},"content":{"rendered":"","protected":false},"excerpt":{"rendered":"<p>V\u00e5re ferdige engangsark med falske tatoveringer er omtrent 20\u00d715 cm store og fylt med motivet du ser p\u00e5 bildet. For \u00e5 sikre at du blir forn\u00f8yd, vil vi trykke og sende arket innen 24 timer etter at du har bestilt. Dette arket er designet av den talentfulle tatoveringskunstneren Hel\u00e9ne fra Studio Bl\u00e4ck.<\/p>\n<p>Dette arket er fylt med falske tatoveringer til Halloween. Perfekt til Halloween-fester og som gave. Ha det g\u00f8y med tatoveringene \/\/ Like ink crew<\/p>\n<p>Dette er Hel\u00e9ne: Tatoveringskunstner fra Sverige, som ELSKER tatoveringer og tatovering. Prosessen med \u00e5 gj\u00f8re kundens ideer om til en tatovering er den mest inspirerende m\u00e5ten \u00e5 skape kunst p\u00e5. Derfor tatoverer jeg alle stiler. Fra dristige linjer i Old-School til fotorealistisk. Det som passer kundens visjon, personlighet og stil. N\u00e5r det gjelder sm\u00e5 tatoveringer, liker jeg enkle design med en fin flyt. Klassiske fine linjer og kanskje et snev av farge. Skj\u00f8nnheten ligger i de sm\u00e5 detaljene i livet. Som i tatoveringer. Jeg h\u00e5per du liker disse tatoveringsarkene. Og bruk gjerne hashtaggen Like Ink og meg n\u00e5r du legger ut dine midlertidige tatoveringer p\u00e5 sosiale medier. Jeg h\u00e5per \u00e5 se deg p\u00e5 Studio Bl\u00e4ck i de fortryllende skogene i V\u00e4rmland.<\/p>\n<p>Ta kontakt med Hel\u00e9ne:<\/p>\n<p>Instagram:<\/p>\n<p>helene_studioblack<\/p>\n<p>Facebook:<\/p>\n<p>Facebook.com\/studioblack.forshaga<\/p>\n<p>Studio:<\/p>\n<p>Studio Bl\u00e4ck<\/p>\n<p>Adresse:<\/p>\n<p>Storgatan 33, 667 30 FORSHAGA<\/p>\n<p>Nettside: studioblack.se<\/p>\n","protected":false},"featured_media":54447,"template":"","meta":[],"product_brand":[],"product_cat":[365,377,370],"product_tag":[],"class_list":{"0":"post-54446","1":"product","2":"type-product","3":"status-publish","4":"has-post-thumbnail","6":"product_cat-ferdige-ark","7":"product_cat-halloween-tatoveringer-no","8":"product_cat-samarbeid-med-tatoveringskunstnere","10":"first","11":"instock","12":"taxable","13":"shipping-taxable","14":"purchasable","15":"product-type-simple"},"yoast_head":"<!-- This site is optimized with the Yoast SEO Premium plugin v26.2 (Yoast SEO v27.4) - https:\/\/yoast.com\/product\/yoast-seo-premium-wordpress\/ -->\n<title>Bestill falske tatoveringer til Halloween. Av ekte tatoveringskunstnere - Like ink<\/title>\n<meta name=\"description\" content=\"F\u00e5 tak i et A5-ark fylt med falske tatoveringer til Halloween. Dette arket er designet av en svensk tatoveringskunstner. - Like ink\" \/>\n<meta name=\"robots\" content=\"index, follow, max-snippet:-1, max-image-preview:large, max-video-preview:-1\" \/>\n<link rel=\"canonical\" href=\"https:\/\/likeink.com\/no\/faketatureringar\/halloween-tatoveringer-av-studio-black-a5\/\" \/>\n<meta property=\"og:locale\" content=\"nb_NO\" \/>\n<meta property=\"og:type\" content=\"article\" \/>\n<meta property=\"og:title\" content=\"Halloween-tatoveringer av Studio Bl\u00e4ck\" \/>\n<meta property=\"og:description\" content=\"V\u00e5re ferdige engangsark med falske tatoveringer er omtrent 20\u00d715 cm store og fylt med motivet du ser p\u00e5 bildet. For \u00e5 sikre at du blir forn\u00f8yd, vil vi trykke og sende arket innen 24 timer etter at du har bestilt. Dette arket er designet av den talentfulle tatoveringskunstneren Hel\u00e9ne fra Studio Bl\u00e4ck. Dette arket er fylt med falske tatoveringer til Halloween. Perfekt til Halloween-fester og som gave. Ha det g\u00f8y med tatoveringene \/\/ Like ink crew Dette er Hel\u00e9ne: Tatoveringskunstner fra Sverige, som ELSKER tatoveringer og tatovering. Prosessen med \u00e5 gj\u00f8re kundens ideer om til en tatovering er den mest inspirerende m\u00e5ten \u00e5 skape kunst p\u00e5. Derfor tatoverer jeg alle stiler. Fra dristige linjer i Old-School til fotorealistisk. Det som passer kundens visjon, personlighet og stil. N\u00e5r det gjelder sm\u00e5 tatoveringer, liker jeg enkle design med en fin flyt. Klassiske fine linjer og kanskje et snev av farge. Skj\u00f8nnheten ligger i de sm\u00e5 detaljene i livet. Som i tatoveringer. Jeg h\u00e5per du liker disse tatoveringsarkene. Og bruk gjerne hashtaggen Like Ink og meg n\u00e5r du legger ut dine midlertidige tatoveringer p\u00e5 sosiale medier. Jeg h\u00e5per \u00e5 se deg p\u00e5 Studio Bl\u00e4ck i de fortryllende skogene i V\u00e4rmland. Ta kontakt med Hel\u00e9ne: Instagram: helene_studioblack Facebook: Facebook.com\/studioblack.forshaga Studio: Studio Bl\u00e4ck Adresse: Storgatan 33, 667 30 FORSHAGA Nettside: studioblack.se\" \/>\n<meta property=\"og:url\" content=\"https:\/\/likeink.com\/no\/faketatureringar\/halloween-tatoveringer-av-studio-black-a5\/\" \/>\n<meta property=\"og:site_name\" content=\"Like ink\" \/>\n<meta property=\"article:publisher\" content=\"https:\/\/www.facebook.com\/LikeInkSe\" \/>\n<meta property=\"article:modified_time\" content=\"2026-03-16T20:45:43+00:00\" \/>\n<meta property=\"og:image\" content=\"https:\/\/likeink.com\/wp-content\/uploads\/2021\/10\/Halloween-StudioBlack-Likeink-scaled-e1642702467714.jpg\" \/>\n\t<meta property=\"og:image:width\" content=\"600\" \/>\n\t<meta property=\"og:image:height\" content=\"425\" \/>\n\t<meta property=\"og:image:type\" content=\"image\/jpeg\" \/>\n<meta name=\"twitter:card\" content=\"summary_large_image\" \/>\n<script type=\"application\/ld+json\" class=\"yoast-schema-graph\">{\"@context\":\"https:\\\/\\\/schema.org\",\"@graph\":[{\"@type\":\"WebPage\",\"@id\":\"https:\\\/\\\/likeink.com\\\/no\\\/faketatureringar\\\/halloween-tatoveringer-av-studio-black-a5\\\/\",\"url\":\"https:\\\/\\\/likeink.com\\\/no\\\/faketatureringar\\\/halloween-tatoveringer-av-studio-black-a5\\\/\",\"name\":\"Bestill falske tatoveringer til Halloween. Av ekte tatoveringskunstnere - Like ink\",\"isPartOf\":{\"@id\":\"https:\\\/\\\/likeink.com\\\/no\\\/#website\"},\"primaryImageOfPage\":{\"@id\":\"https:\\\/\\\/likeink.com\\\/no\\\/faketatureringar\\\/halloween-tatoveringer-av-studio-black-a5\\\/#primaryimage\"},\"image\":{\"@id\":\"https:\\\/\\\/likeink.com\\\/no\\\/faketatureringar\\\/halloween-tatoveringer-av-studio-black-a5\\\/#primaryimage\"},\"thumbnailUrl\":\"https:\\\/\\\/likeink.com\\\/wp-content\\\/uploads\\\/2021\\\/10\\\/Halloween-StudioBlack-Likeink-scaled-e1642702467714.jpg\",\"datePublished\":\"2025-12-15T09:36:33+00:00\",\"dateModified\":\"2026-03-16T20:45:43+00:00\",\"description\":\"F\u00e5 tak i et A5-ark fylt med falske tatoveringer til Halloween. Dette arket er designet av en svensk tatoveringskunstner. - Like ink\",\"breadcrumb\":{\"@id\":\"https:\\\/\\\/likeink.com\\\/no\\\/faketatureringar\\\/halloween-tatoveringer-av-studio-black-a5\\\/#breadcrumb\"},\"inLanguage\":\"nb-NO\",\"potentialAction\":[{\"@type\":\"ReadAction\",\"target\":[\"https:\\\/\\\/likeink.com\\\/no\\\/faketatureringar\\\/halloween-tatoveringer-av-studio-black-a5\\\/\"]}]},{\"@type\":\"ImageObject\",\"inLanguage\":\"nb-NO\",\"@id\":\"https:\\\/\\\/likeink.com\\\/no\\\/faketatureringar\\\/halloween-tatoveringer-av-studio-black-a5\\\/#primaryimage\",\"url\":\"https:\\\/\\\/likeink.com\\\/wp-content\\\/uploads\\\/2021\\\/10\\\/Halloween-StudioBlack-Likeink-scaled-e1642702467714.jpg\",\"contentUrl\":\"https:\\\/\\\/likeink.com\\\/wp-content\\\/uploads\\\/2021\\\/10\\\/Halloween-StudioBlack-Likeink-scaled-e1642702467714.jpg\",\"width\":600,\"height\":425,\"caption\":\"Temporary tattoos for Halloween. Halloween tattoo sheet. Fake tattoos for Halloween.\"},{\"@type\":\"BreadcrumbList\",\"@id\":\"https:\\\/\\\/likeink.com\\\/no\\\/faketatureringar\\\/halloween-tatoveringer-av-studio-black-a5\\\/#breadcrumb\",\"itemListElement\":[{\"@type\":\"ListItem\",\"position\":1,\"name\":\"Hem\",\"item\":\"https:\\\/\\\/likeink.com\\\/no\\\/\"},{\"@type\":\"ListItem\",\"position\":2,\"name\":\"Butikk\",\"item\":\"https:\\\/\\\/likeink.com\\\/no\\\/butikk\\\/\"},{\"@type\":\"ListItem\",\"position\":3,\"name\":\"Halloween-tatoveringer av Studio Bl\u00e4ck\"}]},{\"@type\":\"WebSite\",\"@id\":\"https:\\\/\\\/likeink.com\\\/no\\\/#website\",\"url\":\"https:\\\/\\\/likeink.com\\\/no\\\/\",\"name\":\"Like ink\",\"description\":\"Make your own custom design\",\"potentialAction\":[{\"@type\":\"SearchAction\",\"target\":{\"@type\":\"EntryPoint\",\"urlTemplate\":\"https:\\\/\\\/likeink.com\\\/no\\\/?s={search_term_string}\"},\"query-input\":{\"@type\":\"PropertyValueSpecification\",\"valueRequired\":true,\"valueName\":\"search_term_string\"}}],\"inLanguage\":\"nb-NO\"}]}<\/script>\n<!-- \/ Yoast SEO Premium plugin. -->","yoast_head_json":{"title":"Bestill falske tatoveringer til Halloween. Av ekte tatoveringskunstnere - Like ink","description":"F\u00e5 tak i et A5-ark fylt med falske tatoveringer til Halloween. Dette arket er designet av en svensk tatoveringskunstner. - Like ink","robots":{"index":"index","follow":"follow","max-snippet":"max-snippet:-1","max-image-preview":"max-image-preview:large","max-video-preview":"max-video-preview:-1"},"canonical":"https:\/\/likeink.com\/no\/faketatureringar\/halloween-tatoveringer-av-studio-black-a5\/","og_locale":"nb_NO","og_type":"article","og_title":"Halloween-tatoveringer av Studio Bl\u00e4ck","og_description":"V\u00e5re ferdige engangsark med falske tatoveringer er omtrent 20\u00d715 cm store og fylt med motivet du ser p\u00e5 bildet. For \u00e5 sikre at du blir forn\u00f8yd, vil vi trykke og sende arket innen 24 timer etter at du har bestilt. Dette arket er designet av den talentfulle tatoveringskunstneren Hel\u00e9ne fra Studio Bl\u00e4ck. Dette arket er fylt med falske tatoveringer til Halloween. Perfekt til Halloween-fester og som gave. Ha det g\u00f8y med tatoveringene \/\/ Like ink crew Dette er Hel\u00e9ne: Tatoveringskunstner fra Sverige, som ELSKER tatoveringer og tatovering. Prosessen med \u00e5 gj\u00f8re kundens ideer om til en tatovering er den mest inspirerende m\u00e5ten \u00e5 skape kunst p\u00e5. Derfor tatoverer jeg alle stiler. Fra dristige linjer i Old-School til fotorealistisk. Det som passer kundens visjon, personlighet og stil. N\u00e5r det gjelder sm\u00e5 tatoveringer, liker jeg enkle design med en fin flyt. Klassiske fine linjer og kanskje et snev av farge. Skj\u00f8nnheten ligger i de sm\u00e5 detaljene i livet. Som i tatoveringer. Jeg h\u00e5per du liker disse tatoveringsarkene. Og bruk gjerne hashtaggen Like Ink og meg n\u00e5r du legger ut dine midlertidige tatoveringer p\u00e5 sosiale medier. Jeg h\u00e5per \u00e5 se deg p\u00e5 Studio Bl\u00e4ck i de fortryllende skogene i V\u00e4rmland. Ta kontakt med Hel\u00e9ne: Instagram: helene_studioblack Facebook: Facebook.com\/studioblack.forshaga Studio: Studio Bl\u00e4ck Adresse: Storgatan 33, 667 30 FORSHAGA Nettside: studioblack.se","og_url":"https:\/\/likeink.com\/no\/faketatureringar\/halloween-tatoveringer-av-studio-black-a5\/","og_site_name":"Like ink","article_publisher":"https:\/\/www.facebook.com\/LikeInkSe","article_modified_time":"2026-03-16T20:45:43+00:00","og_image":[{"width":600,"height":425,"url":"https:\/\/likeink.com\/wp-content\/uploads\/2021\/10\/Halloween-StudioBlack-Likeink-scaled-e1642702467714.jpg","type":"image\/jpeg"}],"twitter_card":"summary_large_image","schema":{"@context":"https:\/\/schema.org","@graph":[{"@type":"WebPage","@id":"https:\/\/likeink.com\/no\/faketatureringar\/halloween-tatoveringer-av-studio-black-a5\/","url":"https:\/\/likeink.com\/no\/faketatureringar\/halloween-tatoveringer-av-studio-black-a5\/","name":"Bestill falske tatoveringer til Halloween. Av ekte tatoveringskunstnere - Like ink","isPartOf":{"@id":"https:\/\/likeink.com\/no\/#website"},"primaryImageOfPage":{"@id":"https:\/\/likeink.com\/no\/faketatureringar\/halloween-tatoveringer-av-studio-black-a5\/#primaryimage"},"image":{"@id":"https:\/\/likeink.com\/no\/faketatureringar\/halloween-tatoveringer-av-studio-black-a5\/#primaryimage"},"thumbnailUrl":"https:\/\/likeink.com\/wp-content\/uploads\/2021\/10\/Halloween-StudioBlack-Likeink-scaled-e1642702467714.jpg","datePublished":"2025-12-15T09:36:33+00:00","dateModified":"2026-03-16T20:45:43+00:00","description":"F\u00e5 tak i et A5-ark fylt med falske tatoveringer til Halloween. Dette arket er designet av en svensk tatoveringskunstner. - Like ink","breadcrumb":{"@id":"https:\/\/likeink.com\/no\/faketatureringar\/halloween-tatoveringer-av-studio-black-a5\/#breadcrumb"},"inLanguage":"nb-NO","potentialAction":[{"@type":"ReadAction","target":["https:\/\/likeink.com\/no\/faketatureringar\/halloween-tatoveringer-av-studio-black-a5\/"]}]},{"@type":"ImageObject","inLanguage":"nb-NO","@id":"https:\/\/likeink.com\/no\/faketatureringar\/halloween-tatoveringer-av-studio-black-a5\/#primaryimage","url":"https:\/\/likeink.com\/wp-content\/uploads\/2021\/10\/Halloween-StudioBlack-Likeink-scaled-e1642702467714.jpg","contentUrl":"https:\/\/likeink.com\/wp-content\/uploads\/2021\/10\/Halloween-StudioBlack-Likeink-scaled-e1642702467714.jpg","width":600,"height":425,"caption":"Temporary tattoos for Halloween. Halloween tattoo sheet. Fake tattoos for Halloween."},{"@type":"BreadcrumbList","@id":"https:\/\/likeink.com\/no\/faketatureringar\/halloween-tatoveringer-av-studio-black-a5\/#breadcrumb","itemListElement":[{"@type":"ListItem","position":1,"name":"Hem","item":"https:\/\/likeink.com\/no\/"},{"@type":"ListItem","position":2,"name":"Butikk","item":"https:\/\/likeink.com\/no\/butikk\/"},{"@type":"ListItem","position":3,"name":"Halloween-tatoveringer av Studio Bl\u00e4ck"}]},{"@type":"WebSite","@id":"https:\/\/likeink.com\/no\/#website","url":"https:\/\/likeink.com\/no\/","name":"Like ink","description":"Make your own custom design","potentialAction":[{"@type":"SearchAction","target":{"@type":"EntryPoint","urlTemplate":"https:\/\/likeink.com\/no\/?s={search_term_string}"},"query-input":{"@type":"PropertyValueSpecification","valueRequired":true,"valueName":"search_term_string"}}],"inLanguage":"nb-NO"}]}},"_links":{"self":[{"href":"https:\/\/likeink.com\/no\/wp-json\/wp\/v2\/product\/54446","targetHints":{"allow":["GET"]}}],"collection":[{"href":"https:\/\/likeink.com\/no\/wp-json\/wp\/v2\/product"}],"about":[{"href":"https:\/\/likeink.com\/no\/wp-json\/wp\/v2\/types\/product"}],"wp:featuredmedia":[{"embeddable":true,"href":"https:\/\/likeink.com\/no\/wp-json\/wp\/v2\/media\/54447"}],"wp:attachment":[{"href":"https:\/\/likeink.com\/no\/wp-json\/wp\/v2\/media?parent=54446"}],"wp:term":[{"taxonomy":"product_brand","embeddable":true,"href":"https:\/\/likeink.com\/no\/wp-json\/wp\/v2\/product_brand?post=54446"},{"taxonomy":"product_cat","embeddable":true,"href":"https:\/\/likeink.com\/no\/wp-json\/wp\/v2\/product_cat?post=54446"},{"taxonomy":"product_tag","embeddable":true,"href":"https:\/\/likeink.com\/no\/wp-json\/wp\/v2\/product_tag?post=54446"}],"curies":[{"name":"wp","href":"https:\/\/api.w.org\/{rel}","templated":true}]}}