{"id":54450,"date":"2021-10-07T05:09:12","date_gmt":"2025-12-15T09:36:35","guid":{"rendered":"https:\/\/likeink.com\/gnuggis\/halloween-heks-studio-av-akka-a5\/"},"modified":"2026-03-16T20:45:43","modified_gmt":"2026-03-16T20:45:43","slug":"halloween-heks-studio-av-akka-a5","status":"publish","type":"product","link":"https:\/\/likeink.com\/no\/faketatureringar\/halloween-heks-studio-av-akka-a5\/","title":{"rendered":"Halloween \u00abHeks\u00bb Studio av Akka"},"content":{"rendered":"","protected":false},"excerpt":{"rendered":"<p>V\u00e5re ferdige engangsark med falske tatoveringer er omtrent 20\u00d715 cm store og fylt med motivet du ser p\u00e5 bildet. For \u00e5 sikre at du blir forn\u00f8yd, vil vi trykke og sende arket innen 24 timer etter at du har bestilt. Dette arket er designet av den talentfulle tatoveringskunstneren Annica hos Akkas Tattoo.<\/p>\n<p>Dette er det perfekte tilskuddet til heksekostymet ditt! Vi elsker alle motivene p\u00e5 dette flash-tatoveringsarket!<br \/>\nog h\u00e5per du ogs\u00e5 gj\u00f8r det. Ha det g\u00f8y!<\/p>\n<p>Dette er Annica: Jeg har alltid elsket \u00e5 tegne og jobbe med hendene mine.<br \/>\nDr\u00f8mmen om \u00e5 bli tatoveringskunstner ble sterkere for hvert \u00e5r, til jeg endelig bestemte meg for \u00e5 ta det store steget og \u00e5pne min egen butikk. Jeg er helt selvl\u00e6rt og har jobbet hardt for \u00e5 komme dit jeg er i dag. Jeg har v\u00e6rt tatoveringskunstner i nesten \u00e5tte \u00e5r n\u00e5, og jeg elsker jobben min. Jeg deltar p\u00e5 flere tatoveringskonferanser hvert \u00e5r. I 2018 vant jeg min f\u00f8rste pris i en tatoveringskonkurranse, og i 2019 fikk jeg sponsing fra IQ Tattoocare og Supply-division Denmark.<br \/>\nDet jeg liker best \u00e5 tatovere er alle slags design i farger i stiler som avantgarde, trash polka og akvarell. Men jeg vil ikke v\u00e6re begrenset, s\u00e5 jeg tatoverer nesten alt. Hvis du vil vite mer om meg og se arbeidet mitt, kan du sjekke ut lenkene.<\/p>\n<p>Ta kontakt med Annica:<\/p>\n<p>Instagram<br \/>\nakkas_tattoo<\/p>\n<p>Facebook:<br \/>\nAkkas Tattoo<\/p>\n<p>Studio:<br \/>\nAkkas Tattoo<br \/>\nAdresse:<\/p>\n<p>S\u00f6dra J\u00e4rnv\u00e4gsgatan 27 i Vinsl\u00f6v<br \/>\nNettside: www.akkastattoo.se<\/p>\n","protected":false},"featured_media":60295,"template":"","meta":[],"product_brand":[],"product_cat":[365,377,370],"product_tag":[],"class_list":{"0":"post-54450","1":"product","2":"type-product","3":"status-publish","4":"has-post-thumbnail","6":"product_cat-ferdige-ark","7":"product_cat-halloween-tatoveringer-no","8":"product_cat-samarbeid-med-tatoveringskunstnere","10":"first","11":"instock","12":"taxable","13":"shipping-taxable","14":"purchasable","15":"product-type-simple"},"yoast_head":"<!-- This site is optimized with the Yoast SEO Premium plugin v26.2 (Yoast SEO v27.4) - https:\/\/yoast.com\/product\/yoast-seo-premium-wordpress\/ -->\n<title>Halloween-midlertidige tatoveringer designet av Studio by Akka - Like ink<\/title>\n<meta name=\"description\" content=\"Bestill midlertidige Halloween-tatoveringer. Det er et must for din neste Halloween-fest. Dette arket er designet av en ekte tatoveringskunstner. Like ink\" \/>\n<meta name=\"robots\" content=\"index, follow, max-snippet:-1, max-image-preview:large, max-video-preview:-1\" \/>\n<link rel=\"canonical\" href=\"https:\/\/likeink.com\/no\/faketatureringar\/halloween-heks-studio-av-akka-a5\/\" \/>\n<meta property=\"og:locale\" content=\"nb_NO\" \/>\n<meta property=\"og:type\" content=\"article\" \/>\n<meta property=\"og:title\" content=\"Halloween \u00abHeks\u00bb Studio av Akka\" \/>\n<meta property=\"og:description\" content=\"V\u00e5re ferdige engangsark med falske tatoveringer er omtrent 20\u00d715 cm store og fylt med motivet du ser p\u00e5 bildet. For \u00e5 sikre at du blir forn\u00f8yd, vil vi trykke og sende arket innen 24 timer etter at du har bestilt. Dette arket er designet av den talentfulle tatoveringskunstneren Annica hos Akkas Tattoo. Dette er det perfekte tilskuddet til heksekostymet ditt! Vi elsker alle motivene p\u00e5 dette flash-tatoveringsarket! og h\u00e5per du ogs\u00e5 gj\u00f8r det. Ha det g\u00f8y! Dette er Annica: Jeg har alltid elsket \u00e5 tegne og jobbe med hendene mine. Dr\u00f8mmen om \u00e5 bli tatoveringskunstner ble sterkere for hvert \u00e5r, til jeg endelig bestemte meg for \u00e5 ta det store steget og \u00e5pne min egen butikk. Jeg er helt selvl\u00e6rt og har jobbet hardt for \u00e5 komme dit jeg er i dag. Jeg har v\u00e6rt tatoveringskunstner i nesten \u00e5tte \u00e5r n\u00e5, og jeg elsker jobben min. Jeg deltar p\u00e5 flere tatoveringskonferanser hvert \u00e5r. I 2018 vant jeg min f\u00f8rste pris i en tatoveringskonkurranse, og i 2019 fikk jeg sponsing fra IQ Tattoocare og Supply-division Denmark. Det jeg liker best \u00e5 tatovere er alle slags design i farger i stiler som avantgarde, trash polka og akvarell. Men jeg vil ikke v\u00e6re begrenset, s\u00e5 jeg tatoverer nesten alt. Hvis du vil vite mer om meg og se arbeidet mitt, kan du sjekke ut lenkene. Ta kontakt med Annica: Instagram akkas_tattoo Facebook: Akkas Tattoo Studio: Akkas Tattoo Adresse: S\u00f6dra J\u00e4rnv\u00e4gsgatan 27 i Vinsl\u00f6v Nettside: www.akkastattoo.se\" \/>\n<meta property=\"og:url\" content=\"https:\/\/likeink.com\/no\/faketatureringar\/halloween-heks-studio-av-akka-a5\/\" \/>\n<meta property=\"og:site_name\" content=\"Like ink\" \/>\n<meta property=\"article:publisher\" content=\"https:\/\/www.facebook.com\/LikeInkSe\" \/>\n<meta property=\"article:modified_time\" content=\"2026-03-16T20:45:43+00:00\" \/>\n<meta property=\"og:image\" content=\"https:\/\/likeink.com\/wp-content\/uploads\/2026\/03\/Halloween-Temporary-tattoo-Studio-Akka-Likeink.jpg\" \/>\n\t<meta property=\"og:image:width\" content=\"2200\" \/>\n\t<meta property=\"og:image:height\" content=\"1550\" \/>\n\t<meta property=\"og:image:type\" content=\"image\/jpeg\" \/>\n<meta name=\"twitter:card\" content=\"summary_large_image\" \/>\n<script type=\"application\/ld+json\" class=\"yoast-schema-graph\">{\"@context\":\"https:\\\/\\\/schema.org\",\"@graph\":[{\"@type\":\"WebPage\",\"@id\":\"https:\\\/\\\/likeink.com\\\/no\\\/faketatureringar\\\/halloween-heks-studio-av-akka-a5\\\/\",\"url\":\"https:\\\/\\\/likeink.com\\\/no\\\/faketatureringar\\\/halloween-heks-studio-av-akka-a5\\\/\",\"name\":\"Halloween-midlertidige tatoveringer designet av Studio by Akka - Like ink\",\"isPartOf\":{\"@id\":\"https:\\\/\\\/likeink.com\\\/no\\\/#website\"},\"primaryImageOfPage\":{\"@id\":\"https:\\\/\\\/likeink.com\\\/no\\\/faketatureringar\\\/halloween-heks-studio-av-akka-a5\\\/#primaryimage\"},\"image\":{\"@id\":\"https:\\\/\\\/likeink.com\\\/no\\\/faketatureringar\\\/halloween-heks-studio-av-akka-a5\\\/#primaryimage\"},\"thumbnailUrl\":\"https:\\\/\\\/likeink.com\\\/wp-content\\\/uploads\\\/2026\\\/03\\\/Halloween-Temporary-tattoo-Studio-Akka-Likeink.jpg\",\"datePublished\":\"2025-12-15T09:36:35+00:00\",\"dateModified\":\"2026-03-16T20:45:43+00:00\",\"description\":\"Bestill midlertidige Halloween-tatoveringer. Det er et must for din neste Halloween-fest. Dette arket er designet av en ekte tatoveringskunstner. Like ink\",\"breadcrumb\":{\"@id\":\"https:\\\/\\\/likeink.com\\\/no\\\/faketatureringar\\\/halloween-heks-studio-av-akka-a5\\\/#breadcrumb\"},\"inLanguage\":\"nb-NO\",\"potentialAction\":[{\"@type\":\"ReadAction\",\"target\":[\"https:\\\/\\\/likeink.com\\\/no\\\/faketatureringar\\\/halloween-heks-studio-av-akka-a5\\\/\"]}]},{\"@type\":\"ImageObject\",\"inLanguage\":\"nb-NO\",\"@id\":\"https:\\\/\\\/likeink.com\\\/no\\\/faketatureringar\\\/halloween-heks-studio-av-akka-a5\\\/#primaryimage\",\"url\":\"https:\\\/\\\/likeink.com\\\/wp-content\\\/uploads\\\/2026\\\/03\\\/Halloween-Temporary-tattoo-Studio-Akka-Likeink.jpg\",\"contentUrl\":\"https:\\\/\\\/likeink.com\\\/wp-content\\\/uploads\\\/2026\\\/03\\\/Halloween-Temporary-tattoo-Studio-Akka-Likeink.jpg\",\"width\":2200,\"height\":1550,\"caption\":\"En illustrasjon med Halloween-tema med en zombieh\u00e5nd, en gresskarskalle, svarte flaggermus, to edderkopper og en boblende gr\u00f8nn gryte med teksten STUDIO BY AKKA CUSTOMIZED DESIGNS nederst.\"},{\"@type\":\"BreadcrumbList\",\"@id\":\"https:\\\/\\\/likeink.com\\\/no\\\/faketatureringar\\\/halloween-heks-studio-av-akka-a5\\\/#breadcrumb\",\"itemListElement\":[{\"@type\":\"ListItem\",\"position\":1,\"name\":\"Hem\",\"item\":\"https:\\\/\\\/likeink.com\\\/no\\\/\"},{\"@type\":\"ListItem\",\"position\":2,\"name\":\"Butikk\",\"item\":\"https:\\\/\\\/likeink.com\\\/no\\\/butikk\\\/\"},{\"@type\":\"ListItem\",\"position\":3,\"name\":\"Halloween \u00abHeks\u00bb Studio av Akka\"}]},{\"@type\":\"WebSite\",\"@id\":\"https:\\\/\\\/likeink.com\\\/no\\\/#website\",\"url\":\"https:\\\/\\\/likeink.com\\\/no\\\/\",\"name\":\"Like ink\",\"description\":\"Make your own custom design\",\"potentialAction\":[{\"@type\":\"SearchAction\",\"target\":{\"@type\":\"EntryPoint\",\"urlTemplate\":\"https:\\\/\\\/likeink.com\\\/no\\\/?s={search_term_string}\"},\"query-input\":{\"@type\":\"PropertyValueSpecification\",\"valueRequired\":true,\"valueName\":\"search_term_string\"}}],\"inLanguage\":\"nb-NO\"}]}<\/script>\n<!-- \/ Yoast SEO Premium plugin. -->","yoast_head_json":{"title":"Halloween-midlertidige tatoveringer designet av Studio by Akka - Like ink","description":"Bestill midlertidige Halloween-tatoveringer. Det er et must for din neste Halloween-fest. Dette arket er designet av en ekte tatoveringskunstner. Like ink","robots":{"index":"index","follow":"follow","max-snippet":"max-snippet:-1","max-image-preview":"max-image-preview:large","max-video-preview":"max-video-preview:-1"},"canonical":"https:\/\/likeink.com\/no\/faketatureringar\/halloween-heks-studio-av-akka-a5\/","og_locale":"nb_NO","og_type":"article","og_title":"Halloween \u00abHeks\u00bb Studio av Akka","og_description":"V\u00e5re ferdige engangsark med falske tatoveringer er omtrent 20\u00d715 cm store og fylt med motivet du ser p\u00e5 bildet. For \u00e5 sikre at du blir forn\u00f8yd, vil vi trykke og sende arket innen 24 timer etter at du har bestilt. Dette arket er designet av den talentfulle tatoveringskunstneren Annica hos Akkas Tattoo. Dette er det perfekte tilskuddet til heksekostymet ditt! Vi elsker alle motivene p\u00e5 dette flash-tatoveringsarket! og h\u00e5per du ogs\u00e5 gj\u00f8r det. Ha det g\u00f8y! Dette er Annica: Jeg har alltid elsket \u00e5 tegne og jobbe med hendene mine. Dr\u00f8mmen om \u00e5 bli tatoveringskunstner ble sterkere for hvert \u00e5r, til jeg endelig bestemte meg for \u00e5 ta det store steget og \u00e5pne min egen butikk. Jeg er helt selvl\u00e6rt og har jobbet hardt for \u00e5 komme dit jeg er i dag. Jeg har v\u00e6rt tatoveringskunstner i nesten \u00e5tte \u00e5r n\u00e5, og jeg elsker jobben min. Jeg deltar p\u00e5 flere tatoveringskonferanser hvert \u00e5r. I 2018 vant jeg min f\u00f8rste pris i en tatoveringskonkurranse, og i 2019 fikk jeg sponsing fra IQ Tattoocare og Supply-division Denmark. Det jeg liker best \u00e5 tatovere er alle slags design i farger i stiler som avantgarde, trash polka og akvarell. Men jeg vil ikke v\u00e6re begrenset, s\u00e5 jeg tatoverer nesten alt. Hvis du vil vite mer om meg og se arbeidet mitt, kan du sjekke ut lenkene. Ta kontakt med Annica: Instagram akkas_tattoo Facebook: Akkas Tattoo Studio: Akkas Tattoo Adresse: S\u00f6dra J\u00e4rnv\u00e4gsgatan 27 i Vinsl\u00f6v Nettside: www.akkastattoo.se","og_url":"https:\/\/likeink.com\/no\/faketatureringar\/halloween-heks-studio-av-akka-a5\/","og_site_name":"Like ink","article_publisher":"https:\/\/www.facebook.com\/LikeInkSe","article_modified_time":"2026-03-16T20:45:43+00:00","og_image":[{"width":2200,"height":1550,"url":"https:\/\/likeink.com\/wp-content\/uploads\/2026\/03\/Halloween-Temporary-tattoo-Studio-Akka-Likeink.jpg","type":"image\/jpeg"}],"twitter_card":"summary_large_image","schema":{"@context":"https:\/\/schema.org","@graph":[{"@type":"WebPage","@id":"https:\/\/likeink.com\/no\/faketatureringar\/halloween-heks-studio-av-akka-a5\/","url":"https:\/\/likeink.com\/no\/faketatureringar\/halloween-heks-studio-av-akka-a5\/","name":"Halloween-midlertidige tatoveringer designet av Studio by Akka - Like ink","isPartOf":{"@id":"https:\/\/likeink.com\/no\/#website"},"primaryImageOfPage":{"@id":"https:\/\/likeink.com\/no\/faketatureringar\/halloween-heks-studio-av-akka-a5\/#primaryimage"},"image":{"@id":"https:\/\/likeink.com\/no\/faketatureringar\/halloween-heks-studio-av-akka-a5\/#primaryimage"},"thumbnailUrl":"https:\/\/likeink.com\/wp-content\/uploads\/2026\/03\/Halloween-Temporary-tattoo-Studio-Akka-Likeink.jpg","datePublished":"2025-12-15T09:36:35+00:00","dateModified":"2026-03-16T20:45:43+00:00","description":"Bestill midlertidige Halloween-tatoveringer. Det er et must for din neste Halloween-fest. Dette arket er designet av en ekte tatoveringskunstner. Like ink","breadcrumb":{"@id":"https:\/\/likeink.com\/no\/faketatureringar\/halloween-heks-studio-av-akka-a5\/#breadcrumb"},"inLanguage":"nb-NO","potentialAction":[{"@type":"ReadAction","target":["https:\/\/likeink.com\/no\/faketatureringar\/halloween-heks-studio-av-akka-a5\/"]}]},{"@type":"ImageObject","inLanguage":"nb-NO","@id":"https:\/\/likeink.com\/no\/faketatureringar\/halloween-heks-studio-av-akka-a5\/#primaryimage","url":"https:\/\/likeink.com\/wp-content\/uploads\/2026\/03\/Halloween-Temporary-tattoo-Studio-Akka-Likeink.jpg","contentUrl":"https:\/\/likeink.com\/wp-content\/uploads\/2026\/03\/Halloween-Temporary-tattoo-Studio-Akka-Likeink.jpg","width":2200,"height":1550,"caption":"En illustrasjon med Halloween-tema med en zombieh\u00e5nd, en gresskarskalle, svarte flaggermus, to edderkopper og en boblende gr\u00f8nn gryte med teksten STUDIO BY AKKA CUSTOMIZED DESIGNS nederst."},{"@type":"BreadcrumbList","@id":"https:\/\/likeink.com\/no\/faketatureringar\/halloween-heks-studio-av-akka-a5\/#breadcrumb","itemListElement":[{"@type":"ListItem","position":1,"name":"Hem","item":"https:\/\/likeink.com\/no\/"},{"@type":"ListItem","position":2,"name":"Butikk","item":"https:\/\/likeink.com\/no\/butikk\/"},{"@type":"ListItem","position":3,"name":"Halloween \u00abHeks\u00bb Studio av Akka"}]},{"@type":"WebSite","@id":"https:\/\/likeink.com\/no\/#website","url":"https:\/\/likeink.com\/no\/","name":"Like ink","description":"Make your own custom design","potentialAction":[{"@type":"SearchAction","target":{"@type":"EntryPoint","urlTemplate":"https:\/\/likeink.com\/no\/?s={search_term_string}"},"query-input":{"@type":"PropertyValueSpecification","valueRequired":true,"valueName":"search_term_string"}}],"inLanguage":"nb-NO"}]}},"_links":{"self":[{"href":"https:\/\/likeink.com\/no\/wp-json\/wp\/v2\/product\/54450","targetHints":{"allow":["GET"]}}],"collection":[{"href":"https:\/\/likeink.com\/no\/wp-json\/wp\/v2\/product"}],"about":[{"href":"https:\/\/likeink.com\/no\/wp-json\/wp\/v2\/types\/product"}],"wp:featuredmedia":[{"embeddable":true,"href":"https:\/\/likeink.com\/no\/wp-json\/wp\/v2\/media\/60295"}],"wp:attachment":[{"href":"https:\/\/likeink.com\/no\/wp-json\/wp\/v2\/media?parent=54450"}],"wp:term":[{"taxonomy":"product_brand","embeddable":true,"href":"https:\/\/likeink.com\/no\/wp-json\/wp\/v2\/product_brand?post=54450"},{"taxonomy":"product_cat","embeddable":true,"href":"https:\/\/likeink.com\/no\/wp-json\/wp\/v2\/product_cat?post=54450"},{"taxonomy":"product_tag","embeddable":true,"href":"https:\/\/likeink.com\/no\/wp-json\/wp\/v2\/product_tag?post=54450"}],"curies":[{"name":"wp","href":"https:\/\/api.w.org\/{rel}","templated":true}]}}