{"id":54458,"date":"2021-03-24T15:38:21","date_gmt":"2025-12-15T09:36:39","guid":{"rendered":"https:\/\/likeink.com\/gnuggis\/golfballmarkorer-a5\/"},"modified":"2026-03-16T20:45:55","modified_gmt":"2026-03-16T20:45:55","slug":"golfballmarkorer-a5","status":"publish","type":"product","link":"https:\/\/likeink.com\/no\/faketatureringar\/golfballmarkorer-a5\/","title":{"rendered":"Golfballmark\u00f8rer"},"content":{"rendered":"","protected":false},"excerpt":{"rendered":"<p>Bruk midlertidige tatoveringer som golfballmark\u00f8rer!<\/p>\n<p>Glem tradisjonelle golfballmark\u00f8rer, kjedelige golfballstempler og rotete hjemmelagde markeringer. Merk golfballene dine med midlertidige tatoveringer i stedet!<\/p>\n<p>Motivene p\u00e5 dette arket er designet for \u00e5 passe til st\u00f8rrelsen p\u00e5 golfballer (1\u20132 cm brede), men fungerer like godt p\u00e5 huden din eller andre overflater. Arket er ca. 20 x 14 cm stort og inneholder 105 tatoveringer med forskjellige motiver. Vi trykker og sender fra Sverige innen 24 timer.<\/p>\n<p>Det er enkelt og ser flott ut. De midlertidige tatoveringene gj\u00f8r at du kan merke golfballen din personlig, slik at du enkelt kan identifisere den.<\/p>\n<p><strong>Slik merker du golfballen din med falske tatoveringer!<\/strong><\/p>\n<p>&#8211; Klipp tatoveringen ut av arket med s\u00e5 liten margin som mulig.<br \/>\n&#8211; Begynn med \u00e5 fjerne den beskyttende plastfilmen.<br \/>\n&#8211; Plasser den midlertidige tatoveringen p\u00e5 golfballen.<br \/>\n&#8211; Trykk p\u00e5 tatoveringen med en v\u00e5t svamp i 15-30 sekunder.<br \/>\n&#8211; Fjern det v\u00e5te papiret forsiktig.<br \/>\n&#8211; Ferdig! La oss spille!<\/p>\n","protected":false},"featured_media":54459,"template":"","meta":[],"product_brand":[],"product_cat":[365,386],"product_tag":[],"class_list":{"0":"post-54458","1":"product","2":"type-product","3":"status-publish","4":"has-post-thumbnail","6":"product_cat-ferdige-ark","7":"product_cat-merk-golfballen-din","9":"first","10":"instock","11":"taxable","12":"shipping-taxable","13":"purchasable","14":"product-type-simple"},"yoast_head":"<!-- This site is optimized with the Yoast SEO Premium plugin v26.2 (Yoast SEO v27.4) - https:\/\/yoast.com\/product\/yoast-seo-premium-wordpress\/ -->\n<title>Bruk midlertidige tatoveringer som golfballmark\u00f8rer - Like ink<\/title>\n<meta name=\"description\" content=\"Bruk midlertidige tatoveringer som golfballmark\u00f8rer! De midlertidige tatoveringene lar deg personliggj\u00f8re golfballen din. Vi sender over hele verden! - Like ink\" \/>\n<meta name=\"robots\" content=\"index, follow, max-snippet:-1, max-image-preview:large, max-video-preview:-1\" \/>\n<link rel=\"canonical\" href=\"https:\/\/likeink.com\/no\/faketatureringar\/golfballmarkorer-a5\/\" \/>\n<meta property=\"og:locale\" content=\"nb_NO\" \/>\n<meta property=\"og:type\" content=\"article\" \/>\n<meta property=\"og:title\" content=\"Golfballmark\u00f8rer\" \/>\n<meta property=\"og:description\" content=\"Bruk midlertidige tatoveringer som golfballmark\u00f8rer! Glem tradisjonelle golfballmark\u00f8rer, kjedelige golfballstempler og rotete hjemmelagde markeringer. Merk golfballene dine med midlertidige tatoveringer i stedet! Motivene p\u00e5 dette arket er designet for \u00e5 passe til st\u00f8rrelsen p\u00e5 golfballer (1\u20132 cm brede), men fungerer like godt p\u00e5 huden din eller andre overflater. Arket er ca. 20 x 14 cm stort og inneholder 105 tatoveringer med forskjellige motiver. Vi trykker og sender fra Sverige innen 24 timer. Det er enkelt og ser flott ut. De midlertidige tatoveringene gj\u00f8r at du kan merke golfballen din personlig, slik at du enkelt kan identifisere den. Slik merker du golfballen din med falske tatoveringer! - Klipp tatoveringen ut av arket med s\u00e5 liten margin som mulig. - Begynn med \u00e5 fjerne den beskyttende plastfilmen. - Plasser den midlertidige tatoveringen p\u00e5 golfballen. - Trykk p\u00e5 tatoveringen med en v\u00e5t svamp i 15-30 sekunder. - Fjern det v\u00e5te papiret forsiktig. - Ferdig! La oss spille!\" \/>\n<meta property=\"og:url\" content=\"https:\/\/likeink.com\/no\/faketatureringar\/golfballmarkorer-a5\/\" \/>\n<meta property=\"og:site_name\" content=\"Like ink\" \/>\n<meta property=\"article:publisher\" content=\"https:\/\/www.facebook.com\/LikeInkSe\" \/>\n<meta property=\"article:modified_time\" content=\"2026-03-16T20:45:55+00:00\" \/>\n<meta property=\"og:image\" content=\"https:\/\/likeink.com\/wp-content\/uploads\/2021\/03\/Golfboll-marker-gnuggisar-e1616600094835.png\" \/>\n\t<meta property=\"og:image:width\" content=\"1920\" \/>\n\t<meta property=\"og:image:height\" content=\"1353\" \/>\n\t<meta property=\"og:image:type\" content=\"image\/png\" \/>\n<meta name=\"twitter:card\" content=\"summary_large_image\" \/>\n<script type=\"application\/ld+json\" class=\"yoast-schema-graph\">{\"@context\":\"https:\\\/\\\/schema.org\",\"@graph\":[{\"@type\":\"WebPage\",\"@id\":\"https:\\\/\\\/likeink.com\\\/no\\\/faketatureringar\\\/golfballmarkorer-a5\\\/\",\"url\":\"https:\\\/\\\/likeink.com\\\/no\\\/faketatureringar\\\/golfballmarkorer-a5\\\/\",\"name\":\"Bruk midlertidige tatoveringer som golfballmark\u00f8rer - Like ink\",\"isPartOf\":{\"@id\":\"https:\\\/\\\/likeink.com\\\/no\\\/#website\"},\"primaryImageOfPage\":{\"@id\":\"https:\\\/\\\/likeink.com\\\/no\\\/faketatureringar\\\/golfballmarkorer-a5\\\/#primaryimage\"},\"image\":{\"@id\":\"https:\\\/\\\/likeink.com\\\/no\\\/faketatureringar\\\/golfballmarkorer-a5\\\/#primaryimage\"},\"thumbnailUrl\":\"https:\\\/\\\/likeink.com\\\/wp-content\\\/uploads\\\/2021\\\/03\\\/Golfboll-marker-gnuggisar-e1616600094835.png\",\"datePublished\":\"2025-12-15T09:36:39+00:00\",\"dateModified\":\"2026-03-16T20:45:55+00:00\",\"description\":\"Bruk midlertidige tatoveringer som golfballmark\u00f8rer! De midlertidige tatoveringene lar deg personliggj\u00f8re golfballen din. Vi sender over hele verden! - Like ink\",\"breadcrumb\":{\"@id\":\"https:\\\/\\\/likeink.com\\\/no\\\/faketatureringar\\\/golfballmarkorer-a5\\\/#breadcrumb\"},\"inLanguage\":\"nb-NO\",\"potentialAction\":[{\"@type\":\"ReadAction\",\"target\":[\"https:\\\/\\\/likeink.com\\\/no\\\/faketatureringar\\\/golfballmarkorer-a5\\\/\"]}]},{\"@type\":\"ImageObject\",\"inLanguage\":\"nb-NO\",\"@id\":\"https:\\\/\\\/likeink.com\\\/no\\\/faketatureringar\\\/golfballmarkorer-a5\\\/#primaryimage\",\"url\":\"https:\\\/\\\/likeink.com\\\/wp-content\\\/uploads\\\/2021\\\/03\\\/Golfboll-marker-gnuggisar-e1616600094835.png\",\"contentUrl\":\"https:\\\/\\\/likeink.com\\\/wp-content\\\/uploads\\\/2021\\\/03\\\/Golfboll-marker-gnuggisar-e1616600094835.png\",\"width\":1920,\"height\":1353,\"caption\":\"M\u00e4rk dina golfbollar med gnuggistatueringar.\"},{\"@type\":\"BreadcrumbList\",\"@id\":\"https:\\\/\\\/likeink.com\\\/no\\\/faketatureringar\\\/golfballmarkorer-a5\\\/#breadcrumb\",\"itemListElement\":[{\"@type\":\"ListItem\",\"position\":1,\"name\":\"Hem\",\"item\":\"https:\\\/\\\/likeink.com\\\/no\\\/\"},{\"@type\":\"ListItem\",\"position\":2,\"name\":\"Butikk\",\"item\":\"https:\\\/\\\/likeink.com\\\/no\\\/butikk\\\/\"},{\"@type\":\"ListItem\",\"position\":3,\"name\":\"Golfballmark\u00f8rer\"}]},{\"@type\":\"WebSite\",\"@id\":\"https:\\\/\\\/likeink.com\\\/no\\\/#website\",\"url\":\"https:\\\/\\\/likeink.com\\\/no\\\/\",\"name\":\"Like ink\",\"description\":\"Make your own custom design\",\"potentialAction\":[{\"@type\":\"SearchAction\",\"target\":{\"@type\":\"EntryPoint\",\"urlTemplate\":\"https:\\\/\\\/likeink.com\\\/no\\\/?s={search_term_string}\"},\"query-input\":{\"@type\":\"PropertyValueSpecification\",\"valueRequired\":true,\"valueName\":\"search_term_string\"}}],\"inLanguage\":\"nb-NO\"}]}<\/script>\n<!-- \/ Yoast SEO Premium plugin. -->","yoast_head_json":{"title":"Bruk midlertidige tatoveringer som golfballmark\u00f8rer - Like ink","description":"Bruk midlertidige tatoveringer som golfballmark\u00f8rer! De midlertidige tatoveringene lar deg personliggj\u00f8re golfballen din. Vi sender over hele verden! - Like ink","robots":{"index":"index","follow":"follow","max-snippet":"max-snippet:-1","max-image-preview":"max-image-preview:large","max-video-preview":"max-video-preview:-1"},"canonical":"https:\/\/likeink.com\/no\/faketatureringar\/golfballmarkorer-a5\/","og_locale":"nb_NO","og_type":"article","og_title":"Golfballmark\u00f8rer","og_description":"Bruk midlertidige tatoveringer som golfballmark\u00f8rer! Glem tradisjonelle golfballmark\u00f8rer, kjedelige golfballstempler og rotete hjemmelagde markeringer. Merk golfballene dine med midlertidige tatoveringer i stedet! Motivene p\u00e5 dette arket er designet for \u00e5 passe til st\u00f8rrelsen p\u00e5 golfballer (1\u20132 cm brede), men fungerer like godt p\u00e5 huden din eller andre overflater. Arket er ca. 20 x 14 cm stort og inneholder 105 tatoveringer med forskjellige motiver. Vi trykker og sender fra Sverige innen 24 timer. Det er enkelt og ser flott ut. De midlertidige tatoveringene gj\u00f8r at du kan merke golfballen din personlig, slik at du enkelt kan identifisere den. Slik merker du golfballen din med falske tatoveringer! - Klipp tatoveringen ut av arket med s\u00e5 liten margin som mulig. - Begynn med \u00e5 fjerne den beskyttende plastfilmen. - Plasser den midlertidige tatoveringen p\u00e5 golfballen. - Trykk p\u00e5 tatoveringen med en v\u00e5t svamp i 15-30 sekunder. - Fjern det v\u00e5te papiret forsiktig. - Ferdig! La oss spille!","og_url":"https:\/\/likeink.com\/no\/faketatureringar\/golfballmarkorer-a5\/","og_site_name":"Like ink","article_publisher":"https:\/\/www.facebook.com\/LikeInkSe","article_modified_time":"2026-03-16T20:45:55+00:00","og_image":[{"width":1920,"height":1353,"url":"https:\/\/likeink.com\/wp-content\/uploads\/2021\/03\/Golfboll-marker-gnuggisar-e1616600094835.png","type":"image\/png"}],"twitter_card":"summary_large_image","schema":{"@context":"https:\/\/schema.org","@graph":[{"@type":"WebPage","@id":"https:\/\/likeink.com\/no\/faketatureringar\/golfballmarkorer-a5\/","url":"https:\/\/likeink.com\/no\/faketatureringar\/golfballmarkorer-a5\/","name":"Bruk midlertidige tatoveringer som golfballmark\u00f8rer - Like ink","isPartOf":{"@id":"https:\/\/likeink.com\/no\/#website"},"primaryImageOfPage":{"@id":"https:\/\/likeink.com\/no\/faketatureringar\/golfballmarkorer-a5\/#primaryimage"},"image":{"@id":"https:\/\/likeink.com\/no\/faketatureringar\/golfballmarkorer-a5\/#primaryimage"},"thumbnailUrl":"https:\/\/likeink.com\/wp-content\/uploads\/2021\/03\/Golfboll-marker-gnuggisar-e1616600094835.png","datePublished":"2025-12-15T09:36:39+00:00","dateModified":"2026-03-16T20:45:55+00:00","description":"Bruk midlertidige tatoveringer som golfballmark\u00f8rer! De midlertidige tatoveringene lar deg personliggj\u00f8re golfballen din. Vi sender over hele verden! - Like ink","breadcrumb":{"@id":"https:\/\/likeink.com\/no\/faketatureringar\/golfballmarkorer-a5\/#breadcrumb"},"inLanguage":"nb-NO","potentialAction":[{"@type":"ReadAction","target":["https:\/\/likeink.com\/no\/faketatureringar\/golfballmarkorer-a5\/"]}]},{"@type":"ImageObject","inLanguage":"nb-NO","@id":"https:\/\/likeink.com\/no\/faketatureringar\/golfballmarkorer-a5\/#primaryimage","url":"https:\/\/likeink.com\/wp-content\/uploads\/2021\/03\/Golfboll-marker-gnuggisar-e1616600094835.png","contentUrl":"https:\/\/likeink.com\/wp-content\/uploads\/2021\/03\/Golfboll-marker-gnuggisar-e1616600094835.png","width":1920,"height":1353,"caption":"M\u00e4rk dina golfbollar med gnuggistatueringar."},{"@type":"BreadcrumbList","@id":"https:\/\/likeink.com\/no\/faketatureringar\/golfballmarkorer-a5\/#breadcrumb","itemListElement":[{"@type":"ListItem","position":1,"name":"Hem","item":"https:\/\/likeink.com\/no\/"},{"@type":"ListItem","position":2,"name":"Butikk","item":"https:\/\/likeink.com\/no\/butikk\/"},{"@type":"ListItem","position":3,"name":"Golfballmark\u00f8rer"}]},{"@type":"WebSite","@id":"https:\/\/likeink.com\/no\/#website","url":"https:\/\/likeink.com\/no\/","name":"Like ink","description":"Make your own custom design","potentialAction":[{"@type":"SearchAction","target":{"@type":"EntryPoint","urlTemplate":"https:\/\/likeink.com\/no\/?s={search_term_string}"},"query-input":{"@type":"PropertyValueSpecification","valueRequired":true,"valueName":"search_term_string"}}],"inLanguage":"nb-NO"}]}},"_links":{"self":[{"href":"https:\/\/likeink.com\/no\/wp-json\/wp\/v2\/product\/54458","targetHints":{"allow":["GET"]}}],"collection":[{"href":"https:\/\/likeink.com\/no\/wp-json\/wp\/v2\/product"}],"about":[{"href":"https:\/\/likeink.com\/no\/wp-json\/wp\/v2\/types\/product"}],"wp:featuredmedia":[{"embeddable":true,"href":"https:\/\/likeink.com\/no\/wp-json\/wp\/v2\/media\/54459"}],"wp:attachment":[{"href":"https:\/\/likeink.com\/no\/wp-json\/wp\/v2\/media?parent=54458"}],"wp:term":[{"taxonomy":"product_brand","embeddable":true,"href":"https:\/\/likeink.com\/no\/wp-json\/wp\/v2\/product_brand?post=54458"},{"taxonomy":"product_cat","embeddable":true,"href":"https:\/\/likeink.com\/no\/wp-json\/wp\/v2\/product_cat?post=54458"},{"taxonomy":"product_tag","embeddable":true,"href":"https:\/\/likeink.com\/no\/wp-json\/wp\/v2\/product_tag?post=54458"}],"curies":[{"name":"wp","href":"https:\/\/api.w.org\/{rel}","templated":true}]}}