{"id":54466,"date":"2021-03-18T13:35:13","date_gmt":"2025-12-15T09:36:42","guid":{"rendered":"https:\/\/likeink.com\/gnuggis\/flash-flowers-av-studio-by-akka\/"},"modified":"2026-01-30T11:39:39","modified_gmt":"2026-01-30T11:39:39","slug":"flash-flowers-av-studio-by-akka","status":"publish","type":"product","link":"https:\/\/likeink.com\/no\/faketatureringar\/flash-flowers-av-studio-by-akka\/","title":{"rendered":"Flash \u00abFlowers\u00bb av Studio by Akka"},"content":{"rendered":"","protected":false},"excerpt":{"rendered":"<p>V\u00e5re ferdige engangsark med falske tatoveringer er omtrent 20\u00d715 cm store og fylt med motivet du ser p\u00e5 bildet. For \u00e5 sikre at du blir forn\u00f8yd, vil vi trykke og sende arket innen 24 timer etter at du har lagt inn bestillingen. Dette arket er designet av den talentfulle tatoveringskunstneren Annica hos Akkas Tattoo.<\/p>\n<p>Vakre blomstertatoveringer og flamingotatoveringer laget av tatoveringskunstneren Akka i Sverige.<\/p>\n<p><strong>Dette er Annica:<\/strong><\/p>\n<p>Jeg har alltid elsket \u00e5 tegne og jobbe med hendene mine.<br \/>\nDr\u00f8mmen om \u00e5 bli tatoveringskunstner ble sterkere for hvert \u00e5r, til jeg endelig bestemte meg for \u00e5 ta det store steget og \u00e5pne min egen butikk. Jeg er helt selvl\u00e6rt og har jobbet hardt for \u00e5 komme dit jeg er i dag. Jeg har v\u00e6rt tatoveringskunstner i nesten \u00e5tte \u00e5r n\u00e5, og jeg elsker jobben min. Jeg deltar p\u00e5 flere tatoveringskonferanser hvert \u00e5r. I 2018 vant jeg min f\u00f8rste pris i en tatoveringskonkurranse, og i 2019 fikk jeg sponsing fra IQ Tattoocare og Supply-division Denmark.<br \/>\nDet jeg liker best \u00e5 tatovere er alle slags fargerike design i stiler som avantgarde, trash polka og akvarell. Men jeg vil ikke v\u00e6re begrenset, s\u00e5 jeg tatoverer nesten alt. Hvis du vil vite mer om meg og se arbeidet mitt, kan du sjekke ut lenkene.<\/p>\n<p><strong>Ta kontakt med Annica: Instagram<\/strong><\/p>\n<p>akkas_tattoo<\/p>\n<p><strong>Facebook:<\/strong><\/p>\n<p>Akkas Tattoo<\/p>\n<p><strong>Studio:<\/strong><\/p>\n<p>Akkas Tattoo<br \/>\nAdresse:<\/p>\n<p>S\u00f6dra J\u00e4rnv\u00e4gsgatan 27 i Vinsl\u00f6v<br \/>\nNettside: www.akkastattoo.se<\/p>\n","protected":false},"featured_media":54467,"template":"","meta":[],"product_brand":[],"product_cat":[365],"product_tag":[],"class_list":{"0":"post-54466","1":"product","2":"type-product","3":"status-publish","4":"has-post-thumbnail","6":"product_cat-ferdige-ark","8":"first","9":"instock","10":"taxable","11":"shipping-taxable","12":"purchasable","13":"product-type-simple"},"yoast_head":"<!-- This site is optimized with the Yoast SEO Premium plugin v26.2 (Yoast SEO v27.4) - https:\/\/yoast.com\/product\/yoast-seo-premium-wordpress\/ -->\n<title>Midlertidige tatoveringer av tatoveringskunstner Annica hos Akkas Tattoo Like ink<\/title>\n<meta name=\"description\" content=\"Bestill midlertidige tatoveringer av tatoveringskunstneren Annica hos Akkas Tattoo. Kun hos Like ink. Vi sender over hele verden innen 24 timer. - Like ink\" \/>\n<meta name=\"robots\" content=\"index, follow, max-snippet:-1, max-image-preview:large, max-video-preview:-1\" \/>\n<link rel=\"canonical\" href=\"https:\/\/likeink.com\/no\/faketatureringar\/flash-flowers-av-studio-by-akka\/\" \/>\n<meta property=\"og:locale\" content=\"nb_NO\" \/>\n<meta property=\"og:type\" content=\"article\" \/>\n<meta property=\"og:title\" content=\"Flash \u00abFlowers\u00bb av Studio by Akka\" \/>\n<meta property=\"og:description\" content=\"V\u00e5re ferdige engangsark med falske tatoveringer er omtrent 20\u00d715 cm store og fylt med motivet du ser p\u00e5 bildet. For \u00e5 sikre at du blir forn\u00f8yd, vil vi trykke og sende arket innen 24 timer etter at du har lagt inn bestillingen. Dette arket er designet av den talentfulle tatoveringskunstneren Annica hos Akkas Tattoo. Vakre blomstertatoveringer og flamingotatoveringer laget av tatoveringskunstneren Akka i Sverige. Dette er Annica: Jeg har alltid elsket \u00e5 tegne og jobbe med hendene mine. Dr\u00f8mmen om \u00e5 bli tatoveringskunstner ble sterkere for hvert \u00e5r, til jeg endelig bestemte meg for \u00e5 ta det store steget og \u00e5pne min egen butikk. Jeg er helt selvl\u00e6rt og har jobbet hardt for \u00e5 komme dit jeg er i dag. Jeg har v\u00e6rt tatoveringskunstner i nesten \u00e5tte \u00e5r n\u00e5, og jeg elsker jobben min. Jeg deltar p\u00e5 flere tatoveringskonferanser hvert \u00e5r. I 2018 vant jeg min f\u00f8rste pris i en tatoveringskonkurranse, og i 2019 fikk jeg sponsing fra IQ Tattoocare og Supply-division Denmark. Det jeg liker best \u00e5 tatovere er alle slags fargerike design i stiler som avantgarde, trash polka og akvarell. Men jeg vil ikke v\u00e6re begrenset, s\u00e5 jeg tatoverer nesten alt. Hvis du vil vite mer om meg og se arbeidet mitt, kan du sjekke ut lenkene. Ta kontakt med Annica: Instagram akkas_tattoo Facebook: Akkas Tattoo Studio: Akkas Tattoo Adresse: S\u00f6dra J\u00e4rnv\u00e4gsgatan 27 i Vinsl\u00f6v Nettside: www.akkastattoo.se\" \/>\n<meta property=\"og:url\" content=\"https:\/\/likeink.com\/no\/faketatureringar\/flash-flowers-av-studio-by-akka\/\" \/>\n<meta property=\"og:site_name\" content=\"Like ink\" \/>\n<meta property=\"article:publisher\" content=\"https:\/\/www.facebook.com\/LikeInkSe\" \/>\n<meta property=\"article:modified_time\" content=\"2026-01-30T11:39:39+00:00\" \/>\n<meta property=\"og:image\" content=\"https:\/\/likeink.com\/wp-content\/uploads\/2021\/03\/Akka3.jpeg\" \/>\n\t<meta property=\"og:image:width\" content=\"1668\" \/>\n\t<meta property=\"og:image:height\" content=\"1179\" \/>\n\t<meta property=\"og:image:type\" content=\"image\/jpeg\" \/>\n<meta name=\"twitter:card\" content=\"summary_large_image\" \/>\n<script type=\"application\/ld+json\" class=\"yoast-schema-graph\">{\"@context\":\"https:\\\/\\\/schema.org\",\"@graph\":[{\"@type\":\"WebPage\",\"@id\":\"https:\\\/\\\/likeink.com\\\/no\\\/faketatureringar\\\/flash-flowers-av-studio-by-akka\\\/\",\"url\":\"https:\\\/\\\/likeink.com\\\/no\\\/faketatureringar\\\/flash-flowers-av-studio-by-akka\\\/\",\"name\":\"Midlertidige tatoveringer av tatoveringskunstner Annica hos Akkas Tattoo Like ink\",\"isPartOf\":{\"@id\":\"https:\\\/\\\/likeink.com\\\/no\\\/#website\"},\"primaryImageOfPage\":{\"@id\":\"https:\\\/\\\/likeink.com\\\/no\\\/faketatureringar\\\/flash-flowers-av-studio-by-akka\\\/#primaryimage\"},\"image\":{\"@id\":\"https:\\\/\\\/likeink.com\\\/no\\\/faketatureringar\\\/flash-flowers-av-studio-by-akka\\\/#primaryimage\"},\"thumbnailUrl\":\"https:\\\/\\\/likeink.com\\\/wp-content\\\/uploads\\\/2021\\\/03\\\/Akka3.jpeg\",\"datePublished\":\"2025-12-15T09:36:42+00:00\",\"dateModified\":\"2026-01-30T11:39:39+00:00\",\"description\":\"Bestill midlertidige tatoveringer av tatoveringskunstneren Annica hos Akkas Tattoo. Kun hos Like ink. Vi sender over hele verden innen 24 timer. - Like ink\",\"breadcrumb\":{\"@id\":\"https:\\\/\\\/likeink.com\\\/no\\\/faketatureringar\\\/flash-flowers-av-studio-by-akka\\\/#breadcrumb\"},\"inLanguage\":\"nb-NO\",\"potentialAction\":[{\"@type\":\"ReadAction\",\"target\":[\"https:\\\/\\\/likeink.com\\\/no\\\/faketatureringar\\\/flash-flowers-av-studio-by-akka\\\/\"]}]},{\"@type\":\"ImageObject\",\"inLanguage\":\"nb-NO\",\"@id\":\"https:\\\/\\\/likeink.com\\\/no\\\/faketatureringar\\\/flash-flowers-av-studio-by-akka\\\/#primaryimage\",\"url\":\"https:\\\/\\\/likeink.com\\\/wp-content\\\/uploads\\\/2021\\\/03\\\/Akka3.jpeg\",\"contentUrl\":\"https:\\\/\\\/likeink.com\\\/wp-content\\\/uploads\\\/2021\\\/03\\\/Akka3.jpeg\",\"width\":1668,\"height\":1179,\"caption\":\"Buy Temporary Tattoos with flower motifs designed by Akkas Tattoo.\"},{\"@type\":\"BreadcrumbList\",\"@id\":\"https:\\\/\\\/likeink.com\\\/no\\\/faketatureringar\\\/flash-flowers-av-studio-by-akka\\\/#breadcrumb\",\"itemListElement\":[{\"@type\":\"ListItem\",\"position\":1,\"name\":\"Hem\",\"item\":\"https:\\\/\\\/likeink.com\\\/no\\\/\"},{\"@type\":\"ListItem\",\"position\":2,\"name\":\"Butikk\",\"item\":\"https:\\\/\\\/likeink.com\\\/no\\\/butikk\\\/\"},{\"@type\":\"ListItem\",\"position\":3,\"name\":\"Flash \u00abFlowers\u00bb av Studio by Akka\"}]},{\"@type\":\"WebSite\",\"@id\":\"https:\\\/\\\/likeink.com\\\/no\\\/#website\",\"url\":\"https:\\\/\\\/likeink.com\\\/no\\\/\",\"name\":\"Like ink\",\"description\":\"Make your own custom design\",\"potentialAction\":[{\"@type\":\"SearchAction\",\"target\":{\"@type\":\"EntryPoint\",\"urlTemplate\":\"https:\\\/\\\/likeink.com\\\/no\\\/?s={search_term_string}\"},\"query-input\":{\"@type\":\"PropertyValueSpecification\",\"valueRequired\":true,\"valueName\":\"search_term_string\"}}],\"inLanguage\":\"nb-NO\"}]}<\/script>\n<!-- \/ Yoast SEO Premium plugin. -->","yoast_head_json":{"title":"Midlertidige tatoveringer av tatoveringskunstner Annica hos Akkas Tattoo Like ink","description":"Bestill midlertidige tatoveringer av tatoveringskunstneren Annica hos Akkas Tattoo. Kun hos Like ink. Vi sender over hele verden innen 24 timer. - Like ink","robots":{"index":"index","follow":"follow","max-snippet":"max-snippet:-1","max-image-preview":"max-image-preview:large","max-video-preview":"max-video-preview:-1"},"canonical":"https:\/\/likeink.com\/no\/faketatureringar\/flash-flowers-av-studio-by-akka\/","og_locale":"nb_NO","og_type":"article","og_title":"Flash \u00abFlowers\u00bb av Studio by Akka","og_description":"V\u00e5re ferdige engangsark med falske tatoveringer er omtrent 20\u00d715 cm store og fylt med motivet du ser p\u00e5 bildet. For \u00e5 sikre at du blir forn\u00f8yd, vil vi trykke og sende arket innen 24 timer etter at du har lagt inn bestillingen. Dette arket er designet av den talentfulle tatoveringskunstneren Annica hos Akkas Tattoo. Vakre blomstertatoveringer og flamingotatoveringer laget av tatoveringskunstneren Akka i Sverige. Dette er Annica: Jeg har alltid elsket \u00e5 tegne og jobbe med hendene mine. Dr\u00f8mmen om \u00e5 bli tatoveringskunstner ble sterkere for hvert \u00e5r, til jeg endelig bestemte meg for \u00e5 ta det store steget og \u00e5pne min egen butikk. Jeg er helt selvl\u00e6rt og har jobbet hardt for \u00e5 komme dit jeg er i dag. Jeg har v\u00e6rt tatoveringskunstner i nesten \u00e5tte \u00e5r n\u00e5, og jeg elsker jobben min. Jeg deltar p\u00e5 flere tatoveringskonferanser hvert \u00e5r. I 2018 vant jeg min f\u00f8rste pris i en tatoveringskonkurranse, og i 2019 fikk jeg sponsing fra IQ Tattoocare og Supply-division Denmark. Det jeg liker best \u00e5 tatovere er alle slags fargerike design i stiler som avantgarde, trash polka og akvarell. Men jeg vil ikke v\u00e6re begrenset, s\u00e5 jeg tatoverer nesten alt. Hvis du vil vite mer om meg og se arbeidet mitt, kan du sjekke ut lenkene. Ta kontakt med Annica: Instagram akkas_tattoo Facebook: Akkas Tattoo Studio: Akkas Tattoo Adresse: S\u00f6dra J\u00e4rnv\u00e4gsgatan 27 i Vinsl\u00f6v Nettside: www.akkastattoo.se","og_url":"https:\/\/likeink.com\/no\/faketatureringar\/flash-flowers-av-studio-by-akka\/","og_site_name":"Like ink","article_publisher":"https:\/\/www.facebook.com\/LikeInkSe","article_modified_time":"2026-01-30T11:39:39+00:00","og_image":[{"width":1668,"height":1179,"url":"https:\/\/likeink.com\/wp-content\/uploads\/2021\/03\/Akka3.jpeg","type":"image\/jpeg"}],"twitter_card":"summary_large_image","schema":{"@context":"https:\/\/schema.org","@graph":[{"@type":"WebPage","@id":"https:\/\/likeink.com\/no\/faketatureringar\/flash-flowers-av-studio-by-akka\/","url":"https:\/\/likeink.com\/no\/faketatureringar\/flash-flowers-av-studio-by-akka\/","name":"Midlertidige tatoveringer av tatoveringskunstner Annica hos Akkas Tattoo Like ink","isPartOf":{"@id":"https:\/\/likeink.com\/no\/#website"},"primaryImageOfPage":{"@id":"https:\/\/likeink.com\/no\/faketatureringar\/flash-flowers-av-studio-by-akka\/#primaryimage"},"image":{"@id":"https:\/\/likeink.com\/no\/faketatureringar\/flash-flowers-av-studio-by-akka\/#primaryimage"},"thumbnailUrl":"https:\/\/likeink.com\/wp-content\/uploads\/2021\/03\/Akka3.jpeg","datePublished":"2025-12-15T09:36:42+00:00","dateModified":"2026-01-30T11:39:39+00:00","description":"Bestill midlertidige tatoveringer av tatoveringskunstneren Annica hos Akkas Tattoo. Kun hos Like ink. Vi sender over hele verden innen 24 timer. - Like ink","breadcrumb":{"@id":"https:\/\/likeink.com\/no\/faketatureringar\/flash-flowers-av-studio-by-akka\/#breadcrumb"},"inLanguage":"nb-NO","potentialAction":[{"@type":"ReadAction","target":["https:\/\/likeink.com\/no\/faketatureringar\/flash-flowers-av-studio-by-akka\/"]}]},{"@type":"ImageObject","inLanguage":"nb-NO","@id":"https:\/\/likeink.com\/no\/faketatureringar\/flash-flowers-av-studio-by-akka\/#primaryimage","url":"https:\/\/likeink.com\/wp-content\/uploads\/2021\/03\/Akka3.jpeg","contentUrl":"https:\/\/likeink.com\/wp-content\/uploads\/2021\/03\/Akka3.jpeg","width":1668,"height":1179,"caption":"Buy Temporary Tattoos with flower motifs designed by Akkas Tattoo."},{"@type":"BreadcrumbList","@id":"https:\/\/likeink.com\/no\/faketatureringar\/flash-flowers-av-studio-by-akka\/#breadcrumb","itemListElement":[{"@type":"ListItem","position":1,"name":"Hem","item":"https:\/\/likeink.com\/no\/"},{"@type":"ListItem","position":2,"name":"Butikk","item":"https:\/\/likeink.com\/no\/butikk\/"},{"@type":"ListItem","position":3,"name":"Flash \u00abFlowers\u00bb av Studio by Akka"}]},{"@type":"WebSite","@id":"https:\/\/likeink.com\/no\/#website","url":"https:\/\/likeink.com\/no\/","name":"Like ink","description":"Make your own custom design","potentialAction":[{"@type":"SearchAction","target":{"@type":"EntryPoint","urlTemplate":"https:\/\/likeink.com\/no\/?s={search_term_string}"},"query-input":{"@type":"PropertyValueSpecification","valueRequired":true,"valueName":"search_term_string"}}],"inLanguage":"nb-NO"}]}},"_links":{"self":[{"href":"https:\/\/likeink.com\/no\/wp-json\/wp\/v2\/product\/54466","targetHints":{"allow":["GET"]}}],"collection":[{"href":"https:\/\/likeink.com\/no\/wp-json\/wp\/v2\/product"}],"about":[{"href":"https:\/\/likeink.com\/no\/wp-json\/wp\/v2\/types\/product"}],"wp:featuredmedia":[{"embeddable":true,"href":"https:\/\/likeink.com\/no\/wp-json\/wp\/v2\/media\/54467"}],"wp:attachment":[{"href":"https:\/\/likeink.com\/no\/wp-json\/wp\/v2\/media?parent=54466"}],"wp:term":[{"taxonomy":"product_brand","embeddable":true,"href":"https:\/\/likeink.com\/no\/wp-json\/wp\/v2\/product_brand?post=54466"},{"taxonomy":"product_cat","embeddable":true,"href":"https:\/\/likeink.com\/no\/wp-json\/wp\/v2\/product_cat?post=54466"},{"taxonomy":"product_tag","embeddable":true,"href":"https:\/\/likeink.com\/no\/wp-json\/wp\/v2\/product_tag?post=54466"}],"curies":[{"name":"wp","href":"https:\/\/api.w.org\/{rel}","templated":true}]}}