{"id":54468,"date":"2021-03-18T13:24:53","date_gmt":"2025-12-15T09:36:43","guid":{"rendered":"https:\/\/likeink.com\/gnuggis\/flash-skulls-av-studio-by-akka\/"},"modified":"2026-04-28T08:50:57","modified_gmt":"2026-04-28T08:50:57","slug":"flash-skulls-av-studio-by-akka","status":"publish","type":"product","link":"https:\/\/likeink.com\/no\/faketatureringar\/flash-skulls-av-studio-by-akka\/","title":{"rendered":"Flash \u00abSkulls\u00bb av Studio by Akka"},"content":{"rendered":"","protected":false},"excerpt":{"rendered":"<p>V\u00e5re ferdige ark med midlertidige tatoveringer er cirka 20\u00d715 cm store og fylt med designet du ser p\u00e5 bildet. Vi trykker og sender arket ditt med midlertidige tatoveringer innen 24 timer etter at du har bestilt.<\/p>\n<p>Dette arket er designet av Annica, som driver studioet Akkas Tattoo. Skikkelig fine tatoveringsmotiver, ikke sant?<\/p>\n<h2>Midlertidige tatoveringer Flash &#8220;Skulls&#8221; av Annica<\/h2>\n<p><strong>Dette er Annica:<\/strong><br \/>\nJeg har alltid elsket \u00e5 tegne og jobbe med hendene mine. Dr\u00f8mmen om \u00e5 bli tatov\u00f8r vokste for hvert \u00e5r, og en dag \u00e5pnet jeg endelig mitt eget studio Akkas Tattoo. Jeg er helt selvl\u00e6rt og har jobbet hardt for \u00e5 komme dit jeg er i dag. N\u00e5 har jeg jobbet som tatov\u00f8r i \u00e5tte \u00e5r, og jeg elsker jobben min.<\/p>\n<p>Jeg deltar ofte p\u00e5 tattoomesser, og i 2018 vant jeg min f\u00f8rste pris. I 2019 ble jeg ogs\u00e5 sponset av IQ Tattoocare og Supply Division Denmark.<\/p>\n<p>Jeg liker \u00e5 jobbe i flere ulike stiler, som avantgarde, trash polka og akvarell. Jeg vil ikke l\u00e5se meg til \u00e9n stil, og derfor tatoverer jeg i alle stiler.<\/p>\n<p>Hvis du vil kontakte Annica:<\/p>\n<p><strong>Instagram<\/strong><br \/>\nakkas_tattoo<\/p>\n<p><strong>Facebook:<\/strong><br \/>\nAkkas Tattoo<\/p>\n<p><strong>Studio:<\/strong><br \/>\nAkkas Tattoo<\/p>\n<p><strong>Adresse:<\/strong><br \/>\nS\u00f6dra J\u00e4rnv\u00e4gsgatan 27 i Vinsl\u00f6v<\/p>\n<p>Nettside: https:\/\/studiobyakka.se<\/p>\n","protected":false},"featured_media":54469,"template":"","meta":[],"product_brand":[],"product_cat":[365,505],"product_tag":[],"class_list":{"0":"post-54468","1":"product","2":"type-product","3":"status-publish","4":"has-post-thumbnail","6":"product_cat-ferdige-ark","7":"product_cat-samarbeid-med-tatovorer","9":"first","10":"instock","11":"taxable","12":"shipping-taxable","13":"purchasable","14":"product-type-simple"},"yoast_head":"<!-- This site is optimized with the Yoast SEO Premium plugin v27.5 (Yoast SEO v27.6) - https:\/\/yoast.com\/product\/yoast-seo-premium-wordpress\/ -->\n<title>Skull Tattoos: A5-ark med Fake Tattoo-design av Akkas Tattoo - Like ink<\/title>\n<meta name=\"description\" content=\"Skull Tattoos: Bestill dette arket med falske tatoveringer designet av Annica hos Akkas Tattoo i Sverige. Gratis frakt over hele verden! - Like ink\" \/>\n<meta name=\"robots\" content=\"index, follow, max-snippet:-1, max-image-preview:large, max-video-preview:-1\" \/>\n<link rel=\"canonical\" href=\"https:\/\/likeink.com\/no\/faketatureringar\/flash-skulls-av-studio-by-akka\/\" \/>\n<meta property=\"og:locale\" content=\"nb_NO\" \/>\n<meta property=\"og:type\" content=\"article\" \/>\n<meta property=\"og:title\" content=\"Flash \u00abSkulls\u00bb av Studio by Akka\" \/>\n<meta property=\"og:description\" content=\"V\u00e5re ferdige ark med midlertidige tatoveringer er cirka 20\u00d715 cm store og fylt med designet du ser p\u00e5 bildet. Vi trykker og sender arket ditt med midlertidige tatoveringer innen 24 timer etter at du har bestilt.  Dette arket er designet av Annica, som driver studioet Akkas Tattoo. Skikkelig fine tatoveringsmotiver, ikke sant? Midlertidige tatoveringer Flash &quot;Skulls&quot; av Annica Dette er Annica: Jeg har alltid elsket \u00e5 tegne og jobbe med hendene mine. Dr\u00f8mmen om \u00e5 bli tatov\u00f8r vokste for hvert \u00e5r, og en dag \u00e5pnet jeg endelig mitt eget studio Akkas Tattoo. Jeg er helt selvl\u00e6rt og har jobbet hardt for \u00e5 komme dit jeg er i dag. N\u00e5 har jeg jobbet som tatov\u00f8r i \u00e5tte \u00e5r, og jeg elsker jobben min.  Jeg deltar ofte p\u00e5 tattoomesser, og i 2018 vant jeg min f\u00f8rste pris. I 2019 ble jeg ogs\u00e5 sponset av IQ Tattoocare og Supply Division Denmark.  Jeg liker \u00e5 jobbe i flere ulike stiler, som avantgarde, trash polka og akvarell. Jeg vil ikke l\u00e5se meg til \u00e9n stil, og derfor tatoverer jeg i alle stiler.  Hvis du vil kontakte Annica:  Instagram akkas_tattoo  Facebook: Akkas Tattoo  Studio: Akkas Tattoo  Adresse: S\u00f6dra J\u00e4rnv\u00e4gsgatan 27 i Vinsl\u00f6v  Nettside: https:\/\/studiobyakka.se\" \/>\n<meta property=\"og:url\" content=\"https:\/\/likeink.com\/no\/faketatureringar\/flash-skulls-av-studio-by-akka\/\" \/>\n<meta property=\"og:site_name\" content=\"Like ink\" \/>\n<meta property=\"article:publisher\" content=\"https:\/\/www.facebook.com\/LikeInkSe\" \/>\n<meta property=\"article:modified_time\" content=\"2026-04-28T08:50:57+00:00\" \/>\n<meta property=\"og:image\" content=\"https:\/\/likeink.com\/wp-content\/uploads\/2021\/03\/Akka2.jpeg\" \/>\n\t<meta property=\"og:image:width\" content=\"1668\" \/>\n\t<meta property=\"og:image:height\" content=\"1179\" \/>\n\t<meta property=\"og:image:type\" content=\"image\/jpeg\" \/>\n<meta name=\"twitter:card\" content=\"summary_large_image\" \/>\n<meta name=\"twitter:label1\" content=\"Ansl. lesetid\" \/>\n\t<meta name=\"twitter:data1\" content=\"1 minutt\" \/>\n<!-- \/ Yoast SEO Premium plugin. -->","yoast_head_json":{"title":"Skull Tattoos: A5-ark med Fake Tattoo-design av Akkas Tattoo - Like ink","description":"Skull Tattoos: Bestill dette arket med falske tatoveringer designet av Annica hos Akkas Tattoo i Sverige. Gratis frakt over hele verden! - Like ink","robots":{"index":"index","follow":"follow","max-snippet":"max-snippet:-1","max-image-preview":"max-image-preview:large","max-video-preview":"max-video-preview:-1"},"canonical":"https:\/\/likeink.com\/no\/faketatureringar\/flash-skulls-av-studio-by-akka\/","og_locale":"nb_NO","og_type":"article","og_title":"Flash \u00abSkulls\u00bb av Studio by Akka","og_description":"V\u00e5re ferdige ark med midlertidige tatoveringer er cirka 20\u00d715 cm store og fylt med designet du ser p\u00e5 bildet. Vi trykker og sender arket ditt med midlertidige tatoveringer innen 24 timer etter at du har bestilt.  Dette arket er designet av Annica, som driver studioet Akkas Tattoo. Skikkelig fine tatoveringsmotiver, ikke sant? Midlertidige tatoveringer Flash \"Skulls\" av Annica Dette er Annica: Jeg har alltid elsket \u00e5 tegne og jobbe med hendene mine. Dr\u00f8mmen om \u00e5 bli tatov\u00f8r vokste for hvert \u00e5r, og en dag \u00e5pnet jeg endelig mitt eget studio Akkas Tattoo. Jeg er helt selvl\u00e6rt og har jobbet hardt for \u00e5 komme dit jeg er i dag. N\u00e5 har jeg jobbet som tatov\u00f8r i \u00e5tte \u00e5r, og jeg elsker jobben min.  Jeg deltar ofte p\u00e5 tattoomesser, og i 2018 vant jeg min f\u00f8rste pris. I 2019 ble jeg ogs\u00e5 sponset av IQ Tattoocare og Supply Division Denmark.  Jeg liker \u00e5 jobbe i flere ulike stiler, som avantgarde, trash polka og akvarell. Jeg vil ikke l\u00e5se meg til \u00e9n stil, og derfor tatoverer jeg i alle stiler.  Hvis du vil kontakte Annica:  Instagram akkas_tattoo  Facebook: Akkas Tattoo  Studio: Akkas Tattoo  Adresse: S\u00f6dra J\u00e4rnv\u00e4gsgatan 27 i Vinsl\u00f6v  Nettside: https:\/\/studiobyakka.se","og_url":"https:\/\/likeink.com\/no\/faketatureringar\/flash-skulls-av-studio-by-akka\/","og_site_name":"Like ink","article_publisher":"https:\/\/www.facebook.com\/LikeInkSe","article_modified_time":"2026-04-28T08:50:57+00:00","og_image":[{"width":1668,"height":1179,"url":"https:\/\/likeink.com\/wp-content\/uploads\/2021\/03\/Akka2.jpeg","type":"image\/jpeg"}],"twitter_card":"summary_large_image","twitter_misc":{"Ansl. lesetid":"1 minutt"},"schema":{"@context":"https:\/\/schema.org","@graph":[{"@type":"WebPage","@id":"https:\/\/likeink.com\/no\/faketatureringar\/flash-skulls-av-studio-by-akka\/","url":"https:\/\/likeink.com\/no\/faketatureringar\/flash-skulls-av-studio-by-akka\/","name":"Skull Tattoos: A5-ark med Fake Tattoo-design av Akkas Tattoo - Like ink","isPartOf":{"@id":"https:\/\/likeink.com\/no\/#website"},"primaryImageOfPage":{"@id":"https:\/\/likeink.com\/no\/faketatureringar\/flash-skulls-av-studio-by-akka\/#primaryimage"},"image":{"@id":"https:\/\/likeink.com\/no\/faketatureringar\/flash-skulls-av-studio-by-akka\/#primaryimage"},"thumbnailUrl":"https:\/\/likeink.com\/wp-content\/uploads\/2021\/03\/Akka2.jpeg","datePublished":"2025-12-15T09:36:43+00:00","dateModified":"2026-04-28T08:50:57+00:00","description":"Skull Tattoos: Bestill dette arket med falske tatoveringer designet av Annica hos Akkas Tattoo i Sverige. Gratis frakt over hele verden! - Like ink","breadcrumb":{"@id":"https:\/\/likeink.com\/no\/faketatureringar\/flash-skulls-av-studio-by-akka\/#breadcrumb"},"inLanguage":"nb-NO","potentialAction":[{"@type":"ReadAction","target":["https:\/\/likeink.com\/no\/faketatureringar\/flash-skulls-av-studio-by-akka\/"]}]},{"@type":"ImageObject","inLanguage":"nb-NO","@id":"https:\/\/likeink.com\/no\/faketatureringar\/flash-skulls-av-studio-by-akka\/#primaryimage","url":"https:\/\/likeink.com\/wp-content\/uploads\/2021\/03\/Akka2.jpeg","contentUrl":"https:\/\/likeink.com\/wp-content\/uploads\/2021\/03\/Akka2.jpeg","width":1668,"height":1179,"caption":"Buy Temporary Tattoos designed by Akkas Tattoo."},{"@type":"BreadcrumbList","@id":"https:\/\/likeink.com\/no\/faketatureringar\/flash-skulls-av-studio-by-akka\/#breadcrumb","itemListElement":[{"@type":"ListItem","position":1,"name":"Hem","item":"https:\/\/likeink.com\/no\/"},{"@type":"ListItem","position":2,"name":"Butikk","item":"https:\/\/likeink.com\/no\/butikk\/"},{"@type":"ListItem","position":3,"name":"Flash \u00abSkulls\u00bb av Studio by Akka"}]},{"@type":"WebSite","@id":"https:\/\/likeink.com\/no\/#website","url":"https:\/\/likeink.com\/no\/","name":"Like ink","description":"Make your own custom design","potentialAction":[{"@type":"SearchAction","target":{"@type":"EntryPoint","urlTemplate":"https:\/\/likeink.com\/no\/?s={search_term_string}"},"query-input":{"@type":"PropertyValueSpecification","valueRequired":true,"valueName":"search_term_string"}}],"inLanguage":"nb-NO"}]}},"_links":{"self":[{"href":"https:\/\/likeink.com\/no\/wp-json\/wp\/v2\/product\/54468","targetHints":{"allow":["GET"]}}],"collection":[{"href":"https:\/\/likeink.com\/no\/wp-json\/wp\/v2\/product"}],"about":[{"href":"https:\/\/likeink.com\/no\/wp-json\/wp\/v2\/types\/product"}],"wp:featuredmedia":[{"embeddable":true,"href":"https:\/\/likeink.com\/no\/wp-json\/wp\/v2\/media\/54469"}],"wp:attachment":[{"href":"https:\/\/likeink.com\/no\/wp-json\/wp\/v2\/media?parent=54468"}],"wp:term":[{"taxonomy":"product_brand","embeddable":true,"href":"https:\/\/likeink.com\/no\/wp-json\/wp\/v2\/product_brand?post=54468"},{"taxonomy":"product_cat","embeddable":true,"href":"https:\/\/likeink.com\/no\/wp-json\/wp\/v2\/product_cat?post=54468"},{"taxonomy":"product_tag","embeddable":true,"href":"https:\/\/likeink.com\/no\/wp-json\/wp\/v2\/product_tag?post=54468"}],"curies":[{"name":"wp","href":"https:\/\/api.w.org\/{rel}","templated":true}]}}