{"id":54470,"date":"2021-03-01T13:27:07","date_gmt":"2025-12-15T09:36:44","guid":{"rendered":"https:\/\/likeink.com\/gnuggis\/flash-mermaid-av-lotte-pa-malort\/"},"modified":"2026-04-28T07:38:21","modified_gmt":"2026-04-28T07:38:21","slug":"flash-mermaid-av-lotte-pa-malort","status":"publish","type":"product","link":"https:\/\/likeink.com\/no\/faketatureringar\/flash-mermaid-av-lotte-pa-malort\/","title":{"rendered":"Flash \u00abMermaid\u00bb av Lotte p\u00e5 Mal\u00f6rt"},"content":{"rendered":"","protected":false},"excerpt":{"rendered":"<p>V\u00e5re ferdige engangsark med midlertidige tatoveringer er cirka 20\u00d715 cm og fylt med designet du ser p\u00e5 bildet. For \u00e5 sikre at du blir forn\u00f8yd trykker og sender vi arket innen 24 timer etter bestillingen din. Dette arket er designet av den talentfulle tatov\u00f8ren Lotte hos Mal\u00f6rt i Malm\u00f6.<\/p>\n<h2>Mal\u00f6rt fake tatoveringer. Design av tatov\u00f8ren Lotte hos Mal\u00f6rt.<\/h2>\n<p><strong>Dette er Lotte:<\/strong><br \/>\nJeg er tatov\u00f8r fra Norge. Jeg startet som l\u00e6rling i 2009 og har jobbet i England og Danmark f\u00f8r jeg til slutt havnet i fantastiske Malm\u00f6, hvor jeg er medeier i en flott studio som heter Mal\u00f6rt Tatuering.<br \/>\nJeg elsker \u00e5 tegne, male og tatovere i farger samt i black and grey. Jeg h\u00e5per du liker disse illustrasjonene.<\/p>\n<p><strong>Ta kontakt med Lotte<\/strong><\/p>\n<p><strong>Instagram:<\/strong><br \/>\n@lottetattoo<\/p>\n<p><strong>Studio:<\/strong><br \/>\nMal\u00f6rt Tatuering @malortmalmo<\/p>\n<p><strong>Adresse:<\/strong><br \/>\nFriisgatan 10, 211 46 MALM\u00d6<\/p>\n<p><strong>Nettside:<\/strong><br \/>\nwww.malortmalmo.se<\/p>\n","protected":false},"featured_media":60122,"template":"","meta":[],"product_brand":[],"product_cat":[365,505],"product_tag":[],"class_list":{"0":"post-54470","1":"product","2":"type-product","3":"status-publish","4":"has-post-thumbnail","6":"product_cat-ferdige-ark","7":"product_cat-samarbeid-med-tatovorer","9":"first","10":"instock","11":"taxable","12":"shipping-taxable","13":"purchasable","14":"product-type-simple"},"yoast_head":"<!-- This site is optimized with the Yoast SEO Premium plugin v27.5 (Yoast SEO v27.6) - https:\/\/yoast.com\/product\/yoast-seo-premium-wordpress\/ -->\n<title>Mal\u00f6rt Fake Tattoos | Tatoveringskunstneren Lotte hos Mal\u00f6rt - Like ink<\/title>\n<meta name=\"description\" content=\"Kj\u00f8p falske tatoveringer med design fra tatoveringskunstneren Lotte hos Mal\u00f6rt. Design av Mal\u00f6rt Vi tilbyr raske leveranser og gratis frakt - Like ink\" \/>\n<meta name=\"robots\" content=\"index, follow, max-snippet:-1, max-image-preview:large, max-video-preview:-1\" \/>\n<link rel=\"canonical\" href=\"https:\/\/likeink.com\/no\/faketatureringar\/flash-mermaid-av-lotte-pa-malort\/\" \/>\n<meta property=\"og:locale\" content=\"nb_NO\" \/>\n<meta property=\"og:type\" content=\"article\" \/>\n<meta property=\"og:title\" content=\"Flash \u00abMermaid\u00bb av Lotte p\u00e5 Mal\u00f6rt\" \/>\n<meta property=\"og:description\" content=\"V\u00e5re ferdige engangsark med midlertidige tatoveringer er cirka 20\u00d715 cm og fylt med designet du ser p\u00e5 bildet. For \u00e5 sikre at du blir forn\u00f8yd trykker og sender vi arket innen 24 timer etter bestillingen din. Dette arket er designet av den talentfulle tatov\u00f8ren Lotte hos Mal\u00f6rt i Malm\u00f6. Mal\u00f6rt fake tatoveringer. Design av tatov\u00f8ren Lotte hos Mal\u00f6rt. Dette er Lotte: Jeg er tatov\u00f8r fra Norge. Jeg startet som l\u00e6rling i 2009 og har jobbet i England og Danmark f\u00f8r jeg til slutt havnet i fantastiske Malm\u00f6, hvor jeg er medeier i en flott studio som heter Mal\u00f6rt Tatuering. Jeg elsker \u00e5 tegne, male og tatovere i farger samt i black and grey. Jeg h\u00e5per du liker disse illustrasjonene.  Ta kontakt med Lotte  Instagram: @lottetattoo  Studio: Mal\u00f6rt Tatuering @malortmalmo  Adresse: Friisgatan 10, 211 46 MALM\u00d6  Nettside: www.malortmalmo.se\" \/>\n<meta property=\"og:url\" content=\"https:\/\/likeink.com\/no\/faketatureringar\/flash-mermaid-av-lotte-pa-malort\/\" \/>\n<meta property=\"og:site_name\" content=\"Like ink\" \/>\n<meta property=\"article:publisher\" content=\"https:\/\/www.facebook.com\/LikeInkSe\" \/>\n<meta property=\"article:modified_time\" content=\"2026-04-28T07:38:21+00:00\" \/>\n<meta property=\"og:image\" content=\"https:\/\/likeink.com\/wp-content\/uploads\/2026\/03\/Malort-Malmo-Tattoo-likeink.jpg\" \/>\n\t<meta property=\"og:image:width\" content=\"1800\" \/>\n\t<meta property=\"og:image:height\" content=\"1268\" \/>\n\t<meta property=\"og:image:type\" content=\"image\/jpeg\" \/>\n<meta name=\"twitter:card\" content=\"summary_large_image\" \/>\n<meta name=\"twitter:label1\" content=\"Ansl. lesetid\" \/>\n\t<meta name=\"twitter:data1\" content=\"1 minutt\" \/>\n<!-- \/ Yoast SEO Premium plugin. -->","yoast_head_json":{"title":"Mal\u00f6rt Fake Tattoos | Tatoveringskunstneren Lotte hos Mal\u00f6rt - Like ink","description":"Kj\u00f8p falske tatoveringer med design fra tatoveringskunstneren Lotte hos Mal\u00f6rt. Design av Mal\u00f6rt Vi tilbyr raske leveranser og gratis frakt - Like ink","robots":{"index":"index","follow":"follow","max-snippet":"max-snippet:-1","max-image-preview":"max-image-preview:large","max-video-preview":"max-video-preview:-1"},"canonical":"https:\/\/likeink.com\/no\/faketatureringar\/flash-mermaid-av-lotte-pa-malort\/","og_locale":"nb_NO","og_type":"article","og_title":"Flash \u00abMermaid\u00bb av Lotte p\u00e5 Mal\u00f6rt","og_description":"V\u00e5re ferdige engangsark med midlertidige tatoveringer er cirka 20\u00d715 cm og fylt med designet du ser p\u00e5 bildet. For \u00e5 sikre at du blir forn\u00f8yd trykker og sender vi arket innen 24 timer etter bestillingen din. Dette arket er designet av den talentfulle tatov\u00f8ren Lotte hos Mal\u00f6rt i Malm\u00f6. Mal\u00f6rt fake tatoveringer. Design av tatov\u00f8ren Lotte hos Mal\u00f6rt. Dette er Lotte: Jeg er tatov\u00f8r fra Norge. Jeg startet som l\u00e6rling i 2009 og har jobbet i England og Danmark f\u00f8r jeg til slutt havnet i fantastiske Malm\u00f6, hvor jeg er medeier i en flott studio som heter Mal\u00f6rt Tatuering. Jeg elsker \u00e5 tegne, male og tatovere i farger samt i black and grey. Jeg h\u00e5per du liker disse illustrasjonene.  Ta kontakt med Lotte  Instagram: @lottetattoo  Studio: Mal\u00f6rt Tatuering @malortmalmo  Adresse: Friisgatan 10, 211 46 MALM\u00d6  Nettside: www.malortmalmo.se","og_url":"https:\/\/likeink.com\/no\/faketatureringar\/flash-mermaid-av-lotte-pa-malort\/","og_site_name":"Like ink","article_publisher":"https:\/\/www.facebook.com\/LikeInkSe","article_modified_time":"2026-04-28T07:38:21+00:00","og_image":[{"width":1800,"height":1268,"url":"https:\/\/likeink.com\/wp-content\/uploads\/2026\/03\/Malort-Malmo-Tattoo-likeink.jpg","type":"image\/jpeg"}],"twitter_card":"summary_large_image","twitter_misc":{"Ansl. lesetid":"1 minutt"},"schema":{"@context":"https:\/\/schema.org","@graph":[{"@type":"WebPage","@id":"https:\/\/likeink.com\/no\/faketatureringar\/flash-mermaid-av-lotte-pa-malort\/","url":"https:\/\/likeink.com\/no\/faketatureringar\/flash-mermaid-av-lotte-pa-malort\/","name":"Mal\u00f6rt Fake Tattoos | Tatoveringskunstneren Lotte hos Mal\u00f6rt - Like ink","isPartOf":{"@id":"https:\/\/likeink.com\/no\/#website"},"primaryImageOfPage":{"@id":"https:\/\/likeink.com\/no\/faketatureringar\/flash-mermaid-av-lotte-pa-malort\/#primaryimage"},"image":{"@id":"https:\/\/likeink.com\/no\/faketatureringar\/flash-mermaid-av-lotte-pa-malort\/#primaryimage"},"thumbnailUrl":"https:\/\/likeink.com\/wp-content\/uploads\/2026\/03\/Malort-Malmo-Tattoo-likeink.jpg","datePublished":"2025-12-15T09:36:44+00:00","dateModified":"2026-04-28T07:38:21+00:00","description":"Kj\u00f8p falske tatoveringer med design fra tatoveringskunstneren Lotte hos Mal\u00f6rt. Design av Mal\u00f6rt Vi tilbyr raske leveranser og gratis frakt - Like ink","breadcrumb":{"@id":"https:\/\/likeink.com\/no\/faketatureringar\/flash-mermaid-av-lotte-pa-malort\/#breadcrumb"},"inLanguage":"nb-NO","potentialAction":[{"@type":"ReadAction","target":["https:\/\/likeink.com\/no\/faketatureringar\/flash-mermaid-av-lotte-pa-malort\/"]}]},{"@type":"ImageObject","inLanguage":"nb-NO","@id":"https:\/\/likeink.com\/no\/faketatureringar\/flash-mermaid-av-lotte-pa-malort\/#primaryimage","url":"https:\/\/likeink.com\/wp-content\/uploads\/2026\/03\/Malort-Malmo-Tattoo-likeink.jpg","contentUrl":"https:\/\/likeink.com\/wp-content\/uploads\/2026\/03\/Malort-Malmo-Tattoo-likeink.jpg","width":1800,"height":1268,"caption":"En collage av fargerike illustrasjoner i tatoveringsstil: delfiner, edderkopper, en vase med blomster, havfruer som holder en r\u00f8d bue, et skjell, utsmykkede slanger og abstrakte blomstermotiver, med MAL\u00d6RT-tekst \u00f8verst i midten."},{"@type":"BreadcrumbList","@id":"https:\/\/likeink.com\/no\/faketatureringar\/flash-mermaid-av-lotte-pa-malort\/#breadcrumb","itemListElement":[{"@type":"ListItem","position":1,"name":"Hem","item":"https:\/\/likeink.com\/no\/"},{"@type":"ListItem","position":2,"name":"Butikk","item":"https:\/\/likeink.com\/no\/butikk\/"},{"@type":"ListItem","position":3,"name":"Flash \u00abMermaid\u00bb av Lotte p\u00e5 Mal\u00f6rt"}]},{"@type":"WebSite","@id":"https:\/\/likeink.com\/no\/#website","url":"https:\/\/likeink.com\/no\/","name":"Like ink","description":"Make your own custom design","potentialAction":[{"@type":"SearchAction","target":{"@type":"EntryPoint","urlTemplate":"https:\/\/likeink.com\/no\/?s={search_term_string}"},"query-input":{"@type":"PropertyValueSpecification","valueRequired":true,"valueName":"search_term_string"}}],"inLanguage":"nb-NO"}]}},"_links":{"self":[{"href":"https:\/\/likeink.com\/no\/wp-json\/wp\/v2\/product\/54470","targetHints":{"allow":["GET"]}}],"collection":[{"href":"https:\/\/likeink.com\/no\/wp-json\/wp\/v2\/product"}],"about":[{"href":"https:\/\/likeink.com\/no\/wp-json\/wp\/v2\/types\/product"}],"wp:featuredmedia":[{"embeddable":true,"href":"https:\/\/likeink.com\/no\/wp-json\/wp\/v2\/media\/60122"}],"wp:attachment":[{"href":"https:\/\/likeink.com\/no\/wp-json\/wp\/v2\/media?parent=54470"}],"wp:term":[{"taxonomy":"product_brand","embeddable":true,"href":"https:\/\/likeink.com\/no\/wp-json\/wp\/v2\/product_brand?post=54470"},{"taxonomy":"product_cat","embeddable":true,"href":"https:\/\/likeink.com\/no\/wp-json\/wp\/v2\/product_cat?post=54470"},{"taxonomy":"product_tag","embeddable":true,"href":"https:\/\/likeink.com\/no\/wp-json\/wp\/v2\/product_tag?post=54470"}],"curies":[{"name":"wp","href":"https:\/\/api.w.org\/{rel}","templated":true}]}}