{"id":54484,"date":"2021-02-09T14:39:29","date_gmt":"2025-12-15T09:36:51","guid":{"rendered":"https:\/\/likeink.com\/gnuggis\/pride-tatoveringer\/"},"modified":"2026-01-30T11:39:53","modified_gmt":"2026-01-30T11:39:53","slug":"pride-tatoveringer","status":"publish","type":"product","link":"https:\/\/likeink.com\/no\/faketatureringar\/pride-tatoveringer\/","title":{"rendered":"Pride-tatoveringer"},"content":{"rendered":"","protected":false},"excerpt":{"rendered":"<p>V\u00e5re ferdige ark med midlertidige tatoveringer m\u00e5ler omtrent 20 x 15 cm og er fylt med designet du ser p\u00e5 bildet. Kanskje du liker det du ser, eller kanskje du vil sjekke kvaliteten f\u00f8r du legger inn en st\u00f8rre bestilling med ditt eget design. Uansett hva du velger, vil vi trykke og sende arket med midlertidige tatoveringer innen 24 timer etter bestillingen.<\/p>\n","protected":false},"featured_media":0,"template":"","meta":[],"product_brand":[],"product_cat":[16],"product_tag":[],"class_list":{"0":"post-54484","1":"product","2":"type-product","3":"status-publish","5":"product_cat-okategoriserad","7":"first","8":"instock","9":"taxable","10":"shipping-taxable","11":"product-type-simple"},"yoast_head":"<!-- This site is optimized with the Yoast SEO Premium plugin v26.2 (Yoast SEO v27.4) - https:\/\/yoast.com\/product\/yoast-seo-premium-wordpress\/ -->\n<title>Pride-tatoveringer - Like ink<\/title>\n<meta name=\"description\" content=\"V\u00e5re ferdige ark med midlertidige tatoveringer m\u00e5ler ca. 20 x 15 cm og er fylt med motivet du ser p\u00e5 bildet. Stolthet og farger for alle. - Like Ink\" \/>\n<meta name=\"robots\" content=\"index, follow, max-snippet:-1, max-image-preview:large, max-video-preview:-1\" \/>\n<link rel=\"canonical\" href=\"https:\/\/likeink.com\/no\/faketatureringar\/pride-tatoveringer\/\" \/>\n<meta property=\"og:locale\" content=\"nb_NO\" \/>\n<meta property=\"og:type\" content=\"article\" \/>\n<meta property=\"og:title\" content=\"Pride-tatoveringer\" \/>\n<meta property=\"og:description\" content=\"V\u00e5re ferdige ark med midlertidige tatoveringer m\u00e5ler omtrent 20 x 15 cm og er fylt med designet du ser p\u00e5 bildet. Kanskje du liker det du ser, eller kanskje du vil sjekke kvaliteten f\u00f8r du legger inn en st\u00f8rre bestilling med ditt eget design. Uansett hva du velger, vil vi trykke og sende arket med midlertidige tatoveringer innen 24 timer etter bestillingen.\" \/>\n<meta property=\"og:url\" content=\"https:\/\/likeink.com\/no\/faketatureringar\/pride-tatoveringer\/\" \/>\n<meta property=\"og:site_name\" content=\"Like ink\" \/>\n<meta property=\"article:publisher\" content=\"https:\/\/www.facebook.com\/LikeInkSe\" \/>\n<meta property=\"article:modified_time\" content=\"2026-01-30T11:39:53+00:00\" \/>\n<meta name=\"twitter:card\" content=\"summary_large_image\" \/>\n<script type=\"application\/ld+json\" class=\"yoast-schema-graph\">{\"@context\":\"https:\\\/\\\/schema.org\",\"@graph\":[{\"@type\":\"WebPage\",\"@id\":\"https:\\\/\\\/likeink.com\\\/no\\\/faketatureringar\\\/pride-tatoveringer\\\/\",\"url\":\"https:\\\/\\\/likeink.com\\\/no\\\/faketatureringar\\\/pride-tatoveringer\\\/\",\"name\":\"Pride-tatoveringer - Like ink\",\"isPartOf\":{\"@id\":\"https:\\\/\\\/likeink.com\\\/no\\\/#website\"},\"datePublished\":\"2025-12-15T09:36:51+00:00\",\"dateModified\":\"2026-01-30T11:39:53+00:00\",\"description\":\"V\u00e5re ferdige ark med midlertidige tatoveringer m\u00e5ler ca. 20 x 15 cm og er fylt med motivet du ser p\u00e5 bildet. Stolthet og farger for alle. - Like Ink\",\"breadcrumb\":{\"@id\":\"https:\\\/\\\/likeink.com\\\/no\\\/faketatureringar\\\/pride-tatoveringer\\\/#breadcrumb\"},\"inLanguage\":\"nb-NO\",\"potentialAction\":[{\"@type\":\"ReadAction\",\"target\":[\"https:\\\/\\\/likeink.com\\\/no\\\/faketatureringar\\\/pride-tatoveringer\\\/\"]}]},{\"@type\":\"BreadcrumbList\",\"@id\":\"https:\\\/\\\/likeink.com\\\/no\\\/faketatureringar\\\/pride-tatoveringer\\\/#breadcrumb\",\"itemListElement\":[{\"@type\":\"ListItem\",\"position\":1,\"name\":\"Hem\",\"item\":\"https:\\\/\\\/likeink.com\\\/no\\\/\"},{\"@type\":\"ListItem\",\"position\":2,\"name\":\"Butikk\",\"item\":\"https:\\\/\\\/likeink.com\\\/no\\\/butikk\\\/\"},{\"@type\":\"ListItem\",\"position\":3,\"name\":\"Pride-tatoveringer\"}]},{\"@type\":\"WebSite\",\"@id\":\"https:\\\/\\\/likeink.com\\\/no\\\/#website\",\"url\":\"https:\\\/\\\/likeink.com\\\/no\\\/\",\"name\":\"Like ink\",\"description\":\"Make your own custom design\",\"potentialAction\":[{\"@type\":\"SearchAction\",\"target\":{\"@type\":\"EntryPoint\",\"urlTemplate\":\"https:\\\/\\\/likeink.com\\\/no\\\/?s={search_term_string}\"},\"query-input\":{\"@type\":\"PropertyValueSpecification\",\"valueRequired\":true,\"valueName\":\"search_term_string\"}}],\"inLanguage\":\"nb-NO\"}]}<\/script>\n<!-- \/ Yoast SEO Premium plugin. -->","yoast_head_json":{"title":"Pride-tatoveringer - Like ink","description":"V\u00e5re ferdige ark med midlertidige tatoveringer m\u00e5ler ca. 20 x 15 cm og er fylt med motivet du ser p\u00e5 bildet. Stolthet og farger for alle. - Like Ink","robots":{"index":"index","follow":"follow","max-snippet":"max-snippet:-1","max-image-preview":"max-image-preview:large","max-video-preview":"max-video-preview:-1"},"canonical":"https:\/\/likeink.com\/no\/faketatureringar\/pride-tatoveringer\/","og_locale":"nb_NO","og_type":"article","og_title":"Pride-tatoveringer","og_description":"V\u00e5re ferdige ark med midlertidige tatoveringer m\u00e5ler omtrent 20 x 15 cm og er fylt med designet du ser p\u00e5 bildet. Kanskje du liker det du ser, eller kanskje du vil sjekke kvaliteten f\u00f8r du legger inn en st\u00f8rre bestilling med ditt eget design. Uansett hva du velger, vil vi trykke og sende arket med midlertidige tatoveringer innen 24 timer etter bestillingen.","og_url":"https:\/\/likeink.com\/no\/faketatureringar\/pride-tatoveringer\/","og_site_name":"Like ink","article_publisher":"https:\/\/www.facebook.com\/LikeInkSe","article_modified_time":"2026-01-30T11:39:53+00:00","twitter_card":"summary_large_image","schema":{"@context":"https:\/\/schema.org","@graph":[{"@type":"WebPage","@id":"https:\/\/likeink.com\/no\/faketatureringar\/pride-tatoveringer\/","url":"https:\/\/likeink.com\/no\/faketatureringar\/pride-tatoveringer\/","name":"Pride-tatoveringer - Like ink","isPartOf":{"@id":"https:\/\/likeink.com\/no\/#website"},"datePublished":"2025-12-15T09:36:51+00:00","dateModified":"2026-01-30T11:39:53+00:00","description":"V\u00e5re ferdige ark med midlertidige tatoveringer m\u00e5ler ca. 20 x 15 cm og er fylt med motivet du ser p\u00e5 bildet. Stolthet og farger for alle. - Like Ink","breadcrumb":{"@id":"https:\/\/likeink.com\/no\/faketatureringar\/pride-tatoveringer\/#breadcrumb"},"inLanguage":"nb-NO","potentialAction":[{"@type":"ReadAction","target":["https:\/\/likeink.com\/no\/faketatureringar\/pride-tatoveringer\/"]}]},{"@type":"BreadcrumbList","@id":"https:\/\/likeink.com\/no\/faketatureringar\/pride-tatoveringer\/#breadcrumb","itemListElement":[{"@type":"ListItem","position":1,"name":"Hem","item":"https:\/\/likeink.com\/no\/"},{"@type":"ListItem","position":2,"name":"Butikk","item":"https:\/\/likeink.com\/no\/butikk\/"},{"@type":"ListItem","position":3,"name":"Pride-tatoveringer"}]},{"@type":"WebSite","@id":"https:\/\/likeink.com\/no\/#website","url":"https:\/\/likeink.com\/no\/","name":"Like ink","description":"Make your own custom design","potentialAction":[{"@type":"SearchAction","target":{"@type":"EntryPoint","urlTemplate":"https:\/\/likeink.com\/no\/?s={search_term_string}"},"query-input":{"@type":"PropertyValueSpecification","valueRequired":true,"valueName":"search_term_string"}}],"inLanguage":"nb-NO"}]}},"_links":{"self":[{"href":"https:\/\/likeink.com\/no\/wp-json\/wp\/v2\/product\/54484","targetHints":{"allow":["GET"]}}],"collection":[{"href":"https:\/\/likeink.com\/no\/wp-json\/wp\/v2\/product"}],"about":[{"href":"https:\/\/likeink.com\/no\/wp-json\/wp\/v2\/types\/product"}],"wp:attachment":[{"href":"https:\/\/likeink.com\/no\/wp-json\/wp\/v2\/media?parent=54484"}],"wp:term":[{"taxonomy":"product_brand","embeddable":true,"href":"https:\/\/likeink.com\/no\/wp-json\/wp\/v2\/product_brand?post=54484"},{"taxonomy":"product_cat","embeddable":true,"href":"https:\/\/likeink.com\/no\/wp-json\/wp\/v2\/product_cat?post=54484"},{"taxonomy":"product_tag","embeddable":true,"href":"https:\/\/likeink.com\/no\/wp-json\/wp\/v2\/product_tag?post=54484"}],"curies":[{"name":"wp","href":"https:\/\/api.w.org\/{rel}","templated":true}]}}