{"id":54488,"date":"2020-12-07T22:09:51","date_gmt":"2025-12-15T09:36:54","guid":{"rendered":"https:\/\/likeink.com\/gnuggis\/flash-forest-animals-av-wimans-tattoo\/"},"modified":"2026-04-28T09:43:30","modified_gmt":"2026-04-28T09:43:30","slug":"flash-forest-animals-av-wimans-tattoo","status":"publish","type":"product","link":"https:\/\/likeink.com\/no\/faketatureringar\/flash-forest-animals-av-wimans-tattoo\/","title":{"rendered":"Flash \u00abForest Animals\u00bb av Wimans Tattoo"},"content":{"rendered":"","protected":false},"excerpt":{"rendered":"<p>V\u00e5re ferdige ark med midlertidige tatoveringer er cirka 20\u00d715 cm store og fylt med designet du ser p\u00e5 bildet. Vi trykker og sender arket ditt med disse fine tatoveringene innen 24 timer etter at du har bestilt.<\/p>\n<h2>Midlertidige tatoveringer Flash &#8220;Forest Animals&#8221; av @blackmagicjake<\/h2>\n<p>Dette arket er designet av den dyktige tatov\u00f8ren Jacob Wiman fra Wimans Tattoo i Karlshamn. Veldig g\u00f8y \u00e5 kunne tilby kunst fra Jake, som ogs\u00e5 har tatovert meg p\u00e5 ordentlig.<\/p>\n<p><strong>This is Jake:<\/strong><br \/>\nJeg er en andre generasjons tatov\u00f8r som har drevet egen virksomhet siden 2010. Jeg har vokst opp i og rundt en tatov\u00f8rsalong. Nylig flyttet jeg fra Malm\u00f6, hvor jeg har jobbet de siste fem \u00e5rene. N\u00e5 flytter jeg hjem til hjembyen min Karlshamn for \u00e5 starte en ny tatov\u00f8rsalong.<\/p>\n<p>Gjennom \u00e5rene har jeg reist verden rundt for \u00e5 delta p\u00e5 conventions og gj\u00f8re guest spots. Jeg har vunnet noen tatoveringskonkurranser, sett mange vakre steder, drukket litt for mye vin av og til, delt god mat og viktigst av alt hatt det veldig g\u00f8y med \u00e5 m\u00f8te fantastiske mennesker i bransjen.<\/p>\n<p>Jeg h\u00e5per du liker kunsten min. Dette er et utvalg skisser som gjennom \u00e5rene har blitt til tatoveringer jeg har laget p\u00e5 folk.<\/p>\n<p>Kj\u00e6rlighet<br \/>\nJacob Wiman<\/p>\n<p><strong>Ta kontakt med Jake:<\/strong><\/p>\n<p><strong>Instagram:<\/strong><br \/>\n@blackmagicjake<\/p>\n<p><strong>Studio:<\/strong><br \/>\nWimans Tattoo<\/p>\n<p><strong>Adresse:<\/strong><br \/>\nNorra Fogdelyckegatan 33, 374 38 Karlshamn<\/p>\n<p><strong>Nettside:<\/strong><br \/>\nwww.wimanstattoo.com<\/p>\n","protected":false},"featured_media":60185,"template":"","meta":[],"product_brand":[],"product_cat":[524,365,505],"product_tag":[],"class_list":{"0":"post-54488","1":"product","2":"type-product","3":"status-publish","4":"has-post-thumbnail","6":"product_cat-dyr-natur-no","7":"product_cat-ferdige-ark","8":"product_cat-samarbeid-med-tatovorer","10":"first","11":"instock","12":"taxable","13":"shipping-taxable","14":"purchasable","15":"product-type-simple"},"yoast_head":"<!-- This site is optimized with the Yoast SEO Premium plugin v26.2 (Yoast SEO v27.5) - https:\/\/yoast.com\/product\/yoast-seo-premium-wordpress\/ -->\n<title>Midlertidige tatoveringsdesign av Black Magic Jake - Like ink<\/title>\n<meta name=\"description\" content=\"A5-ark med noen av de talentfulle tatoveringskunstneren Black Magic Jakes&#039; tatoveringstegninger. Tatoveringstegningene er superrealistiske.\" \/>\n<meta name=\"robots\" content=\"index, follow, max-snippet:-1, max-image-preview:large, max-video-preview:-1\" \/>\n<link rel=\"canonical\" href=\"https:\/\/likeink.com\/no\/faketatureringar\/flash-forest-animals-av-wimans-tattoo\/\" \/>\n<meta property=\"og:locale\" content=\"nb_NO\" \/>\n<meta property=\"og:type\" content=\"article\" \/>\n<meta property=\"og:title\" content=\"Flash \u00abForest Animals\u00bb av Wimans Tattoo\" \/>\n<meta property=\"og:description\" content=\"V\u00e5re ferdige ark med midlertidige tatoveringer er cirka 20\u00d715 cm store og fylt med designet du ser p\u00e5 bildet. Vi trykker og sender arket ditt med disse fine tatoveringene innen 24 timer etter at du har bestilt. Midlertidige tatoveringer Flash &quot;Forest Animals&quot; av @blackmagicjake Dette arket er designet av den dyktige tatov\u00f8ren Jacob Wiman fra Wimans Tattoo i Karlshamn. Veldig g\u00f8y \u00e5 kunne tilby kunst fra Jake, som ogs\u00e5 har tatovert meg p\u00e5 ordentlig.  This is Jake: Jeg er en andre generasjons tatov\u00f8r som har drevet egen virksomhet siden 2010. Jeg har vokst opp i og rundt en tatov\u00f8rsalong. Nylig flyttet jeg fra Malm\u00f6, hvor jeg har jobbet de siste fem \u00e5rene. N\u00e5 flytter jeg hjem til hjembyen min Karlshamn for \u00e5 starte en ny tatov\u00f8rsalong.  Gjennom \u00e5rene har jeg reist verden rundt for \u00e5 delta p\u00e5 conventions og gj\u00f8re guest spots. Jeg har vunnet noen tatoveringskonkurranser, sett mange vakre steder, drukket litt for mye vin av og til, delt god mat og viktigst av alt hatt det veldig g\u00f8y med \u00e5 m\u00f8te fantastiske mennesker i bransjen.  Jeg h\u00e5per du liker kunsten min. Dette er et utvalg skisser som gjennom \u00e5rene har blitt til tatoveringer jeg har laget p\u00e5 folk.  Kj\u00e6rlighet Jacob Wiman  Ta kontakt med Jake:  Instagram: @blackmagicjake  Studio: Wimans Tattoo  Adresse: Norra Fogdelyckegatan 33, 374 38 Karlshamn  Nettside: www.wimanstattoo.com\" \/>\n<meta property=\"og:url\" content=\"https:\/\/likeink.com\/no\/faketatureringar\/flash-forest-animals-av-wimans-tattoo\/\" \/>\n<meta property=\"og:site_name\" content=\"Like ink\" \/>\n<meta property=\"article:publisher\" content=\"https:\/\/www.facebook.com\/LikeInkSe\" \/>\n<meta property=\"article:modified_time\" content=\"2026-04-28T09:43:30+00:00\" \/>\n<meta property=\"og:image\" content=\"https:\/\/likeink.com\/wp-content\/uploads\/2026\/03\/Wiman-Tattoo-djur-natur-flash-likeink.jpg\" \/>\n\t<meta property=\"og:image:width\" content=\"2481\" \/>\n\t<meta property=\"og:image:height\" content=\"1749\" \/>\n\t<meta property=\"og:image:type\" content=\"image\/jpeg\" \/>\n<meta name=\"twitter:card\" content=\"summary_large_image\" \/>\n<meta name=\"twitter:label1\" content=\"Ansl. lesetid\" \/>\n\t<meta name=\"twitter:data1\" content=\"1 minutt\" \/>\n<!-- \/ Yoast SEO Premium plugin. -->","yoast_head_json":{"title":"Midlertidige tatoveringsdesign av Black Magic Jake - Like ink","description":"A5-ark med noen av de talentfulle tatoveringskunstneren Black Magic Jakes' tatoveringstegninger. Tatoveringstegningene er superrealistiske.","robots":{"index":"index","follow":"follow","max-snippet":"max-snippet:-1","max-image-preview":"max-image-preview:large","max-video-preview":"max-video-preview:-1"},"canonical":"https:\/\/likeink.com\/no\/faketatureringar\/flash-forest-animals-av-wimans-tattoo\/","og_locale":"nb_NO","og_type":"article","og_title":"Flash \u00abForest Animals\u00bb av Wimans Tattoo","og_description":"V\u00e5re ferdige ark med midlertidige tatoveringer er cirka 20\u00d715 cm store og fylt med designet du ser p\u00e5 bildet. Vi trykker og sender arket ditt med disse fine tatoveringene innen 24 timer etter at du har bestilt. Midlertidige tatoveringer Flash \"Forest Animals\" av @blackmagicjake Dette arket er designet av den dyktige tatov\u00f8ren Jacob Wiman fra Wimans Tattoo i Karlshamn. Veldig g\u00f8y \u00e5 kunne tilby kunst fra Jake, som ogs\u00e5 har tatovert meg p\u00e5 ordentlig.  This is Jake: Jeg er en andre generasjons tatov\u00f8r som har drevet egen virksomhet siden 2010. Jeg har vokst opp i og rundt en tatov\u00f8rsalong. Nylig flyttet jeg fra Malm\u00f6, hvor jeg har jobbet de siste fem \u00e5rene. N\u00e5 flytter jeg hjem til hjembyen min Karlshamn for \u00e5 starte en ny tatov\u00f8rsalong.  Gjennom \u00e5rene har jeg reist verden rundt for \u00e5 delta p\u00e5 conventions og gj\u00f8re guest spots. Jeg har vunnet noen tatoveringskonkurranser, sett mange vakre steder, drukket litt for mye vin av og til, delt god mat og viktigst av alt hatt det veldig g\u00f8y med \u00e5 m\u00f8te fantastiske mennesker i bransjen.  Jeg h\u00e5per du liker kunsten min. Dette er et utvalg skisser som gjennom \u00e5rene har blitt til tatoveringer jeg har laget p\u00e5 folk.  Kj\u00e6rlighet Jacob Wiman  Ta kontakt med Jake:  Instagram: @blackmagicjake  Studio: Wimans Tattoo  Adresse: Norra Fogdelyckegatan 33, 374 38 Karlshamn  Nettside: www.wimanstattoo.com","og_url":"https:\/\/likeink.com\/no\/faketatureringar\/flash-forest-animals-av-wimans-tattoo\/","og_site_name":"Like ink","article_publisher":"https:\/\/www.facebook.com\/LikeInkSe","article_modified_time":"2026-04-28T09:43:30+00:00","og_image":[{"width":2481,"height":1749,"url":"https:\/\/likeink.com\/wp-content\/uploads\/2026\/03\/Wiman-Tattoo-djur-natur-flash-likeink.jpg","type":"image\/jpeg"}],"twitter_card":"summary_large_image","twitter_misc":{"Ansl. lesetid":"1 minutt"},"schema":{"@context":"https:\/\/schema.org","@graph":[{"@type":"WebPage","@id":"https:\/\/likeink.com\/no\/faketatureringar\/flash-forest-animals-av-wimans-tattoo\/","url":"https:\/\/likeink.com\/no\/faketatureringar\/flash-forest-animals-av-wimans-tattoo\/","name":"Midlertidige tatoveringsdesign av Black Magic Jake - Like ink","isPartOf":{"@id":"https:\/\/likeink.com\/no\/#website"},"primaryImageOfPage":{"@id":"https:\/\/likeink.com\/no\/faketatureringar\/flash-forest-animals-av-wimans-tattoo\/#primaryimage"},"image":{"@id":"https:\/\/likeink.com\/no\/faketatureringar\/flash-forest-animals-av-wimans-tattoo\/#primaryimage"},"thumbnailUrl":"https:\/\/likeink.com\/wp-content\/uploads\/2026\/03\/Wiman-Tattoo-djur-natur-flash-likeink.jpg","datePublished":"2025-12-15T09:36:54+00:00","dateModified":"2026-04-28T09:43:30+00:00","description":"A5-ark med noen av de talentfulle tatoveringskunstneren Black Magic Jakes' tatoveringstegninger. Tatoveringstegningene er superrealistiske.","breadcrumb":{"@id":"https:\/\/likeink.com\/no\/faketatureringar\/flash-forest-animals-av-wimans-tattoo\/#breadcrumb"},"inLanguage":"nb-NO","potentialAction":[{"@type":"ReadAction","target":["https:\/\/likeink.com\/no\/faketatureringar\/flash-forest-animals-av-wimans-tattoo\/"]}]},{"@type":"ImageObject","inLanguage":"nb-NO","@id":"https:\/\/likeink.com\/no\/faketatureringar\/flash-forest-animals-av-wimans-tattoo\/#primaryimage","url":"https:\/\/likeink.com\/wp-content\/uploads\/2026\/03\/Wiman-Tattoo-djur-natur-flash-likeink.jpg","contentUrl":"https:\/\/likeink.com\/wp-content\/uploads\/2026\/03\/Wiman-Tattoo-djur-natur-flash-likeink.jpg","width":2481,"height":1749,"caption":"En samling livlige dyre- og naturillustrasjoner, blant annet ekorn med solsikker, en bj\u00f8rn med gule blomster, fugler, kolibrier, kongler og en sammenrullet slange omgitt av blader og blomster."},{"@type":"BreadcrumbList","@id":"https:\/\/likeink.com\/no\/faketatureringar\/flash-forest-animals-av-wimans-tattoo\/#breadcrumb","itemListElement":[{"@type":"ListItem","position":1,"name":"Hem","item":"https:\/\/likeink.com\/no\/"},{"@type":"ListItem","position":2,"name":"Butikk","item":"https:\/\/likeink.com\/no\/butikk\/"},{"@type":"ListItem","position":3,"name":"Flash \u00abForest Animals\u00bb av Wimans Tattoo"}]},{"@type":"WebSite","@id":"https:\/\/likeink.com\/no\/#website","url":"https:\/\/likeink.com\/no\/","name":"Like ink","description":"Make your own custom design","potentialAction":[{"@type":"SearchAction","target":{"@type":"EntryPoint","urlTemplate":"https:\/\/likeink.com\/no\/?s={search_term_string}"},"query-input":{"@type":"PropertyValueSpecification","valueRequired":true,"valueName":"search_term_string"}}],"inLanguage":"nb-NO"}]}},"_links":{"self":[{"href":"https:\/\/likeink.com\/no\/wp-json\/wp\/v2\/product\/54488","targetHints":{"allow":["GET"]}}],"collection":[{"href":"https:\/\/likeink.com\/no\/wp-json\/wp\/v2\/product"}],"about":[{"href":"https:\/\/likeink.com\/no\/wp-json\/wp\/v2\/types\/product"}],"wp:featuredmedia":[{"embeddable":true,"href":"https:\/\/likeink.com\/no\/wp-json\/wp\/v2\/media\/60185"}],"wp:attachment":[{"href":"https:\/\/likeink.com\/no\/wp-json\/wp\/v2\/media?parent=54488"}],"wp:term":[{"taxonomy":"product_brand","embeddable":true,"href":"https:\/\/likeink.com\/no\/wp-json\/wp\/v2\/product_brand?post=54488"},{"taxonomy":"product_cat","embeddable":true,"href":"https:\/\/likeink.com\/no\/wp-json\/wp\/v2\/product_cat?post=54488"},{"taxonomy":"product_tag","embeddable":true,"href":"https:\/\/likeink.com\/no\/wp-json\/wp\/v2\/product_tag?post=54488"}],"curies":[{"name":"wp","href":"https:\/\/api.w.org\/{rel}","templated":true}]}}