{"id":54494,"date":"2020-12-07T21:23:46","date_gmt":"2025-12-15T09:36:57","guid":{"rendered":"https:\/\/likeink.com\/gnuggis\/flash-psychedelic-av-wimans-tattoo\/"},"modified":"2026-04-28T11:45:56","modified_gmt":"2026-04-28T11:45:56","slug":"flash-psychedelic-av-wimans-tattoo","status":"publish","type":"product","link":"https:\/\/likeink.com\/no\/faketatureringar\/flash-psychedelic-av-wimans-tattoo\/","title":{"rendered":"Flash \u00abPsychedelic\u00bb av Wimans Tattoo"},"content":{"rendered":"","protected":false},"excerpt":{"rendered":"<p>V\u00e5re ferdige ark med midlertidige tatoveringer er cirka 20\u00d715 cm store og fylt med designet du ser p\u00e5 bildet. Vi trykker og sender arket ditt med midlertidige tatoveringer innen 24 timer etter at du har bestilt.<\/p>\n<h2>Midlertidige tatoveringer Flash &#8220;Psychedelic&#8221; av @blackmagicjake<\/h2>\n<p>Dette arket er designet av den dyktige tatov\u00f8ren Jacob Wiman fra Wimans Tattoo i Karlshamn. Veldig g\u00f8y \u00e5 kunne tilby kunst fra Jake, som ogs\u00e5 har tatovert meg p\u00e5 ordentlig.<\/p>\n<p><strong>This is Jake:<\/strong><br \/>\nJeg er en andre generasjons tatov\u00f8r som har drevet egen virksomhet siden 2010. Jeg har vokst opp i og rundt en tatov\u00f8rsalong. Nylig flyttet jeg fra Malm\u00f6, hvor jeg har jobbet de siste fem \u00e5rene. N\u00e5 flytter jeg hjem til hjembyen min Karlshamn for \u00e5 starte en ny tatov\u00f8rsalong.<\/p>\n<p>Gjennom \u00e5rene har jeg reist verden rundt for \u00e5 delta p\u00e5 conventions og gj\u00f8re guest spots. Jeg har vunnet noen tatoveringskonkurranser, sett mange vakre steder, drukket litt for mye vin av og til, delt god mat og viktigst av alt hatt det veldig g\u00f8y med \u00e5 m\u00f8te fantastiske mennesker i bransjen.<\/p>\n<p>Jeg h\u00e5per du liker kunsten min. Dette er et utvalg skisser som gjennom \u00e5rene har blitt til tatoveringer jeg har laget p\u00e5 folk.<\/p>\n<p>Med kj\u00e6rlighet<br \/>\nJacob Wiman<\/p>\n<p><strong>Ta kontakt med Jake:<\/strong><\/p>\n<p><strong>Instagram:<\/strong><br \/>\n@blackmagicjake<\/p>\n<p><strong>Studio:<\/strong><br \/>\nWimans Tattoo<\/p>\n<p><strong>Adresse:<\/strong><br \/>\nNorra Fogdelyckegatan 33, 374 38 Karlshamn<\/p>\n<p><strong>Nettside:<\/strong><br \/>\nwww.wimanstattoo.com<\/p>\n","protected":false},"featured_media":59953,"template":"","meta":[],"product_brand":[],"product_cat":[365,505],"product_tag":[],"class_list":{"0":"post-54494","1":"product","2":"type-product","3":"status-publish","4":"has-post-thumbnail","6":"product_cat-ferdige-ark","7":"product_cat-samarbeid-med-tatovorer","9":"first","10":"instock","11":"taxable","12":"shipping-taxable","13":"purchasable","14":"product-type-simple"},"yoast_head":"<!-- This site is optimized with the Yoast SEO Premium plugin v27.5 (Yoast SEO v27.6) - https:\/\/yoast.com\/product\/yoast-seo-premium-wordpress\/ -->\n<title>Tatoveringskunst av tatoveringskunstneren Black Magic Jake<\/title>\n<meta name=\"description\" content=\"H\u00e5ndtegnet tatoveringskunst plassert p\u00e5 ett A5-ark. Tatoveringene ser veldig naturtro ut og varer i flere dager. - Like ink\" \/>\n<meta name=\"robots\" content=\"index, follow, max-snippet:-1, max-image-preview:large, max-video-preview:-1\" \/>\n<link rel=\"canonical\" href=\"https:\/\/likeink.com\/no\/faketatureringar\/flash-psychedelic-av-wimans-tattoo\/\" \/>\n<meta property=\"og:locale\" content=\"nb_NO\" \/>\n<meta property=\"og:type\" content=\"article\" \/>\n<meta property=\"og:title\" content=\"Flash \u00abPsychedelic\u00bb av Wimans Tattoo\" \/>\n<meta property=\"og:description\" content=\"V\u00e5re ferdige ark med midlertidige tatoveringer er cirka 20\u00d715 cm store og fylt med designet du ser p\u00e5 bildet. Vi trykker og sender arket ditt med midlertidige tatoveringer innen 24 timer etter at du har bestilt. Midlertidige tatoveringer Flash &quot;Psychedelic&quot; av @blackmagicjake Dette arket er designet av den dyktige tatov\u00f8ren Jacob Wiman fra Wimans Tattoo i Karlshamn. Veldig g\u00f8y \u00e5 kunne tilby kunst fra Jake, som ogs\u00e5 har tatovert meg p\u00e5 ordentlig.  This is Jake: Jeg er en andre generasjons tatov\u00f8r som har drevet egen virksomhet siden 2010. Jeg har vokst opp i og rundt en tatov\u00f8rsalong. Nylig flyttet jeg fra Malm\u00f6, hvor jeg har jobbet de siste fem \u00e5rene. N\u00e5 flytter jeg hjem til hjembyen min Karlshamn for \u00e5 starte en ny tatov\u00f8rsalong.  Gjennom \u00e5rene har jeg reist verden rundt for \u00e5 delta p\u00e5 conventions og gj\u00f8re guest spots. Jeg har vunnet noen tatoveringskonkurranser, sett mange vakre steder, drukket litt for mye vin av og til, delt god mat og viktigst av alt hatt det veldig g\u00f8y med \u00e5 m\u00f8te fantastiske mennesker i bransjen.  Jeg h\u00e5per du liker kunsten min. Dette er et utvalg skisser som gjennom \u00e5rene har blitt til tatoveringer jeg har laget p\u00e5 folk.  Med kj\u00e6rlighet Jacob Wiman  Ta kontakt med Jake:  Instagram: @blackmagicjake  Studio: Wimans Tattoo  Adresse: Norra Fogdelyckegatan 33, 374 38 Karlshamn  Nettside: www.wimanstattoo.com\" \/>\n<meta property=\"og:url\" content=\"https:\/\/likeink.com\/no\/faketatureringar\/flash-psychedelic-av-wimans-tattoo\/\" \/>\n<meta property=\"og:site_name\" content=\"Like ink\" \/>\n<meta property=\"article:publisher\" content=\"https:\/\/www.facebook.com\/LikeInkSe\" \/>\n<meta property=\"article:modified_time\" content=\"2026-04-28T11:45:56+00:00\" \/>\n<meta property=\"og:image\" content=\"https:\/\/likeink.com\/wp-content\/uploads\/2026\/03\/Wiman-Tattoo-Design-Likeink.png\" \/>\n\t<meta property=\"og:image:width\" content=\"1748\" \/>\n\t<meta property=\"og:image:height\" content=\"1240\" \/>\n\t<meta property=\"og:image:type\" content=\"image\/png\" \/>\n<meta name=\"twitter:card\" content=\"summary_large_image\" \/>\n<meta name=\"twitter:label1\" content=\"Ansl. lesetid\" \/>\n\t<meta name=\"twitter:data1\" content=\"1 minutt\" \/>\n<!-- \/ Yoast SEO Premium plugin. -->","yoast_head_json":{"title":"Tatoveringskunst av tatoveringskunstneren Black Magic Jake","description":"H\u00e5ndtegnet tatoveringskunst plassert p\u00e5 ett A5-ark. Tatoveringene ser veldig naturtro ut og varer i flere dager. - Like ink","robots":{"index":"index","follow":"follow","max-snippet":"max-snippet:-1","max-image-preview":"max-image-preview:large","max-video-preview":"max-video-preview:-1"},"canonical":"https:\/\/likeink.com\/no\/faketatureringar\/flash-psychedelic-av-wimans-tattoo\/","og_locale":"nb_NO","og_type":"article","og_title":"Flash \u00abPsychedelic\u00bb av Wimans Tattoo","og_description":"V\u00e5re ferdige ark med midlertidige tatoveringer er cirka 20\u00d715 cm store og fylt med designet du ser p\u00e5 bildet. Vi trykker og sender arket ditt med midlertidige tatoveringer innen 24 timer etter at du har bestilt. Midlertidige tatoveringer Flash \"Psychedelic\" av @blackmagicjake Dette arket er designet av den dyktige tatov\u00f8ren Jacob Wiman fra Wimans Tattoo i Karlshamn. Veldig g\u00f8y \u00e5 kunne tilby kunst fra Jake, som ogs\u00e5 har tatovert meg p\u00e5 ordentlig.  This is Jake: Jeg er en andre generasjons tatov\u00f8r som har drevet egen virksomhet siden 2010. Jeg har vokst opp i og rundt en tatov\u00f8rsalong. Nylig flyttet jeg fra Malm\u00f6, hvor jeg har jobbet de siste fem \u00e5rene. N\u00e5 flytter jeg hjem til hjembyen min Karlshamn for \u00e5 starte en ny tatov\u00f8rsalong.  Gjennom \u00e5rene har jeg reist verden rundt for \u00e5 delta p\u00e5 conventions og gj\u00f8re guest spots. Jeg har vunnet noen tatoveringskonkurranser, sett mange vakre steder, drukket litt for mye vin av og til, delt god mat og viktigst av alt hatt det veldig g\u00f8y med \u00e5 m\u00f8te fantastiske mennesker i bransjen.  Jeg h\u00e5per du liker kunsten min. Dette er et utvalg skisser som gjennom \u00e5rene har blitt til tatoveringer jeg har laget p\u00e5 folk.  Med kj\u00e6rlighet Jacob Wiman  Ta kontakt med Jake:  Instagram: @blackmagicjake  Studio: Wimans Tattoo  Adresse: Norra Fogdelyckegatan 33, 374 38 Karlshamn  Nettside: www.wimanstattoo.com","og_url":"https:\/\/likeink.com\/no\/faketatureringar\/flash-psychedelic-av-wimans-tattoo\/","og_site_name":"Like ink","article_publisher":"https:\/\/www.facebook.com\/LikeInkSe","article_modified_time":"2026-04-28T11:45:56+00:00","og_image":[{"width":1748,"height":1240,"url":"https:\/\/likeink.com\/wp-content\/uploads\/2026\/03\/Wiman-Tattoo-Design-Likeink.png","type":"image\/png"}],"twitter_card":"summary_large_image","twitter_misc":{"Ansl. lesetid":"1 minutt"},"schema":{"@context":"https:\/\/schema.org","@graph":[{"@type":"WebPage","@id":"https:\/\/likeink.com\/no\/faketatureringar\/flash-psychedelic-av-wimans-tattoo\/","url":"https:\/\/likeink.com\/no\/faketatureringar\/flash-psychedelic-av-wimans-tattoo\/","name":"Tatoveringskunst av tatoveringskunstneren Black Magic Jake","isPartOf":{"@id":"https:\/\/likeink.com\/no\/#website"},"primaryImageOfPage":{"@id":"https:\/\/likeink.com\/no\/faketatureringar\/flash-psychedelic-av-wimans-tattoo\/#primaryimage"},"image":{"@id":"https:\/\/likeink.com\/no\/faketatureringar\/flash-psychedelic-av-wimans-tattoo\/#primaryimage"},"thumbnailUrl":"https:\/\/likeink.com\/wp-content\/uploads\/2026\/03\/Wiman-Tattoo-Design-Likeink.png","datePublished":"2025-12-15T09:36:57+00:00","dateModified":"2026-04-28T11:45:56+00:00","description":"H\u00e5ndtegnet tatoveringskunst plassert p\u00e5 ett A5-ark. Tatoveringene ser veldig naturtro ut og varer i flere dager. - Like ink","breadcrumb":{"@id":"https:\/\/likeink.com\/no\/faketatureringar\/flash-psychedelic-av-wimans-tattoo\/#breadcrumb"},"inLanguage":"nb-NO","potentialAction":[{"@type":"ReadAction","target":["https:\/\/likeink.com\/no\/faketatureringar\/flash-psychedelic-av-wimans-tattoo\/"]}]},{"@type":"ImageObject","inLanguage":"nb-NO","@id":"https:\/\/likeink.com\/no\/faketatureringar\/flash-psychedelic-av-wimans-tattoo\/#primaryimage","url":"https:\/\/likeink.com\/wp-content\/uploads\/2026\/03\/Wiman-Tattoo-Design-Likeink.png","contentUrl":"https:\/\/likeink.com\/wp-content\/uploads\/2026\/03\/Wiman-Tattoo-Design-Likeink.png","width":1748,"height":1240,"caption":"En samling fargerike, finurlige figurillustrasjoner, blant annet aper i forseggjorte kl\u00e6r, en flerarmet figur med glorie og utsmykkede slott som smelter sammen med fantasifulle fiske- og hodeskallemotiver. Fargepr\u00f8ver vises i det ene hj\u00f8rnet."},{"@type":"BreadcrumbList","@id":"https:\/\/likeink.com\/no\/faketatureringar\/flash-psychedelic-av-wimans-tattoo\/#breadcrumb","itemListElement":[{"@type":"ListItem","position":1,"name":"Hem","item":"https:\/\/likeink.com\/no\/"},{"@type":"ListItem","position":2,"name":"Butikk","item":"https:\/\/likeink.com\/no\/butikk\/"},{"@type":"ListItem","position":3,"name":"Flash \u00abPsychedelic\u00bb av Wimans Tattoo"}]},{"@type":"WebSite","@id":"https:\/\/likeink.com\/no\/#website","url":"https:\/\/likeink.com\/no\/","name":"Like ink","description":"Make your own custom design","potentialAction":[{"@type":"SearchAction","target":{"@type":"EntryPoint","urlTemplate":"https:\/\/likeink.com\/no\/?s={search_term_string}"},"query-input":{"@type":"PropertyValueSpecification","valueRequired":true,"valueName":"search_term_string"}}],"inLanguage":"nb-NO"}]}},"_links":{"self":[{"href":"https:\/\/likeink.com\/no\/wp-json\/wp\/v2\/product\/54494","targetHints":{"allow":["GET"]}}],"collection":[{"href":"https:\/\/likeink.com\/no\/wp-json\/wp\/v2\/product"}],"about":[{"href":"https:\/\/likeink.com\/no\/wp-json\/wp\/v2\/types\/product"}],"wp:featuredmedia":[{"embeddable":true,"href":"https:\/\/likeink.com\/no\/wp-json\/wp\/v2\/media\/59953"}],"wp:attachment":[{"href":"https:\/\/likeink.com\/no\/wp-json\/wp\/v2\/media?parent=54494"}],"wp:term":[{"taxonomy":"product_brand","embeddable":true,"href":"https:\/\/likeink.com\/no\/wp-json\/wp\/v2\/product_brand?post=54494"},{"taxonomy":"product_cat","embeddable":true,"href":"https:\/\/likeink.com\/no\/wp-json\/wp\/v2\/product_cat?post=54494"},{"taxonomy":"product_tag","embeddable":true,"href":"https:\/\/likeink.com\/no\/wp-json\/wp\/v2\/product_tag?post=54494"}],"curies":[{"name":"wp","href":"https:\/\/api.w.org\/{rel}","templated":true}]}}