{"id":54496,"date":"2020-12-07T15:35:39","date_gmt":"2025-12-15T09:36:58","guid":{"rendered":"https:\/\/likeink.com\/gnuggis\/flash-expressions-av-wimans-tattoo\/"},"modified":"2026-01-30T11:40:07","modified_gmt":"2026-01-30T11:40:07","slug":"flash-expressions-av-wimans-tattoo","status":"publish","type":"product","link":"https:\/\/likeink.com\/no\/faketatureringar\/flash-expressions-av-wimans-tattoo\/","title":{"rendered":"Flash \u00abExpressions\u00bb av Wimans Tattoo"},"content":{"rendered":"","protected":false},"excerpt":{"rendered":"<p>V\u00e5re ferdige engangsark med falske tatoveringer er omtrent 20\u00d715 cm store og fylt med designet du ser p\u00e5 bildet. For \u00e5 sikre at du blir forn\u00f8yd, vil vi trykke og sende arket innen 24 timer etter at du har bestilt. Dette arket er designet av den talentfulle tatoveringskunstneren Jake hos Wimans Tattoo.<\/p>\n<p><strong>Dette er Jake:<\/strong><\/p>\n<p>Jeg er en andregenerasjons tatoveringskunstner som har drevet virksomhet siden 2010. Men jeg har vokst opp i og rundt en tatoveringsbutikk! Jeg har nylig flyttet fra Malm\u00f6, hvor jeg har jobbet de siste fem \u00e5rene! Jeg kommer hjem til hjembyen min Karlshamn for \u00e5 starte en ny butikk!<br \/>\nGjennom \u00e5rene har jeg reist rundt i verden for \u00e5 delta p\u00e5 konferanser og gj\u00f8re gjesteopptredener! Jeg har vunnet noen tatoveringskonkurranser, sett noen vakre steder, drukket litt for mye vin ved noen anledninger, delt noen deilige m\u00e5ltider, men viktigst av alt: hatt det veldig g\u00f8y med \u00e5 m\u00f8te alle de flotte menneskene i bransjen!<br \/>\nJeg h\u00e5per du liker kunstverkene mine! De er et utvalg av alle skissene som har blitt tatoveringer som jeg har laget p\u00e5 folk gjennom \u00e5rene!<\/p>\n<p>Kj\u00e6rlig hilsen<br \/>\nJacob <strong>Wiman<\/p>\n<p>Ta kontakt med Jake: Instagram:<\/strong><\/p>\n<p>@blackmagicjake<\/p>\n<p><strong>Studio:<\/strong><\/p>\n<p>Wimans Tattoo<\/p>\n<p><strong>Adresse:<\/strong><\/p>\n<p>Norra Fogdelyckegatan 33, 374 38 Karlshamn<\/p>\n<p><strong>Nettside:<\/strong><\/p>\n<p>https:\/\/wimanstattoo.com<\/p>\n","protected":false},"featured_media":60155,"template":"","meta":[],"product_brand":[],"product_cat":[365,370],"product_tag":[387],"class_list":{"0":"post-54496","1":"product","2":"type-product","3":"status-publish","4":"has-post-thumbnail","6":"product_cat-ferdige-ark","7":"product_cat-samarbeid-med-tatoveringskunstnere","8":"product_tag-svart-magisk-kake","10":"first","11":"instock","12":"taxable","13":"shipping-taxable","14":"purchasable","15":"product-type-simple"},"yoast_head":"<!-- This site is optimized with the Yoast SEO Premium plugin v26.2 (Yoast SEO v27.4) - https:\/\/yoast.com\/product\/yoast-seo-premium-wordpress\/ -->\n<title>H\u00e5ndtegnet enhj\u00f8rning-tatovering og andre fine falske tatoveringer - Like ink<\/title>\n<meta name=\"description\" content=\"Tatoveringsark med en enhj\u00f8rning-tatovering og mange andre h\u00e5ndtegnede falske tatoveringer av Black Magic Jake i Sverige. - Like ink\" \/>\n<meta name=\"robots\" content=\"index, follow, max-snippet:-1, max-image-preview:large, max-video-preview:-1\" \/>\n<link rel=\"canonical\" href=\"https:\/\/likeink.com\/no\/faketatureringar\/flash-expressions-av-wimans-tattoo\/\" \/>\n<meta property=\"og:locale\" content=\"nb_NO\" \/>\n<meta property=\"og:type\" content=\"article\" \/>\n<meta property=\"og:title\" content=\"Flash \u00abExpressions\u00bb av Wimans Tattoo\" \/>\n<meta property=\"og:description\" content=\"V\u00e5re ferdige engangsark med falske tatoveringer er omtrent 20\u00d715 cm store og fylt med designet du ser p\u00e5 bildet. For \u00e5 sikre at du blir forn\u00f8yd, vil vi trykke og sende arket innen 24 timer etter at du har bestilt. Dette arket er designet av den talentfulle tatoveringskunstneren Jake hos Wimans Tattoo. Dette er Jake: Jeg er en andregenerasjons tatoveringskunstner som har drevet virksomhet siden 2010. Men jeg har vokst opp i og rundt en tatoveringsbutikk! Jeg har nylig flyttet fra Malm\u00f6, hvor jeg har jobbet de siste fem \u00e5rene! Jeg kommer hjem til hjembyen min Karlshamn for \u00e5 starte en ny butikk! Gjennom \u00e5rene har jeg reist rundt i verden for \u00e5 delta p\u00e5 konferanser og gj\u00f8re gjesteopptredener! Jeg har vunnet noen tatoveringskonkurranser, sett noen vakre steder, drukket litt for mye vin ved noen anledninger, delt noen deilige m\u00e5ltider, men viktigst av alt: hatt det veldig g\u00f8y med \u00e5 m\u00f8te alle de flotte menneskene i bransjen! Jeg h\u00e5per du liker kunstverkene mine! De er et utvalg av alle skissene som har blitt tatoveringer som jeg har laget p\u00e5 folk gjennom \u00e5rene! Kj\u00e6rlig hilsen Jacob Wiman Ta kontakt med Jake: Instagram: @blackmagicjake Studio: Wimans Tattoo Adresse: Norra Fogdelyckegatan 33, 374 38 Karlshamn Nettside: https:\/\/wimanstattoo.com\" \/>\n<meta property=\"og:url\" content=\"https:\/\/likeink.com\/no\/faketatureringar\/flash-expressions-av-wimans-tattoo\/\" \/>\n<meta property=\"og:site_name\" content=\"Like ink\" \/>\n<meta property=\"article:publisher\" content=\"https:\/\/www.facebook.com\/LikeInkSe\" \/>\n<meta property=\"article:modified_time\" content=\"2026-01-30T11:40:07+00:00\" \/>\n<meta property=\"og:image\" content=\"https:\/\/likeink.com\/wp-content\/uploads\/2020\/12\/Jake1png-1-e1614260083603.png\" \/>\n\t<meta property=\"og:image:width\" content=\"567\" \/>\n\t<meta property=\"og:image:height\" content=\"400\" \/>\n\t<meta property=\"og:image:type\" content=\"image\/png\" \/>\n<meta name=\"twitter:card\" content=\"summary_large_image\" \/>\n<script type=\"application\/ld+json\" class=\"yoast-schema-graph\">{\"@context\":\"https:\\\/\\\/schema.org\",\"@graph\":[{\"@type\":\"WebPage\",\"@id\":\"https:\\\/\\\/likeink.com\\\/no\\\/faketatureringar\\\/flash-expressions-av-wimans-tattoo\\\/\",\"url\":\"https:\\\/\\\/likeink.com\\\/no\\\/faketatureringar\\\/flash-expressions-av-wimans-tattoo\\\/\",\"name\":\"H\u00e5ndtegnet enhj\u00f8rning-tatovering og andre fine falske tatoveringer - Like ink\",\"isPartOf\":{\"@id\":\"https:\\\/\\\/likeink.com\\\/no\\\/#website\"},\"primaryImageOfPage\":{\"@id\":\"https:\\\/\\\/likeink.com\\\/no\\\/faketatureringar\\\/flash-expressions-av-wimans-tattoo\\\/#primaryimage\"},\"image\":{\"@id\":\"https:\\\/\\\/likeink.com\\\/no\\\/faketatureringar\\\/flash-expressions-av-wimans-tattoo\\\/#primaryimage\"},\"thumbnailUrl\":\"https:\\\/\\\/likeink.com\\\/wp-content\\\/uploads\\\/2026\\\/03\\\/WimanTattoo-Flash-unicorn-Likeink.jpg\",\"datePublished\":\"2025-12-15T09:36:58+00:00\",\"dateModified\":\"2026-01-30T11:40:07+00:00\",\"description\":\"Tatoveringsark med en enhj\u00f8rning-tatovering og mange andre h\u00e5ndtegnede falske tatoveringer av Black Magic Jake i Sverige. - Like ink\",\"breadcrumb\":{\"@id\":\"https:\\\/\\\/likeink.com\\\/no\\\/faketatureringar\\\/flash-expressions-av-wimans-tattoo\\\/#breadcrumb\"},\"inLanguage\":\"nb-NO\",\"potentialAction\":[{\"@type\":\"ReadAction\",\"target\":[\"https:\\\/\\\/likeink.com\\\/no\\\/faketatureringar\\\/flash-expressions-av-wimans-tattoo\\\/\"]}]},{\"@type\":\"ImageObject\",\"inLanguage\":\"nb-NO\",\"@id\":\"https:\\\/\\\/likeink.com\\\/no\\\/faketatureringar\\\/flash-expressions-av-wimans-tattoo\\\/#primaryimage\",\"url\":\"https:\\\/\\\/likeink.com\\\/wp-content\\\/uploads\\\/2026\\\/03\\\/WimanTattoo-Flash-unicorn-Likeink.jpg\",\"contentUrl\":\"https:\\\/\\\/likeink.com\\\/wp-content\\\/uploads\\\/2026\\\/03\\\/WimanTattoo-Flash-unicorn-Likeink.jpg\",\"width\":2481,\"height\":1749,\"caption\":\"Sju fargerike illustrasjoner i tegneseriestil av ulike skapninger, deriblant en svart enhj\u00f8rning, en astronautape, to horndemoner, en snerrende dinosaur, en ape med hjelm og en r\u00f8d blekksprut p\u00e5 hvit bakgrunn.\"},{\"@type\":\"BreadcrumbList\",\"@id\":\"https:\\\/\\\/likeink.com\\\/no\\\/faketatureringar\\\/flash-expressions-av-wimans-tattoo\\\/#breadcrumb\",\"itemListElement\":[{\"@type\":\"ListItem\",\"position\":1,\"name\":\"Hem\",\"item\":\"https:\\\/\\\/likeink.com\\\/no\\\/\"},{\"@type\":\"ListItem\",\"position\":2,\"name\":\"Butikk\",\"item\":\"https:\\\/\\\/likeink.com\\\/no\\\/butikk\\\/\"},{\"@type\":\"ListItem\",\"position\":3,\"name\":\"Flash \u00abExpressions\u00bb av Wimans Tattoo\"}]},{\"@type\":\"WebSite\",\"@id\":\"https:\\\/\\\/likeink.com\\\/no\\\/#website\",\"url\":\"https:\\\/\\\/likeink.com\\\/no\\\/\",\"name\":\"Like ink\",\"description\":\"Make your own custom design\",\"potentialAction\":[{\"@type\":\"SearchAction\",\"target\":{\"@type\":\"EntryPoint\",\"urlTemplate\":\"https:\\\/\\\/likeink.com\\\/no\\\/?s={search_term_string}\"},\"query-input\":{\"@type\":\"PropertyValueSpecification\",\"valueRequired\":true,\"valueName\":\"search_term_string\"}}],\"inLanguage\":\"nb-NO\"}]}<\/script>\n<!-- \/ Yoast SEO Premium plugin. -->","yoast_head_json":{"title":"H\u00e5ndtegnet enhj\u00f8rning-tatovering og andre fine falske tatoveringer - Like ink","description":"Tatoveringsark med en enhj\u00f8rning-tatovering og mange andre h\u00e5ndtegnede falske tatoveringer av Black Magic Jake i Sverige. - Like ink","robots":{"index":"index","follow":"follow","max-snippet":"max-snippet:-1","max-image-preview":"max-image-preview:large","max-video-preview":"max-video-preview:-1"},"canonical":"https:\/\/likeink.com\/no\/faketatureringar\/flash-expressions-av-wimans-tattoo\/","og_locale":"nb_NO","og_type":"article","og_title":"Flash \u00abExpressions\u00bb av Wimans Tattoo","og_description":"V\u00e5re ferdige engangsark med falske tatoveringer er omtrent 20\u00d715 cm store og fylt med designet du ser p\u00e5 bildet. For \u00e5 sikre at du blir forn\u00f8yd, vil vi trykke og sende arket innen 24 timer etter at du har bestilt. Dette arket er designet av den talentfulle tatoveringskunstneren Jake hos Wimans Tattoo. Dette er Jake: Jeg er en andregenerasjons tatoveringskunstner som har drevet virksomhet siden 2010. Men jeg har vokst opp i og rundt en tatoveringsbutikk! Jeg har nylig flyttet fra Malm\u00f6, hvor jeg har jobbet de siste fem \u00e5rene! Jeg kommer hjem til hjembyen min Karlshamn for \u00e5 starte en ny butikk! Gjennom \u00e5rene har jeg reist rundt i verden for \u00e5 delta p\u00e5 konferanser og gj\u00f8re gjesteopptredener! Jeg har vunnet noen tatoveringskonkurranser, sett noen vakre steder, drukket litt for mye vin ved noen anledninger, delt noen deilige m\u00e5ltider, men viktigst av alt: hatt det veldig g\u00f8y med \u00e5 m\u00f8te alle de flotte menneskene i bransjen! Jeg h\u00e5per du liker kunstverkene mine! De er et utvalg av alle skissene som har blitt tatoveringer som jeg har laget p\u00e5 folk gjennom \u00e5rene! Kj\u00e6rlig hilsen Jacob Wiman Ta kontakt med Jake: Instagram: @blackmagicjake Studio: Wimans Tattoo Adresse: Norra Fogdelyckegatan 33, 374 38 Karlshamn Nettside: https:\/\/wimanstattoo.com","og_url":"https:\/\/likeink.com\/no\/faketatureringar\/flash-expressions-av-wimans-tattoo\/","og_site_name":"Like ink","article_publisher":"https:\/\/www.facebook.com\/LikeInkSe","article_modified_time":"2026-01-30T11:40:07+00:00","og_image":[{"width":567,"height":400,"url":"https:\/\/likeink.com\/wp-content\/uploads\/2020\/12\/Jake1png-1-e1614260083603.png","type":"image\/png"}],"twitter_card":"summary_large_image","schema":{"@context":"https:\/\/schema.org","@graph":[{"@type":"WebPage","@id":"https:\/\/likeink.com\/no\/faketatureringar\/flash-expressions-av-wimans-tattoo\/","url":"https:\/\/likeink.com\/no\/faketatureringar\/flash-expressions-av-wimans-tattoo\/","name":"H\u00e5ndtegnet enhj\u00f8rning-tatovering og andre fine falske tatoveringer - Like ink","isPartOf":{"@id":"https:\/\/likeink.com\/no\/#website"},"primaryImageOfPage":{"@id":"https:\/\/likeink.com\/no\/faketatureringar\/flash-expressions-av-wimans-tattoo\/#primaryimage"},"image":{"@id":"https:\/\/likeink.com\/no\/faketatureringar\/flash-expressions-av-wimans-tattoo\/#primaryimage"},"thumbnailUrl":"https:\/\/likeink.com\/wp-content\/uploads\/2026\/03\/WimanTattoo-Flash-unicorn-Likeink.jpg","datePublished":"2025-12-15T09:36:58+00:00","dateModified":"2026-01-30T11:40:07+00:00","description":"Tatoveringsark med en enhj\u00f8rning-tatovering og mange andre h\u00e5ndtegnede falske tatoveringer av Black Magic Jake i Sverige. - Like ink","breadcrumb":{"@id":"https:\/\/likeink.com\/no\/faketatureringar\/flash-expressions-av-wimans-tattoo\/#breadcrumb"},"inLanguage":"nb-NO","potentialAction":[{"@type":"ReadAction","target":["https:\/\/likeink.com\/no\/faketatureringar\/flash-expressions-av-wimans-tattoo\/"]}]},{"@type":"ImageObject","inLanguage":"nb-NO","@id":"https:\/\/likeink.com\/no\/faketatureringar\/flash-expressions-av-wimans-tattoo\/#primaryimage","url":"https:\/\/likeink.com\/wp-content\/uploads\/2026\/03\/WimanTattoo-Flash-unicorn-Likeink.jpg","contentUrl":"https:\/\/likeink.com\/wp-content\/uploads\/2026\/03\/WimanTattoo-Flash-unicorn-Likeink.jpg","width":2481,"height":1749,"caption":"Sju fargerike illustrasjoner i tegneseriestil av ulike skapninger, deriblant en svart enhj\u00f8rning, en astronautape, to horndemoner, en snerrende dinosaur, en ape med hjelm og en r\u00f8d blekksprut p\u00e5 hvit bakgrunn."},{"@type":"BreadcrumbList","@id":"https:\/\/likeink.com\/no\/faketatureringar\/flash-expressions-av-wimans-tattoo\/#breadcrumb","itemListElement":[{"@type":"ListItem","position":1,"name":"Hem","item":"https:\/\/likeink.com\/no\/"},{"@type":"ListItem","position":2,"name":"Butikk","item":"https:\/\/likeink.com\/no\/butikk\/"},{"@type":"ListItem","position":3,"name":"Flash \u00abExpressions\u00bb av Wimans Tattoo"}]},{"@type":"WebSite","@id":"https:\/\/likeink.com\/no\/#website","url":"https:\/\/likeink.com\/no\/","name":"Like ink","description":"Make your own custom design","potentialAction":[{"@type":"SearchAction","target":{"@type":"EntryPoint","urlTemplate":"https:\/\/likeink.com\/no\/?s={search_term_string}"},"query-input":{"@type":"PropertyValueSpecification","valueRequired":true,"valueName":"search_term_string"}}],"inLanguage":"nb-NO"}]}},"_links":{"self":[{"href":"https:\/\/likeink.com\/no\/wp-json\/wp\/v2\/product\/54496","targetHints":{"allow":["GET"]}}],"collection":[{"href":"https:\/\/likeink.com\/no\/wp-json\/wp\/v2\/product"}],"about":[{"href":"https:\/\/likeink.com\/no\/wp-json\/wp\/v2\/types\/product"}],"wp:featuredmedia":[{"embeddable":true,"href":"https:\/\/likeink.com\/no\/wp-json\/wp\/v2\/media\/60155"}],"wp:attachment":[{"href":"https:\/\/likeink.com\/no\/wp-json\/wp\/v2\/media?parent=54496"}],"wp:term":[{"taxonomy":"product_brand","embeddable":true,"href":"https:\/\/likeink.com\/no\/wp-json\/wp\/v2\/product_brand?post=54496"},{"taxonomy":"product_cat","embeddable":true,"href":"https:\/\/likeink.com\/no\/wp-json\/wp\/v2\/product_cat?post=54496"},{"taxonomy":"product_tag","embeddable":true,"href":"https:\/\/likeink.com\/no\/wp-json\/wp\/v2\/product_tag?post=54496"}],"curies":[{"name":"wp","href":"https:\/\/api.w.org\/{rel}","templated":true}]}}