{"id":54498,"date":"2020-11-26T14:12:27","date_gmt":"2025-12-15T09:36:59","guid":{"rendered":"https:\/\/likeink.com\/gnuggis\/party-time-tatoveringer-a5\/"},"modified":"2026-03-16T20:46:06","modified_gmt":"2026-03-16T20:46:06","slug":"party-time-tatoveringer-a5","status":"publish","type":"product","link":"https:\/\/likeink.com\/no\/faketatureringar\/party-time-tatoveringer-a5\/","title":{"rendered":"Party Time Tatoveringer"},"content":{"rendered":"","protected":false},"excerpt":{"rendered":"<p>V\u00e5re ferdige engangsark er omtrent 20\u00d715 cm store og har det designet du ser p\u00e5 bildet. Kanskje du liker det du ser? Kanskje du vil v\u00e6re sikker p\u00e5 kvaliteten p\u00e5 tatoveringen f\u00f8r du legger inn en st\u00f8rre bestilling med ditt eget design. For \u00e5 sikre at du blir forn\u00f8yd, vil vi trykke og sende arket innen 24 timer etter at vi har mottatt bestillingen din.<\/p>\n","protected":false},"featured_media":59912,"template":"","meta":[],"product_brand":[],"product_cat":[365,371],"product_tag":[388],"class_list":{"0":"post-54498","1":"product","2":"type-product","3":"status-publish","4":"has-post-thumbnail","6":"product_cat-ferdige-ark","7":"product_cat-tatoveringer-for-barn","8":"product_tag-barneselskap","10":"first","11":"instock","12":"taxable","13":"shipping-taxable","14":"purchasable","15":"product-type-simple"},"yoast_head":"<!-- This site is optimized with the Yoast SEO Premium plugin v26.2 (Yoast SEO v27.4) - https:\/\/yoast.com\/product\/yoast-seo-premium-wordpress\/ -->\n<title>Midlertidige tatoveringer til barnebursdag A5-ark \u2013 Like ink<\/title>\n<meta name=\"description\" content=\"Midlertidig tatoveringsark for barn med mange sm\u00e5 fargerike bilder. Tatoveringene er trygge og enkle \u00e5 bruke \u2013 som blekk.\" \/>\n<meta name=\"robots\" content=\"index, follow, max-snippet:-1, max-image-preview:large, max-video-preview:-1\" \/>\n<link rel=\"canonical\" href=\"https:\/\/likeink.com\/no\/faketatureringar\/party-time-tatoveringer-a5\/\" \/>\n<meta property=\"og:locale\" content=\"nb_NO\" \/>\n<meta property=\"og:type\" content=\"article\" \/>\n<meta property=\"og:title\" content=\"Party Time Tatoveringer\" \/>\n<meta property=\"og:description\" content=\"V\u00e5re ferdige engangsark er omtrent 20\u00d715 cm store og har det designet du ser p\u00e5 bildet. Kanskje du liker det du ser? Kanskje du vil v\u00e6re sikker p\u00e5 kvaliteten p\u00e5 tatoveringen f\u00f8r du legger inn en st\u00f8rre bestilling med ditt eget design. For \u00e5 sikre at du blir forn\u00f8yd, vil vi trykke og sende arket innen 24 timer etter at vi har mottatt bestillingen din.\" \/>\n<meta property=\"og:url\" content=\"https:\/\/likeink.com\/no\/faketatureringar\/party-time-tatoveringer-a5\/\" \/>\n<meta property=\"og:site_name\" content=\"Like ink\" \/>\n<meta property=\"article:publisher\" content=\"https:\/\/www.facebook.com\/LikeInkSe\" \/>\n<meta property=\"article:modified_time\" content=\"2026-03-16T20:46:06+00:00\" \/>\n<meta property=\"og:image\" content=\"https:\/\/likeink.com\/wp-content\/uploads\/2026\/03\/Birthday-party-temporarytattoos-likeink-1-1024x722.png\" \/>\n\t<meta property=\"og:image:width\" content=\"1024\" \/>\n\t<meta property=\"og:image:height\" content=\"722\" \/>\n\t<meta property=\"og:image:type\" content=\"image\/png\" \/>\n<meta name=\"twitter:card\" content=\"summary_large_image\" \/>\n<script type=\"application\/ld+json\" class=\"yoast-schema-graph\">{\"@context\":\"https:\\\/\\\/schema.org\",\"@graph\":[{\"@type\":\"WebPage\",\"@id\":\"https:\\\/\\\/likeink.com\\\/no\\\/faketatureringar\\\/party-time-tatoveringer-a5\\\/\",\"url\":\"https:\\\/\\\/likeink.com\\\/no\\\/faketatureringar\\\/party-time-tatoveringer-a5\\\/\",\"name\":\"Midlertidige tatoveringer til barnebursdag A5-ark \u2013 Like ink\",\"isPartOf\":{\"@id\":\"https:\\\/\\\/likeink.com\\\/no\\\/#website\"},\"primaryImageOfPage\":{\"@id\":\"https:\\\/\\\/likeink.com\\\/no\\\/faketatureringar\\\/party-time-tatoveringer-a5\\\/#primaryimage\"},\"image\":{\"@id\":\"https:\\\/\\\/likeink.com\\\/no\\\/faketatureringar\\\/party-time-tatoveringer-a5\\\/#primaryimage\"},\"thumbnailUrl\":\"https:\\\/\\\/likeink.com\\\/wp-content\\\/uploads\\\/2026\\\/03\\\/Birthday-party-temporarytattoos-likeink-1.png\",\"datePublished\":\"2025-12-15T09:36:59+00:00\",\"dateModified\":\"2026-03-16T20:46:06+00:00\",\"description\":\"Midlertidig tatoveringsark for barn med mange sm\u00e5 fargerike bilder. Tatoveringene er trygge og enkle \u00e5 bruke \u2013 som blekk.\",\"breadcrumb\":{\"@id\":\"https:\\\/\\\/likeink.com\\\/no\\\/faketatureringar\\\/party-time-tatoveringer-a5\\\/#breadcrumb\"},\"inLanguage\":\"nb-NO\",\"potentialAction\":[{\"@type\":\"ReadAction\",\"target\":[\"https:\\\/\\\/likeink.com\\\/no\\\/faketatureringar\\\/party-time-tatoveringer-a5\\\/\"]}]},{\"@type\":\"ImageObject\",\"inLanguage\":\"nb-NO\",\"@id\":\"https:\\\/\\\/likeink.com\\\/no\\\/faketatureringar\\\/party-time-tatoveringer-a5\\\/#primaryimage\",\"url\":\"https:\\\/\\\/likeink.com\\\/wp-content\\\/uploads\\\/2026\\\/03\\\/Birthday-party-temporarytattoos-likeink-1.png\",\"contentUrl\":\"https:\\\/\\\/likeink.com\\\/wp-content\\\/uploads\\\/2026\\\/03\\\/Birthday-party-temporarytattoos-likeink-1.png\",\"width\":2481,\"height\":1749,\"caption\":\"Fargerik bursdagsillustrasjon med kake, ballonger, partyhatter, gaver, iskrem, godteri, en robot, dyr og festlige dekorasjoner. Et \\\"Gratulerer med dagen\\\"-banner \u00f8verst med konfetti og serpentiner rundt.\"},{\"@type\":\"BreadcrumbList\",\"@id\":\"https:\\\/\\\/likeink.com\\\/no\\\/faketatureringar\\\/party-time-tatoveringer-a5\\\/#breadcrumb\",\"itemListElement\":[{\"@type\":\"ListItem\",\"position\":1,\"name\":\"Hem\",\"item\":\"https:\\\/\\\/likeink.com\\\/no\\\/\"},{\"@type\":\"ListItem\",\"position\":2,\"name\":\"Butikk\",\"item\":\"https:\\\/\\\/likeink.com\\\/no\\\/butikk\\\/\"},{\"@type\":\"ListItem\",\"position\":3,\"name\":\"Party Time Tatoveringer\"}]},{\"@type\":\"WebSite\",\"@id\":\"https:\\\/\\\/likeink.com\\\/no\\\/#website\",\"url\":\"https:\\\/\\\/likeink.com\\\/no\\\/\",\"name\":\"Like ink\",\"description\":\"Make your own custom design\",\"potentialAction\":[{\"@type\":\"SearchAction\",\"target\":{\"@type\":\"EntryPoint\",\"urlTemplate\":\"https:\\\/\\\/likeink.com\\\/no\\\/?s={search_term_string}\"},\"query-input\":{\"@type\":\"PropertyValueSpecification\",\"valueRequired\":true,\"valueName\":\"search_term_string\"}}],\"inLanguage\":\"nb-NO\"}]}<\/script>\n<!-- \/ Yoast SEO Premium plugin. -->","yoast_head_json":{"title":"Midlertidige tatoveringer til barnebursdag A5-ark \u2013 Like ink","description":"Midlertidig tatoveringsark for barn med mange sm\u00e5 fargerike bilder. Tatoveringene er trygge og enkle \u00e5 bruke \u2013 som blekk.","robots":{"index":"index","follow":"follow","max-snippet":"max-snippet:-1","max-image-preview":"max-image-preview:large","max-video-preview":"max-video-preview:-1"},"canonical":"https:\/\/likeink.com\/no\/faketatureringar\/party-time-tatoveringer-a5\/","og_locale":"nb_NO","og_type":"article","og_title":"Party Time Tatoveringer","og_description":"V\u00e5re ferdige engangsark er omtrent 20\u00d715 cm store og har det designet du ser p\u00e5 bildet. Kanskje du liker det du ser? Kanskje du vil v\u00e6re sikker p\u00e5 kvaliteten p\u00e5 tatoveringen f\u00f8r du legger inn en st\u00f8rre bestilling med ditt eget design. For \u00e5 sikre at du blir forn\u00f8yd, vil vi trykke og sende arket innen 24 timer etter at vi har mottatt bestillingen din.","og_url":"https:\/\/likeink.com\/no\/faketatureringar\/party-time-tatoveringer-a5\/","og_site_name":"Like ink","article_publisher":"https:\/\/www.facebook.com\/LikeInkSe","article_modified_time":"2026-03-16T20:46:06+00:00","og_image":[{"width":1024,"height":722,"url":"https:\/\/likeink.com\/wp-content\/uploads\/2026\/03\/Birthday-party-temporarytattoos-likeink-1-1024x722.png","type":"image\/png"}],"twitter_card":"summary_large_image","schema":{"@context":"https:\/\/schema.org","@graph":[{"@type":"WebPage","@id":"https:\/\/likeink.com\/no\/faketatureringar\/party-time-tatoveringer-a5\/","url":"https:\/\/likeink.com\/no\/faketatureringar\/party-time-tatoveringer-a5\/","name":"Midlertidige tatoveringer til barnebursdag A5-ark \u2013 Like ink","isPartOf":{"@id":"https:\/\/likeink.com\/no\/#website"},"primaryImageOfPage":{"@id":"https:\/\/likeink.com\/no\/faketatureringar\/party-time-tatoveringer-a5\/#primaryimage"},"image":{"@id":"https:\/\/likeink.com\/no\/faketatureringar\/party-time-tatoveringer-a5\/#primaryimage"},"thumbnailUrl":"https:\/\/likeink.com\/wp-content\/uploads\/2026\/03\/Birthday-party-temporarytattoos-likeink-1.png","datePublished":"2025-12-15T09:36:59+00:00","dateModified":"2026-03-16T20:46:06+00:00","description":"Midlertidig tatoveringsark for barn med mange sm\u00e5 fargerike bilder. Tatoveringene er trygge og enkle \u00e5 bruke \u2013 som blekk.","breadcrumb":{"@id":"https:\/\/likeink.com\/no\/faketatureringar\/party-time-tatoveringer-a5\/#breadcrumb"},"inLanguage":"nb-NO","potentialAction":[{"@type":"ReadAction","target":["https:\/\/likeink.com\/no\/faketatureringar\/party-time-tatoveringer-a5\/"]}]},{"@type":"ImageObject","inLanguage":"nb-NO","@id":"https:\/\/likeink.com\/no\/faketatureringar\/party-time-tatoveringer-a5\/#primaryimage","url":"https:\/\/likeink.com\/wp-content\/uploads\/2026\/03\/Birthday-party-temporarytattoos-likeink-1.png","contentUrl":"https:\/\/likeink.com\/wp-content\/uploads\/2026\/03\/Birthday-party-temporarytattoos-likeink-1.png","width":2481,"height":1749,"caption":"Fargerik bursdagsillustrasjon med kake, ballonger, partyhatter, gaver, iskrem, godteri, en robot, dyr og festlige dekorasjoner. Et \"Gratulerer med dagen\"-banner \u00f8verst med konfetti og serpentiner rundt."},{"@type":"BreadcrumbList","@id":"https:\/\/likeink.com\/no\/faketatureringar\/party-time-tatoveringer-a5\/#breadcrumb","itemListElement":[{"@type":"ListItem","position":1,"name":"Hem","item":"https:\/\/likeink.com\/no\/"},{"@type":"ListItem","position":2,"name":"Butikk","item":"https:\/\/likeink.com\/no\/butikk\/"},{"@type":"ListItem","position":3,"name":"Party Time Tatoveringer"}]},{"@type":"WebSite","@id":"https:\/\/likeink.com\/no\/#website","url":"https:\/\/likeink.com\/no\/","name":"Like ink","description":"Make your own custom design","potentialAction":[{"@type":"SearchAction","target":{"@type":"EntryPoint","urlTemplate":"https:\/\/likeink.com\/no\/?s={search_term_string}"},"query-input":{"@type":"PropertyValueSpecification","valueRequired":true,"valueName":"search_term_string"}}],"inLanguage":"nb-NO"}]}},"_links":{"self":[{"href":"https:\/\/likeink.com\/no\/wp-json\/wp\/v2\/product\/54498","targetHints":{"allow":["GET"]}}],"collection":[{"href":"https:\/\/likeink.com\/no\/wp-json\/wp\/v2\/product"}],"about":[{"href":"https:\/\/likeink.com\/no\/wp-json\/wp\/v2\/types\/product"}],"wp:featuredmedia":[{"embeddable":true,"href":"https:\/\/likeink.com\/no\/wp-json\/wp\/v2\/media\/59912"}],"wp:attachment":[{"href":"https:\/\/likeink.com\/no\/wp-json\/wp\/v2\/media?parent=54498"}],"wp:term":[{"taxonomy":"product_brand","embeddable":true,"href":"https:\/\/likeink.com\/no\/wp-json\/wp\/v2\/product_brand?post=54498"},{"taxonomy":"product_cat","embeddable":true,"href":"https:\/\/likeink.com\/no\/wp-json\/wp\/v2\/product_cat?post=54498"},{"taxonomy":"product_tag","embeddable":true,"href":"https:\/\/likeink.com\/no\/wp-json\/wp\/v2\/product_tag?post=54498"}],"curies":[{"name":"wp","href":"https:\/\/api.w.org\/{rel}","templated":true}]}}