{"id":54506,"date":"2020-01-21T15:32:35","date_gmt":"2025-12-15T09:37:04","guid":{"rendered":"https:\/\/likeink.com\/gnuggis\/flash-blad-av-helene-ved-studio-black\/"},"modified":"2026-01-30T11:40:14","modified_gmt":"2026-01-30T11:40:14","slug":"flash-blad-av-helene-ved-studio-black","status":"publish","type":"product","link":"https:\/\/likeink.com\/no\/faketatureringar\/flash-blad-av-helene-ved-studio-black\/","title":{"rendered":"Flash \u00abblad\u00bb av Hel\u00e9ne ved Studio Bl\u00e4ck"},"content":{"rendered":"","protected":false},"excerpt":{"rendered":"<p>V\u00e5re ferdige engangsark med falske tatoveringer er omtrent 20\u00d715 cm store og fylt med motivet du ser p\u00e5 bildet. For \u00e5 sikre at du blir forn\u00f8yd, vil vi trykke og sende arket innen 24 timer etter at du har lagt inn bestillingen. Dette arket er designet av den talentfulle tatoveringskunstneren Hel\u00e9ne fra Studio Bl\u00e4ck.<\/p>\n<p><strong>Dette er Hel\u00e9ne:<\/strong><span class=\"apple-converted-space\"><\/span><\/p>\n<p>Tatoveringskunstner fra Sverige, som ELSKER tatoveringer og tatovering. Prosessen med \u00e5 gj\u00f8re kundens ideer om til en tatovering er den mest inspirerende m\u00e5ten \u00e5 skape kunst p\u00e5. Derfor tatoverer jeg alle stiler. Fra dristige linjer i Old-School-stil til fotorealistisk stil. Det som passer kundens visjon, personlighet og stil. N\u00e5r det gjelder sm\u00e5 tatoveringer, liker jeg enkle design med et fint flyt. Klassiske fine linjer og kanskje et snev av farge. Det vakre ligger i de sm\u00e5 detaljene i livet. Som i tatoveringer. Jeg h\u00e5per du liker disse tatoveringsarkene. Og bruk gjerne hashtaggen Like Ink og meg n\u00e5r du legger ut dine midlertidige tatoveringer p\u00e5 sosiale medier. Jeg h\u00e5per \u00e5 se deg p\u00e5 Studio Bl\u00e4ck i de fortryllende skogene i V\u00e4rmland.<\/p>\n<p><strong>Ta kontakt med Hel\u00e9ne: Instagram:<\/strong><span class=\"apple-converted-space\"><b><\/b><\/span><\/p>\n<p>helene_studioblack<\/p>\n<p><strong>Facebook:<\/strong><\/p>\n<p>Facebook.com\/studioblack.forshaga<\/p>\n<p><strong>Studio:<\/strong><\/p>\n<p>Studio Bl\u00e4ck<\/p>\n<p><strong>Adresse:<\/strong><\/p>\n<p>Storgatan 33, 667 30 FORSHAGA<\/p>\n<p>Nettside: studioblack.se<\/p>\n","protected":false},"featured_media":60111,"template":"","meta":[],"product_brand":[],"product_cat":[374,365,370],"product_tag":[],"class_list":{"0":"post-54506","1":"product","2":"type-product","3":"status-publish","4":"has-post-thumbnail","6":"product_cat-dyre-og-naturtatoveringer","7":"product_cat-ferdige-ark","8":"product_cat-samarbeid-med-tatoveringskunstnere","10":"first","11":"instock","12":"taxable","13":"shipping-taxable","14":"purchasable","15":"product-type-simple"},"yoast_head":"<!-- This site is optimized with the Yoast SEO Premium plugin v26.2 (Yoast SEO v27.4) - https:\/\/yoast.com\/product\/yoast-seo-premium-wordpress\/ -->\n<title>Stilig tatoveringsark av tatoveringskunstneren Helene - Like ink<\/title>\n<meta name=\"description\" content=\"Veldig stilig og fin tatoveringsdesign av tatoveringskunstner Tatoveringene er enkle \u00e5 bruke og ser realistiske ut. Levering over hele verden! - Like ink\" \/>\n<meta name=\"robots\" content=\"index, follow, max-snippet:-1, max-image-preview:large, max-video-preview:-1\" \/>\n<link rel=\"canonical\" href=\"https:\/\/likeink.com\/no\/faketatureringar\/flash-blad-av-helene-ved-studio-black\/\" \/>\n<meta property=\"og:locale\" content=\"nb_NO\" \/>\n<meta property=\"og:type\" content=\"article\" \/>\n<meta property=\"og:title\" content=\"Flash \u00abblad\u00bb av Hel\u00e9ne ved Studio Bl\u00e4ck\" \/>\n<meta property=\"og:description\" content=\"V\u00e5re ferdige engangsark med falske tatoveringer er omtrent 20\u00d715 cm store og fylt med motivet du ser p\u00e5 bildet. For \u00e5 sikre at du blir forn\u00f8yd, vil vi trykke og sende arket innen 24 timer etter at du har lagt inn bestillingen. Dette arket er designet av den talentfulle tatoveringskunstneren Hel\u00e9ne fra Studio Bl\u00e4ck. Dette er Hel\u00e9ne: Tatoveringskunstner fra Sverige, som ELSKER tatoveringer og tatovering. Prosessen med \u00e5 gj\u00f8re kundens ideer om til en tatovering er den mest inspirerende m\u00e5ten \u00e5 skape kunst p\u00e5. Derfor tatoverer jeg alle stiler. Fra dristige linjer i Old-School-stil til fotorealistisk stil. Det som passer kundens visjon, personlighet og stil. N\u00e5r det gjelder sm\u00e5 tatoveringer, liker jeg enkle design med et fint flyt. Klassiske fine linjer og kanskje et snev av farge. Det vakre ligger i de sm\u00e5 detaljene i livet. Som i tatoveringer. Jeg h\u00e5per du liker disse tatoveringsarkene. Og bruk gjerne hashtaggen Like Ink og meg n\u00e5r du legger ut dine midlertidige tatoveringer p\u00e5 sosiale medier. Jeg h\u00e5per \u00e5 se deg p\u00e5 Studio Bl\u00e4ck i de fortryllende skogene i V\u00e4rmland. Ta kontakt med Hel\u00e9ne: Instagram: helene_studioblack Facebook: Facebook.com\/studioblack.forshaga Studio: Studio Bl\u00e4ck Adresse: Storgatan 33, 667 30 FORSHAGA Nettside: studioblack.se\" \/>\n<meta property=\"og:url\" content=\"https:\/\/likeink.com\/no\/faketatureringar\/flash-blad-av-helene-ved-studio-black\/\" \/>\n<meta property=\"og:site_name\" content=\"Like ink\" \/>\n<meta property=\"article:publisher\" content=\"https:\/\/www.facebook.com\/LikeInkSe\" \/>\n<meta property=\"article:modified_time\" content=\"2026-01-30T11:40:14+00:00\" \/>\n<meta property=\"og:image\" content=\"https:\/\/likeink.com\/wp-content\/uploads\/2020\/01\/StudioBl\u00e4ck4.jpg\" \/>\n\t<meta property=\"og:image:width\" content=\"567\" \/>\n\t<meta property=\"og:image:height\" content=\"400\" \/>\n\t<meta property=\"og:image:type\" content=\"image\/jpeg\" \/>\n<meta name=\"twitter:card\" content=\"summary_large_image\" \/>\n<script type=\"application\/ld+json\" class=\"yoast-schema-graph\">{\"@context\":\"https:\\\/\\\/schema.org\",\"@graph\":[{\"@type\":\"WebPage\",\"@id\":\"https:\\\/\\\/likeink.com\\\/no\\\/faketatureringar\\\/flash-blad-av-helene-ved-studio-black\\\/\",\"url\":\"https:\\\/\\\/likeink.com\\\/no\\\/faketatureringar\\\/flash-blad-av-helene-ved-studio-black\\\/\",\"name\":\"Stilig tatoveringsark av tatoveringskunstneren Helene - Like ink\",\"isPartOf\":{\"@id\":\"https:\\\/\\\/likeink.com\\\/no\\\/#website\"},\"primaryImageOfPage\":{\"@id\":\"https:\\\/\\\/likeink.com\\\/no\\\/faketatureringar\\\/flash-blad-av-helene-ved-studio-black\\\/#primaryimage\"},\"image\":{\"@id\":\"https:\\\/\\\/likeink.com\\\/no\\\/faketatureringar\\\/flash-blad-av-helene-ved-studio-black\\\/#primaryimage\"},\"thumbnailUrl\":\"https:\\\/\\\/likeink.com\\\/wp-content\\\/uploads\\\/2026\\\/03\\\/Illustrationer-tatuerare-kvist-likeink.jpg\",\"datePublished\":\"2025-12-15T09:37:04+00:00\",\"dateModified\":\"2026-01-30T11:40:14+00:00\",\"description\":\"Veldig stilig og fin tatoveringsdesign av tatoveringskunstner Tatoveringene er enkle \u00e5 bruke og ser realistiske ut. Levering over hele verden! - Like ink\",\"breadcrumb\":{\"@id\":\"https:\\\/\\\/likeink.com\\\/no\\\/faketatureringar\\\/flash-blad-av-helene-ved-studio-black\\\/#breadcrumb\"},\"inLanguage\":\"nb-NO\",\"potentialAction\":[{\"@type\":\"ReadAction\",\"target\":[\"https:\\\/\\\/likeink.com\\\/no\\\/faketatureringar\\\/flash-blad-av-helene-ved-studio-black\\\/\"]}]},{\"@type\":\"ImageObject\",\"inLanguage\":\"nb-NO\",\"@id\":\"https:\\\/\\\/likeink.com\\\/no\\\/faketatureringar\\\/flash-blad-av-helene-ved-studio-black\\\/#primaryimage\",\"url\":\"https:\\\/\\\/likeink.com\\\/wp-content\\\/uploads\\\/2026\\\/03\\\/Illustrationer-tatuerare-kvist-likeink.jpg\",\"contentUrl\":\"https:\\\/\\\/likeink.com\\\/wp-content\\\/uploads\\\/2026\\\/03\\\/Illustrationer-tatuerare-kvist-likeink.jpg\",\"width\":1800,\"height\":1268,\"caption\":\"En samling h\u00e5ndtegnede illustrasjoner med blant annet fugler, blader, blomster, konvolutter, en kopp og en papirb\u00e5t. Noen av bildene er aksentuert med akvarellfarger i rosa, bl\u00e5tt og gr\u00f8nt.\"},{\"@type\":\"BreadcrumbList\",\"@id\":\"https:\\\/\\\/likeink.com\\\/no\\\/faketatureringar\\\/flash-blad-av-helene-ved-studio-black\\\/#breadcrumb\",\"itemListElement\":[{\"@type\":\"ListItem\",\"position\":1,\"name\":\"Hem\",\"item\":\"https:\\\/\\\/likeink.com\\\/no\\\/\"},{\"@type\":\"ListItem\",\"position\":2,\"name\":\"Butikk\",\"item\":\"https:\\\/\\\/likeink.com\\\/no\\\/butikk\\\/\"},{\"@type\":\"ListItem\",\"position\":3,\"name\":\"Flash \u00abblad\u00bb av Hel\u00e9ne ved Studio Bl\u00e4ck\"}]},{\"@type\":\"WebSite\",\"@id\":\"https:\\\/\\\/likeink.com\\\/no\\\/#website\",\"url\":\"https:\\\/\\\/likeink.com\\\/no\\\/\",\"name\":\"Like ink\",\"description\":\"Make your own custom design\",\"potentialAction\":[{\"@type\":\"SearchAction\",\"target\":{\"@type\":\"EntryPoint\",\"urlTemplate\":\"https:\\\/\\\/likeink.com\\\/no\\\/?s={search_term_string}\"},\"query-input\":{\"@type\":\"PropertyValueSpecification\",\"valueRequired\":true,\"valueName\":\"search_term_string\"}}],\"inLanguage\":\"nb-NO\"}]}<\/script>\n<!-- \/ Yoast SEO Premium plugin. -->","yoast_head_json":{"title":"Stilig tatoveringsark av tatoveringskunstneren Helene - Like ink","description":"Veldig stilig og fin tatoveringsdesign av tatoveringskunstner Tatoveringene er enkle \u00e5 bruke og ser realistiske ut. Levering over hele verden! - Like ink","robots":{"index":"index","follow":"follow","max-snippet":"max-snippet:-1","max-image-preview":"max-image-preview:large","max-video-preview":"max-video-preview:-1"},"canonical":"https:\/\/likeink.com\/no\/faketatureringar\/flash-blad-av-helene-ved-studio-black\/","og_locale":"nb_NO","og_type":"article","og_title":"Flash \u00abblad\u00bb av Hel\u00e9ne ved Studio Bl\u00e4ck","og_description":"V\u00e5re ferdige engangsark med falske tatoveringer er omtrent 20\u00d715 cm store og fylt med motivet du ser p\u00e5 bildet. For \u00e5 sikre at du blir forn\u00f8yd, vil vi trykke og sende arket innen 24 timer etter at du har lagt inn bestillingen. Dette arket er designet av den talentfulle tatoveringskunstneren Hel\u00e9ne fra Studio Bl\u00e4ck. Dette er Hel\u00e9ne: Tatoveringskunstner fra Sverige, som ELSKER tatoveringer og tatovering. Prosessen med \u00e5 gj\u00f8re kundens ideer om til en tatovering er den mest inspirerende m\u00e5ten \u00e5 skape kunst p\u00e5. Derfor tatoverer jeg alle stiler. Fra dristige linjer i Old-School-stil til fotorealistisk stil. Det som passer kundens visjon, personlighet og stil. N\u00e5r det gjelder sm\u00e5 tatoveringer, liker jeg enkle design med et fint flyt. Klassiske fine linjer og kanskje et snev av farge. Det vakre ligger i de sm\u00e5 detaljene i livet. Som i tatoveringer. Jeg h\u00e5per du liker disse tatoveringsarkene. Og bruk gjerne hashtaggen Like Ink og meg n\u00e5r du legger ut dine midlertidige tatoveringer p\u00e5 sosiale medier. Jeg h\u00e5per \u00e5 se deg p\u00e5 Studio Bl\u00e4ck i de fortryllende skogene i V\u00e4rmland. Ta kontakt med Hel\u00e9ne: Instagram: helene_studioblack Facebook: Facebook.com\/studioblack.forshaga Studio: Studio Bl\u00e4ck Adresse: Storgatan 33, 667 30 FORSHAGA Nettside: studioblack.se","og_url":"https:\/\/likeink.com\/no\/faketatureringar\/flash-blad-av-helene-ved-studio-black\/","og_site_name":"Like ink","article_publisher":"https:\/\/www.facebook.com\/LikeInkSe","article_modified_time":"2026-01-30T11:40:14+00:00","og_image":[{"width":567,"height":400,"url":"https:\/\/likeink.com\/wp-content\/uploads\/2020\/01\/StudioBl\u00e4ck4.jpg","type":"image\/jpeg"}],"twitter_card":"summary_large_image","schema":{"@context":"https:\/\/schema.org","@graph":[{"@type":"WebPage","@id":"https:\/\/likeink.com\/no\/faketatureringar\/flash-blad-av-helene-ved-studio-black\/","url":"https:\/\/likeink.com\/no\/faketatureringar\/flash-blad-av-helene-ved-studio-black\/","name":"Stilig tatoveringsark av tatoveringskunstneren Helene - Like ink","isPartOf":{"@id":"https:\/\/likeink.com\/no\/#website"},"primaryImageOfPage":{"@id":"https:\/\/likeink.com\/no\/faketatureringar\/flash-blad-av-helene-ved-studio-black\/#primaryimage"},"image":{"@id":"https:\/\/likeink.com\/no\/faketatureringar\/flash-blad-av-helene-ved-studio-black\/#primaryimage"},"thumbnailUrl":"https:\/\/likeink.com\/wp-content\/uploads\/2026\/03\/Illustrationer-tatuerare-kvist-likeink.jpg","datePublished":"2025-12-15T09:37:04+00:00","dateModified":"2026-01-30T11:40:14+00:00","description":"Veldig stilig og fin tatoveringsdesign av tatoveringskunstner Tatoveringene er enkle \u00e5 bruke og ser realistiske ut. Levering over hele verden! - Like ink","breadcrumb":{"@id":"https:\/\/likeink.com\/no\/faketatureringar\/flash-blad-av-helene-ved-studio-black\/#breadcrumb"},"inLanguage":"nb-NO","potentialAction":[{"@type":"ReadAction","target":["https:\/\/likeink.com\/no\/faketatureringar\/flash-blad-av-helene-ved-studio-black\/"]}]},{"@type":"ImageObject","inLanguage":"nb-NO","@id":"https:\/\/likeink.com\/no\/faketatureringar\/flash-blad-av-helene-ved-studio-black\/#primaryimage","url":"https:\/\/likeink.com\/wp-content\/uploads\/2026\/03\/Illustrationer-tatuerare-kvist-likeink.jpg","contentUrl":"https:\/\/likeink.com\/wp-content\/uploads\/2026\/03\/Illustrationer-tatuerare-kvist-likeink.jpg","width":1800,"height":1268,"caption":"En samling h\u00e5ndtegnede illustrasjoner med blant annet fugler, blader, blomster, konvolutter, en kopp og en papirb\u00e5t. Noen av bildene er aksentuert med akvarellfarger i rosa, bl\u00e5tt og gr\u00f8nt."},{"@type":"BreadcrumbList","@id":"https:\/\/likeink.com\/no\/faketatureringar\/flash-blad-av-helene-ved-studio-black\/#breadcrumb","itemListElement":[{"@type":"ListItem","position":1,"name":"Hem","item":"https:\/\/likeink.com\/no\/"},{"@type":"ListItem","position":2,"name":"Butikk","item":"https:\/\/likeink.com\/no\/butikk\/"},{"@type":"ListItem","position":3,"name":"Flash \u00abblad\u00bb av Hel\u00e9ne ved Studio Bl\u00e4ck"}]},{"@type":"WebSite","@id":"https:\/\/likeink.com\/no\/#website","url":"https:\/\/likeink.com\/no\/","name":"Like ink","description":"Make your own custom design","potentialAction":[{"@type":"SearchAction","target":{"@type":"EntryPoint","urlTemplate":"https:\/\/likeink.com\/no\/?s={search_term_string}"},"query-input":{"@type":"PropertyValueSpecification","valueRequired":true,"valueName":"search_term_string"}}],"inLanguage":"nb-NO"}]}},"_links":{"self":[{"href":"https:\/\/likeink.com\/no\/wp-json\/wp\/v2\/product\/54506","targetHints":{"allow":["GET"]}}],"collection":[{"href":"https:\/\/likeink.com\/no\/wp-json\/wp\/v2\/product"}],"about":[{"href":"https:\/\/likeink.com\/no\/wp-json\/wp\/v2\/types\/product"}],"wp:featuredmedia":[{"embeddable":true,"href":"https:\/\/likeink.com\/no\/wp-json\/wp\/v2\/media\/60111"}],"wp:attachment":[{"href":"https:\/\/likeink.com\/no\/wp-json\/wp\/v2\/media?parent=54506"}],"wp:term":[{"taxonomy":"product_brand","embeddable":true,"href":"https:\/\/likeink.com\/no\/wp-json\/wp\/v2\/product_brand?post=54506"},{"taxonomy":"product_cat","embeddable":true,"href":"https:\/\/likeink.com\/no\/wp-json\/wp\/v2\/product_cat?post=54506"},{"taxonomy":"product_tag","embeddable":true,"href":"https:\/\/likeink.com\/no\/wp-json\/wp\/v2\/product_tag?post=54506"}],"curies":[{"name":"wp","href":"https:\/\/api.w.org\/{rel}","templated":true}]}}