{"id":54511,"date":"2020-01-21T15:23:32","date_gmt":"2025-12-15T09:37:06","guid":{"rendered":"https:\/\/likeink.com\/gnuggis\/flash-eyes-av-helene-pa-studio-black\/"},"modified":"2026-01-30T11:40:14","modified_gmt":"2026-01-30T11:40:14","slug":"flash-eyes-av-helene-pa-studio-black","status":"publish","type":"product","link":"https:\/\/likeink.com\/no\/faketatureringar\/flash-eyes-av-helene-pa-studio-black\/","title":{"rendered":"Flash \u00abEyes\u00bb av Hel\u00e9ne p\u00e5 Studio Bl\u00e4ck"},"content":{"rendered":"","protected":false},"excerpt":{"rendered":"<p>V\u00e5re ferdige engangsark med falske tatoveringer er omtrent 20\u00d715 cm store og fylt med motivet du ser p\u00e5 bildet. For \u00e5 sikre at du blir forn\u00f8yd, vil vi trykke og sende arket innen 24 timer etter at du har lagt inn bestillingen. Dette arket er designet av den talentfulle tatoveringskunstneren Hel\u00e9ne fra Studio Bl\u00e4ck.<\/p>\n<p><strong>Dette er Hel\u00e9ne:<\/strong><span class=\"apple-converted-space\"><\/span><\/p>\n<p>Tatoveringskunstner fra Sverige, som ELSKER tatoveringer og tatovering. Prosessen med \u00e5 gj\u00f8re kundens ideer om til en tatovering er den mest inspirerende m\u00e5ten \u00e5 skape kunst p\u00e5. Derfor tatoverer jeg alle stiler. Fra dristige linjer i Old-School-stil til fotorealistisk stil. Det som passer kundens visjon, personlighet og stil. N\u00e5r det gjelder sm\u00e5 tatoveringer, liker jeg enkle design med et fint flyt. Klassiske fine linjer og kanskje et snev av farge. Det vakre ligger i de sm\u00e5 detaljene i livet. Som i tatoveringer. Jeg h\u00e5per du liker disse tatoveringsarkene. Og bruk gjerne hashtaggen Like Ink og meg n\u00e5r du legger ut dine midlertidige tatoveringer p\u00e5 sosiale medier. Jeg h\u00e5per \u00e5 se deg p\u00e5 Studio Bl\u00e4ck i de fortryllende skogene i V\u00e4rmland.<\/p>\n<p><strong>Ta kontakt med Hel\u00e9ne: Instagram:<\/strong><span class=\"apple-converted-space\"><b><\/b><\/span><\/p>\n<p>helene_studioblack<\/p>\n<p><strong>Facebook:<\/strong><\/p>\n<p>Facebook.com\/studioblack.forshaga<\/p>\n<p><strong>Studio:<\/strong><\/p>\n<p>Studio Bl\u00e4ck<\/p>\n<p><strong>Adresse:<\/strong><\/p>\n<p>Storgatan 33, 667 30 FORSHAGA<\/p>\n<p>Nettside: studioblack.se<\/p>\n","protected":false},"featured_media":60052,"template":"","meta":[],"product_brand":[],"product_cat":[365,370],"product_tag":[],"class_list":{"0":"post-54511","1":"product","2":"type-product","3":"status-publish","4":"has-post-thumbnail","6":"product_cat-ferdige-ark","7":"product_cat-samarbeid-med-tatoveringskunstnere","9":"first","10":"instock","11":"taxable","12":"shipping-taxable","13":"purchasable","14":"product-type-simple"},"yoast_head":"<!-- This site is optimized with the Yoast SEO Premium plugin v26.2 (Yoast SEO v27.4) - https:\/\/yoast.com\/product\/yoast-seo-premium-wordpress\/ -->\n<title>A5 tatoveringsark med store tatoveringer I Ekte falske tatoveringer - Like ink<\/title>\n<meta name=\"description\" content=\"Store tatoveringer laget av den kjente tatoveringskunstneren Helende hos Studio Bl\u00e4ck. Vi setter pris p\u00e5 store tatoveringer og dette designet! Rask levering og blekk av h\u00f8y kvalitet.\" \/>\n<meta name=\"robots\" content=\"index, follow, max-snippet:-1, max-image-preview:large, max-video-preview:-1\" \/>\n<link rel=\"canonical\" href=\"https:\/\/likeink.com\/no\/faketatureringar\/flash-eyes-av-helene-pa-studio-black\/\" \/>\n<meta property=\"og:locale\" content=\"nb_NO\" \/>\n<meta property=\"og:type\" content=\"article\" \/>\n<meta property=\"og:title\" content=\"Flash \u00abEyes\u00bb av Hel\u00e9ne p\u00e5 Studio Bl\u00e4ck\" \/>\n<meta property=\"og:description\" content=\"V\u00e5re ferdige engangsark med falske tatoveringer er omtrent 20\u00d715 cm store og fylt med motivet du ser p\u00e5 bildet. For \u00e5 sikre at du blir forn\u00f8yd, vil vi trykke og sende arket innen 24 timer etter at du har lagt inn bestillingen. Dette arket er designet av den talentfulle tatoveringskunstneren Hel\u00e9ne fra Studio Bl\u00e4ck. Dette er Hel\u00e9ne: Tatoveringskunstner fra Sverige, som ELSKER tatoveringer og tatovering. Prosessen med \u00e5 gj\u00f8re kundens ideer om til en tatovering er den mest inspirerende m\u00e5ten \u00e5 skape kunst p\u00e5. Derfor tatoverer jeg alle stiler. Fra dristige linjer i Old-School-stil til fotorealistisk stil. Det som passer kundens visjon, personlighet og stil. N\u00e5r det gjelder sm\u00e5 tatoveringer, liker jeg enkle design med et fint flyt. Klassiske fine linjer og kanskje et snev av farge. Det vakre ligger i de sm\u00e5 detaljene i livet. Som i tatoveringer. Jeg h\u00e5per du liker disse tatoveringsarkene. Og bruk gjerne hashtaggen Like Ink og meg n\u00e5r du legger ut dine midlertidige tatoveringer p\u00e5 sosiale medier. Jeg h\u00e5per \u00e5 se deg p\u00e5 Studio Bl\u00e4ck i de fortryllende skogene i V\u00e4rmland. Ta kontakt med Hel\u00e9ne: Instagram: helene_studioblack Facebook: Facebook.com\/studioblack.forshaga Studio: Studio Bl\u00e4ck Adresse: Storgatan 33, 667 30 FORSHAGA Nettside: studioblack.se\" \/>\n<meta property=\"og:url\" content=\"https:\/\/likeink.com\/no\/faketatureringar\/flash-eyes-av-helene-pa-studio-black\/\" \/>\n<meta property=\"og:site_name\" content=\"Like ink\" \/>\n<meta property=\"article:publisher\" content=\"https:\/\/www.facebook.com\/LikeInkSe\" \/>\n<meta property=\"article:modified_time\" content=\"2026-01-30T11:40:14+00:00\" \/>\n<meta property=\"og:image\" content=\"https:\/\/likeink.com\/wp-content\/uploads\/2020\/01\/StudioBl\u00e4ck2.jpg\" \/>\n\t<meta property=\"og:image:width\" content=\"567\" \/>\n\t<meta property=\"og:image:height\" content=\"400\" \/>\n\t<meta property=\"og:image:type\" content=\"image\/jpeg\" \/>\n<meta name=\"twitter:card\" content=\"summary_large_image\" \/>\n<script type=\"application\/ld+json\" class=\"yoast-schema-graph\">{\"@context\":\"https:\\\/\\\/schema.org\",\"@graph\":[{\"@type\":\"WebPage\",\"@id\":\"https:\\\/\\\/likeink.com\\\/no\\\/faketatureringar\\\/flash-eyes-av-helene-pa-studio-black\\\/\",\"url\":\"https:\\\/\\\/likeink.com\\\/no\\\/faketatureringar\\\/flash-eyes-av-helene-pa-studio-black\\\/\",\"name\":\"A5 tatoveringsark med store tatoveringer I Ekte falske tatoveringer - Like ink\",\"isPartOf\":{\"@id\":\"https:\\\/\\\/likeink.com\\\/no\\\/#website\"},\"primaryImageOfPage\":{\"@id\":\"https:\\\/\\\/likeink.com\\\/no\\\/faketatureringar\\\/flash-eyes-av-helene-pa-studio-black\\\/#primaryimage\"},\"image\":{\"@id\":\"https:\\\/\\\/likeink.com\\\/no\\\/faketatureringar\\\/flash-eyes-av-helene-pa-studio-black\\\/#primaryimage\"},\"thumbnailUrl\":\"https:\\\/\\\/likeink.com\\\/wp-content\\\/uploads\\\/2026\\\/03\\\/Tattoo-artist-temporary-tattoo-designs-rose-likeink.png\",\"datePublished\":\"2025-12-15T09:37:06+00:00\",\"dateModified\":\"2026-01-30T11:40:14+00:00\",\"description\":\"Store tatoveringer laget av den kjente tatoveringskunstneren Helende hos Studio Bl\u00e4ck. Vi setter pris p\u00e5 store tatoveringer og dette designet! Rask levering og blekk av h\u00f8y kvalitet.\",\"breadcrumb\":{\"@id\":\"https:\\\/\\\/likeink.com\\\/no\\\/faketatureringar\\\/flash-eyes-av-helene-pa-studio-black\\\/#breadcrumb\"},\"inLanguage\":\"nb-NO\",\"potentialAction\":[{\"@type\":\"ReadAction\",\"target\":[\"https:\\\/\\\/likeink.com\\\/no\\\/faketatureringar\\\/flash-eyes-av-helene-pa-studio-black\\\/\"]}]},{\"@type\":\"ImageObject\",\"inLanguage\":\"nb-NO\",\"@id\":\"https:\\\/\\\/likeink.com\\\/no\\\/faketatureringar\\\/flash-eyes-av-helene-pa-studio-black\\\/#primaryimage\",\"url\":\"https:\\\/\\\/likeink.com\\\/wp-content\\\/uploads\\\/2026\\\/03\\\/Tattoo-artist-temporary-tattoo-designs-rose-likeink.png\",\"contentUrl\":\"https:\\\/\\\/likeink.com\\\/wp-content\\\/uploads\\\/2026\\\/03\\\/Tattoo-artist-temporary-tattoo-designs-rose-likeink.png\",\"width\":2481,\"height\":1749,\"caption\":\"En collage med et seilskip, to r\u00f8de roser, en hodeskalle med en rose og et n\u00e6rbilde av en kvinnes \u00f8yne ved siden av et tiger\u00f8ye, alt i en realistisk svart-hvitt-stil, bortsett fra de levende r\u00f8de rosene.\"},{\"@type\":\"BreadcrumbList\",\"@id\":\"https:\\\/\\\/likeink.com\\\/no\\\/faketatureringar\\\/flash-eyes-av-helene-pa-studio-black\\\/#breadcrumb\",\"itemListElement\":[{\"@type\":\"ListItem\",\"position\":1,\"name\":\"Hem\",\"item\":\"https:\\\/\\\/likeink.com\\\/no\\\/\"},{\"@type\":\"ListItem\",\"position\":2,\"name\":\"Butikk\",\"item\":\"https:\\\/\\\/likeink.com\\\/no\\\/butikk\\\/\"},{\"@type\":\"ListItem\",\"position\":3,\"name\":\"Flash \u00abEyes\u00bb av Hel\u00e9ne p\u00e5 Studio Bl\u00e4ck\"}]},{\"@type\":\"WebSite\",\"@id\":\"https:\\\/\\\/likeink.com\\\/no\\\/#website\",\"url\":\"https:\\\/\\\/likeink.com\\\/no\\\/\",\"name\":\"Like ink\",\"description\":\"Make your own custom design\",\"potentialAction\":[{\"@type\":\"SearchAction\",\"target\":{\"@type\":\"EntryPoint\",\"urlTemplate\":\"https:\\\/\\\/likeink.com\\\/no\\\/?s={search_term_string}\"},\"query-input\":{\"@type\":\"PropertyValueSpecification\",\"valueRequired\":true,\"valueName\":\"search_term_string\"}}],\"inLanguage\":\"nb-NO\"}]}<\/script>\n<!-- \/ Yoast SEO Premium plugin. -->","yoast_head_json":{"title":"A5 tatoveringsark med store tatoveringer I Ekte falske tatoveringer - Like ink","description":"Store tatoveringer laget av den kjente tatoveringskunstneren Helende hos Studio Bl\u00e4ck. Vi setter pris p\u00e5 store tatoveringer og dette designet! Rask levering og blekk av h\u00f8y kvalitet.","robots":{"index":"index","follow":"follow","max-snippet":"max-snippet:-1","max-image-preview":"max-image-preview:large","max-video-preview":"max-video-preview:-1"},"canonical":"https:\/\/likeink.com\/no\/faketatureringar\/flash-eyes-av-helene-pa-studio-black\/","og_locale":"nb_NO","og_type":"article","og_title":"Flash \u00abEyes\u00bb av Hel\u00e9ne p\u00e5 Studio Bl\u00e4ck","og_description":"V\u00e5re ferdige engangsark med falske tatoveringer er omtrent 20\u00d715 cm store og fylt med motivet du ser p\u00e5 bildet. For \u00e5 sikre at du blir forn\u00f8yd, vil vi trykke og sende arket innen 24 timer etter at du har lagt inn bestillingen. Dette arket er designet av den talentfulle tatoveringskunstneren Hel\u00e9ne fra Studio Bl\u00e4ck. Dette er Hel\u00e9ne: Tatoveringskunstner fra Sverige, som ELSKER tatoveringer og tatovering. Prosessen med \u00e5 gj\u00f8re kundens ideer om til en tatovering er den mest inspirerende m\u00e5ten \u00e5 skape kunst p\u00e5. Derfor tatoverer jeg alle stiler. Fra dristige linjer i Old-School-stil til fotorealistisk stil. Det som passer kundens visjon, personlighet og stil. N\u00e5r det gjelder sm\u00e5 tatoveringer, liker jeg enkle design med et fint flyt. Klassiske fine linjer og kanskje et snev av farge. Det vakre ligger i de sm\u00e5 detaljene i livet. Som i tatoveringer. Jeg h\u00e5per du liker disse tatoveringsarkene. Og bruk gjerne hashtaggen Like Ink og meg n\u00e5r du legger ut dine midlertidige tatoveringer p\u00e5 sosiale medier. Jeg h\u00e5per \u00e5 se deg p\u00e5 Studio Bl\u00e4ck i de fortryllende skogene i V\u00e4rmland. Ta kontakt med Hel\u00e9ne: Instagram: helene_studioblack Facebook: Facebook.com\/studioblack.forshaga Studio: Studio Bl\u00e4ck Adresse: Storgatan 33, 667 30 FORSHAGA Nettside: studioblack.se","og_url":"https:\/\/likeink.com\/no\/faketatureringar\/flash-eyes-av-helene-pa-studio-black\/","og_site_name":"Like ink","article_publisher":"https:\/\/www.facebook.com\/LikeInkSe","article_modified_time":"2026-01-30T11:40:14+00:00","og_image":[{"width":567,"height":400,"url":"https:\/\/likeink.com\/wp-content\/uploads\/2020\/01\/StudioBl\u00e4ck2.jpg","type":"image\/jpeg"}],"twitter_card":"summary_large_image","schema":{"@context":"https:\/\/schema.org","@graph":[{"@type":"WebPage","@id":"https:\/\/likeink.com\/no\/faketatureringar\/flash-eyes-av-helene-pa-studio-black\/","url":"https:\/\/likeink.com\/no\/faketatureringar\/flash-eyes-av-helene-pa-studio-black\/","name":"A5 tatoveringsark med store tatoveringer I Ekte falske tatoveringer - Like ink","isPartOf":{"@id":"https:\/\/likeink.com\/no\/#website"},"primaryImageOfPage":{"@id":"https:\/\/likeink.com\/no\/faketatureringar\/flash-eyes-av-helene-pa-studio-black\/#primaryimage"},"image":{"@id":"https:\/\/likeink.com\/no\/faketatureringar\/flash-eyes-av-helene-pa-studio-black\/#primaryimage"},"thumbnailUrl":"https:\/\/likeink.com\/wp-content\/uploads\/2026\/03\/Tattoo-artist-temporary-tattoo-designs-rose-likeink.png","datePublished":"2025-12-15T09:37:06+00:00","dateModified":"2026-01-30T11:40:14+00:00","description":"Store tatoveringer laget av den kjente tatoveringskunstneren Helende hos Studio Bl\u00e4ck. Vi setter pris p\u00e5 store tatoveringer og dette designet! Rask levering og blekk av h\u00f8y kvalitet.","breadcrumb":{"@id":"https:\/\/likeink.com\/no\/faketatureringar\/flash-eyes-av-helene-pa-studio-black\/#breadcrumb"},"inLanguage":"nb-NO","potentialAction":[{"@type":"ReadAction","target":["https:\/\/likeink.com\/no\/faketatureringar\/flash-eyes-av-helene-pa-studio-black\/"]}]},{"@type":"ImageObject","inLanguage":"nb-NO","@id":"https:\/\/likeink.com\/no\/faketatureringar\/flash-eyes-av-helene-pa-studio-black\/#primaryimage","url":"https:\/\/likeink.com\/wp-content\/uploads\/2026\/03\/Tattoo-artist-temporary-tattoo-designs-rose-likeink.png","contentUrl":"https:\/\/likeink.com\/wp-content\/uploads\/2026\/03\/Tattoo-artist-temporary-tattoo-designs-rose-likeink.png","width":2481,"height":1749,"caption":"En collage med et seilskip, to r\u00f8de roser, en hodeskalle med en rose og et n\u00e6rbilde av en kvinnes \u00f8yne ved siden av et tiger\u00f8ye, alt i en realistisk svart-hvitt-stil, bortsett fra de levende r\u00f8de rosene."},{"@type":"BreadcrumbList","@id":"https:\/\/likeink.com\/no\/faketatureringar\/flash-eyes-av-helene-pa-studio-black\/#breadcrumb","itemListElement":[{"@type":"ListItem","position":1,"name":"Hem","item":"https:\/\/likeink.com\/no\/"},{"@type":"ListItem","position":2,"name":"Butikk","item":"https:\/\/likeink.com\/no\/butikk\/"},{"@type":"ListItem","position":3,"name":"Flash \u00abEyes\u00bb av Hel\u00e9ne p\u00e5 Studio Bl\u00e4ck"}]},{"@type":"WebSite","@id":"https:\/\/likeink.com\/no\/#website","url":"https:\/\/likeink.com\/no\/","name":"Like ink","description":"Make your own custom design","potentialAction":[{"@type":"SearchAction","target":{"@type":"EntryPoint","urlTemplate":"https:\/\/likeink.com\/no\/?s={search_term_string}"},"query-input":{"@type":"PropertyValueSpecification","valueRequired":true,"valueName":"search_term_string"}}],"inLanguage":"nb-NO"}]}},"_links":{"self":[{"href":"https:\/\/likeink.com\/no\/wp-json\/wp\/v2\/product\/54511","targetHints":{"allow":["GET"]}}],"collection":[{"href":"https:\/\/likeink.com\/no\/wp-json\/wp\/v2\/product"}],"about":[{"href":"https:\/\/likeink.com\/no\/wp-json\/wp\/v2\/types\/product"}],"wp:featuredmedia":[{"embeddable":true,"href":"https:\/\/likeink.com\/no\/wp-json\/wp\/v2\/media\/60052"}],"wp:attachment":[{"href":"https:\/\/likeink.com\/no\/wp-json\/wp\/v2\/media?parent=54511"}],"wp:term":[{"taxonomy":"product_brand","embeddable":true,"href":"https:\/\/likeink.com\/no\/wp-json\/wp\/v2\/product_brand?post=54511"},{"taxonomy":"product_cat","embeddable":true,"href":"https:\/\/likeink.com\/no\/wp-json\/wp\/v2\/product_cat?post=54511"},{"taxonomy":"product_tag","embeddable":true,"href":"https:\/\/likeink.com\/no\/wp-json\/wp\/v2\/product_tag?post=54511"}],"curies":[{"name":"wp","href":"https:\/\/api.w.org\/{rel}","templated":true}]}}