{"id":54519,"date":"2019-11-25T13:17:54","date_gmt":"2025-12-15T09:37:10","guid":{"rendered":"https:\/\/likeink.com\/gnuggis\/godt-nyttar-tatoveringer-a5\/"},"modified":"2026-03-16T20:46:06","modified_gmt":"2026-03-16T20:46:06","slug":"godt-nyttar-tatoveringer-a5","status":"publish","type":"product","link":"https:\/\/likeink.com\/no\/faketatureringar\/godt-nyttar-tatoveringer-a5\/","title":{"rendered":"Godt nytt\u00e5r-tatoveringer"},"content":{"rendered":"","protected":false},"excerpt":{"rendered":"<p>Perfekt til nytt\u00e5rsfesten! V\u00e5re ferdige engangsark er omtrent 20\u00d715 cm store og har det designet du ser p\u00e5 bildet. Kanskje du liker det du ser? Kanskje du vil v\u00e6re sikker p\u00e5 kvaliteten p\u00e5 tatoveringen f\u00f8r du legger inn en st\u00f8rre bestilling med ditt eget design. For \u00e5 sikre at du blir forn\u00f8yd, vil vi trykke og sende arket innen 24 timer etter at vi har mottatt bestillingen din.<\/p>\n","protected":false},"featured_media":54520,"template":"","meta":[],"product_brand":[],"product_cat":[365,366],"product_tag":[],"class_list":{"0":"post-54519","1":"product","2":"type-product","3":"status-publish","4":"has-post-thumbnail","6":"product_cat-ferdige-ark","7":"product_cat-ferietatoveringer","9":"first","10":"instock","11":"taxable","12":"shipping-taxable","13":"purchasable","14":"product-type-simple"},"yoast_head":"<!-- This site is optimized with the Yoast SEO Premium plugin v26.2 (Yoast SEO v27.4) - https:\/\/yoast.com\/product\/yoast-seo-premium-wordpress\/ -->\n<title>Godt nytt\u00e5r-tatoveringer I A5 Midlertidige tatoveringer - Like ink<\/title>\n<meta name=\"description\" content=\"Godt nytt\u00e5r-midlertidige tatoveringer for en ekstra morsom nytt\u00e5rsfest! Rask levering over hele verden og tatoveringer av h\u00f8y kvalitet! Godt nytt\u00e5r \u2013 Like ink\" \/>\n<meta name=\"robots\" content=\"index, follow, max-snippet:-1, max-image-preview:large, max-video-preview:-1\" \/>\n<link rel=\"canonical\" href=\"https:\/\/likeink.com\/no\/faketatureringar\/godt-nyttar-tatoveringer-a5\/\" \/>\n<meta property=\"og:locale\" content=\"nb_NO\" \/>\n<meta property=\"og:type\" content=\"article\" \/>\n<meta property=\"og:title\" content=\"Godt nytt\u00e5r-tatoveringer\" \/>\n<meta property=\"og:description\" content=\"Perfekt til nytt\u00e5rsfesten! V\u00e5re ferdige engangsark er omtrent 20\u00d715 cm store og har det designet du ser p\u00e5 bildet. Kanskje du liker det du ser? Kanskje du vil v\u00e6re sikker p\u00e5 kvaliteten p\u00e5 tatoveringen f\u00f8r du legger inn en st\u00f8rre bestilling med ditt eget design. For \u00e5 sikre at du blir forn\u00f8yd, vil vi trykke og sende arket innen 24 timer etter at vi har mottatt bestillingen din.\" \/>\n<meta property=\"og:url\" content=\"https:\/\/likeink.com\/no\/faketatureringar\/godt-nyttar-tatoveringer-a5\/\" \/>\n<meta property=\"og:site_name\" content=\"Like ink\" \/>\n<meta property=\"article:publisher\" content=\"https:\/\/www.facebook.com\/LikeInkSe\" \/>\n<meta property=\"article:modified_time\" content=\"2026-03-16T20:46:06+00:00\" \/>\n<meta property=\"og:image\" content=\"https:\/\/likeink.com\/wp-content\/uploads\/2024\/11\/2025-nyar-design-likeink-gnuggisar.png\" \/>\n\t<meta property=\"og:image:width\" content=\"1418\" \/>\n\t<meta property=\"og:image:height\" content=\"1000\" \/>\n\t<meta property=\"og:image:type\" content=\"image\/png\" \/>\n<meta name=\"twitter:card\" content=\"summary_large_image\" \/>\n<script type=\"application\/ld+json\" class=\"yoast-schema-graph\">{\"@context\":\"https:\\\/\\\/schema.org\",\"@graph\":[{\"@type\":\"WebPage\",\"@id\":\"https:\\\/\\\/likeink.com\\\/no\\\/faketatureringar\\\/godt-nyttar-tatoveringer-a5\\\/\",\"url\":\"https:\\\/\\\/likeink.com\\\/no\\\/faketatureringar\\\/godt-nyttar-tatoveringer-a5\\\/\",\"name\":\"Godt nytt\u00e5r-tatoveringer I A5 Midlertidige tatoveringer - Like ink\",\"isPartOf\":{\"@id\":\"https:\\\/\\\/likeink.com\\\/no\\\/#website\"},\"primaryImageOfPage\":{\"@id\":\"https:\\\/\\\/likeink.com\\\/no\\\/faketatureringar\\\/godt-nyttar-tatoveringer-a5\\\/#primaryimage\"},\"image\":{\"@id\":\"https:\\\/\\\/likeink.com\\\/no\\\/faketatureringar\\\/godt-nyttar-tatoveringer-a5\\\/#primaryimage\"},\"thumbnailUrl\":\"https:\\\/\\\/likeink.com\\\/wp-content\\\/uploads\\\/2024\\\/11\\\/2025-nyar-design-likeink-gnuggisar.png\",\"datePublished\":\"2025-12-15T09:37:10+00:00\",\"dateModified\":\"2026-03-16T20:46:06+00:00\",\"description\":\"Godt nytt\u00e5r-midlertidige tatoveringer for en ekstra morsom nytt\u00e5rsfest! Rask levering over hele verden og tatoveringer av h\u00f8y kvalitet! Godt nytt\u00e5r \u2013 Like ink\",\"breadcrumb\":{\"@id\":\"https:\\\/\\\/likeink.com\\\/no\\\/faketatureringar\\\/godt-nyttar-tatoveringer-a5\\\/#breadcrumb\"},\"inLanguage\":\"nb-NO\",\"potentialAction\":[{\"@type\":\"ReadAction\",\"target\":[\"https:\\\/\\\/likeink.com\\\/no\\\/faketatureringar\\\/godt-nyttar-tatoveringer-a5\\\/\"]}]},{\"@type\":\"ImageObject\",\"inLanguage\":\"nb-NO\",\"@id\":\"https:\\\/\\\/likeink.com\\\/no\\\/faketatureringar\\\/godt-nyttar-tatoveringer-a5\\\/#primaryimage\",\"url\":\"https:\\\/\\\/likeink.com\\\/wp-content\\\/uploads\\\/2024\\\/11\\\/2025-nyar-design-likeink-gnuggisar.png\",\"contentUrl\":\"https:\\\/\\\/likeink.com\\\/wp-content\\\/uploads\\\/2024\\\/11\\\/2025-nyar-design-likeink-gnuggisar.png\",\"width\":1418,\"height\":1000,\"caption\":\"New Year Temporary Tattoos\"},{\"@type\":\"BreadcrumbList\",\"@id\":\"https:\\\/\\\/likeink.com\\\/no\\\/faketatureringar\\\/godt-nyttar-tatoveringer-a5\\\/#breadcrumb\",\"itemListElement\":[{\"@type\":\"ListItem\",\"position\":1,\"name\":\"Hem\",\"item\":\"https:\\\/\\\/likeink.com\\\/no\\\/\"},{\"@type\":\"ListItem\",\"position\":2,\"name\":\"Butikk\",\"item\":\"https:\\\/\\\/likeink.com\\\/no\\\/butikk\\\/\"},{\"@type\":\"ListItem\",\"position\":3,\"name\":\"Godt nytt\u00e5r-tatoveringer\"}]},{\"@type\":\"WebSite\",\"@id\":\"https:\\\/\\\/likeink.com\\\/no\\\/#website\",\"url\":\"https:\\\/\\\/likeink.com\\\/no\\\/\",\"name\":\"Like ink\",\"description\":\"Make your own custom design\",\"potentialAction\":[{\"@type\":\"SearchAction\",\"target\":{\"@type\":\"EntryPoint\",\"urlTemplate\":\"https:\\\/\\\/likeink.com\\\/no\\\/?s={search_term_string}\"},\"query-input\":{\"@type\":\"PropertyValueSpecification\",\"valueRequired\":true,\"valueName\":\"search_term_string\"}}],\"inLanguage\":\"nb-NO\"}]}<\/script>\n<!-- \/ Yoast SEO Premium plugin. -->","yoast_head_json":{"title":"Godt nytt\u00e5r-tatoveringer I A5 Midlertidige tatoveringer - Like ink","description":"Godt nytt\u00e5r-midlertidige tatoveringer for en ekstra morsom nytt\u00e5rsfest! Rask levering over hele verden og tatoveringer av h\u00f8y kvalitet! Godt nytt\u00e5r \u2013 Like ink","robots":{"index":"index","follow":"follow","max-snippet":"max-snippet:-1","max-image-preview":"max-image-preview:large","max-video-preview":"max-video-preview:-1"},"canonical":"https:\/\/likeink.com\/no\/faketatureringar\/godt-nyttar-tatoveringer-a5\/","og_locale":"nb_NO","og_type":"article","og_title":"Godt nytt\u00e5r-tatoveringer","og_description":"Perfekt til nytt\u00e5rsfesten! V\u00e5re ferdige engangsark er omtrent 20\u00d715 cm store og har det designet du ser p\u00e5 bildet. Kanskje du liker det du ser? Kanskje du vil v\u00e6re sikker p\u00e5 kvaliteten p\u00e5 tatoveringen f\u00f8r du legger inn en st\u00f8rre bestilling med ditt eget design. For \u00e5 sikre at du blir forn\u00f8yd, vil vi trykke og sende arket innen 24 timer etter at vi har mottatt bestillingen din.","og_url":"https:\/\/likeink.com\/no\/faketatureringar\/godt-nyttar-tatoveringer-a5\/","og_site_name":"Like ink","article_publisher":"https:\/\/www.facebook.com\/LikeInkSe","article_modified_time":"2026-03-16T20:46:06+00:00","og_image":[{"width":1418,"height":1000,"url":"https:\/\/likeink.com\/wp-content\/uploads\/2024\/11\/2025-nyar-design-likeink-gnuggisar.png","type":"image\/png"}],"twitter_card":"summary_large_image","schema":{"@context":"https:\/\/schema.org","@graph":[{"@type":"WebPage","@id":"https:\/\/likeink.com\/no\/faketatureringar\/godt-nyttar-tatoveringer-a5\/","url":"https:\/\/likeink.com\/no\/faketatureringar\/godt-nyttar-tatoveringer-a5\/","name":"Godt nytt\u00e5r-tatoveringer I A5 Midlertidige tatoveringer - Like ink","isPartOf":{"@id":"https:\/\/likeink.com\/no\/#website"},"primaryImageOfPage":{"@id":"https:\/\/likeink.com\/no\/faketatureringar\/godt-nyttar-tatoveringer-a5\/#primaryimage"},"image":{"@id":"https:\/\/likeink.com\/no\/faketatureringar\/godt-nyttar-tatoveringer-a5\/#primaryimage"},"thumbnailUrl":"https:\/\/likeink.com\/wp-content\/uploads\/2024\/11\/2025-nyar-design-likeink-gnuggisar.png","datePublished":"2025-12-15T09:37:10+00:00","dateModified":"2026-03-16T20:46:06+00:00","description":"Godt nytt\u00e5r-midlertidige tatoveringer for en ekstra morsom nytt\u00e5rsfest! Rask levering over hele verden og tatoveringer av h\u00f8y kvalitet! Godt nytt\u00e5r \u2013 Like ink","breadcrumb":{"@id":"https:\/\/likeink.com\/no\/faketatureringar\/godt-nyttar-tatoveringer-a5\/#breadcrumb"},"inLanguage":"nb-NO","potentialAction":[{"@type":"ReadAction","target":["https:\/\/likeink.com\/no\/faketatureringar\/godt-nyttar-tatoveringer-a5\/"]}]},{"@type":"ImageObject","inLanguage":"nb-NO","@id":"https:\/\/likeink.com\/no\/faketatureringar\/godt-nyttar-tatoveringer-a5\/#primaryimage","url":"https:\/\/likeink.com\/wp-content\/uploads\/2024\/11\/2025-nyar-design-likeink-gnuggisar.png","contentUrl":"https:\/\/likeink.com\/wp-content\/uploads\/2024\/11\/2025-nyar-design-likeink-gnuggisar.png","width":1418,"height":1000,"caption":"New Year Temporary Tattoos"},{"@type":"BreadcrumbList","@id":"https:\/\/likeink.com\/no\/faketatureringar\/godt-nyttar-tatoveringer-a5\/#breadcrumb","itemListElement":[{"@type":"ListItem","position":1,"name":"Hem","item":"https:\/\/likeink.com\/no\/"},{"@type":"ListItem","position":2,"name":"Butikk","item":"https:\/\/likeink.com\/no\/butikk\/"},{"@type":"ListItem","position":3,"name":"Godt nytt\u00e5r-tatoveringer"}]},{"@type":"WebSite","@id":"https:\/\/likeink.com\/no\/#website","url":"https:\/\/likeink.com\/no\/","name":"Like ink","description":"Make your own custom design","potentialAction":[{"@type":"SearchAction","target":{"@type":"EntryPoint","urlTemplate":"https:\/\/likeink.com\/no\/?s={search_term_string}"},"query-input":{"@type":"PropertyValueSpecification","valueRequired":true,"valueName":"search_term_string"}}],"inLanguage":"nb-NO"}]}},"_links":{"self":[{"href":"https:\/\/likeink.com\/no\/wp-json\/wp\/v2\/product\/54519","targetHints":{"allow":["GET"]}}],"collection":[{"href":"https:\/\/likeink.com\/no\/wp-json\/wp\/v2\/product"}],"about":[{"href":"https:\/\/likeink.com\/no\/wp-json\/wp\/v2\/types\/product"}],"wp:featuredmedia":[{"embeddable":true,"href":"https:\/\/likeink.com\/no\/wp-json\/wp\/v2\/media\/54520"}],"wp:attachment":[{"href":"https:\/\/likeink.com\/no\/wp-json\/wp\/v2\/media?parent=54519"}],"wp:term":[{"taxonomy":"product_brand","embeddable":true,"href":"https:\/\/likeink.com\/no\/wp-json\/wp\/v2\/product_brand?post=54519"},{"taxonomy":"product_cat","embeddable":true,"href":"https:\/\/likeink.com\/no\/wp-json\/wp\/v2\/product_cat?post=54519"},{"taxonomy":"product_tag","embeddable":true,"href":"https:\/\/likeink.com\/no\/wp-json\/wp\/v2\/product_tag?post=54519"}],"curies":[{"name":"wp","href":"https:\/\/api.w.org\/{rel}","templated":true}]}}