{"id":54525,"date":"2019-11-02T10:02:39","date_gmt":"2025-12-15T09:37:12","guid":{"rendered":"https:\/\/likeink.com\/gnuggis\/joker-tatoveringer-a5\/"},"modified":"2026-03-16T20:46:18","modified_gmt":"2026-03-16T20:46:18","slug":"joker-tatoveringer-a5","status":"publish","type":"product","link":"https:\/\/likeink.com\/no\/faketatureringar\/joker-tatoveringer-a5\/","title":{"rendered":"Joker-tatoveringer"},"content":{"rendered":"","protected":false},"excerpt":{"rendered":"<p>V\u00e5re ferdige engangsark er omtrent 20\u00d715 cm store og fylt med designet du ser p\u00e5 bildet. Kanskje du liker det du ser? Kanskje du vil v\u00e6re sikker p\u00e5 kvaliteten p\u00e5 tatoveringen f\u00f8r du legger inn en st\u00f8rre bestilling med ditt eget design. For \u00e5 sikre at du blir forn\u00f8yd, vil vi trykke og sende arket innen 24 timer etter at du har bestilt.<\/p>\n<p>Dette arket er perfekt til Halloween og maskerader, og tatoveringsarkene er fylt med Joker-tatoveringer i h\u00f8y oppl\u00f8sning. Jokers munn og klassiske Joker-tatoveringer som SMILE og DAMAGED.<\/p>\n<p>Ha det g\u00f8y!<\/p>\n","protected":false},"featured_media":60306,"template":"","meta":[],"product_brand":[],"product_cat":[369,365,377],"product_tag":[],"class_list":{"0":"post-54525","1":"product","2":"type-product","3":"status-publish","4":"has-post-thumbnail","6":"product_cat-andre-tatoveringer","7":"product_cat-ferdige-ark","8":"product_cat-halloween-tatoveringer-no","10":"first","11":"instock","12":"taxable","13":"shipping-taxable","14":"purchasable","15":"product-type-simple"},"yoast_head":"<!-- This site is optimized with the Yoast SEO Premium plugin v26.2 (Yoast SEO v27.4) - https:\/\/yoast.com\/product\/yoast-seo-premium-wordpress\/ -->\n<title>Joker midlertidige tatoveringer<\/title>\n<meta name=\"description\" content=\"Joker-midlertidige tatoveringer i h\u00f8y oppl\u00f8sning! Fullf\u00f8r Joker-looken din til neste maskerade eller Halloween-fest. A5-ark Joker-tatovering - Like ink\" \/>\n<meta name=\"robots\" content=\"index, follow, max-snippet:-1, max-image-preview:large, max-video-preview:-1\" \/>\n<link rel=\"canonical\" href=\"https:\/\/likeink.com\/no\/faketatureringar\/joker-tatoveringer-a5\/\" \/>\n<meta property=\"og:locale\" content=\"nb_NO\" \/>\n<meta property=\"og:type\" content=\"article\" \/>\n<meta property=\"og:title\" content=\"Joker-tatoveringer\" \/>\n<meta property=\"og:description\" content=\"V\u00e5re ferdige engangsark er omtrent 20\u00d715 cm store og fylt med designet du ser p\u00e5 bildet. Kanskje du liker det du ser? Kanskje du vil v\u00e6re sikker p\u00e5 kvaliteten p\u00e5 tatoveringen f\u00f8r du legger inn en st\u00f8rre bestilling med ditt eget design. For \u00e5 sikre at du blir forn\u00f8yd, vil vi trykke og sende arket innen 24 timer etter at du har bestilt. Dette arket er perfekt til Halloween og maskerader, og tatoveringsarkene er fylt med Joker-tatoveringer i h\u00f8y oppl\u00f8sning. Jokers munn og klassiske Joker-tatoveringer som SMILE og DAMAGED. Ha det g\u00f8y!\" \/>\n<meta property=\"og:url\" content=\"https:\/\/likeink.com\/no\/faketatureringar\/joker-tatoveringer-a5\/\" \/>\n<meta property=\"og:site_name\" content=\"Like ink\" \/>\n<meta property=\"article:publisher\" content=\"https:\/\/www.facebook.com\/LikeInkSe\" \/>\n<meta property=\"article:modified_time\" content=\"2026-03-16T20:46:18+00:00\" \/>\n<meta property=\"og:image\" content=\"https:\/\/likeink.com\/wp-content\/uploads\/2026\/03\/Joker-Temporary-Tattoos-Likeink.jpg\" \/>\n\t<meta property=\"og:image:width\" content=\"2481\" \/>\n\t<meta property=\"og:image:height\" content=\"1749\" \/>\n\t<meta property=\"og:image:type\" content=\"image\/jpeg\" \/>\n<meta name=\"twitter:card\" content=\"summary_large_image\" \/>\n<script type=\"application\/ld+json\" class=\"yoast-schema-graph\">{\"@context\":\"https:\\\/\\\/schema.org\",\"@graph\":[{\"@type\":\"WebPage\",\"@id\":\"https:\\\/\\\/likeink.com\\\/no\\\/faketatureringar\\\/joker-tatoveringer-a5\\\/\",\"url\":\"https:\\\/\\\/likeink.com\\\/no\\\/faketatureringar\\\/joker-tatoveringer-a5\\\/\",\"name\":\"Joker midlertidige tatoveringer\",\"isPartOf\":{\"@id\":\"https:\\\/\\\/likeink.com\\\/no\\\/#website\"},\"primaryImageOfPage\":{\"@id\":\"https:\\\/\\\/likeink.com\\\/no\\\/faketatureringar\\\/joker-tatoveringer-a5\\\/#primaryimage\"},\"image\":{\"@id\":\"https:\\\/\\\/likeink.com\\\/no\\\/faketatureringar\\\/joker-tatoveringer-a5\\\/#primaryimage\"},\"thumbnailUrl\":\"https:\\\/\\\/likeink.com\\\/wp-content\\\/uploads\\\/2026\\\/03\\\/Joker-Temporary-Tattoos-Likeink.jpg\",\"datePublished\":\"2025-12-15T09:37:12+00:00\",\"dateModified\":\"2026-03-16T20:46:18+00:00\",\"description\":\"Joker-midlertidige tatoveringer i h\u00f8y oppl\u00f8sning! Fullf\u00f8r Joker-looken din til neste maskerade eller Halloween-fest. A5-ark Joker-tatovering - Like ink\",\"breadcrumb\":{\"@id\":\"https:\\\/\\\/likeink.com\\\/no\\\/faketatureringar\\\/joker-tatoveringer-a5\\\/#breadcrumb\"},\"inLanguage\":\"nb-NO\",\"potentialAction\":[{\"@type\":\"ReadAction\",\"target\":[\"https:\\\/\\\/likeink.com\\\/no\\\/faketatureringar\\\/joker-tatoveringer-a5\\\/\"]}]},{\"@type\":\"ImageObject\",\"inLanguage\":\"nb-NO\",\"@id\":\"https:\\\/\\\/likeink.com\\\/no\\\/faketatureringar\\\/joker-tatoveringer-a5\\\/#primaryimage\",\"url\":\"https:\\\/\\\/likeink.com\\\/wp-content\\\/uploads\\\/2026\\\/03\\\/Joker-Temporary-Tattoos-Likeink.jpg\",\"contentUrl\":\"https:\\\/\\\/likeink.com\\\/wp-content\\\/uploads\\\/2026\\\/03\\\/Joker-Temporary-Tattoos-Likeink.jpg\",\"width\":2481,\"height\":1749,\"caption\":\"En collage med uhyggelig glisende munner, HAHAHA-tekst, JOKER, Damaged, SMILE, en hodeskalle i narrehatt, en narrefigur og ulike stjerner, som minner om et Joker- eller skurketema.\"},{\"@type\":\"BreadcrumbList\",\"@id\":\"https:\\\/\\\/likeink.com\\\/no\\\/faketatureringar\\\/joker-tatoveringer-a5\\\/#breadcrumb\",\"itemListElement\":[{\"@type\":\"ListItem\",\"position\":1,\"name\":\"Hem\",\"item\":\"https:\\\/\\\/likeink.com\\\/no\\\/\"},{\"@type\":\"ListItem\",\"position\":2,\"name\":\"Butikk\",\"item\":\"https:\\\/\\\/likeink.com\\\/no\\\/butikk\\\/\"},{\"@type\":\"ListItem\",\"position\":3,\"name\":\"Joker-tatoveringer\"}]},{\"@type\":\"WebSite\",\"@id\":\"https:\\\/\\\/likeink.com\\\/no\\\/#website\",\"url\":\"https:\\\/\\\/likeink.com\\\/no\\\/\",\"name\":\"Like ink\",\"description\":\"Make your own custom design\",\"potentialAction\":[{\"@type\":\"SearchAction\",\"target\":{\"@type\":\"EntryPoint\",\"urlTemplate\":\"https:\\\/\\\/likeink.com\\\/no\\\/?s={search_term_string}\"},\"query-input\":{\"@type\":\"PropertyValueSpecification\",\"valueRequired\":true,\"valueName\":\"search_term_string\"}}],\"inLanguage\":\"nb-NO\"}]}<\/script>\n<!-- \/ Yoast SEO Premium plugin. -->","yoast_head_json":{"title":"Joker midlertidige tatoveringer","description":"Joker-midlertidige tatoveringer i h\u00f8y oppl\u00f8sning! Fullf\u00f8r Joker-looken din til neste maskerade eller Halloween-fest. A5-ark Joker-tatovering - Like ink","robots":{"index":"index","follow":"follow","max-snippet":"max-snippet:-1","max-image-preview":"max-image-preview:large","max-video-preview":"max-video-preview:-1"},"canonical":"https:\/\/likeink.com\/no\/faketatureringar\/joker-tatoveringer-a5\/","og_locale":"nb_NO","og_type":"article","og_title":"Joker-tatoveringer","og_description":"V\u00e5re ferdige engangsark er omtrent 20\u00d715 cm store og fylt med designet du ser p\u00e5 bildet. Kanskje du liker det du ser? Kanskje du vil v\u00e6re sikker p\u00e5 kvaliteten p\u00e5 tatoveringen f\u00f8r du legger inn en st\u00f8rre bestilling med ditt eget design. For \u00e5 sikre at du blir forn\u00f8yd, vil vi trykke og sende arket innen 24 timer etter at du har bestilt. Dette arket er perfekt til Halloween og maskerader, og tatoveringsarkene er fylt med Joker-tatoveringer i h\u00f8y oppl\u00f8sning. Jokers munn og klassiske Joker-tatoveringer som SMILE og DAMAGED. Ha det g\u00f8y!","og_url":"https:\/\/likeink.com\/no\/faketatureringar\/joker-tatoveringer-a5\/","og_site_name":"Like ink","article_publisher":"https:\/\/www.facebook.com\/LikeInkSe","article_modified_time":"2026-03-16T20:46:18+00:00","og_image":[{"width":2481,"height":1749,"url":"https:\/\/likeink.com\/wp-content\/uploads\/2026\/03\/Joker-Temporary-Tattoos-Likeink.jpg","type":"image\/jpeg"}],"twitter_card":"summary_large_image","schema":{"@context":"https:\/\/schema.org","@graph":[{"@type":"WebPage","@id":"https:\/\/likeink.com\/no\/faketatureringar\/joker-tatoveringer-a5\/","url":"https:\/\/likeink.com\/no\/faketatureringar\/joker-tatoveringer-a5\/","name":"Joker midlertidige tatoveringer","isPartOf":{"@id":"https:\/\/likeink.com\/no\/#website"},"primaryImageOfPage":{"@id":"https:\/\/likeink.com\/no\/faketatureringar\/joker-tatoveringer-a5\/#primaryimage"},"image":{"@id":"https:\/\/likeink.com\/no\/faketatureringar\/joker-tatoveringer-a5\/#primaryimage"},"thumbnailUrl":"https:\/\/likeink.com\/wp-content\/uploads\/2026\/03\/Joker-Temporary-Tattoos-Likeink.jpg","datePublished":"2025-12-15T09:37:12+00:00","dateModified":"2026-03-16T20:46:18+00:00","description":"Joker-midlertidige tatoveringer i h\u00f8y oppl\u00f8sning! Fullf\u00f8r Joker-looken din til neste maskerade eller Halloween-fest. A5-ark Joker-tatovering - Like ink","breadcrumb":{"@id":"https:\/\/likeink.com\/no\/faketatureringar\/joker-tatoveringer-a5\/#breadcrumb"},"inLanguage":"nb-NO","potentialAction":[{"@type":"ReadAction","target":["https:\/\/likeink.com\/no\/faketatureringar\/joker-tatoveringer-a5\/"]}]},{"@type":"ImageObject","inLanguage":"nb-NO","@id":"https:\/\/likeink.com\/no\/faketatureringar\/joker-tatoveringer-a5\/#primaryimage","url":"https:\/\/likeink.com\/wp-content\/uploads\/2026\/03\/Joker-Temporary-Tattoos-Likeink.jpg","contentUrl":"https:\/\/likeink.com\/wp-content\/uploads\/2026\/03\/Joker-Temporary-Tattoos-Likeink.jpg","width":2481,"height":1749,"caption":"En collage med uhyggelig glisende munner, HAHAHA-tekst, JOKER, Damaged, SMILE, en hodeskalle i narrehatt, en narrefigur og ulike stjerner, som minner om et Joker- eller skurketema."},{"@type":"BreadcrumbList","@id":"https:\/\/likeink.com\/no\/faketatureringar\/joker-tatoveringer-a5\/#breadcrumb","itemListElement":[{"@type":"ListItem","position":1,"name":"Hem","item":"https:\/\/likeink.com\/no\/"},{"@type":"ListItem","position":2,"name":"Butikk","item":"https:\/\/likeink.com\/no\/butikk\/"},{"@type":"ListItem","position":3,"name":"Joker-tatoveringer"}]},{"@type":"WebSite","@id":"https:\/\/likeink.com\/no\/#website","url":"https:\/\/likeink.com\/no\/","name":"Like ink","description":"Make your own custom design","potentialAction":[{"@type":"SearchAction","target":{"@type":"EntryPoint","urlTemplate":"https:\/\/likeink.com\/no\/?s={search_term_string}"},"query-input":{"@type":"PropertyValueSpecification","valueRequired":true,"valueName":"search_term_string"}}],"inLanguage":"nb-NO"}]}},"_links":{"self":[{"href":"https:\/\/likeink.com\/no\/wp-json\/wp\/v2\/product\/54525","targetHints":{"allow":["GET"]}}],"collection":[{"href":"https:\/\/likeink.com\/no\/wp-json\/wp\/v2\/product"}],"about":[{"href":"https:\/\/likeink.com\/no\/wp-json\/wp\/v2\/types\/product"}],"wp:featuredmedia":[{"embeddable":true,"href":"https:\/\/likeink.com\/no\/wp-json\/wp\/v2\/media\/60306"}],"wp:attachment":[{"href":"https:\/\/likeink.com\/no\/wp-json\/wp\/v2\/media?parent=54525"}],"wp:term":[{"taxonomy":"product_brand","embeddable":true,"href":"https:\/\/likeink.com\/no\/wp-json\/wp\/v2\/product_brand?post=54525"},{"taxonomy":"product_cat","embeddable":true,"href":"https:\/\/likeink.com\/no\/wp-json\/wp\/v2\/product_cat?post=54525"},{"taxonomy":"product_tag","embeddable":true,"href":"https:\/\/likeink.com\/no\/wp-json\/wp\/v2\/product_tag?post=54525"}],"curies":[{"name":"wp","href":"https:\/\/api.w.org\/{rel}","templated":true}]}}