{"id":54533,"date":"2019-11-02T08:53:53","date_gmt":"2025-12-15T09:37:16","guid":{"rendered":"https:\/\/likeink.com\/gnuggis\/svarte-og-gra-tatoveringer-a5\/"},"modified":"2026-03-16T20:46:29","modified_gmt":"2026-03-16T20:46:29","slug":"svarte-og-gra-tatoveringer-a5","status":"publish","type":"product","link":"https:\/\/likeink.com\/no\/faketatureringar\/svarte-og-gra-tatoveringer-a5\/","title":{"rendered":"Svarte og gr\u00e5 tatoveringer"},"content":{"rendered":"","protected":false},"excerpt":{"rendered":"<p>V\u00e5re ferdige engangsark er omtrent 20\u00d715 cm store og har det designet du ser p\u00e5 bildet. Kanskje du liker det du ser? Kanskje du vil v\u00e6re sikker p\u00e5 kvaliteten p\u00e5 tatoveringen f\u00f8r du legger inn en st\u00f8rre bestilling med ditt eget design. For \u00e5 sikre at du blir forn\u00f8yd, vil vi trykke og sende arket innen 24 timer etter at du har lagt inn bestillingen.<\/p>\n<p>Her f\u00e5r du 9 attraktive tatoveringer i svart og gr\u00e5tt! <\/p>\n","protected":false},"featured_media":59933,"template":"","meta":[],"product_brand":[],"product_cat":[524,365,512,547],"product_tag":[],"class_list":{"0":"post-54533","1":"product","2":"type-product","3":"status-publish","4":"has-post-thumbnail","6":"product_cat-dyr-og-natur","7":"product_cat-ferdige-ark","8":"product_cat-old-school-og-retro","9":"product_cat-tribal-symboler-og-runer","11":"first","12":"instock","13":"taxable","14":"shipping-taxable","15":"purchasable","16":"product-type-simple"},"yoast_head":"<!-- This site is optimized with the Yoast SEO Premium plugin v27.5 (Yoast SEO v27.6) - https:\/\/yoast.com\/product\/yoast-seo-premium-wordpress\/ -->\n<title>Svarte og gr\u00e5 midlertidige tatoveringer - Like ink<\/title>\n<meta name=\"description\" content=\"A5-ark fylt med midlertidige tatoveringer i svart og gr\u00e5tt. Vi elsker svart og gr\u00e5tt, og vi trykker og sender bestillingen din innen 24 timer. - Like ink\" \/>\n<meta name=\"robots\" content=\"index, follow, max-snippet:-1, max-image-preview:large, max-video-preview:-1\" \/>\n<link rel=\"canonical\" href=\"https:\/\/likeink.com\/no\/faketatureringar\/svarte-og-gra-tatoveringer-a5\/\" \/>\n<meta property=\"og:locale\" content=\"nb_NO\" \/>\n<meta property=\"og:type\" content=\"article\" \/>\n<meta property=\"og:title\" content=\"Svarte og gr\u00e5 tatoveringer\" \/>\n<meta property=\"og:description\" content=\"V\u00e5re ferdige engangsark er omtrent 20\u00d715 cm store og har det designet du ser p\u00e5 bildet. Kanskje du liker det du ser? Kanskje du vil v\u00e6re sikker p\u00e5 kvaliteten p\u00e5 tatoveringen f\u00f8r du legger inn en st\u00f8rre bestilling med ditt eget design. For \u00e5 sikre at du blir forn\u00f8yd, vil vi trykke og sende arket innen 24 timer etter at du har lagt inn bestillingen. Her f\u00e5r du 9 attraktive tatoveringer i svart og gr\u00e5tt!\" \/>\n<meta property=\"og:url\" content=\"https:\/\/likeink.com\/no\/faketatureringar\/svarte-og-gra-tatoveringer-a5\/\" \/>\n<meta property=\"og:site_name\" content=\"Like ink\" \/>\n<meta property=\"article:publisher\" content=\"https:\/\/www.facebook.com\/LikeInkSe\" \/>\n<meta property=\"article:modified_time\" content=\"2026-03-16T20:46:29+00:00\" \/>\n<meta property=\"og:image\" content=\"https:\/\/likeink.com\/wp-content\/uploads\/2026\/03\/Black-and-gray-temporary-tattoo-Likeink.png\" \/>\n\t<meta property=\"og:image:width\" content=\"2481\" \/>\n\t<meta property=\"og:image:height\" content=\"1749\" \/>\n\t<meta property=\"og:image:type\" content=\"image\/png\" \/>\n<meta name=\"twitter:card\" content=\"summary_large_image\" \/>\n<!-- \/ Yoast SEO Premium plugin. -->","yoast_head_json":{"title":"Svarte og gr\u00e5 midlertidige tatoveringer - Like ink","description":"A5-ark fylt med midlertidige tatoveringer i svart og gr\u00e5tt. Vi elsker svart og gr\u00e5tt, og vi trykker og sender bestillingen din innen 24 timer. - Like ink","robots":{"index":"index","follow":"follow","max-snippet":"max-snippet:-1","max-image-preview":"max-image-preview:large","max-video-preview":"max-video-preview:-1"},"canonical":"https:\/\/likeink.com\/no\/faketatureringar\/svarte-og-gra-tatoveringer-a5\/","og_locale":"nb_NO","og_type":"article","og_title":"Svarte og gr\u00e5 tatoveringer","og_description":"V\u00e5re ferdige engangsark er omtrent 20\u00d715 cm store og har det designet du ser p\u00e5 bildet. Kanskje du liker det du ser? Kanskje du vil v\u00e6re sikker p\u00e5 kvaliteten p\u00e5 tatoveringen f\u00f8r du legger inn en st\u00f8rre bestilling med ditt eget design. For \u00e5 sikre at du blir forn\u00f8yd, vil vi trykke og sende arket innen 24 timer etter at du har lagt inn bestillingen. Her f\u00e5r du 9 attraktive tatoveringer i svart og gr\u00e5tt!","og_url":"https:\/\/likeink.com\/no\/faketatureringar\/svarte-og-gra-tatoveringer-a5\/","og_site_name":"Like ink","article_publisher":"https:\/\/www.facebook.com\/LikeInkSe","article_modified_time":"2026-03-16T20:46:29+00:00","og_image":[{"width":2481,"height":1749,"url":"https:\/\/likeink.com\/wp-content\/uploads\/2026\/03\/Black-and-gray-temporary-tattoo-Likeink.png","type":"image\/png"}],"twitter_card":"summary_large_image","schema":{"@context":"https:\/\/schema.org","@graph":[{"@type":"WebPage","@id":"https:\/\/likeink.com\/no\/faketatureringar\/svarte-og-gra-tatoveringer-a5\/","url":"https:\/\/likeink.com\/no\/faketatureringar\/svarte-og-gra-tatoveringer-a5\/","name":"Svarte og gr\u00e5 midlertidige tatoveringer - Like ink","isPartOf":{"@id":"https:\/\/likeink.com\/no\/#website"},"primaryImageOfPage":{"@id":"https:\/\/likeink.com\/no\/faketatureringar\/svarte-og-gra-tatoveringer-a5\/#primaryimage"},"image":{"@id":"https:\/\/likeink.com\/no\/faketatureringar\/svarte-og-gra-tatoveringer-a5\/#primaryimage"},"thumbnailUrl":"https:\/\/likeink.com\/wp-content\/uploads\/2026\/03\/Black-and-gray-temporary-tattoo-Likeink.png","datePublished":"2025-12-15T09:37:16+00:00","dateModified":"2026-03-16T20:46:29+00:00","description":"A5-ark fylt med midlertidige tatoveringer i svart og gr\u00e5tt. Vi elsker svart og gr\u00e5tt, og vi trykker og sender bestillingen din innen 24 timer. - Like ink","breadcrumb":{"@id":"https:\/\/likeink.com\/no\/faketatureringar\/svarte-og-gra-tatoveringer-a5\/#breadcrumb"},"inLanguage":"nb-NO","potentialAction":[{"@type":"ReadAction","target":["https:\/\/likeink.com\/no\/faketatureringar\/svarte-og-gra-tatoveringer-a5\/"]}]},{"@type":"ImageObject","inLanguage":"nb-NO","@id":"https:\/\/likeink.com\/no\/faketatureringar\/svarte-og-gra-tatoveringer-a5\/#primaryimage","url":"https:\/\/likeink.com\/wp-content\/uploads\/2026\/03\/Black-and-gray-temporary-tattoo-Likeink.png","contentUrl":"https:\/\/likeink.com\/wp-content\/uploads\/2026\/03\/Black-and-gray-temporary-tattoo-Likeink.png","width":2481,"height":1749,"caption":"En samling svart-hvite tatoveringsmotiver med blant annet vinger, et lommeur, en elefant, stammem\u00f8nstre, blomster, en ugle, en kolibri, delfiner og en skilpadde."},{"@type":"BreadcrumbList","@id":"https:\/\/likeink.com\/no\/faketatureringar\/svarte-og-gra-tatoveringer-a5\/#breadcrumb","itemListElement":[{"@type":"ListItem","position":1,"name":"Hem","item":"https:\/\/likeink.com\/no\/"},{"@type":"ListItem","position":2,"name":"Butikk","item":"https:\/\/likeink.com\/no\/butikk\/"},{"@type":"ListItem","position":3,"name":"Svarte og gr\u00e5 tatoveringer"}]},{"@type":"WebSite","@id":"https:\/\/likeink.com\/no\/#website","url":"https:\/\/likeink.com\/no\/","name":"Like ink","description":"Make your own custom design","potentialAction":[{"@type":"SearchAction","target":{"@type":"EntryPoint","urlTemplate":"https:\/\/likeink.com\/no\/?s={search_term_string}"},"query-input":{"@type":"PropertyValueSpecification","valueRequired":true,"valueName":"search_term_string"}}],"inLanguage":"nb-NO"}]}},"_links":{"self":[{"href":"https:\/\/likeink.com\/no\/wp-json\/wp\/v2\/product\/54533","targetHints":{"allow":["GET"]}}],"collection":[{"href":"https:\/\/likeink.com\/no\/wp-json\/wp\/v2\/product"}],"about":[{"href":"https:\/\/likeink.com\/no\/wp-json\/wp\/v2\/types\/product"}],"wp:featuredmedia":[{"embeddable":true,"href":"https:\/\/likeink.com\/no\/wp-json\/wp\/v2\/media\/59933"}],"wp:attachment":[{"href":"https:\/\/likeink.com\/no\/wp-json\/wp\/v2\/media?parent=54533"}],"wp:term":[{"taxonomy":"product_brand","embeddable":true,"href":"https:\/\/likeink.com\/no\/wp-json\/wp\/v2\/product_brand?post=54533"},{"taxonomy":"product_cat","embeddable":true,"href":"https:\/\/likeink.com\/no\/wp-json\/wp\/v2\/product_cat?post=54533"},{"taxonomy":"product_tag","embeddable":true,"href":"https:\/\/likeink.com\/no\/wp-json\/wp\/v2\/product_tag?post=54533"}],"curies":[{"name":"wp","href":"https:\/\/api.w.org\/{rel}","templated":true}]}}