{"id":54539,"date":"2019-10-31T15:34:30","date_gmt":"2025-12-15T09:37:18","guid":{"rendered":"https:\/\/likeink.com\/gnuggis\/julekalender-24-tatoveringer-a5\/"},"modified":"2026-03-16T20:46:29","modified_gmt":"2026-03-16T20:46:29","slug":"julekalender-24-tatoveringer-a5","status":"publish","type":"product","link":"https:\/\/likeink.com\/no\/faketatureringar\/julekalender-24-tatoveringer-a5\/","title":{"rendered":"Julekalender 24 tatoveringer"},"content":{"rendered":"","protected":false},"excerpt":{"rendered":"<h2>Falske tatoveringer med adventskalender-design<\/h2>\n<p>V\u00e5re ferdige ark med midlertidige tatoveringer er omtrent 20\u00d715 cm store og har motivet du ser p\u00e5 bildet. Vi trykker og sender arket med midlertidige tatoveringer innen 24 timer etter at du har lagt inn bestillingen.<\/p>\n<p>24 dager med spennende midlertidige tatoveringer for barn! Her f\u00e5r du et fargerikt ark med 24 unike og barnevennlige midlertidige tatoveringer. Tatoveringene har en blanding av julerelaterte motiver, som julenisser, reinsdyr og juletr\u00e6r, samt andre morsomme og livlige design. Perfekt for barn som gleder seg til julefeiringen og \u00f8nsker litt ekstra moro i desember.<\/p>\n<p>Antall design: 24<br \/>\nSt\u00f8rrelse: Designene er 2\u20134 cm brede.<\/p>\n","protected":false},"featured_media":54540,"template":"","meta":[],"product_brand":[],"product_cat":[365,366,371],"product_tag":[],"class_list":{"0":"post-54539","1":"product","2":"type-product","3":"status-publish","4":"has-post-thumbnail","6":"product_cat-ferdige-ark","7":"product_cat-ferietatoveringer","8":"product_cat-tatoveringer-for-barn","10":"first","11":"instock","12":"taxable","13":"shipping-taxable","14":"purchasable","15":"product-type-simple"},"yoast_head":"<!-- This site is optimized with the Yoast SEO Premium plugin v26.2 (Yoast SEO v27.4) - https:\/\/yoast.com\/product\/yoast-seo-premium-wordpress\/ -->\n<title>24 falske juletatoveringer i julekalenderen - Like ink<\/title>\n<meta name=\"description\" content=\"Julekalender med falske tatoveringer: Midlertidig tatoveringskalender til jul! Gj\u00f8r desember s\u00e5 mye morsommere og vakrere. Trygge og brukervennlige midlertidige tatoveringer - Like ink\" \/>\n<meta name=\"robots\" content=\"index, follow, max-snippet:-1, max-image-preview:large, max-video-preview:-1\" \/>\n<link rel=\"canonical\" href=\"https:\/\/likeink.com\/no\/faketatureringar\/julekalender-24-tatoveringer-a5\/\" \/>\n<meta property=\"og:locale\" content=\"nb_NO\" \/>\n<meta property=\"og:type\" content=\"article\" \/>\n<meta property=\"og:title\" content=\"Julekalender 24 tatoveringer\" \/>\n<meta property=\"og:description\" content=\"Falske tatoveringer med adventskalender-designV\u00e5re ferdige ark med midlertidige tatoveringer er omtrent 20\u00d715 cm store og har motivet du ser p\u00e5 bildet. Vi trykker og sender arket med midlertidige tatoveringer innen 24 timer etter at du har lagt inn bestillingen. 24 dager med spennende midlertidige tatoveringer for barn! Her f\u00e5r du et fargerikt ark med 24 unike og barnevennlige midlertidige tatoveringer. Tatoveringene har en blanding av julerelaterte motiver, som julenisser, reinsdyr og juletr\u00e6r, samt andre morsomme og livlige design. Perfekt for barn som gleder seg til julefeiringen og \u00f8nsker litt ekstra moro i desember. Antall design: 24 St\u00f8rrelse: Designene er 2\u20134 cm brede.\" \/>\n<meta property=\"og:url\" content=\"https:\/\/likeink.com\/no\/faketatureringar\/julekalender-24-tatoveringer-a5\/\" \/>\n<meta property=\"og:site_name\" content=\"Like ink\" \/>\n<meta property=\"article:publisher\" content=\"https:\/\/www.facebook.com\/LikeInkSe\" \/>\n<meta property=\"article:modified_time\" content=\"2026-03-16T20:46:29+00:00\" \/>\n<meta property=\"og:image\" content=\"https:\/\/likeink.com\/wp-content\/uploads\/2023\/10\/Christmas-tattoos-kids-likeink.jpg\" \/>\n\t<meta property=\"og:image:width\" content=\"1400\" \/>\n\t<meta property=\"og:image:height\" content=\"986\" \/>\n\t<meta property=\"og:image:type\" content=\"image\/jpeg\" \/>\n<meta name=\"twitter:card\" content=\"summary_large_image\" \/>\n<script type=\"application\/ld+json\" class=\"yoast-schema-graph\">{\"@context\":\"https:\\\/\\\/schema.org\",\"@graph\":[{\"@type\":\"WebPage\",\"@id\":\"https:\\\/\\\/likeink.com\\\/no\\\/faketatureringar\\\/julekalender-24-tatoveringer-a5\\\/\",\"url\":\"https:\\\/\\\/likeink.com\\\/no\\\/faketatureringar\\\/julekalender-24-tatoveringer-a5\\\/\",\"name\":\"24 falske juletatoveringer i julekalenderen - Like ink\",\"isPartOf\":{\"@id\":\"https:\\\/\\\/likeink.com\\\/no\\\/#website\"},\"primaryImageOfPage\":{\"@id\":\"https:\\\/\\\/likeink.com\\\/no\\\/faketatureringar\\\/julekalender-24-tatoveringer-a5\\\/#primaryimage\"},\"image\":{\"@id\":\"https:\\\/\\\/likeink.com\\\/no\\\/faketatureringar\\\/julekalender-24-tatoveringer-a5\\\/#primaryimage\"},\"thumbnailUrl\":\"https:\\\/\\\/likeink.com\\\/wp-content\\\/uploads\\\/2023\\\/10\\\/Christmas-tattoos-kids-likeink.jpg\",\"datePublished\":\"2025-12-15T09:37:18+00:00\",\"dateModified\":\"2026-03-16T20:46:29+00:00\",\"description\":\"Julekalender med falske tatoveringer: Midlertidig tatoveringskalender til jul! Gj\u00f8r desember s\u00e5 mye morsommere og vakrere. Trygge og brukervennlige midlertidige tatoveringer - Like ink\",\"breadcrumb\":{\"@id\":\"https:\\\/\\\/likeink.com\\\/no\\\/faketatureringar\\\/julekalender-24-tatoveringer-a5\\\/#breadcrumb\"},\"inLanguage\":\"nb-NO\",\"potentialAction\":[{\"@type\":\"ReadAction\",\"target\":[\"https:\\\/\\\/likeink.com\\\/no\\\/faketatureringar\\\/julekalender-24-tatoveringer-a5\\\/\"]}]},{\"@type\":\"ImageObject\",\"inLanguage\":\"nb-NO\",\"@id\":\"https:\\\/\\\/likeink.com\\\/no\\\/faketatureringar\\\/julekalender-24-tatoveringer-a5\\\/#primaryimage\",\"url\":\"https:\\\/\\\/likeink.com\\\/wp-content\\\/uploads\\\/2023\\\/10\\\/Christmas-tattoos-kids-likeink.jpg\",\"contentUrl\":\"https:\\\/\\\/likeink.com\\\/wp-content\\\/uploads\\\/2023\\\/10\\\/Christmas-tattoos-kids-likeink.jpg\",\"width\":1400,\"height\":986,\"caption\":\"Like Ink Advent Calendar: 24 Days With Exciting Temporary Tattoos For Kids!\"},{\"@type\":\"BreadcrumbList\",\"@id\":\"https:\\\/\\\/likeink.com\\\/no\\\/faketatureringar\\\/julekalender-24-tatoveringer-a5\\\/#breadcrumb\",\"itemListElement\":[{\"@type\":\"ListItem\",\"position\":1,\"name\":\"Hem\",\"item\":\"https:\\\/\\\/likeink.com\\\/no\\\/\"},{\"@type\":\"ListItem\",\"position\":2,\"name\":\"Butikk\",\"item\":\"https:\\\/\\\/likeink.com\\\/no\\\/butikk\\\/\"},{\"@type\":\"ListItem\",\"position\":3,\"name\":\"Julekalender 24 tatoveringer\"}]},{\"@type\":\"WebSite\",\"@id\":\"https:\\\/\\\/likeink.com\\\/no\\\/#website\",\"url\":\"https:\\\/\\\/likeink.com\\\/no\\\/\",\"name\":\"Like ink\",\"description\":\"Make your own custom design\",\"potentialAction\":[{\"@type\":\"SearchAction\",\"target\":{\"@type\":\"EntryPoint\",\"urlTemplate\":\"https:\\\/\\\/likeink.com\\\/no\\\/?s={search_term_string}\"},\"query-input\":{\"@type\":\"PropertyValueSpecification\",\"valueRequired\":true,\"valueName\":\"search_term_string\"}}],\"inLanguage\":\"nb-NO\"}]}<\/script>\n<!-- \/ Yoast SEO Premium plugin. -->","yoast_head_json":{"title":"24 falske juletatoveringer i julekalenderen - Like ink","description":"Julekalender med falske tatoveringer: Midlertidig tatoveringskalender til jul! Gj\u00f8r desember s\u00e5 mye morsommere og vakrere. Trygge og brukervennlige midlertidige tatoveringer - Like ink","robots":{"index":"index","follow":"follow","max-snippet":"max-snippet:-1","max-image-preview":"max-image-preview:large","max-video-preview":"max-video-preview:-1"},"canonical":"https:\/\/likeink.com\/no\/faketatureringar\/julekalender-24-tatoveringer-a5\/","og_locale":"nb_NO","og_type":"article","og_title":"Julekalender 24 tatoveringer","og_description":"Falske tatoveringer med adventskalender-designV\u00e5re ferdige ark med midlertidige tatoveringer er omtrent 20\u00d715 cm store og har motivet du ser p\u00e5 bildet. Vi trykker og sender arket med midlertidige tatoveringer innen 24 timer etter at du har lagt inn bestillingen. 24 dager med spennende midlertidige tatoveringer for barn! Her f\u00e5r du et fargerikt ark med 24 unike og barnevennlige midlertidige tatoveringer. Tatoveringene har en blanding av julerelaterte motiver, som julenisser, reinsdyr og juletr\u00e6r, samt andre morsomme og livlige design. Perfekt for barn som gleder seg til julefeiringen og \u00f8nsker litt ekstra moro i desember. Antall design: 24 St\u00f8rrelse: Designene er 2\u20134 cm brede.","og_url":"https:\/\/likeink.com\/no\/faketatureringar\/julekalender-24-tatoveringer-a5\/","og_site_name":"Like ink","article_publisher":"https:\/\/www.facebook.com\/LikeInkSe","article_modified_time":"2026-03-16T20:46:29+00:00","og_image":[{"width":1400,"height":986,"url":"https:\/\/likeink.com\/wp-content\/uploads\/2023\/10\/Christmas-tattoos-kids-likeink.jpg","type":"image\/jpeg"}],"twitter_card":"summary_large_image","schema":{"@context":"https:\/\/schema.org","@graph":[{"@type":"WebPage","@id":"https:\/\/likeink.com\/no\/faketatureringar\/julekalender-24-tatoveringer-a5\/","url":"https:\/\/likeink.com\/no\/faketatureringar\/julekalender-24-tatoveringer-a5\/","name":"24 falske juletatoveringer i julekalenderen - Like ink","isPartOf":{"@id":"https:\/\/likeink.com\/no\/#website"},"primaryImageOfPage":{"@id":"https:\/\/likeink.com\/no\/faketatureringar\/julekalender-24-tatoveringer-a5\/#primaryimage"},"image":{"@id":"https:\/\/likeink.com\/no\/faketatureringar\/julekalender-24-tatoveringer-a5\/#primaryimage"},"thumbnailUrl":"https:\/\/likeink.com\/wp-content\/uploads\/2023\/10\/Christmas-tattoos-kids-likeink.jpg","datePublished":"2025-12-15T09:37:18+00:00","dateModified":"2026-03-16T20:46:29+00:00","description":"Julekalender med falske tatoveringer: Midlertidig tatoveringskalender til jul! Gj\u00f8r desember s\u00e5 mye morsommere og vakrere. Trygge og brukervennlige midlertidige tatoveringer - Like ink","breadcrumb":{"@id":"https:\/\/likeink.com\/no\/faketatureringar\/julekalender-24-tatoveringer-a5\/#breadcrumb"},"inLanguage":"nb-NO","potentialAction":[{"@type":"ReadAction","target":["https:\/\/likeink.com\/no\/faketatureringar\/julekalender-24-tatoveringer-a5\/"]}]},{"@type":"ImageObject","inLanguage":"nb-NO","@id":"https:\/\/likeink.com\/no\/faketatureringar\/julekalender-24-tatoveringer-a5\/#primaryimage","url":"https:\/\/likeink.com\/wp-content\/uploads\/2023\/10\/Christmas-tattoos-kids-likeink.jpg","contentUrl":"https:\/\/likeink.com\/wp-content\/uploads\/2023\/10\/Christmas-tattoos-kids-likeink.jpg","width":1400,"height":986,"caption":"Like Ink Advent Calendar: 24 Days With Exciting Temporary Tattoos For Kids!"},{"@type":"BreadcrumbList","@id":"https:\/\/likeink.com\/no\/faketatureringar\/julekalender-24-tatoveringer-a5\/#breadcrumb","itemListElement":[{"@type":"ListItem","position":1,"name":"Hem","item":"https:\/\/likeink.com\/no\/"},{"@type":"ListItem","position":2,"name":"Butikk","item":"https:\/\/likeink.com\/no\/butikk\/"},{"@type":"ListItem","position":3,"name":"Julekalender 24 tatoveringer"}]},{"@type":"WebSite","@id":"https:\/\/likeink.com\/no\/#website","url":"https:\/\/likeink.com\/no\/","name":"Like ink","description":"Make your own custom design","potentialAction":[{"@type":"SearchAction","target":{"@type":"EntryPoint","urlTemplate":"https:\/\/likeink.com\/no\/?s={search_term_string}"},"query-input":{"@type":"PropertyValueSpecification","valueRequired":true,"valueName":"search_term_string"}}],"inLanguage":"nb-NO"}]}},"_links":{"self":[{"href":"https:\/\/likeink.com\/no\/wp-json\/wp\/v2\/product\/54539","targetHints":{"allow":["GET"]}}],"collection":[{"href":"https:\/\/likeink.com\/no\/wp-json\/wp\/v2\/product"}],"about":[{"href":"https:\/\/likeink.com\/no\/wp-json\/wp\/v2\/types\/product"}],"wp:featuredmedia":[{"embeddable":true,"href":"https:\/\/likeink.com\/no\/wp-json\/wp\/v2\/media\/54540"}],"wp:attachment":[{"href":"https:\/\/likeink.com\/no\/wp-json\/wp\/v2\/media?parent=54539"}],"wp:term":[{"taxonomy":"product_brand","embeddable":true,"href":"https:\/\/likeink.com\/no\/wp-json\/wp\/v2\/product_brand?post=54539"},{"taxonomy":"product_cat","embeddable":true,"href":"https:\/\/likeink.com\/no\/wp-json\/wp\/v2\/product_cat?post=54539"},{"taxonomy":"product_tag","embeddable":true,"href":"https:\/\/likeink.com\/no\/wp-json\/wp\/v2\/product_tag?post=54539"}],"curies":[{"name":"wp","href":"https:\/\/api.w.org\/{rel}","templated":true}]}}