{"id":54544,"date":"2019-03-05T14:25:13","date_gmt":"2025-12-15T09:37:20","guid":{"rendered":"https:\/\/likeink.com\/gnuggis\/ikoner-tatoveringsark-a5\/"},"modified":"2026-03-16T20:46:41","modified_gmt":"2026-03-16T20:46:41","slug":"ikoner-tatoveringsark-a5","status":"publish","type":"product","link":"https:\/\/likeink.com\/no\/faketatureringar\/ikoner-tatoveringsark-a5\/","title":{"rendered":"Ikoner tatoveringsark"},"content":{"rendered":"","protected":false},"excerpt":{"rendered":"<p>V\u00e5re ferdige engangsark er omtrent 20\u00d715 cm store og fylt med motivet du ser p\u00e5 bildet. Kanskje du liker det du ser? Kanskje du vil v\u00e6re sikker p\u00e5 kvaliteten p\u00e5 tatoveringen f\u00f8r du legger inn en st\u00f8rre bestilling med ditt eget motiv. For \u00e5 sikre at du blir forn\u00f8yd, vil vi trykke og sende arket innen 24 timer etter at du har bestilt.<\/p>\n<p>Klassiske old school-tatoveringer. Dette arket inneholder 18 sm\u00e5 old school-tatoveringer. <\/p>\n","protected":false},"featured_media":60235,"template":"","meta":[],"product_brand":[],"product_cat":[365,512,547],"product_tag":[],"class_list":{"0":"post-54544","1":"product","2":"type-product","3":"status-publish","4":"has-post-thumbnail","6":"product_cat-ferdige-ark","7":"product_cat-old-school-retro-no","8":"product_cat-tribal-symboler-runer-no","10":"first","11":"instock","12":"taxable","13":"shipping-taxable","14":"purchasable","15":"product-type-simple"},"yoast_head":"<!-- This site is optimized with the Yoast SEO Premium plugin v26.2 (Yoast SEO v27.5) - https:\/\/yoast.com\/product\/yoast-seo-premium-wordpress\/ -->\n<title>Tatovering A5-ark med sm\u00e5 tatoveringer i gammeldags stil - Like ink<\/title>\n<meta name=\"description\" content=\"Bestill dette arket, s\u00e5 f\u00e5r du mange sm\u00e5 tatoveringer i gammeldags stil! Vi elsker det klassiske tatoveringsdesignet! Gratis frakt - Like ink\" \/>\n<meta name=\"robots\" content=\"index, follow, max-snippet:-1, max-image-preview:large, max-video-preview:-1\" \/>\n<link rel=\"canonical\" href=\"https:\/\/likeink.com\/no\/faketatureringar\/ikoner-tatoveringsark-a5\/\" \/>\n<meta property=\"og:locale\" content=\"nb_NO\" \/>\n<meta property=\"og:type\" content=\"article\" \/>\n<meta property=\"og:title\" content=\"Ikoner tatoveringsark\" \/>\n<meta property=\"og:description\" content=\"V\u00e5re ferdige engangsark er omtrent 20\u00d715 cm store og fylt med motivet du ser p\u00e5 bildet. Kanskje du liker det du ser? Kanskje du vil v\u00e6re sikker p\u00e5 kvaliteten p\u00e5 tatoveringen f\u00f8r du legger inn en st\u00f8rre bestilling med ditt eget motiv. For \u00e5 sikre at du blir forn\u00f8yd, vil vi trykke og sende arket innen 24 timer etter at du har bestilt. Klassiske old school-tatoveringer. Dette arket inneholder 18 sm\u00e5 old school-tatoveringer.\" \/>\n<meta property=\"og:url\" content=\"https:\/\/likeink.com\/no\/faketatureringar\/ikoner-tatoveringsark-a5\/\" \/>\n<meta property=\"og:site_name\" content=\"Like ink\" \/>\n<meta property=\"article:publisher\" content=\"https:\/\/www.facebook.com\/LikeInkSe\" \/>\n<meta property=\"article:modified_time\" content=\"2026-03-16T20:46:41+00:00\" \/>\n<meta property=\"og:image\" content=\"https:\/\/likeink.com\/wp-content\/uploads\/2026\/03\/Oldschool-tatuering-symbols-likeink.jpg\" \/>\n\t<meta property=\"og:image:width\" content=\"2000\" \/>\n\t<meta property=\"og:image:height\" content=\"1409\" \/>\n\t<meta property=\"og:image:type\" content=\"image\/jpeg\" \/>\n<meta name=\"twitter:card\" content=\"summary_large_image\" \/>\n<!-- \/ Yoast SEO Premium plugin. -->","yoast_head_json":{"title":"Tatovering A5-ark med sm\u00e5 tatoveringer i gammeldags stil - Like ink","description":"Bestill dette arket, s\u00e5 f\u00e5r du mange sm\u00e5 tatoveringer i gammeldags stil! Vi elsker det klassiske tatoveringsdesignet! Gratis frakt - Like ink","robots":{"index":"index","follow":"follow","max-snippet":"max-snippet:-1","max-image-preview":"max-image-preview:large","max-video-preview":"max-video-preview:-1"},"canonical":"https:\/\/likeink.com\/no\/faketatureringar\/ikoner-tatoveringsark-a5\/","og_locale":"nb_NO","og_type":"article","og_title":"Ikoner tatoveringsark","og_description":"V\u00e5re ferdige engangsark er omtrent 20\u00d715 cm store og fylt med motivet du ser p\u00e5 bildet. Kanskje du liker det du ser? Kanskje du vil v\u00e6re sikker p\u00e5 kvaliteten p\u00e5 tatoveringen f\u00f8r du legger inn en st\u00f8rre bestilling med ditt eget motiv. For \u00e5 sikre at du blir forn\u00f8yd, vil vi trykke og sende arket innen 24 timer etter at du har bestilt. Klassiske old school-tatoveringer. Dette arket inneholder 18 sm\u00e5 old school-tatoveringer.","og_url":"https:\/\/likeink.com\/no\/faketatureringar\/ikoner-tatoveringsark-a5\/","og_site_name":"Like ink","article_publisher":"https:\/\/www.facebook.com\/LikeInkSe","article_modified_time":"2026-03-16T20:46:41+00:00","og_image":[{"width":2000,"height":1409,"url":"https:\/\/likeink.com\/wp-content\/uploads\/2026\/03\/Oldschool-tatuering-symbols-likeink.jpg","type":"image\/jpeg"}],"twitter_card":"summary_large_image","schema":{"@context":"https:\/\/schema.org","@graph":[{"@type":"WebPage","@id":"https:\/\/likeink.com\/no\/faketatureringar\/ikoner-tatoveringsark-a5\/","url":"https:\/\/likeink.com\/no\/faketatureringar\/ikoner-tatoveringsark-a5\/","name":"Tatovering A5-ark med sm\u00e5 tatoveringer i gammeldags stil - Like ink","isPartOf":{"@id":"https:\/\/likeink.com\/no\/#website"},"primaryImageOfPage":{"@id":"https:\/\/likeink.com\/no\/faketatureringar\/ikoner-tatoveringsark-a5\/#primaryimage"},"image":{"@id":"https:\/\/likeink.com\/no\/faketatureringar\/ikoner-tatoveringsark-a5\/#primaryimage"},"thumbnailUrl":"https:\/\/likeink.com\/wp-content\/uploads\/2026\/03\/Oldschool-tatuering-symbols-likeink.jpg","datePublished":"2025-12-15T09:37:20+00:00","dateModified":"2026-03-16T20:46:41+00:00","description":"Bestill dette arket, s\u00e5 f\u00e5r du mange sm\u00e5 tatoveringer i gammeldags stil! Vi elsker det klassiske tatoveringsdesignet! Gratis frakt - Like ink","breadcrumb":{"@id":"https:\/\/likeink.com\/no\/faketatureringar\/ikoner-tatoveringsark-a5\/#breadcrumb"},"inLanguage":"nb-NO","potentialAction":[{"@type":"ReadAction","target":["https:\/\/likeink.com\/no\/faketatureringar\/ikoner-tatoveringsark-a5\/"]}]},{"@type":"ImageObject","inLanguage":"nb-NO","@id":"https:\/\/likeink.com\/no\/faketatureringar\/ikoner-tatoveringsark-a5\/#primaryimage","url":"https:\/\/likeink.com\/wp-content\/uploads\/2026\/03\/Oldschool-tatuering-symbols-likeink.jpg","contentUrl":"https:\/\/likeink.com\/wp-content\/uploads\/2026\/03\/Oldschool-tatuering-symbols-likeink.jpg","width":2000,"height":1409,"caption":"En samling tradisjonelle tatoveringsmotiver i svart strek, inkludert dyr, hodeskaller, blomster, anker, et skip, en pistol, et hjerte med en engel, en slange, en dolk og forskjellige andre vintagemotiver."},{"@type":"BreadcrumbList","@id":"https:\/\/likeink.com\/no\/faketatureringar\/ikoner-tatoveringsark-a5\/#breadcrumb","itemListElement":[{"@type":"ListItem","position":1,"name":"Hem","item":"https:\/\/likeink.com\/no\/"},{"@type":"ListItem","position":2,"name":"Butikk","item":"https:\/\/likeink.com\/no\/butikk\/"},{"@type":"ListItem","position":3,"name":"Ikoner tatoveringsark"}]},{"@type":"WebSite","@id":"https:\/\/likeink.com\/no\/#website","url":"https:\/\/likeink.com\/no\/","name":"Like ink","description":"Make your own custom design","potentialAction":[{"@type":"SearchAction","target":{"@type":"EntryPoint","urlTemplate":"https:\/\/likeink.com\/no\/?s={search_term_string}"},"query-input":{"@type":"PropertyValueSpecification","valueRequired":true,"valueName":"search_term_string"}}],"inLanguage":"nb-NO"}]}},"_links":{"self":[{"href":"https:\/\/likeink.com\/no\/wp-json\/wp\/v2\/product\/54544","targetHints":{"allow":["GET"]}}],"collection":[{"href":"https:\/\/likeink.com\/no\/wp-json\/wp\/v2\/product"}],"about":[{"href":"https:\/\/likeink.com\/no\/wp-json\/wp\/v2\/types\/product"}],"wp:featuredmedia":[{"embeddable":true,"href":"https:\/\/likeink.com\/no\/wp-json\/wp\/v2\/media\/60235"}],"wp:attachment":[{"href":"https:\/\/likeink.com\/no\/wp-json\/wp\/v2\/media?parent=54544"}],"wp:term":[{"taxonomy":"product_brand","embeddable":true,"href":"https:\/\/likeink.com\/no\/wp-json\/wp\/v2\/product_brand?post=54544"},{"taxonomy":"product_cat","embeddable":true,"href":"https:\/\/likeink.com\/no\/wp-json\/wp\/v2\/product_cat?post=54544"},{"taxonomy":"product_tag","embeddable":true,"href":"https:\/\/likeink.com\/no\/wp-json\/wp\/v2\/product_tag?post=54544"}],"curies":[{"name":"wp","href":"https:\/\/api.w.org\/{rel}","templated":true}]}}