{"id":54555,"date":"2019-02-01T15:00:46","date_gmt":"2025-12-15T09:37:26","guid":{"rendered":"https:\/\/likeink.com\/gnuggis\/gruppebestillingspakke-medium-120-ark\/"},"modified":"2026-01-30T11:40:50","modified_gmt":"2026-01-30T11:40:50","slug":"gruppebestillingspakke-medium-120-ark","status":"publish","type":"product","link":"https:\/\/likeink.com\/no\/faketatureringar\/gruppebestillingspakke-medium-120-ark\/","title":{"rendered":"Gruppebestillingspakke Medium 120 ark"},"content":{"rendered":"<p>\u00c5 markedsf\u00f8re sitt merke eller selskap med tilpassede falske tatoveringer er en morsom og kostnadseffektiv m\u00e5te \u00e5 n\u00e5 ut til m\u00e5lgruppen p\u00e5. Enten det er interne arrangementer, firmafester, teambuilding-aktiviteter, kickoffs, festivaler eller kundekontakt, kan midlertidige tatoveringer v\u00e6re et flott markedsf\u00f8ringsverkt\u00f8y.<\/p>\n<p>Hvis det blir tatoveringer til overs, kan de brukes som perfekte gaveartikler til kunder, fotograferinger og fremtidige feiringer.<\/p>\n<p>Like Inks&#x27; falske tatoveringer er langvarige, hudvennlige og oppfyller alle kosmetikklover i EU. Dessuten ser de fantastiske ut!<\/p>\n","protected":false},"excerpt":{"rendered":"<p class=\"p1\">Med gruppeordren trykker vi opptil 120 A5-ark med bildet du laster opp. Avhengig av bildets form velger vi passende st\u00f8rrelser og gir deg en god blanding av store og sm\u00e5 tatoveringer. Denne pakken med midlertidige tatoveringer passer for fester og arrangementer med opptil 500 personer. Vi leverer 120 ark fylt med midlertidige tatoveringer i forskjellige st\u00f8rrelser, og alt du trenger \u00e5 gj\u00f8re er \u00e5 laste opp ett enkelt bilde.<\/p>\n","protected":false},"featured_media":54556,"template":"","meta":[],"product_brand":[],"product_cat":[16],"product_tag":[],"class_list":{"0":"post-54555","1":"product","2":"type-product","3":"status-publish","4":"has-post-thumbnail","6":"product_cat-okategoriserad","8":"first","9":"instock","10":"taxable","11":"shipping-taxable","12":"purchasable","13":"product-type-simple"},"yoast_head":"<!-- This site is optimized with the Yoast SEO Premium plugin v26.2 (Yoast SEO v27.4) - https:\/\/yoast.com\/product\/yoast-seo-premium-wordpress\/ -->\n<title>Bestill tilpassede falske tatoveringer til arrangementer - Like ink<\/title>\n<meta name=\"description\" content=\"Falske tatoveringer til arrangementer. I denne pakken f\u00e5r du 120 A5-ark med tilpassede falske tatoveringer! Falske tatoveringer er veldig god markedsf\u00f8ring p\u00e5 arrangementer! - Like ink\" \/>\n<meta name=\"robots\" content=\"index, follow, max-snippet:-1, max-image-preview:large, max-video-preview:-1\" \/>\n<link rel=\"canonical\" href=\"https:\/\/likeink.com\/no\/faketatureringar\/gruppebestillingspakke-medium-120-ark\/\" \/>\n<meta property=\"og:locale\" content=\"nb_NO\" \/>\n<meta property=\"og:type\" content=\"article\" \/>\n<meta property=\"og:title\" content=\"Gruppebestillingspakke Medium 120 ark\" \/>\n<meta property=\"og:description\" content=\"Med gruppeordren trykker vi opptil 120 A5-ark med bildet du laster opp. Avhengig av bildets form velger vi passende st\u00f8rrelser og gir deg en god blanding av store og sm\u00e5 tatoveringer. Denne pakken med midlertidige tatoveringer passer for fester og arrangementer med opptil 500 personer. Vi leverer 120 ark fylt med midlertidige tatoveringer i forskjellige st\u00f8rrelser, og alt du trenger \u00e5 gj\u00f8re er \u00e5 laste opp ett enkelt bilde.\" \/>\n<meta property=\"og:url\" content=\"https:\/\/likeink.com\/no\/faketatureringar\/gruppebestillingspakke-medium-120-ark\/\" \/>\n<meta property=\"og:site_name\" content=\"Like ink\" \/>\n<meta property=\"article:publisher\" content=\"https:\/\/www.facebook.com\/LikeInkSe\" \/>\n<meta property=\"article:modified_time\" content=\"2026-01-30T11:40:50+00:00\" \/>\n<meta property=\"og:image\" content=\"https:\/\/likeink.com\/wp-content\/uploads\/2019\/02\/temporary-tattoos-event-medium.jpg\" \/>\n\t<meta property=\"og:image:width\" content=\"1686\" \/>\n\t<meta property=\"og:image:height\" content=\"1686\" \/>\n\t<meta property=\"og:image:type\" content=\"image\/jpeg\" \/>\n<meta name=\"twitter:card\" content=\"summary_large_image\" \/>\n<script type=\"application\/ld+json\" class=\"yoast-schema-graph\">{\"@context\":\"https:\\\/\\\/schema.org\",\"@graph\":[{\"@type\":\"WebPage\",\"@id\":\"https:\\\/\\\/likeink.com\\\/no\\\/faketatureringar\\\/gruppebestillingspakke-medium-120-ark\\\/\",\"url\":\"https:\\\/\\\/likeink.com\\\/no\\\/faketatureringar\\\/gruppebestillingspakke-medium-120-ark\\\/\",\"name\":\"Bestill tilpassede falske tatoveringer til arrangementer - Like ink\",\"isPartOf\":{\"@id\":\"https:\\\/\\\/likeink.com\\\/no\\\/#website\"},\"primaryImageOfPage\":{\"@id\":\"https:\\\/\\\/likeink.com\\\/no\\\/faketatureringar\\\/gruppebestillingspakke-medium-120-ark\\\/#primaryimage\"},\"image\":{\"@id\":\"https:\\\/\\\/likeink.com\\\/no\\\/faketatureringar\\\/gruppebestillingspakke-medium-120-ark\\\/#primaryimage\"},\"thumbnailUrl\":\"https:\\\/\\\/likeink.com\\\/wp-content\\\/uploads\\\/2019\\\/02\\\/temporary-tattoos-event-medium.jpg\",\"datePublished\":\"2025-12-15T09:37:26+00:00\",\"dateModified\":\"2026-01-30T11:40:50+00:00\",\"description\":\"Falske tatoveringer til arrangementer. I denne pakken f\u00e5r du 120 A5-ark med tilpassede falske tatoveringer! Falske tatoveringer er veldig god markedsf\u00f8ring p\u00e5 arrangementer! - Like ink\",\"breadcrumb\":{\"@id\":\"https:\\\/\\\/likeink.com\\\/no\\\/faketatureringar\\\/gruppebestillingspakke-medium-120-ark\\\/#breadcrumb\"},\"inLanguage\":\"nb-NO\",\"potentialAction\":[{\"@type\":\"ReadAction\",\"target\":[\"https:\\\/\\\/likeink.com\\\/no\\\/faketatureringar\\\/gruppebestillingspakke-medium-120-ark\\\/\"]}]},{\"@type\":\"ImageObject\",\"inLanguage\":\"nb-NO\",\"@id\":\"https:\\\/\\\/likeink.com\\\/no\\\/faketatureringar\\\/gruppebestillingspakke-medium-120-ark\\\/#primaryimage\",\"url\":\"https:\\\/\\\/likeink.com\\\/wp-content\\\/uploads\\\/2019\\\/02\\\/temporary-tattoos-event-medium.jpg\",\"contentUrl\":\"https:\\\/\\\/likeink.com\\\/wp-content\\\/uploads\\\/2019\\\/02\\\/temporary-tattoos-event-medium.jpg\",\"width\":1686,\"height\":1686,\"caption\":\"Your Image Here Tattoo on wrist\"},{\"@type\":\"BreadcrumbList\",\"@id\":\"https:\\\/\\\/likeink.com\\\/no\\\/faketatureringar\\\/gruppebestillingspakke-medium-120-ark\\\/#breadcrumb\",\"itemListElement\":[{\"@type\":\"ListItem\",\"position\":1,\"name\":\"Hem\",\"item\":\"https:\\\/\\\/likeink.com\\\/no\\\/\"},{\"@type\":\"ListItem\",\"position\":2,\"name\":\"Butikk\",\"item\":\"https:\\\/\\\/likeink.com\\\/no\\\/butikk\\\/\"},{\"@type\":\"ListItem\",\"position\":3,\"name\":\"Gruppebestillingspakke Medium 120 ark\"}]},{\"@type\":\"WebSite\",\"@id\":\"https:\\\/\\\/likeink.com\\\/no\\\/#website\",\"url\":\"https:\\\/\\\/likeink.com\\\/no\\\/\",\"name\":\"Like ink\",\"description\":\"Make your own custom design\",\"potentialAction\":[{\"@type\":\"SearchAction\",\"target\":{\"@type\":\"EntryPoint\",\"urlTemplate\":\"https:\\\/\\\/likeink.com\\\/no\\\/?s={search_term_string}\"},\"query-input\":{\"@type\":\"PropertyValueSpecification\",\"valueRequired\":true,\"valueName\":\"search_term_string\"}}],\"inLanguage\":\"nb-NO\"}]}<\/script>\n<!-- \/ Yoast SEO Premium plugin. -->","yoast_head_json":{"title":"Bestill tilpassede falske tatoveringer til arrangementer - Like ink","description":"Falske tatoveringer til arrangementer. I denne pakken f\u00e5r du 120 A5-ark med tilpassede falske tatoveringer! Falske tatoveringer er veldig god markedsf\u00f8ring p\u00e5 arrangementer! - Like ink","robots":{"index":"index","follow":"follow","max-snippet":"max-snippet:-1","max-image-preview":"max-image-preview:large","max-video-preview":"max-video-preview:-1"},"canonical":"https:\/\/likeink.com\/no\/faketatureringar\/gruppebestillingspakke-medium-120-ark\/","og_locale":"nb_NO","og_type":"article","og_title":"Gruppebestillingspakke Medium 120 ark","og_description":"Med gruppeordren trykker vi opptil 120 A5-ark med bildet du laster opp. Avhengig av bildets form velger vi passende st\u00f8rrelser og gir deg en god blanding av store og sm\u00e5 tatoveringer. Denne pakken med midlertidige tatoveringer passer for fester og arrangementer med opptil 500 personer. Vi leverer 120 ark fylt med midlertidige tatoveringer i forskjellige st\u00f8rrelser, og alt du trenger \u00e5 gj\u00f8re er \u00e5 laste opp ett enkelt bilde.","og_url":"https:\/\/likeink.com\/no\/faketatureringar\/gruppebestillingspakke-medium-120-ark\/","og_site_name":"Like ink","article_publisher":"https:\/\/www.facebook.com\/LikeInkSe","article_modified_time":"2026-01-30T11:40:50+00:00","og_image":[{"width":1686,"height":1686,"url":"https:\/\/likeink.com\/wp-content\/uploads\/2019\/02\/temporary-tattoos-event-medium.jpg","type":"image\/jpeg"}],"twitter_card":"summary_large_image","schema":{"@context":"https:\/\/schema.org","@graph":[{"@type":"WebPage","@id":"https:\/\/likeink.com\/no\/faketatureringar\/gruppebestillingspakke-medium-120-ark\/","url":"https:\/\/likeink.com\/no\/faketatureringar\/gruppebestillingspakke-medium-120-ark\/","name":"Bestill tilpassede falske tatoveringer til arrangementer - Like ink","isPartOf":{"@id":"https:\/\/likeink.com\/no\/#website"},"primaryImageOfPage":{"@id":"https:\/\/likeink.com\/no\/faketatureringar\/gruppebestillingspakke-medium-120-ark\/#primaryimage"},"image":{"@id":"https:\/\/likeink.com\/no\/faketatureringar\/gruppebestillingspakke-medium-120-ark\/#primaryimage"},"thumbnailUrl":"https:\/\/likeink.com\/wp-content\/uploads\/2019\/02\/temporary-tattoos-event-medium.jpg","datePublished":"2025-12-15T09:37:26+00:00","dateModified":"2026-01-30T11:40:50+00:00","description":"Falske tatoveringer til arrangementer. I denne pakken f\u00e5r du 120 A5-ark med tilpassede falske tatoveringer! Falske tatoveringer er veldig god markedsf\u00f8ring p\u00e5 arrangementer! - Like ink","breadcrumb":{"@id":"https:\/\/likeink.com\/no\/faketatureringar\/gruppebestillingspakke-medium-120-ark\/#breadcrumb"},"inLanguage":"nb-NO","potentialAction":[{"@type":"ReadAction","target":["https:\/\/likeink.com\/no\/faketatureringar\/gruppebestillingspakke-medium-120-ark\/"]}]},{"@type":"ImageObject","inLanguage":"nb-NO","@id":"https:\/\/likeink.com\/no\/faketatureringar\/gruppebestillingspakke-medium-120-ark\/#primaryimage","url":"https:\/\/likeink.com\/wp-content\/uploads\/2019\/02\/temporary-tattoos-event-medium.jpg","contentUrl":"https:\/\/likeink.com\/wp-content\/uploads\/2019\/02\/temporary-tattoos-event-medium.jpg","width":1686,"height":1686,"caption":"Your Image Here Tattoo on wrist"},{"@type":"BreadcrumbList","@id":"https:\/\/likeink.com\/no\/faketatureringar\/gruppebestillingspakke-medium-120-ark\/#breadcrumb","itemListElement":[{"@type":"ListItem","position":1,"name":"Hem","item":"https:\/\/likeink.com\/no\/"},{"@type":"ListItem","position":2,"name":"Butikk","item":"https:\/\/likeink.com\/no\/butikk\/"},{"@type":"ListItem","position":3,"name":"Gruppebestillingspakke Medium 120 ark"}]},{"@type":"WebSite","@id":"https:\/\/likeink.com\/no\/#website","url":"https:\/\/likeink.com\/no\/","name":"Like ink","description":"Make your own custom design","potentialAction":[{"@type":"SearchAction","target":{"@type":"EntryPoint","urlTemplate":"https:\/\/likeink.com\/no\/?s={search_term_string}"},"query-input":{"@type":"PropertyValueSpecification","valueRequired":true,"valueName":"search_term_string"}}],"inLanguage":"nb-NO"}]}},"_links":{"self":[{"href":"https:\/\/likeink.com\/no\/wp-json\/wp\/v2\/product\/54555","targetHints":{"allow":["GET"]}}],"collection":[{"href":"https:\/\/likeink.com\/no\/wp-json\/wp\/v2\/product"}],"about":[{"href":"https:\/\/likeink.com\/no\/wp-json\/wp\/v2\/types\/product"}],"wp:featuredmedia":[{"embeddable":true,"href":"https:\/\/likeink.com\/no\/wp-json\/wp\/v2\/media\/54556"}],"wp:attachment":[{"href":"https:\/\/likeink.com\/no\/wp-json\/wp\/v2\/media?parent=54555"}],"wp:term":[{"taxonomy":"product_brand","embeddable":true,"href":"https:\/\/likeink.com\/no\/wp-json\/wp\/v2\/product_brand?post=54555"},{"taxonomy":"product_cat","embeddable":true,"href":"https:\/\/likeink.com\/no\/wp-json\/wp\/v2\/product_cat?post=54555"},{"taxonomy":"product_tag","embeddable":true,"href":"https:\/\/likeink.com\/no\/wp-json\/wp\/v2\/product_tag?post=54555"}],"curies":[{"name":"wp","href":"https:\/\/api.w.org\/{rel}","templated":true}]}}