{"id":58053,"date":"2026-01-26T17:38:50","date_gmt":"2026-02-06T14:02:15","guid":{"rendered":"https:\/\/likeink.com\/gnuggisar\/pastel-rock-nail-stickers\/"},"modified":"2026-02-25T10:25:56","modified_gmt":"2026-02-25T10:25:56","slug":"pastel-rock-nail-stickers","status":"publish","type":"product","link":"https:\/\/likeink.com\/no\/faketatureringar\/pastel-rock-nail-stickers\/","title":{"rendered":"Pastellfarget rock Nail stickers"},"content":{"rendered":"","protected":false},"excerpt":{"rendered":"<p>Like Ink<br \/>\nNail tattoos<br \/>\n\u2013 Pastellrock-Nail stickers<\/p>\n<h2>Bestill Nail stickers med pastellfarger og punkrock-inspirerte design!<\/h2>\n<p>Bland myke farger med en dristig holdning ved hjelp av Like Ink<br \/>\nPastellrock-Nail stickers<br \/>\n. Dette arket kombinerer pastellbl\u00e5 og rosa toner med sl\u00e5ende sorte design, med ordene \u00abRock\u00bb og \u00abHave a good day\u00bb, sammen med ikoniske motiver som kors, hjerter, \u00f8yne og stjerner.<\/p>\n<p>Kontrasten mellom milde pastellfarger og skarpe sorte grafiske elementer skaper et lekent, men likevel edgy look, perfekt for alle som elsker uttrykksfulle Nail art<br \/>\nmed et rockinspirert preg. Ideelt for accentnegler, hele design eller kreative kombinasjoner.<\/p>\n<p>Nail stickers<br \/>\ner enkle \u00e5 p\u00e5f\u00f8re og behagelige \u00e5 ha p\u00e5, og holder seg p\u00e5 plass i flere dager uten \u00e5 smitte av eller flasse av. Ingen s\u00f8l, ingen t\u00f8rketid og ingen salongbes\u00f8k n\u00f8dvendig \u2013 bare uanstrengte Nail art<br \/>\nmed personlighet.<\/p>\n<p><strong>Slik p\u00e5f\u00f8rer du Nail stickers <\/strong><br \/>\nRengj\u00f8r og t\u00f8rk neglen.<\/p>\n<p>Velg et klistremerke fra arket og l\u00f8ft det forsiktig opp med en pinsett.<\/p>\n<p>Plasser designet p\u00e5 neglen og trykk forsiktig.<\/p>\n<p>P\u00e5f\u00f8r et topplakk for ekstra holdbarhet.<\/p>\n<p>Ferdig!<\/p>\n<p><strong>Produktinformasjon<\/strong><\/p>\n<p><strong>Arkst\u00f8rrelse:<\/strong><br \/>\n7 \u00d7 10 cm, klistremerkene er 5\u201312 mm.<br \/>\n<strong>Farger:<\/strong><br \/>\nPastellbl\u00e5, pastellrosa og <strong>svart<br \/>\nMotiver:<\/strong><br \/>\nTekst, kors, hjerte, \u00f8yne, <strong>stjerner<\/p>\n<p>PS:<\/strong><br \/>\nKj\u00f8p 6 ark og betal for 5 med rabattkoden<strong> INKNAILS <\/strong><br \/>\n\ud83c\udfb8\ud83d\udc96<\/p>\n","protected":false},"featured_media":59234,"template":"","meta":[],"product_brand":[],"product_cat":[472],"product_tag":[],"class_list":{"0":"post-58053","1":"product","2":"type-product","3":"status-publish","4":"has-post-thumbnail","6":"product_cat-nail-stickers-no","8":"first","9":"instock","10":"taxable","11":"shipping-taxable","12":"purchasable","13":"product-type-simple"},"yoast_head":"<!-- This site is optimized with the Yoast SEO Premium plugin v26.2 (Yoast SEO v27.4) - https:\/\/yoast.com\/product\/yoast-seo-premium-wordpress\/ -->\n<title>Pastellfarget rock Nail stickers bl\u00e5 og rosa | Like Ink<\/title>\n<meta name=\"description\" content=\"Pastellbl\u00e5 og rosa \u00abNail stickers\u00bb med svarte rock-inspirerte motiver fra Like Ink. Med tekst, kors, hjerter, \u00f8yne og stjerner. - Like ink\" \/>\n<meta name=\"robots\" content=\"index, follow, max-snippet:-1, max-image-preview:large, max-video-preview:-1\" \/>\n<link rel=\"canonical\" href=\"https:\/\/likeink.com\/no\/faketatureringar\/pastel-rock-nail-stickers\/\" \/>\n<meta property=\"og:locale\" content=\"nb_NO\" \/>\n<meta property=\"og:type\" content=\"article\" \/>\n<meta property=\"og:title\" content=\"Pastellfarget rock Nail stickers\" \/>\n<meta property=\"og:description\" content=\"Like Ink Nail tattoos \u2013 Pastellrock-Nail stickers Bestill Nail stickers med pastellfarger og punkrock-inspirerte design! Bland myke farger med en dristig holdning ved hjelp av Like Ink Pastellrock-Nail stickers . Dette arket kombinerer pastellbl\u00e5 og rosa toner med sl\u00e5ende sorte design, med ordene \u00abRock\u00bb og \u00abHave a good day\u00bb, sammen med ikoniske motiver som kors, hjerter, \u00f8yne og stjerner. Kontrasten mellom milde pastellfarger og skarpe sorte grafiske elementer skaper et lekent, men likevel edgy look, perfekt for alle som elsker uttrykksfulle Nail art med et rockinspirert preg. Ideelt for accentnegler, hele design eller kreative kombinasjoner. Nail stickers er enkle \u00e5 p\u00e5f\u00f8re og behagelige \u00e5 ha p\u00e5, og holder seg p\u00e5 plass i flere dager uten \u00e5 smitte av eller flasse av. Ingen s\u00f8l, ingen t\u00f8rketid og ingen salongbes\u00f8k n\u00f8dvendig \u2013 bare uanstrengte Nail art med personlighet. Slik p\u00e5f\u00f8rer du Nail stickers Rengj\u00f8r og t\u00f8rk neglen. Velg et klistremerke fra arket og l\u00f8ft det forsiktig opp med en pinsett. Plasser designet p\u00e5 neglen og trykk forsiktig. P\u00e5f\u00f8r et topplakk for ekstra holdbarhet. Ferdig! Produktinformasjon  Arkst\u00f8rrelse: 7 \u00d7 10 cm, klistremerkene er 5\u201312 mm. Farger: Pastellbl\u00e5, pastellrosa og svart Motiver: Tekst, kors, hjerte, \u00f8yne, stjerner PS: Kj\u00f8p 6 ark og betal for 5 med rabattkoden INKNAILS \ud83c\udfb8\ud83d\udc96\" \/>\n<meta property=\"og:url\" content=\"https:\/\/likeink.com\/no\/faketatureringar\/pastel-rock-nail-stickers\/\" \/>\n<meta property=\"og:site_name\" content=\"Like ink\" \/>\n<meta property=\"article:publisher\" content=\"https:\/\/www.facebook.com\/LikeInkSe\" \/>\n<meta property=\"article:modified_time\" content=\"2026-02-25T10:25:56+00:00\" \/>\n<meta property=\"og:image\" content=\"https:\/\/likeink.com\/wp-content\/uploads\/2026\/02\/nail-sticker-pink-design-likeink.png\" \/>\n\t<meta property=\"og:image:width\" content=\"1024\" \/>\n\t<meta property=\"og:image:height\" content=\"1024\" \/>\n\t<meta property=\"og:image:type\" content=\"image\/png\" \/>\n<meta name=\"twitter:card\" content=\"summary_large_image\" \/>\n<script type=\"application\/ld+json\" class=\"yoast-schema-graph\">{\"@context\":\"https:\\\/\\\/schema.org\",\"@graph\":[{\"@type\":\"WebPage\",\"@id\":\"https:\\\/\\\/likeink.com\\\/no\\\/faketatureringar\\\/pastel-rock-nail-stickers\\\/\",\"url\":\"https:\\\/\\\/likeink.com\\\/no\\\/faketatureringar\\\/pastel-rock-nail-stickers\\\/\",\"name\":\"Pastellfarget rock Nail stickers bl\u00e5 og rosa | Like Ink\",\"isPartOf\":{\"@id\":\"https:\\\/\\\/likeink.com\\\/no\\\/#website\"},\"primaryImageOfPage\":{\"@id\":\"https:\\\/\\\/likeink.com\\\/no\\\/faketatureringar\\\/pastel-rock-nail-stickers\\\/#primaryimage\"},\"image\":{\"@id\":\"https:\\\/\\\/likeink.com\\\/no\\\/faketatureringar\\\/pastel-rock-nail-stickers\\\/#primaryimage\"},\"thumbnailUrl\":\"https:\\\/\\\/likeink.com\\\/wp-content\\\/uploads\\\/2026\\\/02\\\/nail-sticker-pink-design-likeink.png\",\"datePublished\":\"2026-02-06T14:02:15+00:00\",\"dateModified\":\"2026-02-25T10:25:56+00:00\",\"description\":\"Pastellbl\u00e5 og rosa \u00abNail stickers\u00bb med svarte rock-inspirerte motiver fra Like Ink. Med tekst, kors, hjerter, \u00f8yne og stjerner. - Like ink\",\"breadcrumb\":{\"@id\":\"https:\\\/\\\/likeink.com\\\/no\\\/faketatureringar\\\/pastel-rock-nail-stickers\\\/#breadcrumb\"},\"inLanguage\":\"nb-NO\",\"potentialAction\":[{\"@type\":\"ReadAction\",\"target\":[\"https:\\\/\\\/likeink.com\\\/no\\\/faketatureringar\\\/pastel-rock-nail-stickers\\\/\"]}]},{\"@type\":\"ImageObject\",\"inLanguage\":\"nb-NO\",\"@id\":\"https:\\\/\\\/likeink.com\\\/no\\\/faketatureringar\\\/pastel-rock-nail-stickers\\\/#primaryimage\",\"url\":\"https:\\\/\\\/likeink.com\\\/wp-content\\\/uploads\\\/2026\\\/02\\\/nail-sticker-pink-design-likeink.png\",\"contentUrl\":\"https:\\\/\\\/likeink.com\\\/wp-content\\\/uploads\\\/2026\\\/02\\\/nail-sticker-pink-design-likeink.png\",\"width\":1024,\"height\":1024,\"caption\":\"En h\u00e5nd med nudefarget neglelakk har enkel neglekunst: et bl\u00e5tt hjerte med en stjerne, Have a Good Day-tekst i rosa og en svart sommerfugl, mot en bakgrunn av svart skinn med metallnagler.\"},{\"@type\":\"BreadcrumbList\",\"@id\":\"https:\\\/\\\/likeink.com\\\/no\\\/faketatureringar\\\/pastel-rock-nail-stickers\\\/#breadcrumb\",\"itemListElement\":[{\"@type\":\"ListItem\",\"position\":1,\"name\":\"Hem\",\"item\":\"https:\\\/\\\/likeink.com\\\/no\\\/\"},{\"@type\":\"ListItem\",\"position\":2,\"name\":\"Butikk\",\"item\":\"https:\\\/\\\/likeink.com\\\/no\\\/butikk\\\/\"},{\"@type\":\"ListItem\",\"position\":3,\"name\":\"Pastellfarget rock Nail stickers\"}]},{\"@type\":\"WebSite\",\"@id\":\"https:\\\/\\\/likeink.com\\\/no\\\/#website\",\"url\":\"https:\\\/\\\/likeink.com\\\/no\\\/\",\"name\":\"Like ink\",\"description\":\"Make your own custom design\",\"potentialAction\":[{\"@type\":\"SearchAction\",\"target\":{\"@type\":\"EntryPoint\",\"urlTemplate\":\"https:\\\/\\\/likeink.com\\\/no\\\/?s={search_term_string}\"},\"query-input\":{\"@type\":\"PropertyValueSpecification\",\"valueRequired\":true,\"valueName\":\"search_term_string\"}}],\"inLanguage\":\"nb-NO\"}]}<\/script>\n<!-- \/ Yoast SEO Premium plugin. -->","yoast_head_json":{"title":"Pastellfarget rock Nail stickers bl\u00e5 og rosa | Like Ink","description":"Pastellbl\u00e5 og rosa \u00abNail stickers\u00bb med svarte rock-inspirerte motiver fra Like Ink. Med tekst, kors, hjerter, \u00f8yne og stjerner. - Like ink","robots":{"index":"index","follow":"follow","max-snippet":"max-snippet:-1","max-image-preview":"max-image-preview:large","max-video-preview":"max-video-preview:-1"},"canonical":"https:\/\/likeink.com\/no\/faketatureringar\/pastel-rock-nail-stickers\/","og_locale":"nb_NO","og_type":"article","og_title":"Pastellfarget rock Nail stickers","og_description":"Like Ink Nail tattoos \u2013 Pastellrock-Nail stickers Bestill Nail stickers med pastellfarger og punkrock-inspirerte design! Bland myke farger med en dristig holdning ved hjelp av Like Ink Pastellrock-Nail stickers . Dette arket kombinerer pastellbl\u00e5 og rosa toner med sl\u00e5ende sorte design, med ordene \u00abRock\u00bb og \u00abHave a good day\u00bb, sammen med ikoniske motiver som kors, hjerter, \u00f8yne og stjerner. Kontrasten mellom milde pastellfarger og skarpe sorte grafiske elementer skaper et lekent, men likevel edgy look, perfekt for alle som elsker uttrykksfulle Nail art med et rockinspirert preg. Ideelt for accentnegler, hele design eller kreative kombinasjoner. Nail stickers er enkle \u00e5 p\u00e5f\u00f8re og behagelige \u00e5 ha p\u00e5, og holder seg p\u00e5 plass i flere dager uten \u00e5 smitte av eller flasse av. Ingen s\u00f8l, ingen t\u00f8rketid og ingen salongbes\u00f8k n\u00f8dvendig \u2013 bare uanstrengte Nail art med personlighet. Slik p\u00e5f\u00f8rer du Nail stickers Rengj\u00f8r og t\u00f8rk neglen. Velg et klistremerke fra arket og l\u00f8ft det forsiktig opp med en pinsett. Plasser designet p\u00e5 neglen og trykk forsiktig. P\u00e5f\u00f8r et topplakk for ekstra holdbarhet. Ferdig! Produktinformasjon  Arkst\u00f8rrelse: 7 \u00d7 10 cm, klistremerkene er 5\u201312 mm. Farger: Pastellbl\u00e5, pastellrosa og svart Motiver: Tekst, kors, hjerte, \u00f8yne, stjerner PS: Kj\u00f8p 6 ark og betal for 5 med rabattkoden INKNAILS \ud83c\udfb8\ud83d\udc96","og_url":"https:\/\/likeink.com\/no\/faketatureringar\/pastel-rock-nail-stickers\/","og_site_name":"Like ink","article_publisher":"https:\/\/www.facebook.com\/LikeInkSe","article_modified_time":"2026-02-25T10:25:56+00:00","og_image":[{"width":1024,"height":1024,"url":"https:\/\/likeink.com\/wp-content\/uploads\/2026\/02\/nail-sticker-pink-design-likeink.png","type":"image\/png"}],"twitter_card":"summary_large_image","schema":{"@context":"https:\/\/schema.org","@graph":[{"@type":"WebPage","@id":"https:\/\/likeink.com\/no\/faketatureringar\/pastel-rock-nail-stickers\/","url":"https:\/\/likeink.com\/no\/faketatureringar\/pastel-rock-nail-stickers\/","name":"Pastellfarget rock Nail stickers bl\u00e5 og rosa | Like Ink","isPartOf":{"@id":"https:\/\/likeink.com\/no\/#website"},"primaryImageOfPage":{"@id":"https:\/\/likeink.com\/no\/faketatureringar\/pastel-rock-nail-stickers\/#primaryimage"},"image":{"@id":"https:\/\/likeink.com\/no\/faketatureringar\/pastel-rock-nail-stickers\/#primaryimage"},"thumbnailUrl":"https:\/\/likeink.com\/wp-content\/uploads\/2026\/02\/nail-sticker-pink-design-likeink.png","datePublished":"2026-02-06T14:02:15+00:00","dateModified":"2026-02-25T10:25:56+00:00","description":"Pastellbl\u00e5 og rosa \u00abNail stickers\u00bb med svarte rock-inspirerte motiver fra Like Ink. Med tekst, kors, hjerter, \u00f8yne og stjerner. - Like ink","breadcrumb":{"@id":"https:\/\/likeink.com\/no\/faketatureringar\/pastel-rock-nail-stickers\/#breadcrumb"},"inLanguage":"nb-NO","potentialAction":[{"@type":"ReadAction","target":["https:\/\/likeink.com\/no\/faketatureringar\/pastel-rock-nail-stickers\/"]}]},{"@type":"ImageObject","inLanguage":"nb-NO","@id":"https:\/\/likeink.com\/no\/faketatureringar\/pastel-rock-nail-stickers\/#primaryimage","url":"https:\/\/likeink.com\/wp-content\/uploads\/2026\/02\/nail-sticker-pink-design-likeink.png","contentUrl":"https:\/\/likeink.com\/wp-content\/uploads\/2026\/02\/nail-sticker-pink-design-likeink.png","width":1024,"height":1024,"caption":"En h\u00e5nd med nudefarget neglelakk har enkel neglekunst: et bl\u00e5tt hjerte med en stjerne, Have a Good Day-tekst i rosa og en svart sommerfugl, mot en bakgrunn av svart skinn med metallnagler."},{"@type":"BreadcrumbList","@id":"https:\/\/likeink.com\/no\/faketatureringar\/pastel-rock-nail-stickers\/#breadcrumb","itemListElement":[{"@type":"ListItem","position":1,"name":"Hem","item":"https:\/\/likeink.com\/no\/"},{"@type":"ListItem","position":2,"name":"Butikk","item":"https:\/\/likeink.com\/no\/butikk\/"},{"@type":"ListItem","position":3,"name":"Pastellfarget rock Nail stickers"}]},{"@type":"WebSite","@id":"https:\/\/likeink.com\/no\/#website","url":"https:\/\/likeink.com\/no\/","name":"Like ink","description":"Make your own custom design","potentialAction":[{"@type":"SearchAction","target":{"@type":"EntryPoint","urlTemplate":"https:\/\/likeink.com\/no\/?s={search_term_string}"},"query-input":{"@type":"PropertyValueSpecification","valueRequired":true,"valueName":"search_term_string"}}],"inLanguage":"nb-NO"}]}},"_links":{"self":[{"href":"https:\/\/likeink.com\/no\/wp-json\/wp\/v2\/product\/58053","targetHints":{"allow":["GET"]}}],"collection":[{"href":"https:\/\/likeink.com\/no\/wp-json\/wp\/v2\/product"}],"about":[{"href":"https:\/\/likeink.com\/no\/wp-json\/wp\/v2\/types\/product"}],"wp:featuredmedia":[{"embeddable":true,"href":"https:\/\/likeink.com\/no\/wp-json\/wp\/v2\/media\/59234"}],"wp:attachment":[{"href":"https:\/\/likeink.com\/no\/wp-json\/wp\/v2\/media?parent=58053"}],"wp:term":[{"taxonomy":"product_brand","embeddable":true,"href":"https:\/\/likeink.com\/no\/wp-json\/wp\/v2\/product_brand?post=58053"},{"taxonomy":"product_cat","embeddable":true,"href":"https:\/\/likeink.com\/no\/wp-json\/wp\/v2\/product_cat?post=58053"},{"taxonomy":"product_tag","embeddable":true,"href":"https:\/\/likeink.com\/no\/wp-json\/wp\/v2\/product_tag?post=58053"}],"curies":[{"name":"wp","href":"https:\/\/api.w.org\/{rel}","templated":true}]}}