{"id":58055,"date":"2026-01-26T15:33:54","date_gmt":"2026-02-06T14:02:16","guid":{"rendered":"https:\/\/likeink.com\/gnuggisar\/mystic-nail-stickers-blue-black\/"},"modified":"2026-02-25T10:25:57","modified_gmt":"2026-02-25T10:25:57","slug":"mystic-nail-stickers-blue-black","status":"publish","type":"product","link":"https:\/\/likeink.com\/no\/faketatureringar\/mystic-nail-stickers-blue-black\/","title":{"rendered":"Mystic Nail stickers \u2013 Bl\u00e5 og svart"},"content":{"rendered":"","protected":false},"excerpt":{"rendered":"<p>Like Ink<br \/>\nNail tattoos<br \/>\n\u2013 Mystic Nail stickers<\/p>\n<h2>Bestill Nail stickers med mystiske bl\u00e5 og svarte design!<\/h2>\n<p>Skap en m\u00f8rk og mystisk manikyr med Like Ink<br \/>\nMystic Nail stickers<br \/>\n. Dette arket har dristige bl\u00e5 og svarte design, inkludert ordene \u00abblack\u00bb og \u00abevil\u00bb, kombinert med symbolske motiver som en yoga-h\u00e5nd, stjerner, en slange, en gren og minimalistiske prikkdetaljer.<\/p>\n<p>Med motivst\u00f8rrelser fra 0,5 til 1 cm er disse Nail stickers<br \/>\nperfekte for b\u00e5de subtile aksenter og komplette negledesign. Blandingen av tekst og symboler skaper en litt mystisk, edgy estetikk inspirert av spiritualitet, symbolikk og moderne tatoveringskunst.<\/p>\n<p>De er enkle \u00e5 p\u00e5f\u00f8re og behagelige \u00e5 ha p\u00e5, og holder seg p\u00e5 plass i flere dager uten \u00e5 smitte av eller flasse av. Ingen s\u00f8l, ingen t\u00f8rketid og ingen salongbes\u00f8k n\u00f8dvendig \u2013 bare uttrykksfulle Nail art<br \/>\np\u00e5 f\u00e5 minutter.<\/p>\n<p><strong>Slik p\u00e5f\u00f8rer du Nail stickers <\/strong><br \/>\nRengj\u00f8r og t\u00f8rk neglen<\/p>\n<p>Velg et klistremerke fra arket og l\u00f8ft det forsiktig opp med en pinsett<\/p>\n<p>Plasser designet p\u00e5 neglen og trykk forsiktig<\/p>\n<p>P\u00e5f\u00f8r et topplakk for ekstra holdbarhet<\/p>\n<p>Ferdig!<\/p>\n<p><strong>Produktinformasjon<\/strong><\/p>\n<p><strong>Arkst\u00f8rrelse:<\/strong><br \/>\n7 \u00d7 10 <strong>cm<br \/>\nMotivst\u00f8rrelse:<\/strong><br \/>\nca. 0,5\u20131 <strong>cm<br \/>\nFarger:<\/strong><br \/>\nBl\u00e5 og <strong>svart<br \/>\nMotiver:<\/strong><br \/>\nTekst, yogah\u00e5nd, stjerner, slange, gren, <strong>prikker<\/p>\n<p>PS:<\/strong><br \/>\nKj\u00f8p 6 ark og betal for 5 med rabattkoden<strong> INKNAILS <\/strong><br \/>\n\ud83d\udda4<\/p>\n","protected":false},"featured_media":59134,"template":"","meta":[],"product_brand":[],"product_cat":[472],"product_tag":[],"class_list":{"0":"post-58055","1":"product","2":"type-product","3":"status-publish","4":"has-post-thumbnail","6":"product_cat-nail-stickers-no","8":"first","9":"instock","10":"taxable","11":"shipping-taxable","12":"purchasable","13":"product-type-simple"},"yoast_head":"<!-- This site is optimized with the Yoast SEO Premium plugin v26.2 (Yoast SEO v27.4) - https:\/\/yoast.com\/product\/yoast-seo-premium-wordpress\/ -->\n<title>Mystic Nail stickers Bl\u00e5 og svart | Like Ink<\/title>\n<meta name=\"description\" content=\"Mystisk \u00abNail stickers\u00bb i bl\u00e5tt og svart fra Like Ink. Med tekst og symbolske motiver som yoga-h\u00e5nd, slange og stjerner. Enkel \u00e5 p\u00e5f\u00f8re. - Like ink\" \/>\n<meta name=\"robots\" content=\"index, follow, max-snippet:-1, max-image-preview:large, max-video-preview:-1\" \/>\n<link rel=\"canonical\" href=\"https:\/\/likeink.com\/no\/faketatureringar\/mystic-nail-stickers-blue-black\/\" \/>\n<meta property=\"og:locale\" content=\"nb_NO\" \/>\n<meta property=\"og:type\" content=\"article\" \/>\n<meta property=\"og:title\" content=\"Mystic Nail stickers \u2013 Bl\u00e5 og svart\" \/>\n<meta property=\"og:description\" content=\"Like Ink Nail tattoos \u2013 Mystic Nail stickers Bestill Nail stickers med mystiske bl\u00e5 og svarte design! Skap en m\u00f8rk og mystisk manikyr med Like Ink Mystic Nail stickers . Dette arket har dristige bl\u00e5 og svarte design, inkludert ordene \u00abblack\u00bb og \u00abevil\u00bb, kombinert med symbolske motiver som en yoga-h\u00e5nd, stjerner, en slange, en gren og minimalistiske prikkdetaljer. Med motivst\u00f8rrelser fra 0,5 til 1 cm er disse Nail stickers perfekte for b\u00e5de subtile aksenter og komplette negledesign. Blandingen av tekst og symboler skaper en litt mystisk, edgy estetikk inspirert av spiritualitet, symbolikk og moderne tatoveringskunst. De er enkle \u00e5 p\u00e5f\u00f8re og behagelige \u00e5 ha p\u00e5, og holder seg p\u00e5 plass i flere dager uten \u00e5 smitte av eller flasse av. Ingen s\u00f8l, ingen t\u00f8rketid og ingen salongbes\u00f8k n\u00f8dvendig \u2013 bare uttrykksfulle Nail art p\u00e5 f\u00e5 minutter. Slik p\u00e5f\u00f8rer du Nail stickers Rengj\u00f8r og t\u00f8rk neglen Velg et klistremerke fra arket og l\u00f8ft det forsiktig opp med en pinsett Plasser designet p\u00e5 neglen og trykk forsiktig P\u00e5f\u00f8r et topplakk for ekstra holdbarhet Ferdig! Produktinformasjon  Arkst\u00f8rrelse: 7 \u00d7 10 cm Motivst\u00f8rrelse: ca. 0,5\u20131 cm Farger: Bl\u00e5 og svart Motiver: Tekst, yogah\u00e5nd, stjerner, slange, gren, prikker PS: Kj\u00f8p 6 ark og betal for 5 med rabattkoden INKNAILS \ud83d\udda4\" \/>\n<meta property=\"og:url\" content=\"https:\/\/likeink.com\/no\/faketatureringar\/mystic-nail-stickers-blue-black\/\" \/>\n<meta property=\"og:site_name\" content=\"Like ink\" \/>\n<meta property=\"article:publisher\" content=\"https:\/\/www.facebook.com\/LikeInkSe\" \/>\n<meta property=\"article:modified_time\" content=\"2026-02-25T10:25:57+00:00\" \/>\n<meta property=\"og:image\" content=\"https:\/\/likeink.com\/wp-content\/uploads\/2026\/02\/Man-Nailstickers-cool-likeink.png\" \/>\n\t<meta property=\"og:image:width\" content=\"1024\" \/>\n\t<meta property=\"og:image:height\" content=\"1024\" \/>\n\t<meta property=\"og:image:type\" content=\"image\/png\" \/>\n<meta name=\"twitter:card\" content=\"summary_large_image\" \/>\n<script type=\"application\/ld+json\" class=\"yoast-schema-graph\">{\"@context\":\"https:\\\/\\\/schema.org\",\"@graph\":[{\"@type\":\"WebPage\",\"@id\":\"https:\\\/\\\/likeink.com\\\/no\\\/faketatureringar\\\/mystic-nail-stickers-blue-black\\\/\",\"url\":\"https:\\\/\\\/likeink.com\\\/no\\\/faketatureringar\\\/mystic-nail-stickers-blue-black\\\/\",\"name\":\"Mystic Nail stickers Bl\u00e5 og svart | Like Ink\",\"isPartOf\":{\"@id\":\"https:\\\/\\\/likeink.com\\\/no\\\/#website\"},\"primaryImageOfPage\":{\"@id\":\"https:\\\/\\\/likeink.com\\\/no\\\/faketatureringar\\\/mystic-nail-stickers-blue-black\\\/#primaryimage\"},\"image\":{\"@id\":\"https:\\\/\\\/likeink.com\\\/no\\\/faketatureringar\\\/mystic-nail-stickers-blue-black\\\/#primaryimage\"},\"thumbnailUrl\":\"https:\\\/\\\/likeink.com\\\/wp-content\\\/uploads\\\/2026\\\/02\\\/Man-Nailstickers-cool-likeink.png\",\"datePublished\":\"2026-02-06T14:02:16+00:00\",\"dateModified\":\"2026-02-25T10:25:57+00:00\",\"description\":\"Mystisk \u00abNail stickers\u00bb i bl\u00e5tt og svart fra Like Ink. Med tekst og symbolske motiver som yoga-h\u00e5nd, slange og stjerner. Enkel \u00e5 p\u00e5f\u00f8re. - Like ink\",\"breadcrumb\":{\"@id\":\"https:\\\/\\\/likeink.com\\\/no\\\/faketatureringar\\\/mystic-nail-stickers-blue-black\\\/#breadcrumb\"},\"inLanguage\":\"nb-NO\",\"potentialAction\":[{\"@type\":\"ReadAction\",\"target\":[\"https:\\\/\\\/likeink.com\\\/no\\\/faketatureringar\\\/mystic-nail-stickers-blue-black\\\/\"]}]},{\"@type\":\"ImageObject\",\"inLanguage\":\"nb-NO\",\"@id\":\"https:\\\/\\\/likeink.com\\\/no\\\/faketatureringar\\\/mystic-nail-stickers-blue-black\\\/#primaryimage\",\"url\":\"https:\\\/\\\/likeink.com\\\/wp-content\\\/uploads\\\/2026\\\/02\\\/Man-Nailstickers-cool-likeink.png\",\"contentUrl\":\"https:\\\/\\\/likeink.com\\\/wp-content\\\/uploads\\\/2026\\\/02\\\/Man-Nailstickers-cool-likeink.png\",\"width\":1024,\"height\":1024,\"caption\":\"En h\u00e5nd med svart neglelakk har mystiske bl\u00e5 og hvite motiver, inkludert \u00f8yne, en hamsa-h\u00e5nd, en slange, stjerner og en spiral, p\u00e5 hver fingernegl.\"},{\"@type\":\"BreadcrumbList\",\"@id\":\"https:\\\/\\\/likeink.com\\\/no\\\/faketatureringar\\\/mystic-nail-stickers-blue-black\\\/#breadcrumb\",\"itemListElement\":[{\"@type\":\"ListItem\",\"position\":1,\"name\":\"Hem\",\"item\":\"https:\\\/\\\/likeink.com\\\/no\\\/\"},{\"@type\":\"ListItem\",\"position\":2,\"name\":\"Butikk\",\"item\":\"https:\\\/\\\/likeink.com\\\/no\\\/butikk\\\/\"},{\"@type\":\"ListItem\",\"position\":3,\"name\":\"Mystic Nail stickers \u2013 Bl\u00e5 og svart\"}]},{\"@type\":\"WebSite\",\"@id\":\"https:\\\/\\\/likeink.com\\\/no\\\/#website\",\"url\":\"https:\\\/\\\/likeink.com\\\/no\\\/\",\"name\":\"Like ink\",\"description\":\"Make your own custom design\",\"potentialAction\":[{\"@type\":\"SearchAction\",\"target\":{\"@type\":\"EntryPoint\",\"urlTemplate\":\"https:\\\/\\\/likeink.com\\\/no\\\/?s={search_term_string}\"},\"query-input\":{\"@type\":\"PropertyValueSpecification\",\"valueRequired\":true,\"valueName\":\"search_term_string\"}}],\"inLanguage\":\"nb-NO\"}]}<\/script>\n<!-- \/ Yoast SEO Premium plugin. -->","yoast_head_json":{"title":"Mystic Nail stickers Bl\u00e5 og svart | Like Ink","description":"Mystisk \u00abNail stickers\u00bb i bl\u00e5tt og svart fra Like Ink. Med tekst og symbolske motiver som yoga-h\u00e5nd, slange og stjerner. Enkel \u00e5 p\u00e5f\u00f8re. - Like ink","robots":{"index":"index","follow":"follow","max-snippet":"max-snippet:-1","max-image-preview":"max-image-preview:large","max-video-preview":"max-video-preview:-1"},"canonical":"https:\/\/likeink.com\/no\/faketatureringar\/mystic-nail-stickers-blue-black\/","og_locale":"nb_NO","og_type":"article","og_title":"Mystic Nail stickers \u2013 Bl\u00e5 og svart","og_description":"Like Ink Nail tattoos \u2013 Mystic Nail stickers Bestill Nail stickers med mystiske bl\u00e5 og svarte design! Skap en m\u00f8rk og mystisk manikyr med Like Ink Mystic Nail stickers . Dette arket har dristige bl\u00e5 og svarte design, inkludert ordene \u00abblack\u00bb og \u00abevil\u00bb, kombinert med symbolske motiver som en yoga-h\u00e5nd, stjerner, en slange, en gren og minimalistiske prikkdetaljer. Med motivst\u00f8rrelser fra 0,5 til 1 cm er disse Nail stickers perfekte for b\u00e5de subtile aksenter og komplette negledesign. Blandingen av tekst og symboler skaper en litt mystisk, edgy estetikk inspirert av spiritualitet, symbolikk og moderne tatoveringskunst. De er enkle \u00e5 p\u00e5f\u00f8re og behagelige \u00e5 ha p\u00e5, og holder seg p\u00e5 plass i flere dager uten \u00e5 smitte av eller flasse av. Ingen s\u00f8l, ingen t\u00f8rketid og ingen salongbes\u00f8k n\u00f8dvendig \u2013 bare uttrykksfulle Nail art p\u00e5 f\u00e5 minutter. Slik p\u00e5f\u00f8rer du Nail stickers Rengj\u00f8r og t\u00f8rk neglen Velg et klistremerke fra arket og l\u00f8ft det forsiktig opp med en pinsett Plasser designet p\u00e5 neglen og trykk forsiktig P\u00e5f\u00f8r et topplakk for ekstra holdbarhet Ferdig! Produktinformasjon  Arkst\u00f8rrelse: 7 \u00d7 10 cm Motivst\u00f8rrelse: ca. 0,5\u20131 cm Farger: Bl\u00e5 og svart Motiver: Tekst, yogah\u00e5nd, stjerner, slange, gren, prikker PS: Kj\u00f8p 6 ark og betal for 5 med rabattkoden INKNAILS \ud83d\udda4","og_url":"https:\/\/likeink.com\/no\/faketatureringar\/mystic-nail-stickers-blue-black\/","og_site_name":"Like ink","article_publisher":"https:\/\/www.facebook.com\/LikeInkSe","article_modified_time":"2026-02-25T10:25:57+00:00","og_image":[{"width":1024,"height":1024,"url":"https:\/\/likeink.com\/wp-content\/uploads\/2026\/02\/Man-Nailstickers-cool-likeink.png","type":"image\/png"}],"twitter_card":"summary_large_image","schema":{"@context":"https:\/\/schema.org","@graph":[{"@type":"WebPage","@id":"https:\/\/likeink.com\/no\/faketatureringar\/mystic-nail-stickers-blue-black\/","url":"https:\/\/likeink.com\/no\/faketatureringar\/mystic-nail-stickers-blue-black\/","name":"Mystic Nail stickers Bl\u00e5 og svart | Like Ink","isPartOf":{"@id":"https:\/\/likeink.com\/no\/#website"},"primaryImageOfPage":{"@id":"https:\/\/likeink.com\/no\/faketatureringar\/mystic-nail-stickers-blue-black\/#primaryimage"},"image":{"@id":"https:\/\/likeink.com\/no\/faketatureringar\/mystic-nail-stickers-blue-black\/#primaryimage"},"thumbnailUrl":"https:\/\/likeink.com\/wp-content\/uploads\/2026\/02\/Man-Nailstickers-cool-likeink.png","datePublished":"2026-02-06T14:02:16+00:00","dateModified":"2026-02-25T10:25:57+00:00","description":"Mystisk \u00abNail stickers\u00bb i bl\u00e5tt og svart fra Like Ink. Med tekst og symbolske motiver som yoga-h\u00e5nd, slange og stjerner. Enkel \u00e5 p\u00e5f\u00f8re. - Like ink","breadcrumb":{"@id":"https:\/\/likeink.com\/no\/faketatureringar\/mystic-nail-stickers-blue-black\/#breadcrumb"},"inLanguage":"nb-NO","potentialAction":[{"@type":"ReadAction","target":["https:\/\/likeink.com\/no\/faketatureringar\/mystic-nail-stickers-blue-black\/"]}]},{"@type":"ImageObject","inLanguage":"nb-NO","@id":"https:\/\/likeink.com\/no\/faketatureringar\/mystic-nail-stickers-blue-black\/#primaryimage","url":"https:\/\/likeink.com\/wp-content\/uploads\/2026\/02\/Man-Nailstickers-cool-likeink.png","contentUrl":"https:\/\/likeink.com\/wp-content\/uploads\/2026\/02\/Man-Nailstickers-cool-likeink.png","width":1024,"height":1024,"caption":"En h\u00e5nd med svart neglelakk har mystiske bl\u00e5 og hvite motiver, inkludert \u00f8yne, en hamsa-h\u00e5nd, en slange, stjerner og en spiral, p\u00e5 hver fingernegl."},{"@type":"BreadcrumbList","@id":"https:\/\/likeink.com\/no\/faketatureringar\/mystic-nail-stickers-blue-black\/#breadcrumb","itemListElement":[{"@type":"ListItem","position":1,"name":"Hem","item":"https:\/\/likeink.com\/no\/"},{"@type":"ListItem","position":2,"name":"Butikk","item":"https:\/\/likeink.com\/no\/butikk\/"},{"@type":"ListItem","position":3,"name":"Mystic Nail stickers \u2013 Bl\u00e5 og svart"}]},{"@type":"WebSite","@id":"https:\/\/likeink.com\/no\/#website","url":"https:\/\/likeink.com\/no\/","name":"Like ink","description":"Make your own custom design","potentialAction":[{"@type":"SearchAction","target":{"@type":"EntryPoint","urlTemplate":"https:\/\/likeink.com\/no\/?s={search_term_string}"},"query-input":{"@type":"PropertyValueSpecification","valueRequired":true,"valueName":"search_term_string"}}],"inLanguage":"nb-NO"}]}},"_links":{"self":[{"href":"https:\/\/likeink.com\/no\/wp-json\/wp\/v2\/product\/58055","targetHints":{"allow":["GET"]}}],"collection":[{"href":"https:\/\/likeink.com\/no\/wp-json\/wp\/v2\/product"}],"about":[{"href":"https:\/\/likeink.com\/no\/wp-json\/wp\/v2\/types\/product"}],"wp:featuredmedia":[{"embeddable":true,"href":"https:\/\/likeink.com\/no\/wp-json\/wp\/v2\/media\/59134"}],"wp:attachment":[{"href":"https:\/\/likeink.com\/no\/wp-json\/wp\/v2\/media?parent=58055"}],"wp:term":[{"taxonomy":"product_brand","embeddable":true,"href":"https:\/\/likeink.com\/no\/wp-json\/wp\/v2\/product_brand?post=58055"},{"taxonomy":"product_cat","embeddable":true,"href":"https:\/\/likeink.com\/no\/wp-json\/wp\/v2\/product_cat?post=58055"},{"taxonomy":"product_tag","embeddable":true,"href":"https:\/\/likeink.com\/no\/wp-json\/wp\/v2\/product_tag?post=58055"}],"curies":[{"name":"wp","href":"https:\/\/api.w.org\/{rel}","templated":true}]}}