{"id":62292,"date":"2026-04-09T08:13:55","date_gmt":"2026-04-09T08:13:55","guid":{"rendered":"https:\/\/likeink.com\/gnuggisar\/colourful-dragron-tattoos\/"},"modified":"2026-04-09T09:31:46","modified_gmt":"2026-04-09T09:31:46","slug":"fargerike-drage-tatoveringer","status":"publish","type":"product","link":"https:\/\/likeink.com\/no\/faketatureringar\/fargerike-drage-tatoveringer\/","title":{"rendered":"Fargerike drage-tatoveringer"},"content":{"rendered":"","protected":false},"excerpt":{"rendered":"<p>Fargerike drage-tatoveringer: Disse drage-tatoveringene er fargerike og av h\u00f8y kvalitet \u2013 perfekte til din neste fest, festival eller ethvert event. V\u00e5re midlertidige tatoveringer er allergivennlige og sk\u00e5nsomme, og trygge \u00e5 bruke.<\/p>\n<h2>Bestill et ark med \u201cFargerike drage-tatoveringer\u201d n\u00e5 og v\u00e6r den kuleste p\u00e5 ditt neste event.<\/h2>\n<p>Dette ferdigdesignede arket inneholder to store drager som passer perfekt p\u00e5 armer, ben eller overkropp. Du f\u00e5r ogs\u00e5 to mindre slangedesign som du kan sette p\u00e5 halsen eller i ansiktet for \u00e5 vise frem den t\u00f8ffe stilen din. Vi sender tatoveringene dine innen 24 timer. Bruk dem alle samtidig eller spar noen til senere anledninger. V\u00e5re midlertidige tatoveringer er laget i Malm\u00f6, Sverige, og holder topp kvalitet. Disse fargerike dragene er enkle \u00e5 p\u00e5f\u00f8re og varer i 2\u20137 dager.<\/p>\n<p>Alle Like Ink midlertidige tatoveringer er:<br \/>\n\u2022 veganske<br \/>\n\u2022 CE-merkede<br \/>\n\u2022 allergivennlige<\/p>\n<p><strong>Arkst\u00f8rrelse:<\/strong> A5<br \/>\n<strong>Tatueringsst\u00f8rrelse:<\/strong> 135&#215;112 mm<br \/>\n<strong>Antall tatoveringer:<\/strong> 4<\/p>\n","protected":false},"featured_media":62281,"template":"","meta":[],"product_brand":[],"product_cat":[381,365],"product_tag":[],"class_list":{"0":"post-62292","1":"product","2":"type-product","3":"status-publish","4":"has-post-thumbnail","6":"product_cat-fantasy-dyretatoveringer","7":"product_cat-ferdige-ark","9":"first","10":"instock","11":"taxable","12":"shipping-taxable","13":"purchasable","14":"product-type-simple"},"yoast_head":"<!-- This site is optimized with the Yoast SEO Premium plugin v26.2 (Yoast SEO v27.4) - https:\/\/yoast.com\/product\/yoast-seo-premium-wordpress\/ -->\n<title>Fargerike drage-tatoveringer- Like ink<\/title>\n<meta name=\"description\" content=\"Fargerike drage-tatoveringer (midlertidige): Kult og fargerikt drage-design med sterke, livlige farger. Enkle \u00e5 p\u00e5f\u00f8re, hudvennlige og perfekte til festivaler, fester og hverdagsmoro.- Like ink\" \/>\n<meta name=\"robots\" content=\"index, follow, max-snippet:-1, max-image-preview:large, max-video-preview:-1\" \/>\n<link rel=\"canonical\" href=\"https:\/\/likeink.com\/no\/faketatureringar\/fargerike-drage-tatoveringer\/\" \/>\n<meta property=\"og:locale\" content=\"nb_NO\" \/>\n<meta property=\"og:type\" content=\"article\" \/>\n<meta property=\"og:title\" content=\"Fargerike drage-tatoveringer\" \/>\n<meta property=\"og:description\" content=\"Fargerike drage-tatoveringer: Disse drage-tatoveringene er fargerike og av h\u00f8y kvalitet \u2013 perfekte til din neste fest, festival eller ethvert event. V\u00e5re midlertidige tatoveringer er allergivennlige og sk\u00e5nsomme, og trygge \u00e5 bruke. Bestill et ark med \u201cFargerike drage-tatoveringer\u201d n\u00e5 og v\u00e6r den kuleste p\u00e5 ditt neste event. Dette ferdigdesignede arket inneholder to store drager som passer perfekt p\u00e5 armer, ben eller overkropp. Du f\u00e5r ogs\u00e5 to mindre slangedesign som du kan sette p\u00e5 halsen eller i ansiktet for \u00e5 vise frem den t\u00f8ffe stilen din. Vi sender tatoveringene dine innen 24 timer. Bruk dem alle samtidig eller spar noen til senere anledninger. V\u00e5re midlertidige tatoveringer er laget i Malm\u00f6, Sverige, og holder topp kvalitet. Disse fargerike dragene er enkle \u00e5 p\u00e5f\u00f8re og varer i 2\u20137 dager.  Alle Like Ink midlertidige tatoveringer er: \u2022 veganske \u2022 CE-merkede \u2022 allergivennlige  Arkst\u00f8rrelse: A5 Tatueringsst\u00f8rrelse: 135x112 mm Antall tatoveringer: 4\" \/>\n<meta property=\"og:url\" content=\"https:\/\/likeink.com\/no\/faketatureringar\/fargerike-drage-tatoveringer\/\" \/>\n<meta property=\"og:site_name\" content=\"Like ink\" \/>\n<meta property=\"article:publisher\" content=\"https:\/\/www.facebook.com\/LikeInkSe\" \/>\n<meta property=\"article:modified_time\" content=\"2026-04-09T09:31:46+00:00\" \/>\n<meta property=\"og:image\" content=\"https:\/\/likeink.com\/wp-content\/uploads\/2026\/04\/Colourful-Dragons-Tattoos-Likeink.jpg\" \/>\n\t<meta property=\"og:image:width\" content=\"1600\" \/>\n\t<meta property=\"og:image:height\" content=\"1127\" \/>\n\t<meta property=\"og:image:type\" content=\"image\/jpeg\" \/>\n<meta name=\"twitter:card\" content=\"summary_large_image\" \/>\n<meta name=\"twitter:label1\" content=\"Ansl. lesetid\" \/>\n\t<meta name=\"twitter:data1\" content=\"1 minutt\" \/>\n<script type=\"application\/ld+json\" class=\"yoast-schema-graph\">{\"@context\":\"https:\\\/\\\/schema.org\",\"@graph\":[{\"@type\":\"WebPage\",\"@id\":\"https:\\\/\\\/likeink.com\\\/no\\\/faketatureringar\\\/fargerike-drage-tatoveringer\\\/\",\"url\":\"https:\\\/\\\/likeink.com\\\/no\\\/faketatureringar\\\/fargerike-drage-tatoveringer\\\/\",\"name\":\"Fargerike drage-tatoveringer- Like ink\",\"isPartOf\":{\"@id\":\"https:\\\/\\\/likeink.com\\\/no\\\/#website\"},\"primaryImageOfPage\":{\"@id\":\"https:\\\/\\\/likeink.com\\\/no\\\/faketatureringar\\\/fargerike-drage-tatoveringer\\\/#primaryimage\"},\"image\":{\"@id\":\"https:\\\/\\\/likeink.com\\\/no\\\/faketatureringar\\\/fargerike-drage-tatoveringer\\\/#primaryimage\"},\"thumbnailUrl\":\"https:\\\/\\\/likeink.com\\\/wp-content\\\/uploads\\\/2026\\\/04\\\/Colourful-Dragons-Tattoos-Likeink.jpg\",\"datePublished\":\"2026-04-09T08:13:55+00:00\",\"dateModified\":\"2026-04-09T09:31:46+00:00\",\"description\":\"Fargerike drage-tatoveringer (midlertidige): Kult og fargerikt drage-design med sterke, livlige farger. Enkle \u00e5 p\u00e5f\u00f8re, hudvennlige og perfekte til festivaler, fester og hverdagsmoro.- Like ink\",\"breadcrumb\":{\"@id\":\"https:\\\/\\\/likeink.com\\\/no\\\/faketatureringar\\\/fargerike-drage-tatoveringer\\\/#breadcrumb\"},\"inLanguage\":\"nb-NO\",\"potentialAction\":[{\"@type\":\"ReadAction\",\"target\":[\"https:\\\/\\\/likeink.com\\\/no\\\/faketatureringar\\\/fargerike-drage-tatoveringer\\\/\"]}]},{\"@type\":\"ImageObject\",\"inLanguage\":\"nb-NO\",\"@id\":\"https:\\\/\\\/likeink.com\\\/no\\\/faketatureringar\\\/fargerike-drage-tatoveringer\\\/#primaryimage\",\"url\":\"https:\\\/\\\/likeink.com\\\/wp-content\\\/uploads\\\/2026\\\/04\\\/Colourful-Dragons-Tattoos-Likeink.jpg\",\"contentUrl\":\"https:\\\/\\\/likeink.com\\\/wp-content\\\/uploads\\\/2026\\\/04\\\/Colourful-Dragons-Tattoos-Likeink.jpg\",\"width\":1600,\"height\":1127,\"caption\":\"To fargerike, detaljrike kinesiske drager er omgitt av rosa blomster, sammen med to sammenrullede slanger med sirlige m\u00f8nstre. Bildet har en dristig, tatoveringslignende design.\"},{\"@type\":\"BreadcrumbList\",\"@id\":\"https:\\\/\\\/likeink.com\\\/no\\\/faketatureringar\\\/fargerike-drage-tatoveringer\\\/#breadcrumb\",\"itemListElement\":[{\"@type\":\"ListItem\",\"position\":1,\"name\":\"Hem\",\"item\":\"https:\\\/\\\/likeink.com\\\/no\\\/\"},{\"@type\":\"ListItem\",\"position\":2,\"name\":\"Butikk\",\"item\":\"https:\\\/\\\/likeink.com\\\/no\\\/butikk\\\/\"},{\"@type\":\"ListItem\",\"position\":3,\"name\":\"Fargerike drage-tatoveringer\"}]},{\"@type\":\"WebSite\",\"@id\":\"https:\\\/\\\/likeink.com\\\/no\\\/#website\",\"url\":\"https:\\\/\\\/likeink.com\\\/no\\\/\",\"name\":\"Like ink\",\"description\":\"Make your own custom design\",\"potentialAction\":[{\"@type\":\"SearchAction\",\"target\":{\"@type\":\"EntryPoint\",\"urlTemplate\":\"https:\\\/\\\/likeink.com\\\/no\\\/?s={search_term_string}\"},\"query-input\":{\"@type\":\"PropertyValueSpecification\",\"valueRequired\":true,\"valueName\":\"search_term_string\"}}],\"inLanguage\":\"nb-NO\"}]}<\/script>\n<!-- \/ Yoast SEO Premium plugin. -->","yoast_head_json":{"title":"Fargerike drage-tatoveringer- Like ink","description":"Fargerike drage-tatoveringer (midlertidige): Kult og fargerikt drage-design med sterke, livlige farger. Enkle \u00e5 p\u00e5f\u00f8re, hudvennlige og perfekte til festivaler, fester og hverdagsmoro.- Like ink","robots":{"index":"index","follow":"follow","max-snippet":"max-snippet:-1","max-image-preview":"max-image-preview:large","max-video-preview":"max-video-preview:-1"},"canonical":"https:\/\/likeink.com\/no\/faketatureringar\/fargerike-drage-tatoveringer\/","og_locale":"nb_NO","og_type":"article","og_title":"Fargerike drage-tatoveringer","og_description":"Fargerike drage-tatoveringer: Disse drage-tatoveringene er fargerike og av h\u00f8y kvalitet \u2013 perfekte til din neste fest, festival eller ethvert event. V\u00e5re midlertidige tatoveringer er allergivennlige og sk\u00e5nsomme, og trygge \u00e5 bruke. Bestill et ark med \u201cFargerike drage-tatoveringer\u201d n\u00e5 og v\u00e6r den kuleste p\u00e5 ditt neste event. Dette ferdigdesignede arket inneholder to store drager som passer perfekt p\u00e5 armer, ben eller overkropp. Du f\u00e5r ogs\u00e5 to mindre slangedesign som du kan sette p\u00e5 halsen eller i ansiktet for \u00e5 vise frem den t\u00f8ffe stilen din. Vi sender tatoveringene dine innen 24 timer. Bruk dem alle samtidig eller spar noen til senere anledninger. V\u00e5re midlertidige tatoveringer er laget i Malm\u00f6, Sverige, og holder topp kvalitet. Disse fargerike dragene er enkle \u00e5 p\u00e5f\u00f8re og varer i 2\u20137 dager.  Alle Like Ink midlertidige tatoveringer er: \u2022 veganske \u2022 CE-merkede \u2022 allergivennlige  Arkst\u00f8rrelse: A5 Tatueringsst\u00f8rrelse: 135x112 mm Antall tatoveringer: 4","og_url":"https:\/\/likeink.com\/no\/faketatureringar\/fargerike-drage-tatoveringer\/","og_site_name":"Like ink","article_publisher":"https:\/\/www.facebook.com\/LikeInkSe","article_modified_time":"2026-04-09T09:31:46+00:00","og_image":[{"width":1600,"height":1127,"url":"https:\/\/likeink.com\/wp-content\/uploads\/2026\/04\/Colourful-Dragons-Tattoos-Likeink.jpg","type":"image\/jpeg"}],"twitter_card":"summary_large_image","twitter_misc":{"Ansl. lesetid":"1 minutt"},"schema":{"@context":"https:\/\/schema.org","@graph":[{"@type":"WebPage","@id":"https:\/\/likeink.com\/no\/faketatureringar\/fargerike-drage-tatoveringer\/","url":"https:\/\/likeink.com\/no\/faketatureringar\/fargerike-drage-tatoveringer\/","name":"Fargerike drage-tatoveringer- Like ink","isPartOf":{"@id":"https:\/\/likeink.com\/no\/#website"},"primaryImageOfPage":{"@id":"https:\/\/likeink.com\/no\/faketatureringar\/fargerike-drage-tatoveringer\/#primaryimage"},"image":{"@id":"https:\/\/likeink.com\/no\/faketatureringar\/fargerike-drage-tatoveringer\/#primaryimage"},"thumbnailUrl":"https:\/\/likeink.com\/wp-content\/uploads\/2026\/04\/Colourful-Dragons-Tattoos-Likeink.jpg","datePublished":"2026-04-09T08:13:55+00:00","dateModified":"2026-04-09T09:31:46+00:00","description":"Fargerike drage-tatoveringer (midlertidige): Kult og fargerikt drage-design med sterke, livlige farger. Enkle \u00e5 p\u00e5f\u00f8re, hudvennlige og perfekte til festivaler, fester og hverdagsmoro.- Like ink","breadcrumb":{"@id":"https:\/\/likeink.com\/no\/faketatureringar\/fargerike-drage-tatoveringer\/#breadcrumb"},"inLanguage":"nb-NO","potentialAction":[{"@type":"ReadAction","target":["https:\/\/likeink.com\/no\/faketatureringar\/fargerike-drage-tatoveringer\/"]}]},{"@type":"ImageObject","inLanguage":"nb-NO","@id":"https:\/\/likeink.com\/no\/faketatureringar\/fargerike-drage-tatoveringer\/#primaryimage","url":"https:\/\/likeink.com\/wp-content\/uploads\/2026\/04\/Colourful-Dragons-Tattoos-Likeink.jpg","contentUrl":"https:\/\/likeink.com\/wp-content\/uploads\/2026\/04\/Colourful-Dragons-Tattoos-Likeink.jpg","width":1600,"height":1127,"caption":"To fargerike, detaljrike kinesiske drager er omgitt av rosa blomster, sammen med to sammenrullede slanger med sirlige m\u00f8nstre. Bildet har en dristig, tatoveringslignende design."},{"@type":"BreadcrumbList","@id":"https:\/\/likeink.com\/no\/faketatureringar\/fargerike-drage-tatoveringer\/#breadcrumb","itemListElement":[{"@type":"ListItem","position":1,"name":"Hem","item":"https:\/\/likeink.com\/no\/"},{"@type":"ListItem","position":2,"name":"Butikk","item":"https:\/\/likeink.com\/no\/butikk\/"},{"@type":"ListItem","position":3,"name":"Fargerike drage-tatoveringer"}]},{"@type":"WebSite","@id":"https:\/\/likeink.com\/no\/#website","url":"https:\/\/likeink.com\/no\/","name":"Like ink","description":"Make your own custom design","potentialAction":[{"@type":"SearchAction","target":{"@type":"EntryPoint","urlTemplate":"https:\/\/likeink.com\/no\/?s={search_term_string}"},"query-input":{"@type":"PropertyValueSpecification","valueRequired":true,"valueName":"search_term_string"}}],"inLanguage":"nb-NO"}]}},"_links":{"self":[{"href":"https:\/\/likeink.com\/no\/wp-json\/wp\/v2\/product\/62292","targetHints":{"allow":["GET"]}}],"collection":[{"href":"https:\/\/likeink.com\/no\/wp-json\/wp\/v2\/product"}],"about":[{"href":"https:\/\/likeink.com\/no\/wp-json\/wp\/v2\/types\/product"}],"wp:featuredmedia":[{"embeddable":true,"href":"https:\/\/likeink.com\/no\/wp-json\/wp\/v2\/media\/62281"}],"wp:attachment":[{"href":"https:\/\/likeink.com\/no\/wp-json\/wp\/v2\/media?parent=62292"}],"wp:term":[{"taxonomy":"product_brand","embeddable":true,"href":"https:\/\/likeink.com\/no\/wp-json\/wp\/v2\/product_brand?post=62292"},{"taxonomy":"product_cat","embeddable":true,"href":"https:\/\/likeink.com\/no\/wp-json\/wp\/v2\/product_cat?post=62292"},{"taxonomy":"product_tag","embeddable":true,"href":"https:\/\/likeink.com\/no\/wp-json\/wp\/v2\/product_tag?post=62292"}],"curies":[{"name":"wp","href":"https:\/\/api.w.org\/{rel}","templated":true}]}}