{"id":63533,"date":"2026-04-23T07:32:30","date_gmt":"2026-04-23T07:32:30","guid":{"rendered":"https:\/\/likeink.com\/?post_type=product&#038;p=63533"},"modified":"2026-04-23T08:04:50","modified_gmt":"2026-04-23T08:04:50","slug":"matt-machine-big-panther","status":"publish","type":"product","link":"https:\/\/likeink.com\/no\/faketatureringar\/matt-machine-big-panther\/","title":{"rendered":"Matt Machine &#8220;Big Panther&#8221;"},"content":{"rendered":"","protected":false},"excerpt":{"rendered":"<p>Like Inks ferdige ark med midlertidige tatoveringer er cirka 20\u00d714 cm og inneholder motivene som vises p\u00e5 bildet. Vi trykker og sender innen 24 timer etter bestillingen din. Tatoveringene er stilrene, av h\u00f8y kvalitet, enkle \u00e5 p\u00e5f\u00f8re og lette \u00e5 vaske bort. Like Ink f\u00f8lger alle EUs regler for kosmetiske produkter, s\u00e5 du kan bestille med trygghet. Dette arket med midlertidige tatoveringer inneholder blant annet en \u00f8rn og en panter. Perfekt for deg som liker kule og store tatoveringer.<\/p>\n<h2><strong>Midlertidige tatoveringer designet av tatov\u00f8ren Mattias, ogs\u00e5 kjent som Matt Machine<\/strong><\/h2>\n<p>Dette arket er designet av Mattias Andersson, ogs\u00e5 kjent som Matt Machine, en popul\u00e6r og erfaren tatov\u00f8r basert i Kung\u00e4lv. Mattias har drevet sitt private studio i cirka 12 \u00e5r og arbeider kun etter avtale. Han har elsket tatoveringer siden barndommen og er kjent for b\u00e5de sm\u00e5, enkle tatoveringer og st\u00f8rre, skreddersydde prosjekter. Hans lidenskap for tatoveringer og sterke relasjon til kundene er en stor del av det som gj\u00f8r arbeidet hans unikt.<\/p>\n<p><strong>Finn Mattias her:<\/strong><br \/>\nInstagram: @straydogstattoo<br \/>\nStudio: @straydogstattoo<br \/>\nSted: G\u00f6teborg \/ Kung\u00e4lv<\/p>\n<p>St\u00f8rrelse ark: A5<br \/>\nAntall tatoveringer: 5<br \/>\nSt\u00f8rrelse tatoveringer: ca 6-9 cm<\/p>\n","protected":false},"featured_media":63523,"template":"","meta":[],"product_brand":[],"product_cat":[365,512,505],"product_tag":[],"class_list":{"0":"post-63533","1":"product","2":"type-product","3":"status-publish","4":"has-post-thumbnail","6":"product_cat-ferdige-ark","7":"product_cat-old-school-retro-no","8":"product_cat-samarbeid-med-tatovorer","10":"first","11":"instock","12":"taxable","13":"shipping-taxable","14":"purchasable","15":"product-type-simple"},"yoast_head":"<!-- This site is optimized with the Yoast SEO Premium plugin v26.2 (Yoast SEO v27.4) - https:\/\/yoast.com\/product\/yoast-seo-premium-wordpress\/ -->\n<title>Matt Machine &quot;Big Panther&quot; - Like ink<\/title>\n<meta name=\"description\" content=\"Midlertidige tatoveringer Matt Machine &quot;Big Panther&quot; med klassiske tatoveringsmotiver som panter og \u00f8rn. H\u00f8y kvalitet og enkel p\u00e5f\u00f8ring.\" \/>\n<meta name=\"robots\" content=\"index, follow, max-snippet:-1, max-image-preview:large, max-video-preview:-1\" \/>\n<link rel=\"canonical\" href=\"https:\/\/likeink.com\/no\/faketatureringar\/matt-machine-big-panther\/\" \/>\n<meta property=\"og:locale\" content=\"nb_NO\" \/>\n<meta property=\"og:type\" content=\"article\" \/>\n<meta property=\"og:title\" content=\"Matt Machine &quot;Big Panther&quot;\" \/>\n<meta property=\"og:description\" content=\"Like Inks ferdige ark med midlertidige tatoveringer er cirka 20\u00d714 cm og inneholder motivene som vises p\u00e5 bildet. Vi trykker og sender innen 24 timer etter bestillingen din. Tatoveringene er stilrene, av h\u00f8y kvalitet, enkle \u00e5 p\u00e5f\u00f8re og lette \u00e5 vaske bort. Like Ink f\u00f8lger alle EUs regler for kosmetiske produkter, s\u00e5 du kan bestille med trygghet. Dette arket med midlertidige tatoveringer inneholder blant annet en \u00f8rn og en panter. Perfekt for deg som liker kule og store tatoveringer. Midlertidige tatoveringer designet av tatov\u00f8ren Mattias, ogs\u00e5 kjent som Matt Machine Dette arket er designet av Mattias Andersson, ogs\u00e5 kjent som Matt Machine, en popul\u00e6r og erfaren tatov\u00f8r basert i Kung\u00e4lv. Mattias har drevet sitt private studio i cirka 12 \u00e5r og arbeider kun etter avtale. Han har elsket tatoveringer siden barndommen og er kjent for b\u00e5de sm\u00e5, enkle tatoveringer og st\u00f8rre, skreddersydde prosjekter. Hans lidenskap for tatoveringer og sterke relasjon til kundene er en stor del av det som gj\u00f8r arbeidet hans unikt.  Finn Mattias her: Instagram: @straydogstattoo Studio: @straydogstattoo Sted: G\u00f6teborg \/ Kung\u00e4lv  St\u00f8rrelse ark: A5 Antall tatoveringer: 5 St\u00f8rrelse tatoveringer: ca 6-9 cm\" \/>\n<meta property=\"og:url\" content=\"https:\/\/likeink.com\/no\/faketatureringar\/matt-machine-big-panther\/\" \/>\n<meta property=\"og:site_name\" content=\"Like ink\" \/>\n<meta property=\"article:publisher\" content=\"https:\/\/www.facebook.com\/LikeInkSe\" \/>\n<meta property=\"article:modified_time\" content=\"2026-04-23T08:04:50+00:00\" \/>\n<meta property=\"og:image\" content=\"https:\/\/likeink.com\/wp-content\/uploads\/2026\/04\/BigPantherTattoo-MattMachine-Likeink.png\" \/>\n\t<meta property=\"og:image:width\" content=\"1400\" \/>\n\t<meta property=\"og:image:height\" content=\"986\" \/>\n\t<meta property=\"og:image:type\" content=\"image\/png\" \/>\n<meta name=\"twitter:card\" content=\"summary_large_image\" \/>\n<meta name=\"twitter:label1\" content=\"Ansl. lesetid\" \/>\n\t<meta name=\"twitter:data1\" content=\"1 minutt\" \/>\n<!-- \/ Yoast SEO Premium plugin. -->","yoast_head_json":{"title":"Matt Machine \"Big Panther\" - Like ink","description":"Midlertidige tatoveringer Matt Machine \"Big Panther\" med klassiske tatoveringsmotiver som panter og \u00f8rn. H\u00f8y kvalitet og enkel p\u00e5f\u00f8ring.","robots":{"index":"index","follow":"follow","max-snippet":"max-snippet:-1","max-image-preview":"max-image-preview:large","max-video-preview":"max-video-preview:-1"},"canonical":"https:\/\/likeink.com\/no\/faketatureringar\/matt-machine-big-panther\/","og_locale":"nb_NO","og_type":"article","og_title":"Matt Machine \"Big Panther\"","og_description":"Like Inks ferdige ark med midlertidige tatoveringer er cirka 20\u00d714 cm og inneholder motivene som vises p\u00e5 bildet. Vi trykker og sender innen 24 timer etter bestillingen din. Tatoveringene er stilrene, av h\u00f8y kvalitet, enkle \u00e5 p\u00e5f\u00f8re og lette \u00e5 vaske bort. Like Ink f\u00f8lger alle EUs regler for kosmetiske produkter, s\u00e5 du kan bestille med trygghet. Dette arket med midlertidige tatoveringer inneholder blant annet en \u00f8rn og en panter. Perfekt for deg som liker kule og store tatoveringer. Midlertidige tatoveringer designet av tatov\u00f8ren Mattias, ogs\u00e5 kjent som Matt Machine Dette arket er designet av Mattias Andersson, ogs\u00e5 kjent som Matt Machine, en popul\u00e6r og erfaren tatov\u00f8r basert i Kung\u00e4lv. Mattias har drevet sitt private studio i cirka 12 \u00e5r og arbeider kun etter avtale. Han har elsket tatoveringer siden barndommen og er kjent for b\u00e5de sm\u00e5, enkle tatoveringer og st\u00f8rre, skreddersydde prosjekter. Hans lidenskap for tatoveringer og sterke relasjon til kundene er en stor del av det som gj\u00f8r arbeidet hans unikt.  Finn Mattias her: Instagram: @straydogstattoo Studio: @straydogstattoo Sted: G\u00f6teborg \/ Kung\u00e4lv  St\u00f8rrelse ark: A5 Antall tatoveringer: 5 St\u00f8rrelse tatoveringer: ca 6-9 cm","og_url":"https:\/\/likeink.com\/no\/faketatureringar\/matt-machine-big-panther\/","og_site_name":"Like ink","article_publisher":"https:\/\/www.facebook.com\/LikeInkSe","article_modified_time":"2026-04-23T08:04:50+00:00","og_image":[{"width":1400,"height":986,"url":"https:\/\/likeink.com\/wp-content\/uploads\/2026\/04\/BigPantherTattoo-MattMachine-Likeink.png","type":"image\/png"}],"twitter_card":"summary_large_image","twitter_misc":{"Ansl. lesetid":"1 minutt"},"schema":{"@context":"https:\/\/schema.org","@graph":[{"@type":"WebPage","@id":"https:\/\/likeink.com\/no\/faketatureringar\/matt-machine-big-panther\/","url":"https:\/\/likeink.com\/no\/faketatureringar\/matt-machine-big-panther\/","name":"Matt Machine \"Big Panther\" - Like ink","isPartOf":{"@id":"https:\/\/likeink.com\/no\/#website"},"primaryImageOfPage":{"@id":"https:\/\/likeink.com\/no\/faketatureringar\/matt-machine-big-panther\/#primaryimage"},"image":{"@id":"https:\/\/likeink.com\/no\/faketatureringar\/matt-machine-big-panther\/#primaryimage"},"thumbnailUrl":"https:\/\/likeink.com\/wp-content\/uploads\/2026\/04\/BigPantherTattoo-MattMachine-Likeink.png","datePublished":"2026-04-23T07:32:30+00:00","dateModified":"2026-04-23T08:04:50+00:00","description":"Midlertidige tatoveringer Matt Machine \"Big Panther\" med klassiske tatoveringsmotiver som panter og \u00f8rn. H\u00f8y kvalitet og enkel p\u00e5f\u00f8ring.","breadcrumb":{"@id":"https:\/\/likeink.com\/no\/faketatureringar\/matt-machine-big-panther\/#breadcrumb"},"inLanguage":"nb-NO","potentialAction":[{"@type":"ReadAction","target":["https:\/\/likeink.com\/no\/faketatureringar\/matt-machine-big-panther\/"]}]},{"@type":"ImageObject","inLanguage":"nb-NO","@id":"https:\/\/likeink.com\/no\/faketatureringar\/matt-machine-big-panther\/#primaryimage","url":"https:\/\/likeink.com\/wp-content\/uploads\/2026\/04\/BigPantherTattoo-MattMachine-Likeink.png","contentUrl":"https:\/\/likeink.com\/wp-content\/uploads\/2026\/04\/BigPantherTattoo-MattMachine-Likeink.png","width":1400,"height":986,"caption":"En samling tatoveringsmotiver i tradisjonell stil, inkludert en br\u00f8lende svart panter, et kvinnehode med et fargerikt hodeplagg, en \u00f8rn, en avokado i tegneserieform og en p\u00f8lse med lekne hundefigurer."},{"@type":"BreadcrumbList","@id":"https:\/\/likeink.com\/no\/faketatureringar\/matt-machine-big-panther\/#breadcrumb","itemListElement":[{"@type":"ListItem","position":1,"name":"Hem","item":"https:\/\/likeink.com\/no\/"},{"@type":"ListItem","position":2,"name":"Butikk","item":"https:\/\/likeink.com\/no\/butikk\/"},{"@type":"ListItem","position":3,"name":"Matt Machine &#8220;Big Panther&#8221;"}]},{"@type":"WebSite","@id":"https:\/\/likeink.com\/no\/#website","url":"https:\/\/likeink.com\/no\/","name":"Like ink","description":"Make your own custom design","potentialAction":[{"@type":"SearchAction","target":{"@type":"EntryPoint","urlTemplate":"https:\/\/likeink.com\/no\/?s={search_term_string}"},"query-input":{"@type":"PropertyValueSpecification","valueRequired":true,"valueName":"search_term_string"}}],"inLanguage":"nb-NO"}]}},"_links":{"self":[{"href":"https:\/\/likeink.com\/no\/wp-json\/wp\/v2\/product\/63533","targetHints":{"allow":["GET"]}}],"collection":[{"href":"https:\/\/likeink.com\/no\/wp-json\/wp\/v2\/product"}],"about":[{"href":"https:\/\/likeink.com\/no\/wp-json\/wp\/v2\/types\/product"}],"wp:featuredmedia":[{"embeddable":true,"href":"https:\/\/likeink.com\/no\/wp-json\/wp\/v2\/media\/63523"}],"wp:attachment":[{"href":"https:\/\/likeink.com\/no\/wp-json\/wp\/v2\/media?parent=63533"}],"wp:term":[{"taxonomy":"product_brand","embeddable":true,"href":"https:\/\/likeink.com\/no\/wp-json\/wp\/v2\/product_brand?post=63533"},{"taxonomy":"product_cat","embeddable":true,"href":"https:\/\/likeink.com\/no\/wp-json\/wp\/v2\/product_cat?post=63533"},{"taxonomy":"product_tag","embeddable":true,"href":"https:\/\/likeink.com\/no\/wp-json\/wp\/v2\/product_tag?post=63533"}],"curies":[{"name":"wp","href":"https:\/\/api.w.org\/{rel}","templated":true}]}}