{"id":63592,"date":"2026-04-23T09:02:55","date_gmt":"2026-04-23T09:03:04","guid":{"rendered":"https:\/\/likeink.com\/?post_type=product&#038;p=63592"},"modified":"2026-04-23T09:25:13","modified_gmt":"2026-04-23T09:25:13","slug":"matt-machine-rock-out","status":"publish","type":"product","link":"https:\/\/likeink.com\/no\/faketatureringar\/matt-machine-rock-out\/","title":{"rendered":"Matt Machine &#8220;Rock Out&#8221;"},"content":{"rendered":"","protected":false},"excerpt":{"rendered":"<p>Like Inks ferdige ark med midlertidige tatoveringer er cirka 20\u00d714 cm og inneholder motivene som vises p\u00e5 bildet. Vi trykker og sender innen 24 timer etter bestillingen din. Tatoveringene er stilrene, av h\u00f8y kvalitet, enkle \u00e5 p\u00e5f\u00f8re og lette \u00e5 vaske bort. Like Ink f\u00f8lger alle EU regler for kosmetiske produkter, s\u00e5 du kan bestille med trygghet.<\/p>\n<h2>Midlertidige tatoveringer designet av tatov\u00f8ren Mattias, ogs\u00e5 kjent som Matt Machine<\/h2>\n<p>Dette arket er designet av Mattias Andersson, ogs\u00e5 kjent som Matt Machine, en popul\u00e6r og erfaren tatov\u00f8r basert i Kung\u00e4lv. Mattias har drevet sitt private studio i cirka 12 \u00e5r og arbeider kun etter avtale. Han har elsket tatoveringer siden barndommen og er kjent for b\u00e5de sm\u00e5, enkle tatoveringer og st\u00f8rre skreddersydde prosjekter. Hans lidenskap for tatoveringer og sterke relasjon til kundene er en stor del av det som gj\u00f8r arbeidet hans unikt.<\/p>\n<p><strong>Finn Mattias her:<\/strong><br \/>\nInstagram: @straydogstattoo<br \/>\nStudio: @straydogstattoo<br \/>\nSted: G\u00f6teborg \/ Kung\u00e4lv<\/p>\n<p>St\u00f8rrelse ark: A5<br \/>\nAntall tatoveringer: 6<br \/>\nSt\u00f8rrelse tatoveringer: ca 5 &#8211; 9 cm<\/p>\n","protected":false},"featured_media":63581,"template":"","meta":[],"product_brand":[],"product_cat":[365,512,505],"product_tag":[],"class_list":{"0":"post-63592","1":"product","2":"type-product","3":"status-publish","4":"has-post-thumbnail","6":"product_cat-ferdige-ark","7":"product_cat-old-school-retro-no","8":"product_cat-samarbeid-med-tatovorer","10":"first","11":"instock","12":"taxable","13":"shipping-taxable","14":"purchasable","15":"product-type-simple"},"yoast_head":"<!-- This site is optimized with the Yoast SEO Premium plugin v26.2 (Yoast SEO v27.4) - https:\/\/yoast.com\/product\/yoast-seo-premium-wordpress\/ -->\n<title>Matt Machine &quot;Rock Out&quot; A5 | Like Ink -<\/title>\n<meta name=\"description\" content=\"Matt Machine &quot;Rock Out&quot;. Et ark med midlertidige tatoveringer med lekne og edgy motiver i old school stil. H\u00f8y kvalitet og enkel p\u00e5f\u00f8ring.\" \/>\n<meta name=\"robots\" content=\"index, follow, max-snippet:-1, max-image-preview:large, max-video-preview:-1\" \/>\n<link rel=\"canonical\" href=\"https:\/\/likeink.com\/no\/faketatureringar\/matt-machine-rock-out\/\" \/>\n<meta property=\"og:locale\" content=\"nb_NO\" \/>\n<meta property=\"og:type\" content=\"article\" \/>\n<meta property=\"og:title\" content=\"Matt Machine &quot;Rock Out&quot;\" \/>\n<meta property=\"og:description\" content=\"Like Inks ferdige ark med midlertidige tatoveringer er cirka 20\u00d714 cm og inneholder motivene som vises p\u00e5 bildet. Vi trykker og sender innen 24 timer etter bestillingen din. Tatoveringene er stilrene, av h\u00f8y kvalitet, enkle \u00e5 p\u00e5f\u00f8re og lette \u00e5 vaske bort. Like Ink f\u00f8lger alle EU regler for kosmetiske produkter, s\u00e5 du kan bestille med trygghet. Midlertidige tatoveringer designet av tatov\u00f8ren Mattias, ogs\u00e5 kjent som Matt Machine Dette arket er designet av Mattias Andersson, ogs\u00e5 kjent som Matt Machine, en popul\u00e6r og erfaren tatov\u00f8r basert i Kung\u00e4lv. Mattias har drevet sitt private studio i cirka 12 \u00e5r og arbeider kun etter avtale. Han har elsket tatoveringer siden barndommen og er kjent for b\u00e5de sm\u00e5, enkle tatoveringer og st\u00f8rre skreddersydde prosjekter. Hans lidenskap for tatoveringer og sterke relasjon til kundene er en stor del av det som gj\u00f8r arbeidet hans unikt.  Finn Mattias her: Instagram: @straydogstattoo Studio: @straydogstattoo Sted: G\u00f6teborg \/ Kung\u00e4lv  St\u00f8rrelse ark: A5 Antall tatoveringer: 6 St\u00f8rrelse tatoveringer: ca 5 - 9 cm\" \/>\n<meta property=\"og:url\" content=\"https:\/\/likeink.com\/no\/faketatureringar\/matt-machine-rock-out\/\" \/>\n<meta property=\"og:site_name\" content=\"Like ink\" \/>\n<meta property=\"article:publisher\" content=\"https:\/\/www.facebook.com\/LikeInkSe\" \/>\n<meta property=\"article:modified_time\" content=\"2026-04-23T09:25:13+00:00\" \/>\n<meta property=\"og:image\" content=\"https:\/\/likeink.com\/wp-content\/uploads\/2026\/04\/Rockout-MattMachine-Tattoo-Likeink.png\" \/>\n\t<meta property=\"og:image:width\" content=\"1400\" \/>\n\t<meta property=\"og:image:height\" content=\"986\" \/>\n\t<meta property=\"og:image:type\" content=\"image\/png\" \/>\n<meta name=\"twitter:card\" content=\"summary_large_image\" \/>\n<meta name=\"twitter:label1\" content=\"Ansl. lesetid\" \/>\n\t<meta name=\"twitter:data1\" content=\"1 minutt\" \/>\n<!-- \/ Yoast SEO Premium plugin. -->","yoast_head_json":{"title":"Matt Machine \"Rock Out\" A5 | Like Ink -","description":"Matt Machine \"Rock Out\". Et ark med midlertidige tatoveringer med lekne og edgy motiver i old school stil. H\u00f8y kvalitet og enkel p\u00e5f\u00f8ring.","robots":{"index":"index","follow":"follow","max-snippet":"max-snippet:-1","max-image-preview":"max-image-preview:large","max-video-preview":"max-video-preview:-1"},"canonical":"https:\/\/likeink.com\/no\/faketatureringar\/matt-machine-rock-out\/","og_locale":"nb_NO","og_type":"article","og_title":"Matt Machine \"Rock Out\"","og_description":"Like Inks ferdige ark med midlertidige tatoveringer er cirka 20\u00d714 cm og inneholder motivene som vises p\u00e5 bildet. Vi trykker og sender innen 24 timer etter bestillingen din. Tatoveringene er stilrene, av h\u00f8y kvalitet, enkle \u00e5 p\u00e5f\u00f8re og lette \u00e5 vaske bort. Like Ink f\u00f8lger alle EU regler for kosmetiske produkter, s\u00e5 du kan bestille med trygghet. Midlertidige tatoveringer designet av tatov\u00f8ren Mattias, ogs\u00e5 kjent som Matt Machine Dette arket er designet av Mattias Andersson, ogs\u00e5 kjent som Matt Machine, en popul\u00e6r og erfaren tatov\u00f8r basert i Kung\u00e4lv. Mattias har drevet sitt private studio i cirka 12 \u00e5r og arbeider kun etter avtale. Han har elsket tatoveringer siden barndommen og er kjent for b\u00e5de sm\u00e5, enkle tatoveringer og st\u00f8rre skreddersydde prosjekter. Hans lidenskap for tatoveringer og sterke relasjon til kundene er en stor del av det som gj\u00f8r arbeidet hans unikt.  Finn Mattias her: Instagram: @straydogstattoo Studio: @straydogstattoo Sted: G\u00f6teborg \/ Kung\u00e4lv  St\u00f8rrelse ark: A5 Antall tatoveringer: 6 St\u00f8rrelse tatoveringer: ca 5 - 9 cm","og_url":"https:\/\/likeink.com\/no\/faketatureringar\/matt-machine-rock-out\/","og_site_name":"Like ink","article_publisher":"https:\/\/www.facebook.com\/LikeInkSe","article_modified_time":"2026-04-23T09:25:13+00:00","og_image":[{"width":1400,"height":986,"url":"https:\/\/likeink.com\/wp-content\/uploads\/2026\/04\/Rockout-MattMachine-Tattoo-Likeink.png","type":"image\/png"}],"twitter_card":"summary_large_image","twitter_misc":{"Ansl. lesetid":"1 minutt"},"schema":{"@context":"https:\/\/schema.org","@graph":[{"@type":"WebPage","@id":"https:\/\/likeink.com\/no\/faketatureringar\/matt-machine-rock-out\/","url":"https:\/\/likeink.com\/no\/faketatureringar\/matt-machine-rock-out\/","name":"Matt Machine \"Rock Out\" A5 | Like Ink -","isPartOf":{"@id":"https:\/\/likeink.com\/no\/#website"},"primaryImageOfPage":{"@id":"https:\/\/likeink.com\/no\/faketatureringar\/matt-machine-rock-out\/#primaryimage"},"image":{"@id":"https:\/\/likeink.com\/no\/faketatureringar\/matt-machine-rock-out\/#primaryimage"},"thumbnailUrl":"https:\/\/likeink.com\/wp-content\/uploads\/2026\/04\/Rockout-MattMachine-Tattoo-Likeink.png","datePublished":"2026-04-23T09:03:04+00:00","dateModified":"2026-04-23T09:25:13+00:00","description":"Matt Machine \"Rock Out\". Et ark med midlertidige tatoveringer med lekne og edgy motiver i old school stil. H\u00f8y kvalitet og enkel p\u00e5f\u00f8ring.","breadcrumb":{"@id":"https:\/\/likeink.com\/no\/faketatureringar\/matt-machine-rock-out\/#breadcrumb"},"inLanguage":"nb-NO","potentialAction":[{"@type":"ReadAction","target":["https:\/\/likeink.com\/no\/faketatureringar\/matt-machine-rock-out\/"]}]},{"@type":"ImageObject","inLanguage":"nb-NO","@id":"https:\/\/likeink.com\/no\/faketatureringar\/matt-machine-rock-out\/#primaryimage","url":"https:\/\/likeink.com\/wp-content\/uploads\/2026\/04\/Rockout-MattMachine-Tattoo-Likeink.png","contentUrl":"https:\/\/likeink.com\/wp-content\/uploads\/2026\/04\/Rockout-MattMachine-Tattoo-Likeink.png","width":1400,"height":986,"caption":"Fargerike tegneserietegninger inspirert av The Simpsons, med humoristiske og obsk\u00f8ne parodier av figurer og scener, med fete konturer, tekstbobler og overdrevne uttrykk."},{"@type":"BreadcrumbList","@id":"https:\/\/likeink.com\/no\/faketatureringar\/matt-machine-rock-out\/#breadcrumb","itemListElement":[{"@type":"ListItem","position":1,"name":"Hem","item":"https:\/\/likeink.com\/no\/"},{"@type":"ListItem","position":2,"name":"Butikk","item":"https:\/\/likeink.com\/no\/butikk\/"},{"@type":"ListItem","position":3,"name":"Matt Machine &#8220;Rock Out&#8221;"}]},{"@type":"WebSite","@id":"https:\/\/likeink.com\/no\/#website","url":"https:\/\/likeink.com\/no\/","name":"Like ink","description":"Make your own custom design","potentialAction":[{"@type":"SearchAction","target":{"@type":"EntryPoint","urlTemplate":"https:\/\/likeink.com\/no\/?s={search_term_string}"},"query-input":{"@type":"PropertyValueSpecification","valueRequired":true,"valueName":"search_term_string"}}],"inLanguage":"nb-NO"}]}},"_links":{"self":[{"href":"https:\/\/likeink.com\/no\/wp-json\/wp\/v2\/product\/63592","targetHints":{"allow":["GET"]}}],"collection":[{"href":"https:\/\/likeink.com\/no\/wp-json\/wp\/v2\/product"}],"about":[{"href":"https:\/\/likeink.com\/no\/wp-json\/wp\/v2\/types\/product"}],"wp:featuredmedia":[{"embeddable":true,"href":"https:\/\/likeink.com\/no\/wp-json\/wp\/v2\/media\/63581"}],"wp:attachment":[{"href":"https:\/\/likeink.com\/no\/wp-json\/wp\/v2\/media?parent=63592"}],"wp:term":[{"taxonomy":"product_brand","embeddable":true,"href":"https:\/\/likeink.com\/no\/wp-json\/wp\/v2\/product_brand?post=63592"},{"taxonomy":"product_cat","embeddable":true,"href":"https:\/\/likeink.com\/no\/wp-json\/wp\/v2\/product_cat?post=63592"},{"taxonomy":"product_tag","embeddable":true,"href":"https:\/\/likeink.com\/no\/wp-json\/wp\/v2\/product_tag?post=63592"}],"curies":[{"name":"wp","href":"https:\/\/api.w.org\/{rel}","templated":true}]}}