{"id":64132,"date":"2026-04-29T09:36:07","date_gmt":"2026-04-29T09:36:07","guid":{"rendered":"https:\/\/likeink.com\/?post_type=product&#038;p=64132"},"modified":"2026-04-29T11:13:35","modified_gmt":"2026-04-29T11:13:35","slug":"gender-reveal-midlertidige-tatoveringer","status":"publish","type":"product","link":"https:\/\/likeink.com\/no\/faketatureringar\/gender-reveal-midlertidige-tatoveringer\/","title":{"rendered":"&#8220;Gender Reveal&#8221; midlertidige tatoveringer"},"content":{"rendered":"","protected":false},"excerpt":{"rendered":"<p>Dette arket inneholder midlertidige tatoveringer med et fint design til en &#8220;Gender Reveal&#8221;. Hva tror du det blir? En jente eller en gutt? Like Inks ferdige ark med midlertidige tatoveringer er cirka 20\u00d714 cm og inneholder motivene som vises p\u00e5 bildet. Vi trykker og sender innen 24 timer etter bestillingen din. Tatoveringene er stilrene, av h\u00f8y kvalitet, enkle \u00e5 p\u00e5f\u00f8re og lette \u00e5 vaske bort. Like Ink f\u00f8lger alle EU-regler for kosmetiske produkter, s\u00e5 du kan bestille trygt.<\/p>\n<h2><strong>&#8220;Gender Reveal&#8221; midlertidige tatoveringer med I vote girls og I vote boys design<\/strong><\/h2>\n<p>Dette arket inneholder 4 \u201cI vote girls\u201d tatoveringer og 4 \u201cI vote boys\u201d tatoveringer. Arket inneholder ogs\u00e5 sm\u00e5 hjerter, stjerner, bj\u00f8rner, sommerfugler og sl\u00f8yfer.<\/p>\n<p>Dette er perfekt for deg som planlegger en fest eller babyshower. Dette arket bidrar til en morsom fest som ingen vil glemme. S\u00f8rg for \u00e5 ha nok slik at alle p\u00e5 festen kan teste og velge mellom \u201cI vote boys\u201d og \u201cI vote girls\u201d.<\/p>\n<p><strong>St\u00f8rrelse ark:<\/strong> A5<\/p>\n<p><strong>Antall tatoveringer:<\/strong> 8 store, ca. 20 sm\u00e5<\/p>\n<p><strong>St\u00f8rrelse store tatoveringer:<\/strong> 5 cm<\/p>\n<p><strong>St\u00f8rrelse sm\u00e5 tatoveringer:<\/strong> 1 cm<\/p>\n","protected":false},"featured_media":64109,"template":"","meta":[],"product_brand":[],"product_cat":[365,559,518],"product_tag":[],"class_list":{"0":"post-64132","1":"product","2":"type-product","3":"status-publish","4":"has-post-thumbnail","6":"product_cat-ferdige-ark","7":"product_cat-kjaerlighet-romantikk","8":"product_cat-maskerade-sesong","10":"first","11":"instock","12":"taxable","13":"shipping-taxable","14":"purchasable","15":"product-type-simple"},"yoast_head":"<!-- This site is optimized with the Yoast SEO Premium plugin v26.2 (Yoast SEO v27.5) - https:\/\/yoast.com\/product\/yoast-seo-premium-wordpress\/ -->\n<title>&quot;Gender Reveal&quot; midlertidige tatoveringer - I vote girs &amp; boys - Like ink<\/title>\n<meta name=\"description\" content=\"Kj\u00f8p &quot;Gender Reveal&quot; midlertidige tatoveringer med Team Girl og Team Boy. Enkle \u00e5 p\u00e5f\u00f8re, hudvennlige og morsomme for alle gjester.\" \/>\n<meta name=\"robots\" content=\"index, follow, max-snippet:-1, max-image-preview:large, max-video-preview:-1\" \/>\n<link rel=\"canonical\" href=\"https:\/\/likeink.com\/no\/faketatureringar\/gender-reveal-midlertidige-tatoveringer\/\" \/>\n<meta property=\"og:locale\" content=\"nb_NO\" \/>\n<meta property=\"og:type\" content=\"article\" \/>\n<meta property=\"og:title\" content=\"&quot;Gender Reveal&quot; midlertidige tatoveringer\" \/>\n<meta property=\"og:description\" content=\"Dette arket inneholder midlertidige tatoveringer med et fint design til en &quot;Gender Reveal&quot;. Hva tror du det blir? En jente eller en gutt? Like Inks ferdige ark med midlertidige tatoveringer er cirka 20\u00d714 cm og inneholder motivene som vises p\u00e5 bildet. Vi trykker og sender innen 24 timer etter bestillingen din. Tatoveringene er stilrene, av h\u00f8y kvalitet, enkle \u00e5 p\u00e5f\u00f8re og lette \u00e5 vaske bort. Like Ink f\u00f8lger alle EU-regler for kosmetiske produkter, s\u00e5 du kan bestille trygt. &quot;Gender Reveal&quot; midlertidige tatoveringer med I vote girls og I vote boys design Dette arket inneholder 4 \u201cI vote girls\u201d tatoveringer og 4 \u201cI vote boys\u201d tatoveringer. Arket inneholder ogs\u00e5 sm\u00e5 hjerter, stjerner, bj\u00f8rner, sommerfugler og sl\u00f8yfer.  Dette er perfekt for deg som planlegger en fest eller babyshower. Dette arket bidrar til en morsom fest som ingen vil glemme. S\u00f8rg for \u00e5 ha nok slik at alle p\u00e5 festen kan teste og velge mellom \u201cI vote boys\u201d og \u201cI vote girls\u201d.  St\u00f8rrelse ark: A5  Antall tatoveringer: 8 store, ca. 20 sm\u00e5  St\u00f8rrelse store tatoveringer: 5 cm  St\u00f8rrelse sm\u00e5 tatoveringer: 1 cm\" \/>\n<meta property=\"og:url\" content=\"https:\/\/likeink.com\/no\/faketatureringar\/gender-reveal-midlertidige-tatoveringer\/\" \/>\n<meta property=\"og:site_name\" content=\"Like ink\" \/>\n<meta property=\"article:publisher\" content=\"https:\/\/www.facebook.com\/LikeInkSe\" \/>\n<meta property=\"article:modified_time\" content=\"2026-04-29T11:13:35+00:00\" \/>\n<meta property=\"og:image\" content=\"https:\/\/likeink.com\/wp-content\/uploads\/2026\/04\/Gender-revial-tattoos-likeink.jpg\" \/>\n\t<meta property=\"og:image:width\" content=\"1800\" \/>\n\t<meta property=\"og:image:height\" content=\"1268\" \/>\n\t<meta property=\"og:image:type\" content=\"image\/jpeg\" \/>\n<meta name=\"twitter:card\" content=\"summary_large_image\" \/>\n<meta name=\"twitter:label1\" content=\"Ansl. lesetid\" \/>\n\t<meta name=\"twitter:data1\" content=\"1 minutt\" \/>\n<!-- \/ Yoast SEO Premium plugin. -->","yoast_head_json":{"title":"\"Gender Reveal\" midlertidige tatoveringer - I vote girs & boys - Like ink","description":"Kj\u00f8p \"Gender Reveal\" midlertidige tatoveringer med Team Girl og Team Boy. Enkle \u00e5 p\u00e5f\u00f8re, hudvennlige og morsomme for alle gjester.","robots":{"index":"index","follow":"follow","max-snippet":"max-snippet:-1","max-image-preview":"max-image-preview:large","max-video-preview":"max-video-preview:-1"},"canonical":"https:\/\/likeink.com\/no\/faketatureringar\/gender-reveal-midlertidige-tatoveringer\/","og_locale":"nb_NO","og_type":"article","og_title":"\"Gender Reveal\" midlertidige tatoveringer","og_description":"Dette arket inneholder midlertidige tatoveringer med et fint design til en \"Gender Reveal\". Hva tror du det blir? En jente eller en gutt? Like Inks ferdige ark med midlertidige tatoveringer er cirka 20\u00d714 cm og inneholder motivene som vises p\u00e5 bildet. Vi trykker og sender innen 24 timer etter bestillingen din. Tatoveringene er stilrene, av h\u00f8y kvalitet, enkle \u00e5 p\u00e5f\u00f8re og lette \u00e5 vaske bort. Like Ink f\u00f8lger alle EU-regler for kosmetiske produkter, s\u00e5 du kan bestille trygt. \"Gender Reveal\" midlertidige tatoveringer med I vote girls og I vote boys design Dette arket inneholder 4 \u201cI vote girls\u201d tatoveringer og 4 \u201cI vote boys\u201d tatoveringer. Arket inneholder ogs\u00e5 sm\u00e5 hjerter, stjerner, bj\u00f8rner, sommerfugler og sl\u00f8yfer.  Dette er perfekt for deg som planlegger en fest eller babyshower. Dette arket bidrar til en morsom fest som ingen vil glemme. S\u00f8rg for \u00e5 ha nok slik at alle p\u00e5 festen kan teste og velge mellom \u201cI vote boys\u201d og \u201cI vote girls\u201d.  St\u00f8rrelse ark: A5  Antall tatoveringer: 8 store, ca. 20 sm\u00e5  St\u00f8rrelse store tatoveringer: 5 cm  St\u00f8rrelse sm\u00e5 tatoveringer: 1 cm","og_url":"https:\/\/likeink.com\/no\/faketatureringar\/gender-reveal-midlertidige-tatoveringer\/","og_site_name":"Like ink","article_publisher":"https:\/\/www.facebook.com\/LikeInkSe","article_modified_time":"2026-04-29T11:13:35+00:00","og_image":[{"width":1800,"height":1268,"url":"https:\/\/likeink.com\/wp-content\/uploads\/2026\/04\/Gender-revial-tattoos-likeink.jpg","type":"image\/jpeg"}],"twitter_card":"summary_large_image","twitter_misc":{"Ansl. lesetid":"1 minutt"},"schema":{"@context":"https:\/\/schema.org","@graph":[{"@type":"WebPage","@id":"https:\/\/likeink.com\/no\/faketatureringar\/gender-reveal-midlertidige-tatoveringer\/","url":"https:\/\/likeink.com\/no\/faketatureringar\/gender-reveal-midlertidige-tatoveringer\/","name":"\"Gender Reveal\" midlertidige tatoveringer - I vote girs & boys - Like ink","isPartOf":{"@id":"https:\/\/likeink.com\/no\/#website"},"primaryImageOfPage":{"@id":"https:\/\/likeink.com\/no\/faketatureringar\/gender-reveal-midlertidige-tatoveringer\/#primaryimage"},"image":{"@id":"https:\/\/likeink.com\/no\/faketatureringar\/gender-reveal-midlertidige-tatoveringer\/#primaryimage"},"thumbnailUrl":"https:\/\/likeink.com\/wp-content\/uploads\/2026\/04\/Gender-revial-tattoos-likeink.jpg","datePublished":"2026-04-29T09:36:07+00:00","dateModified":"2026-04-29T11:13:35+00:00","description":"Kj\u00f8p \"Gender Reveal\" midlertidige tatoveringer med Team Girl og Team Boy. Enkle \u00e5 p\u00e5f\u00f8re, hudvennlige og morsomme for alle gjester.","breadcrumb":{"@id":"https:\/\/likeink.com\/no\/faketatureringar\/gender-reveal-midlertidige-tatoveringer\/#breadcrumb"},"inLanguage":"nb-NO","potentialAction":[{"@type":"ReadAction","target":["https:\/\/likeink.com\/no\/faketatureringar\/gender-reveal-midlertidige-tatoveringer\/"]}]},{"@type":"ImageObject","inLanguage":"nb-NO","@id":"https:\/\/likeink.com\/no\/faketatureringar\/gender-reveal-midlertidige-tatoveringer\/#primaryimage","url":"https:\/\/likeink.com\/wp-content\/uploads\/2026\/04\/Gender-revial-tattoos-likeink.jpg","contentUrl":"https:\/\/likeink.com\/wp-content\/uploads\/2026\/04\/Gender-revial-tattoos-likeink.jpg","width":1800,"height":1268,"caption":"Et m\u00f8nster med r\u00f8d I VOTE Girls-tekst og bl\u00e5 I VOTE Boys-tekst, omgitt av hjerter, stjerner, sl\u00f8yfer og bj\u00f8rnefjes p\u00e5 hvit bakgrunn."},{"@type":"BreadcrumbList","@id":"https:\/\/likeink.com\/no\/faketatureringar\/gender-reveal-midlertidige-tatoveringer\/#breadcrumb","itemListElement":[{"@type":"ListItem","position":1,"name":"Hem","item":"https:\/\/likeink.com\/no\/"},{"@type":"ListItem","position":2,"name":"Butikk","item":"https:\/\/likeink.com\/no\/butikk\/"},{"@type":"ListItem","position":3,"name":"&#8220;Gender Reveal&#8221; midlertidige tatoveringer"}]},{"@type":"WebSite","@id":"https:\/\/likeink.com\/no\/#website","url":"https:\/\/likeink.com\/no\/","name":"Like ink","description":"Make your own custom design","potentialAction":[{"@type":"SearchAction","target":{"@type":"EntryPoint","urlTemplate":"https:\/\/likeink.com\/no\/?s={search_term_string}"},"query-input":{"@type":"PropertyValueSpecification","valueRequired":true,"valueName":"search_term_string"}}],"inLanguage":"nb-NO"}]}},"_links":{"self":[{"href":"https:\/\/likeink.com\/no\/wp-json\/wp\/v2\/product\/64132","targetHints":{"allow":["GET"]}}],"collection":[{"href":"https:\/\/likeink.com\/no\/wp-json\/wp\/v2\/product"}],"about":[{"href":"https:\/\/likeink.com\/no\/wp-json\/wp\/v2\/types\/product"}],"wp:featuredmedia":[{"embeddable":true,"href":"https:\/\/likeink.com\/no\/wp-json\/wp\/v2\/media\/64109"}],"wp:attachment":[{"href":"https:\/\/likeink.com\/no\/wp-json\/wp\/v2\/media?parent=64132"}],"wp:term":[{"taxonomy":"product_brand","embeddable":true,"href":"https:\/\/likeink.com\/no\/wp-json\/wp\/v2\/product_brand?post=64132"},{"taxonomy":"product_cat","embeddable":true,"href":"https:\/\/likeink.com\/no\/wp-json\/wp\/v2\/product_cat?post=64132"},{"taxonomy":"product_tag","embeddable":true,"href":"https:\/\/likeink.com\/no\/wp-json\/wp\/v2\/product_tag?post=64132"}],"curies":[{"name":"wp","href":"https:\/\/api.w.org\/{rel}","templated":true}]}}