{"id":64511,"date":"2026-05-06T12:38:20","date_gmt":"2026-05-06T12:38:29","guid":{"rendered":"https:\/\/likeink.com\/?post_type=product&#038;p=64511"},"modified":"2026-05-07T07:17:18","modified_gmt":"2026-05-07T07:17:18","slug":"ville-svenske-blomster","status":"publish","type":"product","link":"https:\/\/likeink.com\/no\/faketatureringar\/ville-svenske-blomster\/","title":{"rendered":"Ville svenske blomster"},"content":{"rendered":"","protected":false},"excerpt":{"rendered":"<p>Dette arket inneholder store motiver av svenske blomster: liljekonvall, hvitveis og fiol. Perfekt for deg som liker fine midlertidige tatoveringer og blomster. Like Inks ferdige ark med midlertidige tatoveringer er cirka 20 \u00d7 14 cm og inneholder motivene som vises p\u00e5 bildet. Vi trykker og sender innen 24 timer etter bestillingen din. Tatoveringene er stilrene, av h\u00f8y kvalitet, enkle \u00e5 p\u00e5f\u00f8re og lette \u00e5 vaske bort. Like Ink f\u00f8lger alle EUs regler for kosmetiske produkter, s\u00e5 du kan bestille trygt.<\/p>\n<h2><strong>Midlertidige tatoveringer med vakre blomstermotiver<\/strong><\/h2>\n<p>Dette arket inneholder liljekonvalltatovering, hvitveistatovering og fioltatovering.<\/p>\n<p>Dette arket inneholder 6 ekstra store midlertidige tatoveringer. Det inneholder ogs\u00e5 12 mindre tatoveringer. De store tatoveringene passer perfekt til dekorasjon p\u00e5 glatte overflater og kan ogs\u00e5 brukes p\u00e5 kroppen som midlertidige tatoveringer. De sm\u00e5 tatoveringene er perfekte til bruk p\u00e5 hender eller i ansiktet. Disse tatoveringene passer perfekt for deg som liker vakre blomster og store tatoveringer.<\/p>\n<p><strong>St\u00f8rrelse p\u00e5 ark:<\/strong> A5<br \/>\n<strong>Antall tatoveringer:<\/strong> 6 store, 12 sm\u00e5<br \/>\n<strong>St\u00f8rrelse p\u00e5 store tatoveringer:<\/strong> 5 &#8211; 8 cm<br \/>\n<strong>St\u00f8rrelse p\u00e5 sm\u00e5 tatoveringer:<\/strong> 0.5 &#8211; 1 cm<\/p>\n","protected":false},"featured_media":64497,"template":"","meta":[],"product_brand":[],"product_cat":[524,365],"product_tag":[],"class_list":{"0":"post-64511","1":"product","2":"type-product","3":"status-publish","4":"has-post-thumbnail","6":"product_cat-dyr-og-natur","7":"product_cat-ferdige-ark","9":"first","10":"instock","11":"taxable","12":"shipping-taxable","13":"purchasable","14":"product-type-simple"},"yoast_head":"<!-- This site is optimized with the Yoast SEO Premium plugin v27.5 (Yoast SEO v27.6) - https:\/\/yoast.com\/product\/yoast-seo-premium-wordpress\/ -->\n<title>Ville svenske blomster - Like ink<\/title>\n<meta name=\"description\" content=\"Kj\u00f8p Ville svenske blomster med stilrene og minimalistiske blomstermotiver. Perfekte som midlertidige tatoveringer til fest og hverdag. Enkle \u00e5 p\u00e5f\u00f8re.\" \/>\n<meta name=\"robots\" content=\"index, follow, max-snippet:-1, max-image-preview:large, max-video-preview:-1\" \/>\n<link rel=\"canonical\" href=\"https:\/\/likeink.com\/no\/faketatureringar\/ville-svenske-blomster\/\" \/>\n<meta property=\"og:locale\" content=\"nb_NO\" \/>\n<meta property=\"og:type\" content=\"article\" \/>\n<meta property=\"og:title\" content=\"Ville svenske blomster\" \/>\n<meta property=\"og:description\" content=\"Dette arket inneholder store motiver av svenske blomster: liljekonvall, hvitveis og fiol. Perfekt for deg som liker fine midlertidige tatoveringer og blomster. Like Inks ferdige ark med midlertidige tatoveringer er cirka 20 \u00d7 14 cm og inneholder motivene som vises p\u00e5 bildet. Vi trykker og sender innen 24 timer etter bestillingen din. Tatoveringene er stilrene, av h\u00f8y kvalitet, enkle \u00e5 p\u00e5f\u00f8re og lette \u00e5 vaske bort. Like Ink f\u00f8lger alle EUs regler for kosmetiske produkter, s\u00e5 du kan bestille trygt. Midlertidige tatoveringer med vakre blomstermotiver Dette arket inneholder liljekonvalltatovering, hvitveistatovering og fioltatovering.  Dette arket inneholder 6 ekstra store midlertidige tatoveringer. Det inneholder ogs\u00e5 12 mindre tatoveringer. De store tatoveringene passer perfekt til dekorasjon p\u00e5 glatte overflater og kan ogs\u00e5 brukes p\u00e5 kroppen som midlertidige tatoveringer. De sm\u00e5 tatoveringene er perfekte til bruk p\u00e5 hender eller i ansiktet. Disse tatoveringene passer perfekt for deg som liker vakre blomster og store tatoveringer.  St\u00f8rrelse p\u00e5 ark: A5 Antall tatoveringer: 6 store, 12 sm\u00e5 St\u00f8rrelse p\u00e5 store tatoveringer: 5 - 8 cm St\u00f8rrelse p\u00e5 sm\u00e5 tatoveringer: 0.5 - 1 cm\" \/>\n<meta property=\"og:url\" content=\"https:\/\/likeink.com\/no\/faketatureringar\/ville-svenske-blomster\/\" \/>\n<meta property=\"og:site_name\" content=\"Like ink\" \/>\n<meta property=\"article:publisher\" content=\"https:\/\/www.facebook.com\/LikeInkSe\" \/>\n<meta property=\"article:modified_time\" content=\"2026-05-07T07:17:18+00:00\" \/>\n<meta property=\"og:image\" content=\"https:\/\/likeink.com\/wp-content\/uploads\/2026\/05\/svenska-vilda-vaxter-tatuering-likeink.jpg\" \/>\n\t<meta property=\"og:image:width\" content=\"1800\" \/>\n\t<meta property=\"og:image:height\" content=\"1268\" \/>\n\t<meta property=\"og:image:type\" content=\"image\/jpeg\" \/>\n<meta name=\"twitter:card\" content=\"summary_large_image\" \/>\n<meta name=\"twitter:label1\" content=\"Ansl. lesetid\" \/>\n\t<meta name=\"twitter:data1\" content=\"1 minutt\" \/>\n<!-- \/ Yoast SEO Premium plugin. -->","yoast_head_json":{"title":"Ville svenske blomster - Like ink","description":"Kj\u00f8p Ville svenske blomster med stilrene og minimalistiske blomstermotiver. Perfekte som midlertidige tatoveringer til fest og hverdag. Enkle \u00e5 p\u00e5f\u00f8re.","robots":{"index":"index","follow":"follow","max-snippet":"max-snippet:-1","max-image-preview":"max-image-preview:large","max-video-preview":"max-video-preview:-1"},"canonical":"https:\/\/likeink.com\/no\/faketatureringar\/ville-svenske-blomster\/","og_locale":"nb_NO","og_type":"article","og_title":"Ville svenske blomster","og_description":"Dette arket inneholder store motiver av svenske blomster: liljekonvall, hvitveis og fiol. Perfekt for deg som liker fine midlertidige tatoveringer og blomster. Like Inks ferdige ark med midlertidige tatoveringer er cirka 20 \u00d7 14 cm og inneholder motivene som vises p\u00e5 bildet. Vi trykker og sender innen 24 timer etter bestillingen din. Tatoveringene er stilrene, av h\u00f8y kvalitet, enkle \u00e5 p\u00e5f\u00f8re og lette \u00e5 vaske bort. Like Ink f\u00f8lger alle EUs regler for kosmetiske produkter, s\u00e5 du kan bestille trygt. Midlertidige tatoveringer med vakre blomstermotiver Dette arket inneholder liljekonvalltatovering, hvitveistatovering og fioltatovering.  Dette arket inneholder 6 ekstra store midlertidige tatoveringer. Det inneholder ogs\u00e5 12 mindre tatoveringer. De store tatoveringene passer perfekt til dekorasjon p\u00e5 glatte overflater og kan ogs\u00e5 brukes p\u00e5 kroppen som midlertidige tatoveringer. De sm\u00e5 tatoveringene er perfekte til bruk p\u00e5 hender eller i ansiktet. Disse tatoveringene passer perfekt for deg som liker vakre blomster og store tatoveringer.  St\u00f8rrelse p\u00e5 ark: A5 Antall tatoveringer: 6 store, 12 sm\u00e5 St\u00f8rrelse p\u00e5 store tatoveringer: 5 - 8 cm St\u00f8rrelse p\u00e5 sm\u00e5 tatoveringer: 0.5 - 1 cm","og_url":"https:\/\/likeink.com\/no\/faketatureringar\/ville-svenske-blomster\/","og_site_name":"Like ink","article_publisher":"https:\/\/www.facebook.com\/LikeInkSe","article_modified_time":"2026-05-07T07:17:18+00:00","og_image":[{"width":1800,"height":1268,"url":"https:\/\/likeink.com\/wp-content\/uploads\/2026\/05\/svenska-vilda-vaxter-tatuering-likeink.jpg","type":"image\/jpeg"}],"twitter_card":"summary_large_image","twitter_misc":{"Ansl. lesetid":"1 minutt"},"schema":{"@context":"https:\/\/schema.org","@graph":[{"@type":"WebPage","@id":"https:\/\/likeink.com\/no\/faketatureringar\/ville-svenske-blomster\/","url":"https:\/\/likeink.com\/no\/faketatureringar\/ville-svenske-blomster\/","name":"Ville svenske blomster - Like ink","isPartOf":{"@id":"https:\/\/likeink.com\/no\/#website"},"primaryImageOfPage":{"@id":"https:\/\/likeink.com\/no\/faketatureringar\/ville-svenske-blomster\/#primaryimage"},"image":{"@id":"https:\/\/likeink.com\/no\/faketatureringar\/ville-svenske-blomster\/#primaryimage"},"thumbnailUrl":"https:\/\/likeink.com\/wp-content\/uploads\/2026\/05\/svenska-vilda-vaxter-tatuering-likeink.jpg","datePublished":"2026-05-06T12:38:29+00:00","dateModified":"2026-05-07T07:17:18+00:00","description":"Kj\u00f8p Ville svenske blomster med stilrene og minimalistiske blomstermotiver. Perfekte som midlertidige tatoveringer til fest og hverdag. Enkle \u00e5 p\u00e5f\u00f8re.","breadcrumb":{"@id":"https:\/\/likeink.com\/no\/faketatureringar\/ville-svenske-blomster\/#breadcrumb"},"inLanguage":"nb-NO","potentialAction":[{"@type":"ReadAction","target":["https:\/\/likeink.com\/no\/faketatureringar\/ville-svenske-blomster\/"]}]},{"@type":"ImageObject","inLanguage":"nb-NO","@id":"https:\/\/likeink.com\/no\/faketatureringar\/ville-svenske-blomster\/#primaryimage","url":"https:\/\/likeink.com\/wp-content\/uploads\/2026\/05\/svenska-vilda-vaxter-tatuering-likeink.jpg","contentUrl":"https:\/\/likeink.com\/wp-content\/uploads\/2026\/05\/svenska-vilda-vaxter-tatuering-likeink.jpg","width":1800,"height":1268,"caption":"Svart-hvite strektegninger av ulike blomster, blader og sm\u00e5 hjerter spredt utover en hvit bakgrunn. Bildet inneholder store og sm\u00e5 blomstermotiver, noen detaljerte og noen enkle."},{"@type":"BreadcrumbList","@id":"https:\/\/likeink.com\/no\/faketatureringar\/ville-svenske-blomster\/#breadcrumb","itemListElement":[{"@type":"ListItem","position":1,"name":"Hem","item":"https:\/\/likeink.com\/no\/"},{"@type":"ListItem","position":2,"name":"Butikk","item":"https:\/\/likeink.com\/no\/butikk\/"},{"@type":"ListItem","position":3,"name":"Ville svenske blomster"}]},{"@type":"WebSite","@id":"https:\/\/likeink.com\/no\/#website","url":"https:\/\/likeink.com\/no\/","name":"Like ink","description":"Make your own custom design","potentialAction":[{"@type":"SearchAction","target":{"@type":"EntryPoint","urlTemplate":"https:\/\/likeink.com\/no\/?s={search_term_string}"},"query-input":{"@type":"PropertyValueSpecification","valueRequired":true,"valueName":"search_term_string"}}],"inLanguage":"nb-NO"}]}},"_links":{"self":[{"href":"https:\/\/likeink.com\/no\/wp-json\/wp\/v2\/product\/64511","targetHints":{"allow":["GET"]}}],"collection":[{"href":"https:\/\/likeink.com\/no\/wp-json\/wp\/v2\/product"}],"about":[{"href":"https:\/\/likeink.com\/no\/wp-json\/wp\/v2\/types\/product"}],"wp:featuredmedia":[{"embeddable":true,"href":"https:\/\/likeink.com\/no\/wp-json\/wp\/v2\/media\/64497"}],"wp:attachment":[{"href":"https:\/\/likeink.com\/no\/wp-json\/wp\/v2\/media?parent=64511"}],"wp:term":[{"taxonomy":"product_brand","embeddable":true,"href":"https:\/\/likeink.com\/no\/wp-json\/wp\/v2\/product_brand?post=64511"},{"taxonomy":"product_cat","embeddable":true,"href":"https:\/\/likeink.com\/no\/wp-json\/wp\/v2\/product_cat?post=64511"},{"taxonomy":"product_tag","embeddable":true,"href":"https:\/\/likeink.com\/no\/wp-json\/wp\/v2\/product_tag?post=64511"}],"curies":[{"name":"wp","href":"https:\/\/api.w.org\/{rel}","templated":true}]}}