{"id":64772,"date":"2026-05-08T07:49:16","date_gmt":"2026-05-08T07:49:16","guid":{"rendered":"https:\/\/likeink.com\/?post_type=product&#038;p=64772"},"modified":"2026-05-08T09:55:37","modified_gmt":"2026-05-08T09:55:37","slug":"morsdagstatoveringer","status":"publish","type":"product","link":"https:\/\/likeink.com\/no\/faketatureringar\/morsdagstatoveringer\/","title":{"rendered":"Morsdagstatoveringer"},"content":{"rendered":"","protected":false},"excerpt":{"rendered":"<p>Dette arket inneholder fine midlertidige tatoveringer til morsdag. Kj\u00f8p disse tatoveringene for \u00e5 vise moren din hvor mye hun betyr for deg. Dette arket inneholder hjerter og blomster med fin tekst. Like Inks ferdige ark med midlertidige tatoveringer er cirka 20\u00d714 cm og inneholder motivene som vises p\u00e5 bildet. Vi trykker og sender innen 24 timer etter bestillingen din. Tatoveringene er stilrene, av h\u00f8y kvalitet, enkle \u00e5 p\u00e5f\u00f8re og lette \u00e5 vaske bort. Like Ink f\u00f8lger alle EU-regler for kosmetiske produkter, s\u00e5 du kan bestille trygt.<\/p>\n<h2><strong> Midlertidige tatoveringer med motiver av hjerter og blomster til morsdag <\/strong><\/h2>\n<p>Dette arket inneholder hjerter og blomster, b\u00e5de med og uten tekst.<\/p>\n<p>Dette arket inneholder 8 store midlertidige tatoveringer. Det inneholder ogs\u00e5 12 mindre tatoveringer. De store tatoveringene passer perfekt som dekorasjon p\u00e5 glatte overflater og kan ogs\u00e5 brukes p\u00e5 kroppen som midlertidige tatoveringer. De sm\u00e5 tatoveringene er perfekte \u00e5 sette i ansiktet eller p\u00e5 hendene, men de kan ogs\u00e5 brukes som dekorasjon.<\/p>\n<p><strong>Arkst\u00f8rrelse:<\/strong> A5<br \/>\n<strong>Antall tatoveringer:<\/strong> 8 store, 12 sm\u00e5<br \/>\n<strong>St\u00f8rrelse p\u00e5 store tatoveringer:<\/strong> 4-6 cm<br \/>\n<strong>St\u00f8rrelse p\u00e5 sm\u00e5 tatoveringer:<\/strong> 0,7-1,5 cm<\/p>\n","protected":false},"featured_media":64690,"template":"","meta":[],"product_brand":[],"product_cat":[365,518,512],"product_tag":[],"class_list":{"0":"post-64772","1":"product","2":"type-product","3":"status-publish","4":"has-post-thumbnail","6":"product_cat-ferdige-ark","7":"product_cat-maskerade-sesong","8":"product_cat-old-school-og-retro","10":"first","11":"instock","12":"taxable","13":"shipping-taxable","14":"purchasable","15":"product-type-simple"},"yoast_head":"<!-- This site is optimized with the Yoast SEO Premium plugin v27.5 (Yoast SEO v27.6) - https:\/\/yoast.com\/product\/yoast-seo-premium-wordpress\/ -->\n<title>Morsdagstatoveringer - Like ink<\/title>\n<meta name=\"description\" content=\"Morsdagstatoveringer med hjerter, roser og motiver med teksten &quot;Mom&quot; og &quot;I love Mom&quot;. Fine midlertidige tatoveringer for \u00e5 feire morsdag.\" \/>\n<meta name=\"robots\" content=\"index, follow, max-snippet:-1, max-image-preview:large, max-video-preview:-1\" \/>\n<link rel=\"canonical\" href=\"https:\/\/likeink.com\/no\/faketatureringar\/morsdagstatoveringer\/\" \/>\n<meta property=\"og:locale\" content=\"nb_NO\" \/>\n<meta property=\"og:type\" content=\"article\" \/>\n<meta property=\"og:title\" content=\"Morsdagstatoveringer\" \/>\n<meta property=\"og:description\" content=\"Dette arket inneholder fine midlertidige tatoveringer til morsdag. Kj\u00f8p disse tatoveringene for \u00e5 vise moren din hvor mye hun betyr for deg. Dette arket inneholder hjerter og blomster med fin tekst. Like Inks ferdige ark med midlertidige tatoveringer er cirka 20\u00d714 cm og inneholder motivene som vises p\u00e5 bildet. Vi trykker og sender innen 24 timer etter bestillingen din. Tatoveringene er stilrene, av h\u00f8y kvalitet, enkle \u00e5 p\u00e5f\u00f8re og lette \u00e5 vaske bort. Like Ink f\u00f8lger alle EU-regler for kosmetiske produkter, s\u00e5 du kan bestille trygt.  Midlertidige tatoveringer med motiver av hjerter og blomster til morsdag  Dette arket inneholder hjerter og blomster, b\u00e5de med og uten tekst.  Dette arket inneholder 8 store midlertidige tatoveringer. Det inneholder ogs\u00e5 12 mindre tatoveringer. De store tatoveringene passer perfekt som dekorasjon p\u00e5 glatte overflater og kan ogs\u00e5 brukes p\u00e5 kroppen som midlertidige tatoveringer. De sm\u00e5 tatoveringene er perfekte \u00e5 sette i ansiktet eller p\u00e5 hendene, men de kan ogs\u00e5 brukes som dekorasjon.  Arkst\u00f8rrelse: A5 Antall tatoveringer: 8 store, 12 sm\u00e5 St\u00f8rrelse p\u00e5 store tatoveringer: 4-6 cm St\u00f8rrelse p\u00e5 sm\u00e5 tatoveringer: 0,7-1,5 cm\" \/>\n<meta property=\"og:url\" content=\"https:\/\/likeink.com\/no\/faketatureringar\/morsdagstatoveringer\/\" \/>\n<meta property=\"og:site_name\" content=\"Like ink\" \/>\n<meta property=\"article:publisher\" content=\"https:\/\/www.facebook.com\/LikeInkSe\" \/>\n<meta property=\"article:modified_time\" content=\"2026-05-08T09:55:37+00:00\" \/>\n<meta property=\"og:image\" content=\"https:\/\/likeink.com\/wp-content\/uploads\/2026\/05\/Mom-TemporaryTattoos-Likeink.jpg\" \/>\n\t<meta property=\"og:image:width\" content=\"1800\" \/>\n\t<meta property=\"og:image:height\" content=\"1268\" \/>\n\t<meta property=\"og:image:type\" content=\"image\/jpeg\" \/>\n<meta name=\"twitter:card\" content=\"summary_large_image\" \/>\n<meta name=\"twitter:label1\" content=\"Ansl. lesetid\" \/>\n\t<meta name=\"twitter:data1\" content=\"1 minutt\" \/>\n<!-- \/ Yoast SEO Premium plugin. -->","yoast_head_json":{"title":"Morsdagstatoveringer - Like ink","description":"Morsdagstatoveringer med hjerter, roser og motiver med teksten \"Mom\" og \"I love Mom\". Fine midlertidige tatoveringer for \u00e5 feire morsdag.","robots":{"index":"index","follow":"follow","max-snippet":"max-snippet:-1","max-image-preview":"max-image-preview:large","max-video-preview":"max-video-preview:-1"},"canonical":"https:\/\/likeink.com\/no\/faketatureringar\/morsdagstatoveringer\/","og_locale":"nb_NO","og_type":"article","og_title":"Morsdagstatoveringer","og_description":"Dette arket inneholder fine midlertidige tatoveringer til morsdag. Kj\u00f8p disse tatoveringene for \u00e5 vise moren din hvor mye hun betyr for deg. Dette arket inneholder hjerter og blomster med fin tekst. Like Inks ferdige ark med midlertidige tatoveringer er cirka 20\u00d714 cm og inneholder motivene som vises p\u00e5 bildet. Vi trykker og sender innen 24 timer etter bestillingen din. Tatoveringene er stilrene, av h\u00f8y kvalitet, enkle \u00e5 p\u00e5f\u00f8re og lette \u00e5 vaske bort. Like Ink f\u00f8lger alle EU-regler for kosmetiske produkter, s\u00e5 du kan bestille trygt.  Midlertidige tatoveringer med motiver av hjerter og blomster til morsdag  Dette arket inneholder hjerter og blomster, b\u00e5de med og uten tekst.  Dette arket inneholder 8 store midlertidige tatoveringer. Det inneholder ogs\u00e5 12 mindre tatoveringer. De store tatoveringene passer perfekt som dekorasjon p\u00e5 glatte overflater og kan ogs\u00e5 brukes p\u00e5 kroppen som midlertidige tatoveringer. De sm\u00e5 tatoveringene er perfekte \u00e5 sette i ansiktet eller p\u00e5 hendene, men de kan ogs\u00e5 brukes som dekorasjon.  Arkst\u00f8rrelse: A5 Antall tatoveringer: 8 store, 12 sm\u00e5 St\u00f8rrelse p\u00e5 store tatoveringer: 4-6 cm St\u00f8rrelse p\u00e5 sm\u00e5 tatoveringer: 0,7-1,5 cm","og_url":"https:\/\/likeink.com\/no\/faketatureringar\/morsdagstatoveringer\/","og_site_name":"Like ink","article_publisher":"https:\/\/www.facebook.com\/LikeInkSe","article_modified_time":"2026-05-08T09:55:37+00:00","og_image":[{"width":1800,"height":1268,"url":"https:\/\/likeink.com\/wp-content\/uploads\/2026\/05\/Mom-TemporaryTattoos-Likeink.jpg","type":"image\/jpeg"}],"twitter_card":"summary_large_image","twitter_misc":{"Ansl. lesetid":"1 minutt"},"schema":{"@context":"https:\/\/schema.org","@graph":[{"@type":"WebPage","@id":"https:\/\/likeink.com\/no\/faketatureringar\/morsdagstatoveringer\/","url":"https:\/\/likeink.com\/no\/faketatureringar\/morsdagstatoveringer\/","name":"Morsdagstatoveringer - Like ink","isPartOf":{"@id":"https:\/\/likeink.com\/no\/#website"},"primaryImageOfPage":{"@id":"https:\/\/likeink.com\/no\/faketatureringar\/morsdagstatoveringer\/#primaryimage"},"image":{"@id":"https:\/\/likeink.com\/no\/faketatureringar\/morsdagstatoveringer\/#primaryimage"},"thumbnailUrl":"https:\/\/likeink.com\/wp-content\/uploads\/2026\/05\/Mom-TemporaryTattoos-Likeink.jpg","datePublished":"2026-05-08T07:49:16+00:00","dateModified":"2026-05-08T09:55:37+00:00","description":"Morsdagstatoveringer med hjerter, roser og motiver med teksten \"Mom\" og \"I love Mom\". Fine midlertidige tatoveringer for \u00e5 feire morsdag.","breadcrumb":{"@id":"https:\/\/likeink.com\/no\/faketatureringar\/morsdagstatoveringer\/#breadcrumb"},"inLanguage":"nb-NO","potentialAction":[{"@type":"ReadAction","target":["https:\/\/likeink.com\/no\/faketatureringar\/morsdagstatoveringer\/"]}]},{"@type":"ImageObject","inLanguage":"nb-NO","@id":"https:\/\/likeink.com\/no\/faketatureringar\/morsdagstatoveringer\/#primaryimage","url":"https:\/\/likeink.com\/wp-content\/uploads\/2026\/05\/Mom-TemporaryTattoos-Likeink.jpg","contentUrl":"https:\/\/likeink.com\/wp-content\/uploads\/2026\/05\/Mom-TemporaryTattoos-Likeink.jpg","width":1800,"height":1268,"caption":"Ulike illustrasjoner i tatoveringsstil av r\u00f8de hjerter og roser, noen med solbrune bannere med teksten MOM eller I \u2665 MOM, spredt p\u00e5 en hvit bakgrunn."},{"@type":"BreadcrumbList","@id":"https:\/\/likeink.com\/no\/faketatureringar\/morsdagstatoveringer\/#breadcrumb","itemListElement":[{"@type":"ListItem","position":1,"name":"Hem","item":"https:\/\/likeink.com\/no\/"},{"@type":"ListItem","position":2,"name":"Butikk","item":"https:\/\/likeink.com\/no\/butikk\/"},{"@type":"ListItem","position":3,"name":"Morsdagstatoveringer"}]},{"@type":"WebSite","@id":"https:\/\/likeink.com\/no\/#website","url":"https:\/\/likeink.com\/no\/","name":"Like ink","description":"Make your own custom design","potentialAction":[{"@type":"SearchAction","target":{"@type":"EntryPoint","urlTemplate":"https:\/\/likeink.com\/no\/?s={search_term_string}"},"query-input":{"@type":"PropertyValueSpecification","valueRequired":true,"valueName":"search_term_string"}}],"inLanguage":"nb-NO"}]}},"_links":{"self":[{"href":"https:\/\/likeink.com\/no\/wp-json\/wp\/v2\/product\/64772","targetHints":{"allow":["GET"]}}],"collection":[{"href":"https:\/\/likeink.com\/no\/wp-json\/wp\/v2\/product"}],"about":[{"href":"https:\/\/likeink.com\/no\/wp-json\/wp\/v2\/types\/product"}],"wp:featuredmedia":[{"embeddable":true,"href":"https:\/\/likeink.com\/no\/wp-json\/wp\/v2\/media\/64690"}],"wp:attachment":[{"href":"https:\/\/likeink.com\/no\/wp-json\/wp\/v2\/media?parent=64772"}],"wp:term":[{"taxonomy":"product_brand","embeddable":true,"href":"https:\/\/likeink.com\/no\/wp-json\/wp\/v2\/product_brand?post=64772"},{"taxonomy":"product_cat","embeddable":true,"href":"https:\/\/likeink.com\/no\/wp-json\/wp\/v2\/product_cat?post=64772"},{"taxonomy":"product_tag","embeddable":true,"href":"https:\/\/likeink.com\/no\/wp-json\/wp\/v2\/product_tag?post=64772"}],"curies":[{"name":"wp","href":"https:\/\/api.w.org\/{rel}","templated":true}]}}