{"id":64825,"date":"2026-05-08T11:20:29","date_gmt":"2026-05-08T11:20:29","guid":{"rendered":"https:\/\/likeink.com\/?post_type=product&#038;p=64825"},"modified":"2026-05-08T11:45:50","modified_gmt":"2026-05-08T11:45:50","slug":"valentinsdagstatoveringer","status":"publish","type":"product","link":"https:\/\/likeink.com\/no\/faketatureringar\/valentinsdagstatoveringer\/","title":{"rendered":"Valentinsdagstatoveringer"},"content":{"rendered":"","protected":false},"excerpt":{"rendered":"<p>Dette arket inneholder midlertidige tatoveringer som passer perfekt til valentinsdagen. Disse tatoveringene fungerer godt som dekorasjon til valentinsdagen eller som gave til partneren din. Like Inks ferdige ark med midlertidige tatoveringer er cirka 20\u00d714 cm og inneholder motivene som vises p\u00e5 bildet. Vi trykker og sender innen 24 timer etter bestillingen din. Tatoveringene er stilrene, av h\u00f8y kvalitet, enkle \u00e5 p\u00e5f\u00f8re og lette \u00e5 vaske bort. Like Ink f\u00f8lger alle EU-regler for kosmetiske produkter, s\u00e5 du kan bestille trygt.<\/p>\n<h2><strong> Midlertidige tatoveringer med motiv av hjerter og blomster til valentinsdagen<\/strong><\/h2>\n<p>Dette arket inneholder hjerter, ballonger, brev og blomster.<\/p>\n<p>Dette arket inneholder 7 store midlertidige tatoveringer. Det inneholder ogs\u00e5 6 mindre tatoveringer. De store tatoveringene passer perfekt som dekorasjon p\u00e5 glatte overflater og kan ogs\u00e5 brukes p\u00e5 kroppen som midlertidige tatoveringer. De sm\u00e5 tatoveringene er perfekte \u00e5 sette i ansiktet eller p\u00e5 hendene, men de kan ogs\u00e5 brukes som dekorasjon.<\/p>\n<p><strong>Arkst\u00f8rrelse:<\/strong> A5<br \/>\n<strong>Antall tatoveringer:<\/strong> 7 store, 6 sm\u00e5<br \/>\n<strong>St\u00f8rrelse p\u00e5 store tatoveringer:<\/strong> ca. 5 cm<br \/>\n<strong>St\u00f8rrelse p\u00e5 sm\u00e5 tatoveringer:<\/strong> 2-2.5 cm<\/p>\n","protected":false},"featured_media":64722,"template":"","meta":[],"product_brand":[],"product_cat":[365,559,518],"product_tag":[],"class_list":{"0":"post-64825","1":"product","2":"type-product","3":"status-publish","4":"has-post-thumbnail","6":"product_cat-ferdige-ark","7":"product_cat-kjaerlighet-romantikk","8":"product_cat-maskerade-sesong","10":"first","11":"instock","12":"taxable","13":"shipping-taxable","14":"purchasable","15":"product-type-simple"},"yoast_head":"<!-- This site is optimized with the Yoast SEO Premium plugin v27.5 (Yoast SEO v27.6) - https:\/\/yoast.com\/product\/yoast-seo-premium-wordpress\/ -->\n<title>Valentinsdagstatoveringer - Like ink<\/title>\n<meta name=\"description\" content=\"Valentinsdagstatoveringer med hjerter, roser, kj\u00e6rlighetsbrev, ballonger og romantiske motiver. Fine midlertidige tatoveringer for kj\u00e6rlighet og fest.\" \/>\n<meta name=\"robots\" content=\"index, follow, max-snippet:-1, max-image-preview:large, max-video-preview:-1\" \/>\n<link rel=\"canonical\" href=\"https:\/\/likeink.com\/no\/faketatureringar\/valentinsdagstatoveringer\/\" \/>\n<meta property=\"og:locale\" content=\"nb_NO\" \/>\n<meta property=\"og:type\" content=\"article\" \/>\n<meta property=\"og:title\" content=\"Valentinsdagstatoveringer\" \/>\n<meta property=\"og:description\" content=\"Dette arket inneholder midlertidige tatoveringer som passer perfekt til valentinsdagen. Disse tatoveringene fungerer godt som dekorasjon til valentinsdagen eller som gave til partneren din. Like Inks ferdige ark med midlertidige tatoveringer er cirka 20\u00d714 cm og inneholder motivene som vises p\u00e5 bildet. Vi trykker og sender innen 24 timer etter bestillingen din. Tatoveringene er stilrene, av h\u00f8y kvalitet, enkle \u00e5 p\u00e5f\u00f8re og lette \u00e5 vaske bort. Like Ink f\u00f8lger alle EU-regler for kosmetiske produkter, s\u00e5 du kan bestille trygt.  Midlertidige tatoveringer med motiv av hjerter og blomster til valentinsdagen Dette arket inneholder hjerter, ballonger, brev og blomster.  Dette arket inneholder 7 store midlertidige tatoveringer. Det inneholder ogs\u00e5 6 mindre tatoveringer. De store tatoveringene passer perfekt som dekorasjon p\u00e5 glatte overflater og kan ogs\u00e5 brukes p\u00e5 kroppen som midlertidige tatoveringer. De sm\u00e5 tatoveringene er perfekte \u00e5 sette i ansiktet eller p\u00e5 hendene, men de kan ogs\u00e5 brukes som dekorasjon.  Arkst\u00f8rrelse: A5 Antall tatoveringer: 7 store, 6 sm\u00e5 St\u00f8rrelse p\u00e5 store tatoveringer: ca. 5 cm St\u00f8rrelse p\u00e5 sm\u00e5 tatoveringer: 2-2.5 cm\" \/>\n<meta property=\"og:url\" content=\"https:\/\/likeink.com\/no\/faketatureringar\/valentinsdagstatoveringer\/\" \/>\n<meta property=\"og:site_name\" content=\"Like ink\" \/>\n<meta property=\"article:publisher\" content=\"https:\/\/www.facebook.com\/LikeInkSe\" \/>\n<meta property=\"article:modified_time\" content=\"2026-05-08T11:45:50+00:00\" \/>\n<meta property=\"og:image\" content=\"https:\/\/likeink.com\/wp-content\/uploads\/2026\/05\/ValentinesDay-Tattoos-Likeink.jpg\" \/>\n\t<meta property=\"og:image:width\" content=\"1800\" \/>\n\t<meta property=\"og:image:height\" content=\"1268\" \/>\n\t<meta property=\"og:image:type\" content=\"image\/jpeg\" \/>\n<meta name=\"twitter:card\" content=\"summary_large_image\" \/>\n<meta name=\"twitter:label1\" content=\"Ansl. lesetid\" \/>\n\t<meta name=\"twitter:data1\" content=\"1 minutt\" \/>\n<!-- \/ Yoast SEO Premium plugin. -->","yoast_head_json":{"title":"Valentinsdagstatoveringer - Like ink","description":"Valentinsdagstatoveringer med hjerter, roser, kj\u00e6rlighetsbrev, ballonger og romantiske motiver. Fine midlertidige tatoveringer for kj\u00e6rlighet og fest.","robots":{"index":"index","follow":"follow","max-snippet":"max-snippet:-1","max-image-preview":"max-image-preview:large","max-video-preview":"max-video-preview:-1"},"canonical":"https:\/\/likeink.com\/no\/faketatureringar\/valentinsdagstatoveringer\/","og_locale":"nb_NO","og_type":"article","og_title":"Valentinsdagstatoveringer","og_description":"Dette arket inneholder midlertidige tatoveringer som passer perfekt til valentinsdagen. Disse tatoveringene fungerer godt som dekorasjon til valentinsdagen eller som gave til partneren din. Like Inks ferdige ark med midlertidige tatoveringer er cirka 20\u00d714 cm og inneholder motivene som vises p\u00e5 bildet. Vi trykker og sender innen 24 timer etter bestillingen din. Tatoveringene er stilrene, av h\u00f8y kvalitet, enkle \u00e5 p\u00e5f\u00f8re og lette \u00e5 vaske bort. Like Ink f\u00f8lger alle EU-regler for kosmetiske produkter, s\u00e5 du kan bestille trygt.  Midlertidige tatoveringer med motiv av hjerter og blomster til valentinsdagen Dette arket inneholder hjerter, ballonger, brev og blomster.  Dette arket inneholder 7 store midlertidige tatoveringer. Det inneholder ogs\u00e5 6 mindre tatoveringer. De store tatoveringene passer perfekt som dekorasjon p\u00e5 glatte overflater og kan ogs\u00e5 brukes p\u00e5 kroppen som midlertidige tatoveringer. De sm\u00e5 tatoveringene er perfekte \u00e5 sette i ansiktet eller p\u00e5 hendene, men de kan ogs\u00e5 brukes som dekorasjon.  Arkst\u00f8rrelse: A5 Antall tatoveringer: 7 store, 6 sm\u00e5 St\u00f8rrelse p\u00e5 store tatoveringer: ca. 5 cm St\u00f8rrelse p\u00e5 sm\u00e5 tatoveringer: 2-2.5 cm","og_url":"https:\/\/likeink.com\/no\/faketatureringar\/valentinsdagstatoveringer\/","og_site_name":"Like ink","article_publisher":"https:\/\/www.facebook.com\/LikeInkSe","article_modified_time":"2026-05-08T11:45:50+00:00","og_image":[{"width":1800,"height":1268,"url":"https:\/\/likeink.com\/wp-content\/uploads\/2026\/05\/ValentinesDay-Tattoos-Likeink.jpg","type":"image\/jpeg"}],"twitter_card":"summary_large_image","twitter_misc":{"Ansl. lesetid":"1 minutt"},"schema":{"@context":"https:\/\/schema.org","@graph":[{"@type":"WebPage","@id":"https:\/\/likeink.com\/no\/faketatureringar\/valentinsdagstatoveringer\/","url":"https:\/\/likeink.com\/no\/faketatureringar\/valentinsdagstatoveringer\/","name":"Valentinsdagstatoveringer - Like ink","isPartOf":{"@id":"https:\/\/likeink.com\/no\/#website"},"primaryImageOfPage":{"@id":"https:\/\/likeink.com\/no\/faketatureringar\/valentinsdagstatoveringer\/#primaryimage"},"image":{"@id":"https:\/\/likeink.com\/no\/faketatureringar\/valentinsdagstatoveringer\/#primaryimage"},"thumbnailUrl":"https:\/\/likeink.com\/wp-content\/uploads\/2026\/05\/ValentinesDay-Tattoos-Likeink.jpg","datePublished":"2026-05-08T11:20:29+00:00","dateModified":"2026-05-08T11:45:50+00:00","description":"Valentinsdagstatoveringer med hjerter, roser, kj\u00e6rlighetsbrev, ballonger og romantiske motiver. Fine midlertidige tatoveringer for kj\u00e6rlighet og fest.","breadcrumb":{"@id":"https:\/\/likeink.com\/no\/faketatureringar\/valentinsdagstatoveringer\/#breadcrumb"},"inLanguage":"nb-NO","potentialAction":[{"@type":"ReadAction","target":["https:\/\/likeink.com\/no\/faketatureringar\/valentinsdagstatoveringer\/"]}]},{"@type":"ImageObject","inLanguage":"nb-NO","@id":"https:\/\/likeink.com\/no\/faketatureringar\/valentinsdagstatoveringer\/#primaryimage","url":"https:\/\/likeink.com\/wp-content\/uploads\/2026\/05\/ValentinesDay-Tattoos-Likeink.jpg","contentUrl":"https:\/\/likeink.com\/wp-content\/uploads\/2026\/05\/ValentinesDay-Tattoos-Likeink.jpg","width":1800,"height":1268,"caption":"En samling fargerike illustrasjoner med Valentines Day-tema, blant annet hjerter, ballonger, en rose, en bukett, et kj\u00e6rlighetsbrev, en teddybj\u00f8rn, en diamant, en l\u00e5s og tekst som sier KISS ME og I LOVE YOU."},{"@type":"BreadcrumbList","@id":"https:\/\/likeink.com\/no\/faketatureringar\/valentinsdagstatoveringer\/#breadcrumb","itemListElement":[{"@type":"ListItem","position":1,"name":"Hem","item":"https:\/\/likeink.com\/no\/"},{"@type":"ListItem","position":2,"name":"Butikk","item":"https:\/\/likeink.com\/no\/butikk\/"},{"@type":"ListItem","position":3,"name":"Valentinsdagstatoveringer"}]},{"@type":"WebSite","@id":"https:\/\/likeink.com\/no\/#website","url":"https:\/\/likeink.com\/no\/","name":"Like ink","description":"Make your own custom design","potentialAction":[{"@type":"SearchAction","target":{"@type":"EntryPoint","urlTemplate":"https:\/\/likeink.com\/no\/?s={search_term_string}"},"query-input":{"@type":"PropertyValueSpecification","valueRequired":true,"valueName":"search_term_string"}}],"inLanguage":"nb-NO"}]}},"_links":{"self":[{"href":"https:\/\/likeink.com\/no\/wp-json\/wp\/v2\/product\/64825","targetHints":{"allow":["GET"]}}],"collection":[{"href":"https:\/\/likeink.com\/no\/wp-json\/wp\/v2\/product"}],"about":[{"href":"https:\/\/likeink.com\/no\/wp-json\/wp\/v2\/types\/product"}],"wp:featuredmedia":[{"embeddable":true,"href":"https:\/\/likeink.com\/no\/wp-json\/wp\/v2\/media\/64722"}],"wp:attachment":[{"href":"https:\/\/likeink.com\/no\/wp-json\/wp\/v2\/media?parent=64825"}],"wp:term":[{"taxonomy":"product_brand","embeddable":true,"href":"https:\/\/likeink.com\/no\/wp-json\/wp\/v2\/product_brand?post=64825"},{"taxonomy":"product_cat","embeddable":true,"href":"https:\/\/likeink.com\/no\/wp-json\/wp\/v2\/product_cat?post=64825"},{"taxonomy":"product_tag","embeddable":true,"href":"https:\/\/likeink.com\/no\/wp-json\/wp\/v2\/product_tag?post=64825"}],"curies":[{"name":"wp","href":"https:\/\/api.w.org\/{rel}","templated":true}]}}