{"id":65115,"date":"2021-02-18T13:25:15","date_gmt":"2021-02-18T13:25:15","guid":{"rendered":"https:\/\/likeink.com\/gnuggisar\/flash-1-by-kain-at-zoi-tattoo\/"},"modified":"2026-05-12T11:21:09","modified_gmt":"2026-05-12T11:21:09","slug":"flash-pentagram-by-kain-toro-at-zoi-tattoo","status":"publish","type":"product","link":"https:\/\/likeink.com\/no\/faketatureringar\/flash-pentagram-by-kain-toro-at-zoi-tattoo\/","title":{"rendered":"Flash &#8220;Pentagram&#8221; av Kain Toro hos Zoi Tattoo"},"content":{"rendered":"","protected":false},"excerpt":{"rendered":"<p>V\u00e5re ferdige ark med midlertidige tatoveringer er cirka 20\u00d715 cm store og fylt med designet du ser p\u00e5 bildet. For \u00e5 sikre at du blir forn\u00f8yd, trykker og sender vi arket innen 24 timer etter bestillingen din.<\/p>\n<h2>Midlertidige tatoveringer av Kain<\/h2>\n<p>Dette arket er designet av den talentfulle tatov\u00f8ren Kain Toro hos Zoi Tattoo.<\/p>\n<p><strong>Dette er Kain:<\/strong> En supertalentfull tatov\u00f8r fra Colombia som jobber hos Zoi Tattoo i Malm\u00f6, Sverige. Kain elsker black and grey, hodeskaller og rock n roll. For noen \u00e5r siden tatoverte Kain et anker p\u00e5 underarmen min. Jeg ble imponert over hvor raskt han tatoverte, hvor fine linjene ble og sansen hans for detaljer.<br \/>\nVi er veldig glade for \u00e5 kunne tilby noen av Kains design som midlertidige tatoveringer!<\/p>\n<p><strong>Kontakt Kain:<\/strong><\/p>\n<p><strong>Instagram:<\/strong><\/p>\n<p>@6kain6<\/p>\n<p><strong>Studio:<\/strong><\/p>\n<p>Zoi Tattoo<\/p>\n<p><strong>Adresse:<\/strong><\/p>\n<p>Stora Nygatan 42, MALM\u00d6<\/p>\n<p><strong>Nettside:<\/strong> https:\/\/www.zoitattoo.com<\/p>\n","protected":false},"featured_media":60675,"template":"","meta":[],"product_brand":[],"product_cat":[365,505],"product_tag":[],"class_list":{"0":"post-65115","1":"product","2":"type-product","3":"status-publish","4":"has-post-thumbnail","6":"product_cat-ferdige-ark","7":"product_cat-samarbeid-med-tatovorer","9":"first","10":"instock","11":"taxable","12":"shipping-taxable","13":"purchasable","14":"product-type-simple"},"yoast_head":"<!-- This site is optimized with the Yoast SEO Premium plugin v27.5 (Yoast SEO v27.6) - https:\/\/yoast.com\/product\/yoast-seo-premium-wordpress\/ -->\n<title>Flash &quot;Pentagram&quot; av Kain Toro hos Zoi Tattoo<\/title>\n<meta name=\"description\" content=\"Pentagramtatovering: Kj\u00f8p fake tattoos flash sheet med design fra tatov\u00f8ren Kain hos Zoi Ink. A5-ark for 98 kr, rask levering og fri frakt - Like ink\" \/>\n<meta name=\"robots\" content=\"index, follow, max-snippet:-1, max-image-preview:large, max-video-preview:-1\" \/>\n<link rel=\"canonical\" href=\"https:\/\/likeink.com\/no\/faketatureringar\/flash-pentagram-by-kain-toro-at-zoi-tattoo\/\" \/>\n<meta property=\"og:locale\" content=\"nb_NO\" \/>\n<meta property=\"og:type\" content=\"article\" \/>\n<meta property=\"og:title\" content=\"Flash &quot;Pentagram&quot; av Kain Toro hos Zoi Tattoo\" \/>\n<meta property=\"og:description\" content=\"V\u00e5re ferdige ark med midlertidige tatoveringer er cirka 20\u00d715 cm store og fylt med designet du ser p\u00e5 bildet. For \u00e5 sikre at du blir forn\u00f8yd, trykker og sender vi arket innen 24 timer etter bestillingen din. Midlertidige tatoveringer av Kain Dette arket er designet av den talentfulle tatov\u00f8ren Kain Toro hos Zoi Tattoo.  Dette er Kain: En supertalentfull tatov\u00f8r fra Colombia som jobber hos Zoi Tattoo i Malm\u00f6, Sverige. Kain elsker black and grey, hodeskaller og rock n roll. For noen \u00e5r siden tatoverte Kain et anker p\u00e5 underarmen min. Jeg ble imponert over hvor raskt han tatoverte, hvor fine linjene ble og sansen hans for detaljer. Vi er veldig glade for \u00e5 kunne tilby noen av Kains design som midlertidige tatoveringer!  Kontakt Kain:  Instagram:  @6kain6  Studio:  Zoi Tattoo  Adresse:  Stora Nygatan 42, MALM\u00d6  Nettside: https:\/\/www.zoitattoo.com\" \/>\n<meta property=\"og:url\" content=\"https:\/\/likeink.com\/no\/faketatureringar\/flash-pentagram-by-kain-toro-at-zoi-tattoo\/\" \/>\n<meta property=\"og:site_name\" content=\"Like ink\" \/>\n<meta property=\"article:publisher\" content=\"https:\/\/www.facebook.com\/LikeInkSe\" \/>\n<meta property=\"article:modified_time\" content=\"2026-05-12T11:21:09+00:00\" \/>\n<meta property=\"og:image\" content=\"https:\/\/likeink.com\/wp-content\/uploads\/2021\/02\/Kain4-TRYCK-e1613654184334.jpg\" \/>\n\t<meta property=\"og:image:width\" content=\"1135\" \/>\n\t<meta property=\"og:image:height\" content=\"800\" \/>\n\t<meta property=\"og:image:type\" content=\"image\/jpeg\" \/>\n<meta name=\"twitter:card\" content=\"summary_large_image\" \/>\n<meta name=\"twitter:label1\" content=\"Ansl. lesetid\" \/>\n\t<meta name=\"twitter:data1\" content=\"1 minutt\" \/>\n<!-- \/ Yoast SEO Premium plugin. -->","yoast_head_json":{"title":"Flash \"Pentagram\" av Kain Toro hos Zoi Tattoo","description":"Pentagramtatovering: Kj\u00f8p fake tattoos flash sheet med design fra tatov\u00f8ren Kain hos Zoi Ink. A5-ark for 98 kr, rask levering og fri frakt - Like ink","robots":{"index":"index","follow":"follow","max-snippet":"max-snippet:-1","max-image-preview":"max-image-preview:large","max-video-preview":"max-video-preview:-1"},"canonical":"https:\/\/likeink.com\/no\/faketatureringar\/flash-pentagram-by-kain-toro-at-zoi-tattoo\/","og_locale":"nb_NO","og_type":"article","og_title":"Flash \"Pentagram\" av Kain Toro hos Zoi Tattoo","og_description":"V\u00e5re ferdige ark med midlertidige tatoveringer er cirka 20\u00d715 cm store og fylt med designet du ser p\u00e5 bildet. For \u00e5 sikre at du blir forn\u00f8yd, trykker og sender vi arket innen 24 timer etter bestillingen din. Midlertidige tatoveringer av Kain Dette arket er designet av den talentfulle tatov\u00f8ren Kain Toro hos Zoi Tattoo.  Dette er Kain: En supertalentfull tatov\u00f8r fra Colombia som jobber hos Zoi Tattoo i Malm\u00f6, Sverige. Kain elsker black and grey, hodeskaller og rock n roll. For noen \u00e5r siden tatoverte Kain et anker p\u00e5 underarmen min. Jeg ble imponert over hvor raskt han tatoverte, hvor fine linjene ble og sansen hans for detaljer. Vi er veldig glade for \u00e5 kunne tilby noen av Kains design som midlertidige tatoveringer!  Kontakt Kain:  Instagram:  @6kain6  Studio:  Zoi Tattoo  Adresse:  Stora Nygatan 42, MALM\u00d6  Nettside: https:\/\/www.zoitattoo.com","og_url":"https:\/\/likeink.com\/no\/faketatureringar\/flash-pentagram-by-kain-toro-at-zoi-tattoo\/","og_site_name":"Like ink","article_publisher":"https:\/\/www.facebook.com\/LikeInkSe","article_modified_time":"2026-05-12T11:21:09+00:00","og_image":[{"width":1135,"height":800,"url":"https:\/\/likeink.com\/wp-content\/uploads\/2021\/02\/Kain4-TRYCK-e1613654184334.jpg","type":"image\/jpeg"}],"twitter_card":"summary_large_image","twitter_misc":{"Ansl. lesetid":"1 minutt"},"schema":{"@context":"https:\/\/schema.org","@graph":[{"@type":"WebPage","@id":"https:\/\/likeink.com\/no\/faketatureringar\/flash-pentagram-by-kain-toro-at-zoi-tattoo\/","url":"https:\/\/likeink.com\/no\/faketatureringar\/flash-pentagram-by-kain-toro-at-zoi-tattoo\/","name":"Flash \"Pentagram\" av Kain Toro hos Zoi Tattoo","isPartOf":{"@id":"https:\/\/likeink.com\/no\/#website"},"primaryImageOfPage":{"@id":"https:\/\/likeink.com\/no\/faketatureringar\/flash-pentagram-by-kain-toro-at-zoi-tattoo\/#primaryimage"},"image":{"@id":"https:\/\/likeink.com\/no\/faketatureringar\/flash-pentagram-by-kain-toro-at-zoi-tattoo\/#primaryimage"},"thumbnailUrl":"https:\/\/likeink.com\/wp-content\/uploads\/2021\/02\/Kain4-TRYCK-e1613654184334.jpg","datePublished":"2021-02-18T13:25:15+00:00","dateModified":"2026-05-12T11:21:09+00:00","description":"Pentagramtatovering: Kj\u00f8p fake tattoos flash sheet med design fra tatov\u00f8ren Kain hos Zoi Ink. A5-ark for 98 kr, rask levering og fri frakt - Like ink","breadcrumb":{"@id":"https:\/\/likeink.com\/no\/faketatureringar\/flash-pentagram-by-kain-toro-at-zoi-tattoo\/#breadcrumb"},"inLanguage":"nb-NO","potentialAction":[{"@type":"ReadAction","target":["https:\/\/likeink.com\/no\/faketatureringar\/flash-pentagram-by-kain-toro-at-zoi-tattoo\/"]}]},{"@type":"ImageObject","inLanguage":"nb-NO","@id":"https:\/\/likeink.com\/no\/faketatureringar\/flash-pentagram-by-kain-toro-at-zoi-tattoo\/#primaryimage","url":"https:\/\/likeink.com\/wp-content\/uploads\/2021\/02\/Kain4-TRYCK-e1613654184334.jpg","contentUrl":"https:\/\/likeink.com\/wp-content\/uploads\/2021\/02\/Kain4-TRYCK-e1613654184334.jpg","width":1135,"height":800,"caption":"Tattoo designs by Kan Toro."},{"@type":"BreadcrumbList","@id":"https:\/\/likeink.com\/no\/faketatureringar\/flash-pentagram-by-kain-toro-at-zoi-tattoo\/#breadcrumb","itemListElement":[{"@type":"ListItem","position":1,"name":"Hem","item":"https:\/\/likeink.com\/no\/"},{"@type":"ListItem","position":2,"name":"Butikk","item":"https:\/\/likeink.com\/no\/butikk\/"},{"@type":"ListItem","position":3,"name":"Flash &#8220;Pentagram&#8221; av Kain Toro hos Zoi Tattoo"}]},{"@type":"WebSite","@id":"https:\/\/likeink.com\/no\/#website","url":"https:\/\/likeink.com\/no\/","name":"Like ink","description":"Make your own custom design","potentialAction":[{"@type":"SearchAction","target":{"@type":"EntryPoint","urlTemplate":"https:\/\/likeink.com\/no\/?s={search_term_string}"},"query-input":{"@type":"PropertyValueSpecification","valueRequired":true,"valueName":"search_term_string"}}],"inLanguage":"nb-NO"}]}},"_links":{"self":[{"href":"https:\/\/likeink.com\/no\/wp-json\/wp\/v2\/product\/65115","targetHints":{"allow":["GET"]}}],"collection":[{"href":"https:\/\/likeink.com\/no\/wp-json\/wp\/v2\/product"}],"about":[{"href":"https:\/\/likeink.com\/no\/wp-json\/wp\/v2\/types\/product"}],"wp:featuredmedia":[{"embeddable":true,"href":"https:\/\/likeink.com\/no\/wp-json\/wp\/v2\/media\/60675"}],"wp:attachment":[{"href":"https:\/\/likeink.com\/no\/wp-json\/wp\/v2\/media?parent=65115"}],"wp:term":[{"taxonomy":"product_brand","embeddable":true,"href":"https:\/\/likeink.com\/no\/wp-json\/wp\/v2\/product_brand?post=65115"},{"taxonomy":"product_cat","embeddable":true,"href":"https:\/\/likeink.com\/no\/wp-json\/wp\/v2\/product_cat?post=65115"},{"taxonomy":"product_tag","embeddable":true,"href":"https:\/\/likeink.com\/no\/wp-json\/wp\/v2\/product_tag?post=65115"}],"curies":[{"name":"wp","href":"https:\/\/api.w.org\/{rel}","templated":true}]}}