{"id":3,"date":"2023-04-14T06:47:27","date_gmt":"2023-04-14T06:47:27","guid":{"rendered":"https:\/\/likeink.se\/?page_id=3"},"modified":"2025-06-24T06:35:10","modified_gmt":"2025-06-24T06:35:10","slug":"kopvillkor","status":"publish","type":"page","link":"https:\/\/likeink.com\/sv\/kopvillkor\/","title":{"rendered":"K\u00f6pvillkor"},"content":{"rendered":"\t\t<div data-elementor-type=\"wp-page\" data-elementor-id=\"3\" class=\"elementor elementor-3 elementor-944\" data-elementor-post-type=\"page\">\n\t\t\t\t<div class=\"elementor-element elementor-element-6a370a1 e-flex e-con-boxed e-con e-parent\" data-id=\"6a370a1\" data-element_type=\"container\">\n\t\t\t\t\t<div class=\"e-con-inner\">\n\t\t\t\t<div class=\"elementor-element elementor-element-6dffcce0 elementor-widget__width-initial elementor-widget elementor-widget-text-editor\" data-id=\"6dffcce0\" data-element_type=\"widget\" data-widget_type=\"text-editor.default\">\n\t\t\t\t<div class=\"elementor-widget-container\">\n\t\t\t\t\t\t\t\t\t<h2>K\u00f6pvillkor<\/h2><p><br \/>F\u00f6retaget har sitt s\u00e4te i Malm\u00f6 och sajten likeink.se \u00e4gs av Like ink AB med organisationsnummer 5568116825. F\u00f6retagets postadress \u00e4r Erikstorpsgatan 18 d\u00e4r ocks\u00e5 Like inks tryckeri ligger.<br \/><b>Summering av villkor d\u00e5 vi anser att det ska vara enkelt och best\u00e4lla p\u00e5 internet<\/b><br \/>Vi f\u00f6ljer alla t\u00e4nkbara lagar och har du fr\u00e5gor eller problem kontakta oss. Du ansvarar f\u00f6r det du laddar upp och vi ansvarar f\u00f6r att leverera gnuggisar i v\u00e4rldsklass.<\/p><p><b>Best\u00e4llning<\/b><\/p><p>N\u00e4r du slutf\u00f6rt din best\u00e4llning skickas en orderbekr\u00e4ftelse till din e-postadress. I bekr\u00e4ftelsen finner du alla uppgifter om produkten, pris, fakturerings- och leveransadress. \u00c4r n\u00e5got fel i orderbekr\u00e4ftelsen ska du omedelbart kontakta oss via e-post till\u00a0<a href=\"mailto:info@likeink.se\">info@likeink.se<\/a><\/p><p><b>Priser<\/b><\/p><p>Alla priser i butiken likeink.se anges i SEK och alla priser \u00e4r inklusive 25% moms.<\/p><p><b>Ol\u00e4mpligt inneh\u00e5ll<\/b><\/p><p>Like ink f\u00f6rbeh\u00e5ller sig r\u00e4tten att ta bort bilder eller texter som \u00e4r olagliga, kr\u00e4nkande, oanst\u00e4ndiga, rasistiska eller religi\u00f6st st\u00f6tande.<\/p><p><b>Upphovsr\u00e4tt<\/b><\/p><p>Like ink printar det som kunden \u00f6verf\u00f6r och saknar allt inflytande och ansvar f\u00f6r inneh\u00e5llet i slutprodukten. Kunden f\u00f6rs\u00e4krar att kunden innehar samtliga r\u00e4ttigheter avseende nyttjande, publicering och vidarebefordran av det material som laddas upp p\u00e5 Like ink. Kunden ansvarar ensam f\u00f6r att varan inte utg\u00f6r intr\u00e5ng i annans immateriella r\u00e4ttigheter och att inneh\u00e5llet i trycksaken inte bryter mot g\u00e4llande svensk lag. Kunden friskriver Like ink utan f\u00f6rbeh\u00e5ll fr\u00e5n alla krav som annan kan rikta mot Like ink i samband med intr\u00e5ng i tredje mans r\u00e4ttighet, s\u00e4rskilt upphovsr\u00e4tt, som uppkommer genom anv\u00e4ndning av data som \u00f6verf\u00f6rs fr\u00e5n kunden, inneb\u00e4rande att kunden kommer att se till att Like ink inte beh\u00f6ver infria s\u00e5dana krav.<\/p><p><b>Produktinformation<br \/><\/b><\/p><p>Vi reserverar oss f\u00f6r eventuella tryckfel p\u00e5 denna webbplats samt slutf\u00f6rs\u00e4ljning av produkter. Vi garanterar inte att bilderna \u00e5terger produkternas exakta utseende d\u00e5 en viss f\u00e4rgskillnad kan f\u00f6rekomma beroende p\u00e5 bildsk\u00e4rm, fotokvalitet samt uppl\u00f6sning. Vi f\u00f6rs\u00f6ker alltid p\u00e5 b\u00e4sta s\u00e4tt att exponera produkterna s\u00e5 korrekt som m\u00f6jligt.<br \/><b>Leverans:<\/b><\/p><p class=\"p2\"><span class=\"s1\">I alla k\u00f6p hos Like ink inom Sverige ing\u00e5r moms och frakt i det angivna priset. V\u00e5ra produkter levereras inom Sverige med Posten. Normal leveranstid \u00e4r ca 2-6 arbetsdagar. Vid mycket h\u00f6g belastning kan leveranstiden tillf\u00e4lligt vara l\u00e4ngre. Om ni beh\u00f6ver er leverans akut s\u00e5 m\u00e5ste ni v\u00e4lja expressfrakt och betala den extra kostnaden f\u00f6r det. Det \u00e4r alltid upp till best\u00e4llaren\/kunden att ange all n\u00f6dv\u00e4ndig information som beh\u00f6vs f\u00f6r att ordern ska hitta fram. Vid expressfrakt skickas varan inom 24h.<\/span><\/p><p class=\"p1\"><span class=\"s1\"><b>\u00c5ngerr\u00e4tt:<br \/><\/b><\/span><span class=\"s1\">Vid k\u00f6p av varor p\u00e5 webbplatsen har du som kund en lagstiftad 14 dagars \u00e5ngerr\u00e4tt som g\u00e4ller fr\u00e5n det att du har tagit emot en vara som du har best\u00e4llt. \u00a0<\/span><\/p><p class=\"p1\"><span class=\"s1\">Du m\u00e5ste meddela att du \u00e5ngrar dig och varf\u00f6r. Meddelandet ska skickas till info@likeink.se. I ditt meddelande ska ditt namn, din adress, e-postadress, ordernumret samt vilka varor som returneringen g\u00e4ller framg\u00e5 klart och tydligt.<\/span><\/p><p class=\"p1\"><span class=\"s1\">Du b\u00f6r omedelbart och senast inom lagstiftad 14 dagar efter \u00e5ngermeddelandet returnera produkterna till oss.<\/span><\/p><p class=\"p1\"><span class=\"s1\">Du st\u00e5r f\u00f6r returfrakt, leverans och skick p\u00e5 produkterna vid retur. P\u00e5 \u00e5terbetalningsbeloppet f\u00f6rbeh\u00e5ller vi oss r\u00e4tten att dra av en summa motsvarande v\u00e4rdeminskningen j\u00e4mf\u00f6rt med varans ursprungliga v\u00e4rde vid anv\u00e4nd eller skadad produkt.<\/span><\/p><p class=\"p1\"><span class=\"s1\">Om det inte lyckas oss att \u00e5tg\u00e4rda felet eller leverera en liknande produkt, \u00e5terbetalar vi dig f\u00f6r den defekta produkten i enlighet med g\u00e4llande konsumentskyddslagstiftning.<\/span><\/p><p class=\"p1\"><span class=\"s1\">Vi f\u00f6rbeh\u00e5ller oss r\u00e4tten att neka en reklamation om det visar sig att varan inte \u00e4r felaktig i enlighet med g\u00e4llande konsumentskyddslagstiftning. Vid reklamationer f\u00f6ljer vi riktlinjer fr\u00e5n Allm\u00e4nna Reklamationsn\u00e4mnden, se arn.se.<\/span><\/p><p class=\"p2\"><span class=\"s1\">Vid k\u00f6p av specialbest\u00e4lld vara upph\u00f6r \u00e5ngerr\u00e4tten n\u00e4r produktionen har p\u00e5b\u00f6rjats.<\/span><\/p><p><b>Information om Cookies<\/b><\/p><p class=\"p1\"><span class=\"s1\">Enligt lag om elektronisk information ska bes\u00f6kare p\u00e5 en webbplats i integritetssyfte f\u00e5 information om att cookies anv\u00e4nds. Informationen i cookien \u00e4r m\u00f6jlig att anv\u00e4nda f\u00f6r att f\u00f6lja en anv\u00e4ndares surfande. Cookie \u00e4r en liten textfil som webbplatsen du bes\u00f6ker beg\u00e4r att f\u00e5 spara p\u00e5 din dator f\u00f6r att ge tillg\u00e5ng till olika funktioner. Det g\u00e5r att st\u00e4lla in sin webbl\u00e4sare s\u00e5 att den automatiskt nekar cookies. Mer information kan man hitta p\u00e5 Post och telestyrelsens hemsida. F\u00f6r att effektivisera internetanv\u00e4ndningen samt g\u00f6ra k\u00f6pupplevelsen smidigare anv\u00e4nder Like ink sig av cookies.<\/span><\/p><p class=\"p1\"><span class=\"s1\"><b>Personuppgifter<br \/><\/b><\/span><span class=\"s1\">Genom att handla hos Like ink accepterar du v\u00e5r dataskyddspolicy och v\u00e5r behandling av dina personuppgifter. Vi v\u00e4rnar om din personliga integritet och samlar inte in fler uppgifter \u00e4n n\u00f6dv\u00e4ndigt f\u00f6r att behandla din best\u00e4llning. Vi s\u00e4ljer eller vidareger aldrig dina uppgifter till tredjepart utan r\u00e4ttslig grund.<\/span><\/p><p class=\"p1\"><span class=\"s1\">Like ink \u00e4r ansvarig f\u00f6r behandlingen av personuppgifter som du l\u00e4mnat till oss som kund. Dina personuppgifter behandlas av oss f\u00f6r att kunna hantera din best\u00e4llning samt i de tillf\u00e4llen d\u00e5 du har \u00f6nskat nyhetsbrev eller kampanjerbjudanden \u2013 f\u00f6r att kunna anpassa marknadsf\u00f6ringen \u00e5t dina individuella behov.<\/span><\/p><p class=\"p1\"><span class=\"s1\">Nedan information \u00e4r en summering av hur vi i enlighet med\u00a0<a href=\"https:\/\/www.datainspektionen.se\/dataskyddsreformen\/dataskyddsforordningen\/\"><span class=\"s2\">dataskyddsf\u00f6rordningen<\/span><\/a><\/span><span class=\"s3\">\u00a0<\/span><span class=\"s1\">(GDPR) lagrar och behandlar dina uppgifter.<\/span><\/p><p class=\"p1\"><span class=\"s1\"><b>Vad \u00e4r enpersonuppgift?<br \/><\/b><\/span><span class=\"s1\">En personuppgift \u00e4r all information som direkt eller indirekt kan h\u00e4nf\u00f6ras till en fysisk person.<\/span><\/p><p class=\"p1\"><span class=\"s1\"><b>Vilka uppgifter lagrar vi?<br \/><\/b><\/span><span class=\"s1\">F\u00f6r att kunna hantera din best\u00e4llning samt svara p\u00e5 fr\u00e5gor relaterat till din order (kundtj\u00e4nst) lagrar vi ditt f\u00f6rnamn- och efternamn, adress, telefonnummer, e-postadress, ip-adress och k\u00f6phistorik.<\/span><\/p><p class=\"p1\"><span class=\"s1\">Dina uppgifter lagras s\u00e5 l\u00e4nge vi har en r\u00e4ttslig grund att behandla dina uppgifter, exempelvis f\u00f6r att fullf\u00f6lja avtalet mellan oss eller f\u00f6r att efterleva en r\u00e4ttslig f\u00f6rpliktelse enligt exempelvis bokf\u00f6ringslagen.<\/span><\/p><p class=\"p1\"><span class=\"s1\"><b>R\u00e4ttslig grund<\/b><br \/>I samband med ett k\u00f6p behandlas dina personuppgifter f\u00f6r att fullf\u00f6lja avtalet med dig.<br \/>Marknadsf\u00f6ring, kampanjer och liknande utskick sker efter samtycke fr\u00e5n dig. Du kan n\u00e4r du vill avregistrera dig fr\u00e5n v\u00e5ra nyhetsbrev.<\/span><\/p><p class=\"p1\"><span class=\"s1\">Vilka uppgifter delas och med vilket syfte?<\/span><\/p><p class=\"p1\"><span class=\"s1\"><b>Betalleverant\u00f6r<br \/><\/b><\/span><span class=\"s1\">Vid genomf\u00f6rande av k\u00f6p, delas information med v\u00e5r betalleverant\u00f6r. Det som lagras \u00e4r f\u00f6rnamn, efternamn, adress, e-postadress och telefonnummer. V\u00e4ljer du att betala med faktura sparas \u00e4ven personnummer hos betalleverant\u00f6ren. Informationen sparas f\u00f6r att kunna genomf\u00f6ra k\u00f6pet och f\u00f6r att skydda parterna mot bedr\u00e4geri.<br \/>De betalleverant\u00f6rer (betaltj\u00e4nster) som vi anv\u00e4nder oss av \u00e4r: Klarna.<\/span><\/p><p class=\"p1\"><span class=\"s1\"><b>Fraktbolag<\/b><br \/>F\u00f6r att kunna leverera dina best\u00e4llningar och slutf\u00f6ra v\u00e5rt avtal m\u00e5ste vi dela specifik information med fraktbolaget. Det som delas med fraktbolaget \u00e4r f\u00f6rnamn, efternamn, telefonnummer, mailadress samt adressuppgifter f\u00f6r leverans. E-postadress och\/eller mobilnummer kan \u00e4ven komma att delas med fraktbolaget f\u00f6r avisering.<br \/>De fraktbolag vi samarbetar med \u00e4r: Postnord.<\/span><\/p><p class=\"p1\"><span class=\"s1\"><b>Nyhetsbrev<\/b><br \/>Har du valt att prenumerera p\u00e5 v\u00e5rt nyhetsbrev delas f\u00f6rnamn, efternamn och e-postadress med v\u00e5r nyhetsbrevsleverant\u00f6r. Detta f\u00f6r att kunna h\u00e5lla dig uppdaterad med information och erbjudanden i marknadsf\u00f6ringssyfte.\u00a0<\/span><\/p><p class=\"p1\"><span class=\"s1\"><b>R\u00e4tten till tillg\u00e5ng<\/b><br \/>Du har r\u00e4tt att f\u00e5 utdrag av all information som finns om dig hos oss. Utdrag levereras elektroniskt i ett l\u00e4sbart format.<\/span><\/p><p class=\"p1\"><span class=\"s1\"><b>R\u00e4tt till r\u00e4ttelse<\/b><br \/>Du har r\u00e4tt att be oss uppdatera felaktig information eller komplettera information som \u00e4r bristf\u00e4llig.<\/span><\/p><p class=\"p1\"><span class=\"s1\"><b>R\u00e4tten att bli gl\u00f6md<\/b><br \/>Du kan n\u00e4r som helst be att uppgifterna som avser dig raderas. Det finns f\u00e5 undantag till r\u00e4tten till radering, som till exempel om det ska beh\u00e5llas f\u00f6r att vi m\u00e5ste uppfylla en r\u00e4ttslig f\u00f6rpliktelse (exempelvis enligt bokf\u00f6ringslagen).<\/span><\/p><p class=\"p1\"><span class=\"s1\"><b>Ansvarig f\u00f6r dataskydd<\/b><br \/>Like ink \u00e4r ansvarig f\u00f6r lagring och behandling av personuppgifter i webbutiken och ser till att reglerna efterf\u00f6ljs.<\/span><\/p><p class=\"p1\"><span class=\"s1\"><b>S\u00e5 skyddar vi dina personuppgifter<\/b><br \/>Vi anv\u00e4nder oss av industristandarder som SSL\/TLS och env\u00e4gs hash-algoritmer f\u00f6r att lagra, behandla och kommunicera k\u00e4nslig information som exempelvis personuppgifter och l\u00f6senord p\u00e5 ett s\u00e4kert s\u00e4tt.<br \/><\/span><\/p><p class=\"p1\"><span class=\"s1\"><b>\u00c4ndringar till de Allm\u00e4nna Villkoren<\/b>\u00a0 \u00a0 \u00a0 \u00a0\u00a0<\/span><\/p><p class=\"p1\"><span class=\"s1\">Vi f\u00f6rbeh\u00e5ller oss r\u00e4tten att n\u00e4r som helst f\u00f6reta \u00e4ndringar i villkoren. \u00c4ndringar av villkoren kommer att publiceras online p\u00e5 webbplatsen. De \u00e4ndrade villkoren anses f\u00f6r accepterade i samband med order eller bes\u00f6k p\u00e5 webbplatsen.<\/span><\/p><p class=\"p1\"><span class=\"s1\"><b>Tvist och lagval<br \/><\/b><\/span><span class=\"s1\">I tillf\u00e4lle av att tvist inte kan l\u00f6sas i samf\u00f6rst\u00e5nd med f\u00f6retagets kundtj\u00e4nst och kunden, kan du som kund v\u00e4nda dig till Allm\u00e4nna Reklamationsn\u00e4mnden, se arn.se. F\u00f6r boende i ett annat EU-land \u00e4n Sverige kan man l\u00e4mna klagom\u00e5l online via EU-kommissionens plattform f\u00f6r medling i tvister,se\u00a0<a href=\"http:\/\/ec.europa.eu\/consumers\/odr\"><span class=\"s2\">http:\/\/ec.europa.eu\/consumers\/odr<\/span><\/a><\/span><\/p><p class=\"p1\"><span class=\"s1\">Vid eventuell tvist f\u00f6ljer vi beslut fr\u00e5n ARN eller motsvarande tvistel\u00f6sningsorgan. \u00a0<\/span><\/p><p class=\"p1\"><span class=\"s1\">Tvist g\u00e4llande tolkningen eller till\u00e4mpningen av dessa allm\u00e4nna villkor ska tolkas i enlighet med svensk r\u00e4tt och lag.<\/span><\/p><p class=\"p1\"><span class=\"s1\">Har du fr\u00e5gor om oss eller villkor kontakta oss via mail: info@likeink.se<\/span><\/p>\t\t\t\t\t\t\t\t<\/div>\n\t\t\t\t<\/div>\n\t\t\t\t\t<\/div>\n\t\t\t\t<\/div>\n\t\t\t\t<\/div>\n\t\t","protected":false},"excerpt":{"rendered":"<p>K\u00f6pvillkor F\u00f6retaget har sitt s\u00e4te i Malm\u00f6 och sajten likeink.se \u00e4gs av Like ink AB med organisationsnummer 5568116825. F\u00f6retagets postadress \u00e4r Erikstorpsgatan 18 d\u00e4r ocks\u00e5 Like inks tryckeri ligger. Summering av villkor d\u00e5 vi anser att det ska vara enkelt och best\u00e4lla p\u00e5 internet Vi f\u00f6ljer alla t\u00e4nkbara lagar och har du fr\u00e5gor eller problem [&hellip;]<\/p>\n","protected":false},"author":7,"featured_media":0,"parent":0,"menu_order":0,"comment_status":"closed","ping_status":"closed","template":"","meta":{"footnotes":""},"class_list":["post-3","page","type-page","status-publish","hentry"],"yoast_head":"<!-- This site is optimized with the Yoast SEO Premium plugin v26.2 (Yoast SEO v27.5) - https:\/\/yoast.com\/product\/yoast-seo-premium-wordpress\/ -->\n<title>K\u00f6pvillkor \u2013 Din trygghet som kund | Like Ink<\/title>\n<meta name=\"description\" content=\"L\u00e4s v\u00e5ra k\u00f6pvillkor f\u00f6r en trygg shoppingupplevelse. Allt om betalning, leverans &amp; returer. Handla med f\u00f6rtroende hos Like Ink!\" \/>\n<meta name=\"robots\" content=\"index, follow, max-snippet:-1, max-image-preview:large, max-video-preview:-1\" \/>\n<link rel=\"canonical\" href=\"https:\/\/likeink.com\/sv\/kopvillkor\/\" \/>\n<meta property=\"og:locale\" content=\"sv_SE\" \/>\n<meta property=\"og:type\" content=\"article\" \/>\n<meta property=\"og:title\" content=\"K\u00f6pvillkor\" \/>\n<meta property=\"og:description\" content=\"K\u00f6pvillkor F\u00f6retaget har sitt s\u00e4te i Malm\u00f6 och sajten likeink.se \u00e4gs av Like ink AB med organisationsnummer 5568116825. F\u00f6retagets postadress \u00e4r\" \/>\n<meta property=\"og:url\" content=\"https:\/\/likeink.com\/sv\/kopvillkor\/\" \/>\n<meta property=\"og:site_name\" content=\"Like ink\" \/>\n<meta property=\"article:publisher\" content=\"https:\/\/www.facebook.com\/LikeInkSe\" \/>\n<meta property=\"article:modified_time\" content=\"2025-06-24T06:35:10+00:00\" \/>\n<meta name=\"twitter:card\" content=\"summary_large_image\" \/>\n<meta name=\"twitter:label1\" content=\"Ber\u00e4knad l\u00e4stid\" \/>\n\t<meta name=\"twitter:data1\" content=\"6 minuter\" \/>\n<!-- \/ Yoast SEO Premium plugin. -->","yoast_head_json":{"title":"K\u00f6pvillkor \u2013 Din trygghet som kund | Like Ink","description":"L\u00e4s v\u00e5ra k\u00f6pvillkor f\u00f6r en trygg shoppingupplevelse. Allt om betalning, leverans & returer. Handla med f\u00f6rtroende hos Like Ink!","robots":{"index":"index","follow":"follow","max-snippet":"max-snippet:-1","max-image-preview":"max-image-preview:large","max-video-preview":"max-video-preview:-1"},"canonical":"https:\/\/likeink.com\/sv\/kopvillkor\/","og_locale":"sv_SE","og_type":"article","og_title":"K\u00f6pvillkor","og_description":"K\u00f6pvillkor F\u00f6retaget har sitt s\u00e4te i Malm\u00f6 och sajten likeink.se \u00e4gs av Like ink AB med organisationsnummer 5568116825. F\u00f6retagets postadress \u00e4r","og_url":"https:\/\/likeink.com\/sv\/kopvillkor\/","og_site_name":"Like ink","article_publisher":"https:\/\/www.facebook.com\/LikeInkSe","article_modified_time":"2025-06-24T06:35:10+00:00","twitter_card":"summary_large_image","twitter_misc":{"Ber\u00e4knad l\u00e4stid":"6 minuter"},"schema":{"@context":"https:\/\/schema.org","@graph":[{"@type":"WebPage","@id":"https:\/\/likeink.com\/sv\/kopvillkor\/","url":"https:\/\/likeink.com\/sv\/kopvillkor\/","name":"K\u00f6pvillkor \u2013 Din trygghet som kund | Like Ink","isPartOf":{"@id":"https:\/\/likeink.com\/sv\/#website"},"datePublished":"2023-04-14T06:47:27+00:00","dateModified":"2025-06-24T06:35:10+00:00","description":"L\u00e4s v\u00e5ra k\u00f6pvillkor f\u00f6r en trygg shoppingupplevelse. Allt om betalning, leverans & returer. Handla med f\u00f6rtroende hos Like Ink!","breadcrumb":{"@id":"https:\/\/likeink.com\/sv\/kopvillkor\/#breadcrumb"},"inLanguage":"sv-SE","potentialAction":[{"@type":"ReadAction","target":["https:\/\/likeink.com\/sv\/kopvillkor\/"]}]},{"@type":"BreadcrumbList","@id":"https:\/\/likeink.com\/sv\/kopvillkor\/#breadcrumb","itemListElement":[{"@type":"ListItem","position":1,"name":"Hem","item":"https:\/\/likeink.com\/sv\/"},{"@type":"ListItem","position":2,"name":"K\u00f6pvillkor"}]},{"@type":"WebSite","@id":"https:\/\/likeink.com\/sv\/#website","url":"https:\/\/likeink.com\/sv\/","name":"Like ink","description":"Make your own custom design","potentialAction":[{"@type":"SearchAction","target":{"@type":"EntryPoint","urlTemplate":"https:\/\/likeink.com\/sv\/?s={search_term_string}"},"query-input":{"@type":"PropertyValueSpecification","valueRequired":true,"valueName":"search_term_string"}}],"inLanguage":"sv-SE"}]}},"_links":{"self":[{"href":"https:\/\/likeink.com\/sv\/wp-json\/wp\/v2\/pages\/3","targetHints":{"allow":["GET"]}}],"collection":[{"href":"https:\/\/likeink.com\/sv\/wp-json\/wp\/v2\/pages"}],"about":[{"href":"https:\/\/likeink.com\/sv\/wp-json\/wp\/v2\/types\/page"}],"author":[{"embeddable":true,"href":"https:\/\/likeink.com\/sv\/wp-json\/wp\/v2\/users\/7"}],"replies":[{"embeddable":true,"href":"https:\/\/likeink.com\/sv\/wp-json\/wp\/v2\/comments?post=3"}],"version-history":[{"count":2,"href":"https:\/\/likeink.com\/sv\/wp-json\/wp\/v2\/pages\/3\/revisions"}],"predecessor-version":[{"id":45998,"href":"https:\/\/likeink.com\/sv\/wp-json\/wp\/v2\/pages\/3\/revisions\/45998"}],"wp:attachment":[{"href":"https:\/\/likeink.com\/sv\/wp-json\/wp\/v2\/media?parent=3"}],"curies":[{"name":"wp","href":"https:\/\/api.w.org\/{rel}","templated":true}]}}