{"id":33456,"date":"2024-10-18T18:02:56","date_gmt":"2024-10-18T18:02:56","guid":{"rendered":"https:\/\/likeink.se\/?page_id=33456"},"modified":"2024-10-18T18:02:56","modified_gmt":"2024-10-18T18:02:56","slug":"for-artister","status":"publish","type":"page","link":"https:\/\/likeink.com\/sv\/for-artister\/","title":{"rendered":"F\u00f6r artister"},"content":{"rendered":"\t\t<div data-elementor-type=\"wp-page\" data-elementor-id=\"33456\" class=\"elementor elementor-33456\" data-elementor-post-type=\"page\">\n\t\t\t\t<div class=\"elementor-element elementor-element-24850d2d e-flex e-con-boxed e-con e-parent\" data-id=\"24850d2d\" data-element_type=\"container\">\n\t\t\t\t\t<div class=\"e-con-inner\">\n\t\t\t\t<div class=\"elementor-element elementor-element-615d5549 elementor-widget elementor-widget-text-editor\" data-id=\"615d5549\" data-element_type=\"widget\" data-widget_type=\"text-editor.default\">\n\t\t\t\t<div class=\"elementor-widget-container\">\n\t\t\t\t\t\t\t\t\t<p>OBS SIDAN \u00c4R UNDER UPPBYGGNAD! Har du hittat hit, maila info @ likeink.se\u00a0<img decoding=\"async\" class=\"emoji\" role=\"img\" draggable=\"false\" src=\"https:\/\/s.w.org\/images\/core\/emoji\/15.0.3\/svg\/1f642.svg\" alt=\"\ud83d\ude42\" \/><\/p><h3><strong>Vi \u00e4lskar kreativa m\u00e4nniskor och tatueringar!<\/strong><\/h3><p>P\u00e5 Like Ink \u00e4lskar vi kreativa m\u00e4nniskor, tatueringar och allt som har med skapande att g\u00f6ra! Vi vill samarbeta med dig som \u00e4r illustrat\u00f6r, tatuerare, konstn\u00e4r eller grafisk designer, och ge dig m\u00f6jligheten att s\u00e4lja din konst i v\u00e5r webshop.<\/p><h3><strong>S\u00e4lj din konst och bli bel\u00f6nad p\u00e5 ditt s\u00e4tt<\/strong><\/h3><p>Du kan v\u00e4lja hur du vill bli bel\u00f6nad \u2013 f\u00e5 betalt per s\u00e5lt ark, ta emot tatueringar fr\u00e5n oss, eller sprida din konst f\u00f6r att n\u00e5 en bredare publik. Tatueringarna vi s\u00e4ljer kommer i storleken A5, med en tryckyta p\u00e5 196&#215;134 mm.<\/p><h3><strong>S\u00e5 h\u00e4r g\u00f6r du f\u00f6r att b\u00f6rja s\u00e4lja din konst hos oss<\/strong><\/h3><p>Skicka in minst fem motiv eller ett komplett A5-ark med dina designid\u00e9er i PNG-format och h\u00f6g uppl\u00f6sning. Fyll i formul\u00e4ret p\u00e5 v\u00e5r hemsida \u2013 vi kommer anv\u00e4nda din text f\u00f6r att skapa en produktbeskrivning och l\u00e4nka till din hemsida och dina sociala medier.<\/p><p>Vi ser fram emot att samarbeta och hj\u00e4lpa dig sprida din konst till \u00e4nnu fler!<\/p><h3><strong>Kontakta oss f\u00f6r att bli en del av Like Ink<\/strong><\/h3><form action=\"send_mail.php\" enctype=\"multipart\/form-data\" method=\"POST\"><label for=\"firstname\">F\u00f6rnamn:<\/label><br \/><input id=\"firstname\" name=\"firstname\" required=\"\" type=\"text\" \/><p><label for=\"lastname\">Efternamn:<\/label><br \/><input id=\"lastname\" name=\"lastname\" required=\"\" type=\"text\" \/><\/p><p><label for=\"artistname\">Artistnamn:<\/label><br \/><input id=\"artistname\" name=\"artistname\" type=\"text\" \/><\/p><p><label for=\"instagram\">Instagram:<\/label><br \/><input id=\"instagram\" name=\"instagram\" type=\"url\" \/><\/p><p><label for=\"tiktok\">TikTok:<\/label><br \/><input id=\"tiktok\" name=\"tiktok\" type=\"url\" \/><\/p><p><label for=\"linkedin\">LinkedIn:<\/label><br \/><input id=\"linkedin\" name=\"linkedin\" type=\"url\" \/><\/p><p><label for=\"website\">Hemsida:<\/label><br \/><input id=\"website\" name=\"website\" type=\"url\" \/><\/p><p><label for=\"studio_address\">Tatueringsstudio Adress:<\/label><br \/><input id=\"studio_address\" name=\"studio_address\" type=\"text\" \/><\/p><p><label for=\"art_description\">Beskriv din konst och stil:<\/label><br \/><textarea id=\"art_description\" name=\"art_description\" required=\"\" rows=\"5\"><\/textarea><\/p><p><label for=\"motif_description\">Beskriv motiven man kan best\u00e4lla av dig:<\/label><br \/><textarea id=\"motif_description\" name=\"motif_description\" required=\"\" rows=\"5\"><\/textarea><\/p><p><label for=\"design\">Bifoga din design (endast PNG):<\/label><br \/><input id=\"design\" accept=\".png\" name=\"design\" required=\"\" type=\"file\" \/><\/p><p>Vad vill du ha f\u00f6r ditt samarbete?<\/p><p><input id=\"option1\" name=\"collab_options[]\" type=\"checkbox\" value=\"10% av all framtida f\u00f6rs\u00e4ljning\" \/><br \/><label for=\"option1\">Jag vill ha 10 % av all framtida f\u00f6rs\u00e4ljning<\/label><\/p><p><input id=\"option2\" name=\"collab_options[]\" type=\"checkbox\" value=\"10 A5 ark med mina egna motiv\" \/><br \/><label for=\"option2\">Jag vill ha 10 A5 ark med mina egna motiv<\/label><\/p><p><input id=\"option3\" name=\"collab_options[]\" type=\"checkbox\" value=\"Sprida min konst\" \/><br \/><label for=\"option3\">Jag vill bara hj\u00e4lpa till och sprida min konst<\/label><\/p><p><button type=\"submit\">Skicka<\/button><\/p><\/form><p>\u00a0<\/p>\t\t\t\t\t\t\t\t<\/div>\n\t\t\t\t<\/div>\n\t\t\t\t\t<\/div>\n\t\t\t\t<\/div>\n\t\t\t\t<\/div>\n\t\t","protected":false},"excerpt":{"rendered":"<p>OBS SIDAN \u00c4R UNDER UPPBYGGNAD! Har du hittat hit, maila info @ likeink.se\u00a0 Vi \u00e4lskar kreativa m\u00e4nniskor och tatueringar! P\u00e5 Like Ink \u00e4lskar vi kreativa m\u00e4nniskor, tatueringar och allt som har med skapande att g\u00f6ra! Vi vill samarbeta med dig som \u00e4r illustrat\u00f6r, tatuerare, konstn\u00e4r eller grafisk designer, och ge dig m\u00f6jligheten att s\u00e4lja din [&hellip;]<\/p>\n","protected":false},"author":4,"featured_media":0,"parent":0,"menu_order":0,"comment_status":"closed","ping_status":"closed","template":"","meta":{"footnotes":""},"class_list":["post-33456","page","type-page","status-publish","hentry"],"yoast_head":"<!-- This site is optimized with the Yoast SEO Premium plugin v26.2 (Yoast SEO v27.5) - https:\/\/yoast.com\/product\/yoast-seo-premium-wordpress\/ -->\n<title>Tempor\u00e4ra tatueringar - tatuerare &amp; kreat\u00f6rer | Like Ink<\/title>\n<meta name=\"description\" content=\"\u00c4r du artist eller tatuerare? Samarbeta med oss &amp; skapa unika kollektioner. Bli partner med Like Ink och n\u00e5 ut med dina designs!\" \/>\n<meta name=\"robots\" content=\"index, follow, max-snippet:-1, max-image-preview:large, max-video-preview:-1\" \/>\n<link rel=\"canonical\" href=\"https:\/\/likeink.com\/sv\/for-artister\/\" \/>\n<meta property=\"og:locale\" content=\"sv_SE\" \/>\n<meta property=\"og:type\" content=\"article\" \/>\n<meta property=\"og:title\" content=\"F\u00f6r artister\" \/>\n<meta property=\"og:description\" content=\"OBS SIDAN \u00c4R UNDER UPPBYGGNAD! Har du hittat hit, maila info @ likeink.se\u00a0Vi \u00e4lskar kreativa m\u00e4nniskor och tatueringar!P\u00e5 Like Ink \u00e4lskar vi kreativa\" \/>\n<meta property=\"og:url\" content=\"https:\/\/likeink.com\/sv\/for-artister\/\" \/>\n<meta property=\"og:site_name\" content=\"Like ink\" \/>\n<meta property=\"article:publisher\" content=\"https:\/\/www.facebook.com\/LikeInkSe\" \/>\n<meta property=\"og:image\" content=\"https:\/\/s.w.org\/images\/core\/emoji\/15.0.3\/svg\/1f642.svg\" \/>\n<meta name=\"twitter:card\" content=\"summary_large_image\" \/>\n<meta name=\"twitter:label1\" content=\"Ber\u00e4knad l\u00e4stid\" \/>\n\t<meta name=\"twitter:data1\" content=\"2 minuter\" \/>\n<!-- \/ Yoast SEO Premium plugin. -->","yoast_head_json":{"title":"Tempor\u00e4ra tatueringar - tatuerare & kreat\u00f6rer | Like Ink","description":"\u00c4r du artist eller tatuerare? Samarbeta med oss & skapa unika kollektioner. Bli partner med Like Ink och n\u00e5 ut med dina designs!","robots":{"index":"index","follow":"follow","max-snippet":"max-snippet:-1","max-image-preview":"max-image-preview:large","max-video-preview":"max-video-preview:-1"},"canonical":"https:\/\/likeink.com\/sv\/for-artister\/","og_locale":"sv_SE","og_type":"article","og_title":"F\u00f6r artister","og_description":"OBS SIDAN \u00c4R UNDER UPPBYGGNAD! Har du hittat hit, maila info @ likeink.se\u00a0Vi \u00e4lskar kreativa m\u00e4nniskor och tatueringar!P\u00e5 Like Ink \u00e4lskar vi kreativa","og_url":"https:\/\/likeink.com\/sv\/for-artister\/","og_site_name":"Like ink","article_publisher":"https:\/\/www.facebook.com\/LikeInkSe","og_image":[{"url":"https:\/\/s.w.org\/images\/core\/emoji\/15.0.3\/svg\/1f642.svg","type":"","width":"","height":""}],"twitter_card":"summary_large_image","twitter_misc":{"Ber\u00e4knad l\u00e4stid":"2 minuter"},"schema":{"@context":"https:\/\/schema.org","@graph":[{"@type":"WebPage","@id":"https:\/\/likeink.com\/sv\/for-artister\/","url":"https:\/\/likeink.com\/sv\/for-artister\/","name":"Tempor\u00e4ra tatueringar - tatuerare & kreat\u00f6rer | Like Ink","isPartOf":{"@id":"https:\/\/likeink.com\/sv\/#website"},"primaryImageOfPage":{"@id":"https:\/\/likeink.com\/sv\/for-artister\/#primaryimage"},"image":{"@id":"https:\/\/likeink.com\/sv\/for-artister\/#primaryimage"},"thumbnailUrl":"https:\/\/s.w.org\/images\/core\/emoji\/15.0.3\/svg\/1f642.svg","datePublished":"2024-10-18T18:02:56+00:00","description":"\u00c4r du artist eller tatuerare? Samarbeta med oss & skapa unika kollektioner. Bli partner med Like Ink och n\u00e5 ut med dina designs!","breadcrumb":{"@id":"https:\/\/likeink.com\/sv\/for-artister\/#breadcrumb"},"inLanguage":"sv-SE","potentialAction":[{"@type":"ReadAction","target":["https:\/\/likeink.com\/sv\/for-artister\/"]}]},{"@type":"ImageObject","inLanguage":"sv-SE","@id":"https:\/\/likeink.com\/sv\/for-artister\/#primaryimage","url":"https:\/\/s.w.org\/images\/core\/emoji\/15.0.3\/svg\/1f642.svg","contentUrl":"https:\/\/s.w.org\/images\/core\/emoji\/15.0.3\/svg\/1f642.svg"},{"@type":"BreadcrumbList","@id":"https:\/\/likeink.com\/sv\/for-artister\/#breadcrumb","itemListElement":[{"@type":"ListItem","position":1,"name":"Hem","item":"https:\/\/likeink.com\/sv\/"},{"@type":"ListItem","position":2,"name":"F\u00f6r artister"}]},{"@type":"WebSite","@id":"https:\/\/likeink.com\/sv\/#website","url":"https:\/\/likeink.com\/sv\/","name":"Like ink","description":"Make your own custom design","potentialAction":[{"@type":"SearchAction","target":{"@type":"EntryPoint","urlTemplate":"https:\/\/likeink.com\/sv\/?s={search_term_string}"},"query-input":{"@type":"PropertyValueSpecification","valueRequired":true,"valueName":"search_term_string"}}],"inLanguage":"sv-SE"}]}},"_links":{"self":[{"href":"https:\/\/likeink.com\/sv\/wp-json\/wp\/v2\/pages\/33456","targetHints":{"allow":["GET"]}}],"collection":[{"href":"https:\/\/likeink.com\/sv\/wp-json\/wp\/v2\/pages"}],"about":[{"href":"https:\/\/likeink.com\/sv\/wp-json\/wp\/v2\/types\/page"}],"author":[{"embeddable":true,"href":"https:\/\/likeink.com\/sv\/wp-json\/wp\/v2\/users\/4"}],"replies":[{"embeddable":true,"href":"https:\/\/likeink.com\/sv\/wp-json\/wp\/v2\/comments?post=33456"}],"version-history":[{"count":0,"href":"https:\/\/likeink.com\/sv\/wp-json\/wp\/v2\/pages\/33456\/revisions"}],"wp:attachment":[{"href":"https:\/\/likeink.com\/sv\/wp-json\/wp\/v2\/media?parent=33456"}],"curies":[{"name":"wp","href":"https:\/\/api.w.org\/{rel}","templated":true}]}}