{"id":11124,"date":"2022-06-02T12:59:00","date_gmt":"2022-06-02T12:59:00","guid":{"rendered":"https:\/\/likeink.se\/?post_type=product&#038;p=11124"},"modified":"2026-04-14T14:03:24","modified_gmt":"2026-04-14T14:03:24","slug":"svensk-sommar-a5-ark","status":"publish","type":"product","link":"https:\/\/likeink.com\/sv\/gnuggisar\/svensk-sommar-a5-ark\/","title":{"rendered":"Svensk Sommar"},"content":{"rendered":"","protected":false},"excerpt":{"rendered":"<p>Svensk Sommar tatueringsark \u00e4r fyllt med gnuggisar som passar perfekt till grillfesten, semesterfirande, sommarfesten p\u00e5 jobbet och s\u00e5klart till midsommar.<\/p>\n<p>Du f\u00e5r tatueringar med motiv av mygg, eld, grillar och ett paraply! Allt h\u00e4rligt som h\u00f6r den svenska sommaren till.<\/p>\n<p>Vi trycker och skickar dina sommar-tatueringar inom 24 h. V\u00e5ra eng\u00e5ngstatueringar h\u00e5ller bra kvalitet och \u00e4r enkla och s\u00e4kra att anv\u00e4nda.<\/p>\n<p>Storlek ark: A5<br \/>\nAntal gnuggisar: 14 + mygg<br \/>\nStorlek tatueringar: 2-9 cm<\/p>\n","protected":false},"featured_media":15020,"template":"","meta":[],"product_brand":[],"product_cat":[17,137,490,138],"product_tag":[],"class_list":{"0":"post-11124","1":"product","2":"type-product","3":"status-publish","4":"has-post-thumbnail","6":"product_cat-fardiga-ark","7":"product_cat-hogtider-tatuering","8":"product_cat-maskerad-sasong","9":"product_cat-roliga-tatueringar","11":"first","12":"instock","13":"taxable","14":"shipping-taxable","15":"purchasable","16":"product-type-simple"},"yoast_head":"<!-- This site is optimized with the Yoast SEO Premium plugin v26.2 (Yoast SEO v27.4) - https:\/\/yoast.com\/product\/yoast-seo-premium-wordpress\/ -->\n<title>Svensk Sommar A5-ark I Gnuggistatueringar - Like ink<\/title>\n<meta name=\"description\" content=\"Svensk Sommar \u00e4r ett tatueringsark fyllt med klassiska sommarattribut! Mygg, grill och paraply! Gnuggisar till grillfesten! - Like ink\" \/>\n<meta name=\"robots\" content=\"index, follow, max-snippet:-1, max-image-preview:large, max-video-preview:-1\" \/>\n<link rel=\"canonical\" href=\"https:\/\/likeink.com\/sv\/gnuggisar\/svensk-sommar-a5-ark\/\" \/>\n<meta property=\"og:locale\" content=\"sv_SE\" \/>\n<meta property=\"og:type\" content=\"article\" \/>\n<meta property=\"og:title\" content=\"Svensk Sommar\" \/>\n<meta property=\"og:description\" content=\"Svensk Sommar tatueringsark \u00e4r fyllt med gnuggisar som passar perfekt till grillfesten, semesterfirande, sommarfesten p\u00e5 jobbet och s\u00e5klart till midsommar.  Du f\u00e5r tatueringar med motiv av mygg, eld, grillar och ett paraply! Allt h\u00e4rligt som h\u00f6r den svenska sommaren till.  Vi trycker och skickar dina sommar-tatueringar inom 24 h. V\u00e5ra eng\u00e5ngstatueringar h\u00e5ller bra kvalitet och \u00e4r enkla och s\u00e4kra att anv\u00e4nda.  Storlek ark: A5 Antal gnuggisar: 14 + mygg Storlek tatueringar: 2-9 cm\" \/>\n<meta property=\"og:url\" content=\"https:\/\/likeink.com\/sv\/gnuggisar\/svensk-sommar-a5-ark\/\" \/>\n<meta property=\"og:site_name\" content=\"Like ink\" \/>\n<meta property=\"article:publisher\" content=\"https:\/\/www.facebook.com\/LikeInkSe\" \/>\n<meta property=\"article:modified_time\" content=\"2026-04-14T14:03:24+00:00\" \/>\n<meta property=\"og:image\" content=\"https:\/\/likeink.com\/wp-content\/uploads\/2022\/06\/SvenskSommar.jpg\" \/>\n\t<meta property=\"og:image:width\" content=\"1200\" \/>\n\t<meta property=\"og:image:height\" content=\"845\" \/>\n\t<meta property=\"og:image:type\" content=\"image\/jpeg\" \/>\n<meta name=\"twitter:card\" content=\"summary_large_image\" \/>\n<script type=\"application\/ld+json\" class=\"yoast-schema-graph\">{\"@context\":\"https:\\\/\\\/schema.org\",\"@graph\":[{\"@type\":\"WebPage\",\"@id\":\"https:\\\/\\\/likeink.com\\\/sv\\\/gnuggisar\\\/svensk-sommar-a5-ark\\\/\",\"url\":\"https:\\\/\\\/likeink.com\\\/sv\\\/gnuggisar\\\/svensk-sommar-a5-ark\\\/\",\"name\":\"Svensk Sommar A5-ark I Gnuggistatueringar - Like ink\",\"isPartOf\":{\"@id\":\"https:\\\/\\\/likeink.com\\\/sv\\\/#website\"},\"primaryImageOfPage\":{\"@id\":\"https:\\\/\\\/likeink.com\\\/sv\\\/gnuggisar\\\/svensk-sommar-a5-ark\\\/#primaryimage\"},\"image\":{\"@id\":\"https:\\\/\\\/likeink.com\\\/sv\\\/gnuggisar\\\/svensk-sommar-a5-ark\\\/#primaryimage\"},\"thumbnailUrl\":\"https:\\\/\\\/likeink.com\\\/wp-content\\\/uploads\\\/2022\\\/06\\\/SvenskSommar.jpg\",\"datePublished\":\"2022-06-02T12:59:00+00:00\",\"dateModified\":\"2026-04-14T14:03:24+00:00\",\"description\":\"Svensk Sommar \u00e4r ett tatueringsark fyllt med klassiska sommarattribut! Mygg, grill och paraply! Gnuggisar till grillfesten! - Like ink\",\"breadcrumb\":{\"@id\":\"https:\\\/\\\/likeink.com\\\/sv\\\/gnuggisar\\\/svensk-sommar-a5-ark\\\/#breadcrumb\"},\"inLanguage\":\"sv-SE\",\"potentialAction\":[{\"@type\":\"ReadAction\",\"target\":[\"https:\\\/\\\/likeink.com\\\/sv\\\/gnuggisar\\\/svensk-sommar-a5-ark\\\/\"]}]},{\"@type\":\"ImageObject\",\"inLanguage\":\"sv-SE\",\"@id\":\"https:\\\/\\\/likeink.com\\\/sv\\\/gnuggisar\\\/svensk-sommar-a5-ark\\\/#primaryimage\",\"url\":\"https:\\\/\\\/likeink.com\\\/wp-content\\\/uploads\\\/2022\\\/06\\\/SvenskSommar.jpg\",\"contentUrl\":\"https:\\\/\\\/likeink.com\\\/wp-content\\\/uploads\\\/2022\\\/06\\\/SvenskSommar.jpg\",\"width\":1200,\"height\":845,\"caption\":\"Svensk sommar Gnuggisar likeink\"},{\"@type\":\"BreadcrumbList\",\"@id\":\"https:\\\/\\\/likeink.com\\\/sv\\\/gnuggisar\\\/svensk-sommar-a5-ark\\\/#breadcrumb\",\"itemListElement\":[{\"@type\":\"ListItem\",\"position\":1,\"name\":\"Hem\",\"item\":\"https:\\\/\\\/likeink.com\\\/sv\\\/\"},{\"@type\":\"ListItem\",\"position\":2,\"name\":\"Webbutik\",\"item\":\"https:\\\/\\\/likeink.com\\\/sv\\\/webbutik\\\/\"},{\"@type\":\"ListItem\",\"position\":3,\"name\":\"Svensk Sommar\"}]},{\"@type\":\"WebSite\",\"@id\":\"https:\\\/\\\/likeink.com\\\/sv\\\/#website\",\"url\":\"https:\\\/\\\/likeink.com\\\/sv\\\/\",\"name\":\"Like ink\",\"description\":\"Make your own custom design\",\"potentialAction\":[{\"@type\":\"SearchAction\",\"target\":{\"@type\":\"EntryPoint\",\"urlTemplate\":\"https:\\\/\\\/likeink.com\\\/sv\\\/?s={search_term_string}\"},\"query-input\":{\"@type\":\"PropertyValueSpecification\",\"valueRequired\":true,\"valueName\":\"search_term_string\"}}],\"inLanguage\":\"sv-SE\"}]}<\/script>\n<!-- \/ Yoast SEO Premium plugin. -->","yoast_head_json":{"title":"Svensk Sommar A5-ark I Gnuggistatueringar - Like ink","description":"Svensk Sommar \u00e4r ett tatueringsark fyllt med klassiska sommarattribut! Mygg, grill och paraply! Gnuggisar till grillfesten! - Like ink","robots":{"index":"index","follow":"follow","max-snippet":"max-snippet:-1","max-image-preview":"max-image-preview:large","max-video-preview":"max-video-preview:-1"},"canonical":"https:\/\/likeink.com\/sv\/gnuggisar\/svensk-sommar-a5-ark\/","og_locale":"sv_SE","og_type":"article","og_title":"Svensk Sommar","og_description":"Svensk Sommar tatueringsark \u00e4r fyllt med gnuggisar som passar perfekt till grillfesten, semesterfirande, sommarfesten p\u00e5 jobbet och s\u00e5klart till midsommar.  Du f\u00e5r tatueringar med motiv av mygg, eld, grillar och ett paraply! Allt h\u00e4rligt som h\u00f6r den svenska sommaren till.  Vi trycker och skickar dina sommar-tatueringar inom 24 h. V\u00e5ra eng\u00e5ngstatueringar h\u00e5ller bra kvalitet och \u00e4r enkla och s\u00e4kra att anv\u00e4nda.  Storlek ark: A5 Antal gnuggisar: 14 + mygg Storlek tatueringar: 2-9 cm","og_url":"https:\/\/likeink.com\/sv\/gnuggisar\/svensk-sommar-a5-ark\/","og_site_name":"Like ink","article_publisher":"https:\/\/www.facebook.com\/LikeInkSe","article_modified_time":"2026-04-14T14:03:24+00:00","og_image":[{"width":1200,"height":845,"url":"https:\/\/likeink.com\/wp-content\/uploads\/2022\/06\/SvenskSommar.jpg","type":"image\/jpeg"}],"twitter_card":"summary_large_image","schema":{"@context":"https:\/\/schema.org","@graph":[{"@type":"WebPage","@id":"https:\/\/likeink.com\/sv\/gnuggisar\/svensk-sommar-a5-ark\/","url":"https:\/\/likeink.com\/sv\/gnuggisar\/svensk-sommar-a5-ark\/","name":"Svensk Sommar A5-ark I Gnuggistatueringar - Like ink","isPartOf":{"@id":"https:\/\/likeink.com\/sv\/#website"},"primaryImageOfPage":{"@id":"https:\/\/likeink.com\/sv\/gnuggisar\/svensk-sommar-a5-ark\/#primaryimage"},"image":{"@id":"https:\/\/likeink.com\/sv\/gnuggisar\/svensk-sommar-a5-ark\/#primaryimage"},"thumbnailUrl":"https:\/\/likeink.com\/wp-content\/uploads\/2022\/06\/SvenskSommar.jpg","datePublished":"2022-06-02T12:59:00+00:00","dateModified":"2026-04-14T14:03:24+00:00","description":"Svensk Sommar \u00e4r ett tatueringsark fyllt med klassiska sommarattribut! Mygg, grill och paraply! Gnuggisar till grillfesten! - Like ink","breadcrumb":{"@id":"https:\/\/likeink.com\/sv\/gnuggisar\/svensk-sommar-a5-ark\/#breadcrumb"},"inLanguage":"sv-SE","potentialAction":[{"@type":"ReadAction","target":["https:\/\/likeink.com\/sv\/gnuggisar\/svensk-sommar-a5-ark\/"]}]},{"@type":"ImageObject","inLanguage":"sv-SE","@id":"https:\/\/likeink.com\/sv\/gnuggisar\/svensk-sommar-a5-ark\/#primaryimage","url":"https:\/\/likeink.com\/wp-content\/uploads\/2022\/06\/SvenskSommar.jpg","contentUrl":"https:\/\/likeink.com\/wp-content\/uploads\/2022\/06\/SvenskSommar.jpg","width":1200,"height":845,"caption":"Svensk sommar Gnuggisar likeink"},{"@type":"BreadcrumbList","@id":"https:\/\/likeink.com\/sv\/gnuggisar\/svensk-sommar-a5-ark\/#breadcrumb","itemListElement":[{"@type":"ListItem","position":1,"name":"Hem","item":"https:\/\/likeink.com\/sv\/"},{"@type":"ListItem","position":2,"name":"Webbutik","item":"https:\/\/likeink.com\/sv\/webbutik\/"},{"@type":"ListItem","position":3,"name":"Svensk Sommar"}]},{"@type":"WebSite","@id":"https:\/\/likeink.com\/sv\/#website","url":"https:\/\/likeink.com\/sv\/","name":"Like ink","description":"Make your own custom design","potentialAction":[{"@type":"SearchAction","target":{"@type":"EntryPoint","urlTemplate":"https:\/\/likeink.com\/sv\/?s={search_term_string}"},"query-input":{"@type":"PropertyValueSpecification","valueRequired":true,"valueName":"search_term_string"}}],"inLanguage":"sv-SE"}]}},"_links":{"self":[{"href":"https:\/\/likeink.com\/sv\/wp-json\/wp\/v2\/product\/11124","targetHints":{"allow":["GET"]}}],"collection":[{"href":"https:\/\/likeink.com\/sv\/wp-json\/wp\/v2\/product"}],"about":[{"href":"https:\/\/likeink.com\/sv\/wp-json\/wp\/v2\/types\/product"}],"wp:featuredmedia":[{"embeddable":true,"href":"https:\/\/likeink.com\/sv\/wp-json\/wp\/v2\/media\/15020"}],"wp:attachment":[{"href":"https:\/\/likeink.com\/sv\/wp-json\/wp\/v2\/media?parent=11124"}],"wp:term":[{"taxonomy":"product_brand","embeddable":true,"href":"https:\/\/likeink.com\/sv\/wp-json\/wp\/v2\/product_brand?post=11124"},{"taxonomy":"product_cat","embeddable":true,"href":"https:\/\/likeink.com\/sv\/wp-json\/wp\/v2\/product_cat?post=11124"},{"taxonomy":"product_tag","embeddable":true,"href":"https:\/\/likeink.com\/sv\/wp-json\/wp\/v2\/product_tag?post=11124"}],"curies":[{"name":"wp","href":"https:\/\/api.w.org\/{rel}","templated":true}]}}