{"id":11158,"date":"2022-06-02T17:34:41","date_gmt":"2022-06-02T17:34:41","guid":{"rendered":"https:\/\/likeink.se\/?post_type=product&#038;p=11158"},"modified":"2026-04-14T13:14:14","modified_gmt":"2026-04-14T13:14:14","slug":"surf-tatueringar-a5-ark","status":"publish","type":"product","link":"https:\/\/likeink.com\/sv\/gnuggisar\/surf-tatueringar-a5-ark\/","title":{"rendered":"Surf tatueringar"},"content":{"rendered":"","protected":false},"excerpt":{"rendered":"<p>Det h\u00e4r arket \u00e4r fyllt av fint handritade \/ illustrerade tatueringar med inspiration fr\u00e5n allt vad surf handlar om. V\u00e5gor, sol, ta dagen som den kommer, frihet, sol och s\u00e5klart surfing! Tatueringar har alltid varit en del av surfkulturen och nu erbjuder vi ett ark fyllt av surftatueringar. Perfekt f\u00f6r surfskolor, festivaler, surfcamps eller bara f\u00f6r att du tycker att det \u00e4r snygga motiv.<\/p>\n<p>Vi trycker och skickar alla ordrar fr\u00e5n Malm\u00f6 inom 24 timmar. Hang loose!<\/p>\n<p>Storlek ark: A5<br \/>\nAntal tatueringar: 13<br \/>\nStorlek p\u00e5 st\u00f6rsta surfbr\u00e4da: 10X4 cm<\/p>\n","protected":false},"featured_media":11094,"template":"","meta":[],"product_brand":[],"product_cat":[17,490,139,132],"product_tag":[],"class_list":{"0":"post-11158","1":"product","2":"type-product","3":"status-publish","4":"has-post-thumbnail","6":"product_cat-fardiga-ark","7":"product_cat-maskerad-sasong","8":"product_cat-ovriga-tatueringar","9":"product_cat-sjo-marin-tatuering","11":"first","12":"instock","13":"taxable","14":"shipping-taxable","15":"purchasable","16":"product-type-simple"},"yoast_head":"<!-- This site is optimized with the Yoast SEO Premium plugin v26.2 (Yoast SEO v27.4) - https:\/\/yoast.com\/product\/yoast-seo-premium-wordpress\/ -->\n<title>Surf tatueringar A5-ark I Fejktatueringar - Like ink<\/title>\n<meta name=\"description\" content=\"Surf tatueringar I Fina illustrationer med vintage-inspirerade surftatueringar. Snabb leverans! Surfs up! - Like ink\" \/>\n<meta name=\"robots\" content=\"index, follow, max-snippet:-1, max-image-preview:large, max-video-preview:-1\" \/>\n<link rel=\"canonical\" href=\"https:\/\/likeink.com\/sv\/gnuggisar\/surf-tatueringar-a5-ark\/\" \/>\n<meta property=\"og:locale\" content=\"sv_SE\" \/>\n<meta property=\"og:type\" content=\"article\" \/>\n<meta property=\"og:title\" content=\"Surf tatueringar\" \/>\n<meta property=\"og:description\" content=\"Det h\u00e4r arket \u00e4r fyllt av fint handritade \/ illustrerade tatueringar med inspiration fr\u00e5n allt vad surf handlar om. V\u00e5gor, sol, ta dagen som den kommer, frihet, sol och s\u00e5klart surfing! Tatueringar har alltid varit en del av surfkulturen och nu erbjuder vi ett ark fyllt av surftatueringar. Perfekt f\u00f6r surfskolor, festivaler, surfcamps eller bara f\u00f6r att du tycker att det \u00e4r snygga motiv.  Vi trycker och skickar alla ordrar fr\u00e5n Malm\u00f6 inom 24 timmar. Hang loose!  Storlek ark: A5 Antal tatueringar: 13 Storlek p\u00e5 st\u00f6rsta surfbr\u00e4da: 10X4 cm\" \/>\n<meta property=\"og:url\" content=\"https:\/\/likeink.com\/sv\/gnuggisar\/surf-tatueringar-a5-ark\/\" \/>\n<meta property=\"og:site_name\" content=\"Like ink\" \/>\n<meta property=\"article:publisher\" content=\"https:\/\/www.facebook.com\/LikeInkSe\" \/>\n<meta property=\"article:modified_time\" content=\"2026-04-14T13:14:14+00:00\" \/>\n<meta property=\"og:image\" content=\"https:\/\/likeink.com\/wp-content\/uploads\/2022\/06\/Surftattoos_likeink.jpg\" \/>\n\t<meta property=\"og:image:width\" content=\"2481\" \/>\n\t<meta property=\"og:image:height\" content=\"1749\" \/>\n\t<meta property=\"og:image:type\" content=\"image\/jpeg\" \/>\n<meta name=\"twitter:card\" content=\"summary_large_image\" \/>\n<script type=\"application\/ld+json\" class=\"yoast-schema-graph\">{\"@context\":\"https:\\\/\\\/schema.org\",\"@graph\":[{\"@type\":\"WebPage\",\"@id\":\"https:\\\/\\\/likeink.com\\\/sv\\\/gnuggisar\\\/surf-tatueringar-a5-ark\\\/\",\"url\":\"https:\\\/\\\/likeink.com\\\/sv\\\/gnuggisar\\\/surf-tatueringar-a5-ark\\\/\",\"name\":\"Surf tatueringar A5-ark I Fejktatueringar - Like ink\",\"isPartOf\":{\"@id\":\"https:\\\/\\\/likeink.com\\\/sv\\\/#website\"},\"primaryImageOfPage\":{\"@id\":\"https:\\\/\\\/likeink.com\\\/sv\\\/gnuggisar\\\/surf-tatueringar-a5-ark\\\/#primaryimage\"},\"image\":{\"@id\":\"https:\\\/\\\/likeink.com\\\/sv\\\/gnuggisar\\\/surf-tatueringar-a5-ark\\\/#primaryimage\"},\"thumbnailUrl\":\"https:\\\/\\\/likeink.com\\\/wp-content\\\/uploads\\\/2022\\\/06\\\/Surftattoos_likeink.jpg\",\"datePublished\":\"2022-06-02T17:34:41+00:00\",\"dateModified\":\"2026-04-14T13:14:14+00:00\",\"description\":\"Surf tatueringar I Fina illustrationer med vintage-inspirerade surftatueringar. Snabb leverans! Surfs up! - Like ink\",\"breadcrumb\":{\"@id\":\"https:\\\/\\\/likeink.com\\\/sv\\\/gnuggisar\\\/surf-tatueringar-a5-ark\\\/#breadcrumb\"},\"inLanguage\":\"sv-SE\",\"potentialAction\":[{\"@type\":\"ReadAction\",\"target\":[\"https:\\\/\\\/likeink.com\\\/sv\\\/gnuggisar\\\/surf-tatueringar-a5-ark\\\/\"]}]},{\"@type\":\"ImageObject\",\"inLanguage\":\"sv-SE\",\"@id\":\"https:\\\/\\\/likeink.com\\\/sv\\\/gnuggisar\\\/surf-tatueringar-a5-ark\\\/#primaryimage\",\"url\":\"https:\\\/\\\/likeink.com\\\/wp-content\\\/uploads\\\/2022\\\/06\\\/Surftattoos_likeink.jpg\",\"contentUrl\":\"https:\\\/\\\/likeink.com\\\/wp-content\\\/uploads\\\/2022\\\/06\\\/Surftattoos_likeink.jpg\",\"width\":2481,\"height\":1749,\"caption\":\"Tatueringar med surftema\"},{\"@type\":\"BreadcrumbList\",\"@id\":\"https:\\\/\\\/likeink.com\\\/sv\\\/gnuggisar\\\/surf-tatueringar-a5-ark\\\/#breadcrumb\",\"itemListElement\":[{\"@type\":\"ListItem\",\"position\":1,\"name\":\"Hem\",\"item\":\"https:\\\/\\\/likeink.com\\\/sv\\\/\"},{\"@type\":\"ListItem\",\"position\":2,\"name\":\"Webbutik\",\"item\":\"https:\\\/\\\/likeink.com\\\/sv\\\/webbutik\\\/\"},{\"@type\":\"ListItem\",\"position\":3,\"name\":\"Surf tatueringar\"}]},{\"@type\":\"WebSite\",\"@id\":\"https:\\\/\\\/likeink.com\\\/sv\\\/#website\",\"url\":\"https:\\\/\\\/likeink.com\\\/sv\\\/\",\"name\":\"Like ink\",\"description\":\"Make your own custom design\",\"potentialAction\":[{\"@type\":\"SearchAction\",\"target\":{\"@type\":\"EntryPoint\",\"urlTemplate\":\"https:\\\/\\\/likeink.com\\\/sv\\\/?s={search_term_string}\"},\"query-input\":{\"@type\":\"PropertyValueSpecification\",\"valueRequired\":true,\"valueName\":\"search_term_string\"}}],\"inLanguage\":\"sv-SE\"}]}<\/script>\n<!-- \/ Yoast SEO Premium plugin. -->","yoast_head_json":{"title":"Surf tatueringar A5-ark I Fejktatueringar - Like ink","description":"Surf tatueringar I Fina illustrationer med vintage-inspirerade surftatueringar. Snabb leverans! Surfs up! - Like ink","robots":{"index":"index","follow":"follow","max-snippet":"max-snippet:-1","max-image-preview":"max-image-preview:large","max-video-preview":"max-video-preview:-1"},"canonical":"https:\/\/likeink.com\/sv\/gnuggisar\/surf-tatueringar-a5-ark\/","og_locale":"sv_SE","og_type":"article","og_title":"Surf tatueringar","og_description":"Det h\u00e4r arket \u00e4r fyllt av fint handritade \/ illustrerade tatueringar med inspiration fr\u00e5n allt vad surf handlar om. V\u00e5gor, sol, ta dagen som den kommer, frihet, sol och s\u00e5klart surfing! Tatueringar har alltid varit en del av surfkulturen och nu erbjuder vi ett ark fyllt av surftatueringar. Perfekt f\u00f6r surfskolor, festivaler, surfcamps eller bara f\u00f6r att du tycker att det \u00e4r snygga motiv.  Vi trycker och skickar alla ordrar fr\u00e5n Malm\u00f6 inom 24 timmar. Hang loose!  Storlek ark: A5 Antal tatueringar: 13 Storlek p\u00e5 st\u00f6rsta surfbr\u00e4da: 10X4 cm","og_url":"https:\/\/likeink.com\/sv\/gnuggisar\/surf-tatueringar-a5-ark\/","og_site_name":"Like ink","article_publisher":"https:\/\/www.facebook.com\/LikeInkSe","article_modified_time":"2026-04-14T13:14:14+00:00","og_image":[{"width":2481,"height":1749,"url":"https:\/\/likeink.com\/wp-content\/uploads\/2022\/06\/Surftattoos_likeink.jpg","type":"image\/jpeg"}],"twitter_card":"summary_large_image","schema":{"@context":"https:\/\/schema.org","@graph":[{"@type":"WebPage","@id":"https:\/\/likeink.com\/sv\/gnuggisar\/surf-tatueringar-a5-ark\/","url":"https:\/\/likeink.com\/sv\/gnuggisar\/surf-tatueringar-a5-ark\/","name":"Surf tatueringar A5-ark I Fejktatueringar - Like ink","isPartOf":{"@id":"https:\/\/likeink.com\/sv\/#website"},"primaryImageOfPage":{"@id":"https:\/\/likeink.com\/sv\/gnuggisar\/surf-tatueringar-a5-ark\/#primaryimage"},"image":{"@id":"https:\/\/likeink.com\/sv\/gnuggisar\/surf-tatueringar-a5-ark\/#primaryimage"},"thumbnailUrl":"https:\/\/likeink.com\/wp-content\/uploads\/2022\/06\/Surftattoos_likeink.jpg","datePublished":"2022-06-02T17:34:41+00:00","dateModified":"2026-04-14T13:14:14+00:00","description":"Surf tatueringar I Fina illustrationer med vintage-inspirerade surftatueringar. Snabb leverans! Surfs up! - Like ink","breadcrumb":{"@id":"https:\/\/likeink.com\/sv\/gnuggisar\/surf-tatueringar-a5-ark\/#breadcrumb"},"inLanguage":"sv-SE","potentialAction":[{"@type":"ReadAction","target":["https:\/\/likeink.com\/sv\/gnuggisar\/surf-tatueringar-a5-ark\/"]}]},{"@type":"ImageObject","inLanguage":"sv-SE","@id":"https:\/\/likeink.com\/sv\/gnuggisar\/surf-tatueringar-a5-ark\/#primaryimage","url":"https:\/\/likeink.com\/wp-content\/uploads\/2022\/06\/Surftattoos_likeink.jpg","contentUrl":"https:\/\/likeink.com\/wp-content\/uploads\/2022\/06\/Surftattoos_likeink.jpg","width":2481,"height":1749,"caption":"Tatueringar med surftema"},{"@type":"BreadcrumbList","@id":"https:\/\/likeink.com\/sv\/gnuggisar\/surf-tatueringar-a5-ark\/#breadcrumb","itemListElement":[{"@type":"ListItem","position":1,"name":"Hem","item":"https:\/\/likeink.com\/sv\/"},{"@type":"ListItem","position":2,"name":"Webbutik","item":"https:\/\/likeink.com\/sv\/webbutik\/"},{"@type":"ListItem","position":3,"name":"Surf tatueringar"}]},{"@type":"WebSite","@id":"https:\/\/likeink.com\/sv\/#website","url":"https:\/\/likeink.com\/sv\/","name":"Like ink","description":"Make your own custom design","potentialAction":[{"@type":"SearchAction","target":{"@type":"EntryPoint","urlTemplate":"https:\/\/likeink.com\/sv\/?s={search_term_string}"},"query-input":{"@type":"PropertyValueSpecification","valueRequired":true,"valueName":"search_term_string"}}],"inLanguage":"sv-SE"}]}},"_links":{"self":[{"href":"https:\/\/likeink.com\/sv\/wp-json\/wp\/v2\/product\/11158","targetHints":{"allow":["GET"]}}],"collection":[{"href":"https:\/\/likeink.com\/sv\/wp-json\/wp\/v2\/product"}],"about":[{"href":"https:\/\/likeink.com\/sv\/wp-json\/wp\/v2\/types\/product"}],"wp:featuredmedia":[{"embeddable":true,"href":"https:\/\/likeink.com\/sv\/wp-json\/wp\/v2\/media\/11094"}],"wp:attachment":[{"href":"https:\/\/likeink.com\/sv\/wp-json\/wp\/v2\/media?parent=11158"}],"wp:term":[{"taxonomy":"product_brand","embeddable":true,"href":"https:\/\/likeink.com\/sv\/wp-json\/wp\/v2\/product_brand?post=11158"},{"taxonomy":"product_cat","embeddable":true,"href":"https:\/\/likeink.com\/sv\/wp-json\/wp\/v2\/product_cat?post=11158"},{"taxonomy":"product_tag","embeddable":true,"href":"https:\/\/likeink.com\/sv\/wp-json\/wp\/v2\/product_tag?post=11158"}],"curies":[{"name":"wp","href":"https:\/\/api.w.org\/{rel}","templated":true}]}}