{"id":11160,"date":"2022-06-02T17:45:00","date_gmt":"2022-06-02T17:45:00","guid":{"rendered":"https:\/\/likeink.se\/?post_type=product&#038;p=11160"},"modified":"2026-04-14T13:14:13","modified_gmt":"2026-04-14T13:14:13","slug":"girl-power-tatueringar-a5-ark","status":"publish","type":"product","link":"https:\/\/likeink.com\/sv\/gnuggisar\/girl-power-tatueringar-a5-ark\/","title":{"rendered":"Girl power tatueringar"},"content":{"rendered":"","protected":false},"excerpt":{"rendered":"<p>Girl power tatueringar med symboler och budskap som symboliserar feminism, systerskap och solidaritet.<\/p>\n<p>Arket \u00e4r fyllt med tatueringsmotiv som kvinnosymboler, ros, mun, knutna h\u00e4nder och texter som Not Your baby, Girl Power och GRLPWR.<br \/>\nMotiven \u00e4r illustrerade av en grymt duktig konstn\u00e4r i Kazakstan.<\/p>\n<p>Vi trycker och skickar dina tatueringar inom 24h.<\/p>\n<p>Storlek ark: A5<br \/>\nAntal tatueringar: 19<br \/>\nStorlek tatueringar: 3-6 cm<\/p>\n","protected":false},"featured_media":11118,"template":"","meta":[],"product_brand":[],"product_cat":[17,490],"product_tag":[],"class_list":{"0":"post-11160","1":"product","2":"type-product","3":"status-publish","4":"has-post-thumbnail","6":"product_cat-fardiga-ark","7":"product_cat-maskerad-sasong","9":"first","10":"instock","11":"taxable","12":"shipping-taxable","13":"purchasable","14":"product-type-simple"},"yoast_head":"<!-- This site is optimized with the Yoast SEO Premium plugin v26.2 (Yoast SEO v27.5) - https:\/\/yoast.com\/product\/yoast-seo-premium-wordpress\/ -->\n<title>Girl power tatueringar I Gnuggistatueringar - Like ink<\/title>\n<meta name=\"description\" content=\"Girl power tatueringar. Gnuggistatueringar med motiv som symboliserar systerskap och solidaritet! - Like ink\" \/>\n<meta name=\"robots\" content=\"index, follow, max-snippet:-1, max-image-preview:large, max-video-preview:-1\" \/>\n<link rel=\"canonical\" href=\"https:\/\/likeink.com\/sv\/gnuggisar\/girl-power-tatueringar-a5-ark\/\" \/>\n<meta property=\"og:locale\" content=\"sv_SE\" \/>\n<meta property=\"og:type\" content=\"article\" \/>\n<meta property=\"og:title\" content=\"Girl power tatueringar\" \/>\n<meta property=\"og:description\" content=\"Girl power tatueringar med symboler och budskap som symboliserar feminism, systerskap och solidaritet.  Arket \u00e4r fyllt med tatueringsmotiv som kvinnosymboler, ros, mun, knutna h\u00e4nder och texter som Not Your baby, Girl Power och GRLPWR. Motiven \u00e4r illustrerade av en grymt duktig konstn\u00e4r i Kazakstan.  Vi trycker och skickar dina tatueringar inom 24h.  Storlek ark: A5 Antal tatueringar: 19 Storlek tatueringar: 3-6 cm\" \/>\n<meta property=\"og:url\" content=\"https:\/\/likeink.com\/sv\/gnuggisar\/girl-power-tatueringar-a5-ark\/\" \/>\n<meta property=\"og:site_name\" content=\"Like ink\" \/>\n<meta property=\"article:publisher\" content=\"https:\/\/www.facebook.com\/LikeInkSe\" \/>\n<meta property=\"article:modified_time\" content=\"2026-04-14T13:14:13+00:00\" \/>\n<meta property=\"og:image\" content=\"https:\/\/likeink.com\/wp-content\/uploads\/2022\/06\/Girlpower_tattoos_Likeink.jpg\" \/>\n\t<meta property=\"og:image:width\" content=\"1418\" \/>\n\t<meta property=\"og:image:height\" content=\"1000\" \/>\n\t<meta property=\"og:image:type\" content=\"image\/jpeg\" \/>\n<meta name=\"twitter:card\" content=\"summary_large_image\" \/>\n<!-- \/ Yoast SEO Premium plugin. -->","yoast_head_json":{"title":"Girl power tatueringar I Gnuggistatueringar - Like ink","description":"Girl power tatueringar. Gnuggistatueringar med motiv som symboliserar systerskap och solidaritet! - Like ink","robots":{"index":"index","follow":"follow","max-snippet":"max-snippet:-1","max-image-preview":"max-image-preview:large","max-video-preview":"max-video-preview:-1"},"canonical":"https:\/\/likeink.com\/sv\/gnuggisar\/girl-power-tatueringar-a5-ark\/","og_locale":"sv_SE","og_type":"article","og_title":"Girl power tatueringar","og_description":"Girl power tatueringar med symboler och budskap som symboliserar feminism, systerskap och solidaritet.  Arket \u00e4r fyllt med tatueringsmotiv som kvinnosymboler, ros, mun, knutna h\u00e4nder och texter som Not Your baby, Girl Power och GRLPWR. Motiven \u00e4r illustrerade av en grymt duktig konstn\u00e4r i Kazakstan.  Vi trycker och skickar dina tatueringar inom 24h.  Storlek ark: A5 Antal tatueringar: 19 Storlek tatueringar: 3-6 cm","og_url":"https:\/\/likeink.com\/sv\/gnuggisar\/girl-power-tatueringar-a5-ark\/","og_site_name":"Like ink","article_publisher":"https:\/\/www.facebook.com\/LikeInkSe","article_modified_time":"2026-04-14T13:14:13+00:00","og_image":[{"width":1418,"height":1000,"url":"https:\/\/likeink.com\/wp-content\/uploads\/2022\/06\/Girlpower_tattoos_Likeink.jpg","type":"image\/jpeg"}],"twitter_card":"summary_large_image","schema":{"@context":"https:\/\/schema.org","@graph":[{"@type":"WebPage","@id":"https:\/\/likeink.com\/sv\/gnuggisar\/girl-power-tatueringar-a5-ark\/","url":"https:\/\/likeink.com\/sv\/gnuggisar\/girl-power-tatueringar-a5-ark\/","name":"Girl power tatueringar I Gnuggistatueringar - Like ink","isPartOf":{"@id":"https:\/\/likeink.com\/sv\/#website"},"primaryImageOfPage":{"@id":"https:\/\/likeink.com\/sv\/gnuggisar\/girl-power-tatueringar-a5-ark\/#primaryimage"},"image":{"@id":"https:\/\/likeink.com\/sv\/gnuggisar\/girl-power-tatueringar-a5-ark\/#primaryimage"},"thumbnailUrl":"https:\/\/likeink.com\/wp-content\/uploads\/2022\/06\/Girlpower_tattoos_Likeink.jpg","datePublished":"2022-06-02T17:45:00+00:00","dateModified":"2026-04-14T13:14:13+00:00","description":"Girl power tatueringar. Gnuggistatueringar med motiv som symboliserar systerskap och solidaritet! - Like ink","breadcrumb":{"@id":"https:\/\/likeink.com\/sv\/gnuggisar\/girl-power-tatueringar-a5-ark\/#breadcrumb"},"inLanguage":"sv-SE","potentialAction":[{"@type":"ReadAction","target":["https:\/\/likeink.com\/sv\/gnuggisar\/girl-power-tatueringar-a5-ark\/"]}]},{"@type":"ImageObject","inLanguage":"sv-SE","@id":"https:\/\/likeink.com\/sv\/gnuggisar\/girl-power-tatueringar-a5-ark\/#primaryimage","url":"https:\/\/likeink.com\/wp-content\/uploads\/2022\/06\/Girlpower_tattoos_Likeink.jpg","contentUrl":"https:\/\/likeink.com\/wp-content\/uploads\/2022\/06\/Girlpower_tattoos_Likeink.jpg","width":1418,"height":1000,"caption":"Gnuggisar med Girl Power, Feminism, girl pwr, kvinnosymbol tatuering."},{"@type":"BreadcrumbList","@id":"https:\/\/likeink.com\/sv\/gnuggisar\/girl-power-tatueringar-a5-ark\/#breadcrumb","itemListElement":[{"@type":"ListItem","position":1,"name":"Hem","item":"https:\/\/likeink.com\/sv\/"},{"@type":"ListItem","position":2,"name":"Webbutik","item":"https:\/\/likeink.com\/sv\/webbutik\/"},{"@type":"ListItem","position":3,"name":"Girl power tatueringar"}]},{"@type":"WebSite","@id":"https:\/\/likeink.com\/sv\/#website","url":"https:\/\/likeink.com\/sv\/","name":"Like ink","description":"Make your own custom design","potentialAction":[{"@type":"SearchAction","target":{"@type":"EntryPoint","urlTemplate":"https:\/\/likeink.com\/sv\/?s={search_term_string}"},"query-input":{"@type":"PropertyValueSpecification","valueRequired":true,"valueName":"search_term_string"}}],"inLanguage":"sv-SE"}]}},"_links":{"self":[{"href":"https:\/\/likeink.com\/sv\/wp-json\/wp\/v2\/product\/11160","targetHints":{"allow":["GET"]}}],"collection":[{"href":"https:\/\/likeink.com\/sv\/wp-json\/wp\/v2\/product"}],"about":[{"href":"https:\/\/likeink.com\/sv\/wp-json\/wp\/v2\/types\/product"}],"wp:featuredmedia":[{"embeddable":true,"href":"https:\/\/likeink.com\/sv\/wp-json\/wp\/v2\/media\/11118"}],"wp:attachment":[{"href":"https:\/\/likeink.com\/sv\/wp-json\/wp\/v2\/media?parent=11160"}],"wp:term":[{"taxonomy":"product_brand","embeddable":true,"href":"https:\/\/likeink.com\/sv\/wp-json\/wp\/v2\/product_brand?post=11160"},{"taxonomy":"product_cat","embeddable":true,"href":"https:\/\/likeink.com\/sv\/wp-json\/wp\/v2\/product_cat?post=11160"},{"taxonomy":"product_tag","embeddable":true,"href":"https:\/\/likeink.com\/sv\/wp-json\/wp\/v2\/product_tag?post=11160"}],"curies":[{"name":"wp","href":"https:\/\/api.w.org\/{rel}","templated":true}]}}