{"id":13450,"date":"2022-09-20T18:11:45","date_gmt":"2022-09-20T18:11:45","guid":{"rendered":"https:\/\/likeink.se\/?post_type=product&#038;p=13450"},"modified":"2026-04-14T13:36:56","modified_gmt":"2026-04-14T13:36:56","slug":"suicide-squad-joker-tatueringar-a5-ark","status":"publish","type":"product","link":"https:\/\/likeink.com\/sv\/gnuggisar\/suicide-squad-joker-tatueringar-a5-ark\/","title":{"rendered":"Suicide Squad Joker Tatueringar"},"content":{"rendered":"","protected":false},"excerpt":{"rendered":"<p>V\u00e5ra ark med gnuggistatueringar \u00e4r 20X14 cm stora och fyllda med Joker designen fr\u00e5n filmen Suicide Squad som ni ser p\u00e5 bilden. Vi trycker och skickar din best\u00e4llning inom 24 timmar!<\/p>\n<h2>Suicide Squad Joker Tatueringar f\u00f6r ansikte, hand och underarmar<\/h2>\n<p>I sitt ansikte har Joker f\u00f6ljande tatueringar: Texten Damaged ska placeras mitt p\u00e5 pannan, J-tatuueringen under v\u00e4nster \u00f6ga och den svarta stj\u00e4rnan snett \u00f6ver h\u00f6ger \u00f6ga.<\/p>\n<p>Den stora mer avl\u00e5nga munnen ska vara p\u00e5 h\u00f6ger underarm och den stora h\u00f6gre munnen ska vara p\u00e5 v\u00e4nsterhandens handrygg. Tatueringen med HAHAHA ska vara p\u00e5 v\u00e4nster underarm.<\/p>\n<p>Jokern som p\u00e5 engelska \u00e4r The Joker, \u00e4r en fiktiv skurk fr\u00e5n DC Comics, fr\u00e4mst k\u00e4nd som Batmans \u00e4rkefiende. The Joker skapades av Bob Kane och Bill Finger, och hade sitt f\u00f6rsta framtr\u00e4dande i Batman #1<\/p>\n<p>Jokern \u00e4r en av f\u00e5 fiktiva figurer som har tatueringar och det g\u00f6r naturligtvis Jokern tillsammans med Jokerns ex-flickv\u00e4n Harley Quinn till Like inks favoritskurkar.<\/p>\n<p>Like inks gnuggistatueringar h\u00e5ller h\u00f6gsta kvalitet, \u00e4r s\u00e4kra och l\u00e4tta att anv\u00e4nda och dessutom ser tatueringarna bra ut!<\/p>\n","protected":false},"featured_media":13443,"template":"","meta":[],"product_brand":[],"product_cat":[17,126,490],"product_tag":[],"class_list":{"0":"post-13450","1":"product","2":"type-product","3":"status-publish","4":"has-post-thumbnail","6":"product_cat-fardiga-ark","7":"product_cat-halloween-tatueringar","8":"product_cat-maskerad-sasong","10":"first","11":"instock","12":"taxable","13":"shipping-taxable","14":"purchasable","15":"product-type-simple"},"yoast_head":"<!-- This site is optimized with the Yoast SEO Premium plugin v26.2 (Yoast SEO v27.4) - https:\/\/yoast.com\/product\/yoast-seo-premium-wordpress\/ -->\n<title>Suicide Squad Joker Tatueringar A5-ark - Like ink<\/title>\n<meta name=\"description\" content=\"Suicide Squad Joker Tatueringar p\u00e5 A5-ark. Jokertatueringar f\u00f6r ansikte, h\u00e4nder och underarmar. Bra kvalitet och snabb leverans! - Like ink\" \/>\n<meta name=\"robots\" content=\"index, follow, max-snippet:-1, max-image-preview:large, max-video-preview:-1\" \/>\n<link rel=\"canonical\" href=\"https:\/\/likeink.com\/sv\/gnuggisar\/suicide-squad-joker-tatueringar-a5-ark\/\" \/>\n<meta property=\"og:locale\" content=\"sv_SE\" \/>\n<meta property=\"og:type\" content=\"article\" \/>\n<meta property=\"og:title\" content=\"Suicide Squad Joker Tatueringar\" \/>\n<meta property=\"og:description\" content=\"V\u00e5ra ark med gnuggistatueringar \u00e4r 20X14 cm stora och fyllda med Joker designen fr\u00e5n filmen Suicide Squad som ni ser p\u00e5 bilden. Vi trycker och skickar din best\u00e4llning inom 24 timmar! Suicide Squad Joker Tatueringar f\u00f6r ansikte, hand och underarmar I sitt ansikte har Joker f\u00f6ljande tatueringar: Texten Damaged ska placeras mitt p\u00e5 pannan, J-tatuueringen under v\u00e4nster \u00f6ga och den svarta stj\u00e4rnan snett \u00f6ver h\u00f6ger \u00f6ga.  Den stora mer avl\u00e5nga munnen ska vara p\u00e5 h\u00f6ger underarm och den stora h\u00f6gre munnen ska vara p\u00e5 v\u00e4nsterhandens handrygg. Tatueringen med HAHAHA ska vara p\u00e5 v\u00e4nster underarm.  Jokern som p\u00e5 engelska \u00e4r The Joker, \u00e4r en fiktiv skurk fr\u00e5n DC Comics, fr\u00e4mst k\u00e4nd som Batmans \u00e4rkefiende. The Joker skapades av Bob Kane och Bill Finger, och hade sitt f\u00f6rsta framtr\u00e4dande i Batman #1  Jokern \u00e4r en av f\u00e5 fiktiva figurer som har tatueringar och det g\u00f6r naturligtvis Jokern tillsammans med Jokerns ex-flickv\u00e4n Harley Quinn till Like inks favoritskurkar.  Like inks gnuggistatueringar h\u00e5ller h\u00f6gsta kvalitet, \u00e4r s\u00e4kra och l\u00e4tta att anv\u00e4nda och dessutom ser tatueringarna bra ut!\" \/>\n<meta property=\"og:url\" content=\"https:\/\/likeink.com\/sv\/gnuggisar\/suicide-squad-joker-tatueringar-a5-ark\/\" \/>\n<meta property=\"og:site_name\" content=\"Like ink\" \/>\n<meta property=\"article:publisher\" content=\"https:\/\/www.facebook.com\/LikeInkSe\" \/>\n<meta property=\"article:modified_time\" content=\"2026-04-14T13:36:56+00:00\" \/>\n<meta property=\"og:image\" content=\"https:\/\/likeink.com\/wp-content\/uploads\/2022\/09\/Joker_FaceTattoos_Likeink.jpg\" \/>\n\t<meta property=\"og:image:width\" content=\"1200\" \/>\n\t<meta property=\"og:image:height\" content=\"845\" \/>\n\t<meta property=\"og:image:type\" content=\"image\/jpeg\" \/>\n<meta name=\"twitter:card\" content=\"summary_large_image\" \/>\n<script type=\"application\/ld+json\" class=\"yoast-schema-graph\">{\"@context\":\"https:\\\/\\\/schema.org\",\"@graph\":[{\"@type\":\"WebPage\",\"@id\":\"https:\\\/\\\/likeink.com\\\/sv\\\/gnuggisar\\\/suicide-squad-joker-tatueringar-a5-ark\\\/\",\"url\":\"https:\\\/\\\/likeink.com\\\/sv\\\/gnuggisar\\\/suicide-squad-joker-tatueringar-a5-ark\\\/\",\"name\":\"Suicide Squad Joker Tatueringar A5-ark - Like ink\",\"isPartOf\":{\"@id\":\"https:\\\/\\\/likeink.com\\\/sv\\\/#website\"},\"primaryImageOfPage\":{\"@id\":\"https:\\\/\\\/likeink.com\\\/sv\\\/gnuggisar\\\/suicide-squad-joker-tatueringar-a5-ark\\\/#primaryimage\"},\"image\":{\"@id\":\"https:\\\/\\\/likeink.com\\\/sv\\\/gnuggisar\\\/suicide-squad-joker-tatueringar-a5-ark\\\/#primaryimage\"},\"thumbnailUrl\":\"https:\\\/\\\/likeink.com\\\/wp-content\\\/uploads\\\/2022\\\/09\\\/Joker_FaceTattoos_Likeink.jpg\",\"datePublished\":\"2022-09-20T18:11:45+00:00\",\"dateModified\":\"2026-04-14T13:36:56+00:00\",\"description\":\"Suicide Squad Joker Tatueringar p\u00e5 A5-ark. Jokertatueringar f\u00f6r ansikte, h\u00e4nder och underarmar. Bra kvalitet och snabb leverans! - Like ink\",\"breadcrumb\":{\"@id\":\"https:\\\/\\\/likeink.com\\\/sv\\\/gnuggisar\\\/suicide-squad-joker-tatueringar-a5-ark\\\/#breadcrumb\"},\"inLanguage\":\"sv-SE\",\"potentialAction\":[{\"@type\":\"ReadAction\",\"target\":[\"https:\\\/\\\/likeink.com\\\/sv\\\/gnuggisar\\\/suicide-squad-joker-tatueringar-a5-ark\\\/\"]}]},{\"@type\":\"ImageObject\",\"inLanguage\":\"sv-SE\",\"@id\":\"https:\\\/\\\/likeink.com\\\/sv\\\/gnuggisar\\\/suicide-squad-joker-tatueringar-a5-ark\\\/#primaryimage\",\"url\":\"https:\\\/\\\/likeink.com\\\/wp-content\\\/uploads\\\/2022\\\/09\\\/Joker_FaceTattoos_Likeink.jpg\",\"contentUrl\":\"https:\\\/\\\/likeink.com\\\/wp-content\\\/uploads\\\/2022\\\/09\\\/Joker_FaceTattoos_Likeink.jpg\",\"width\":1200,\"height\":845,\"caption\":\"Suicide Squad Joker Face & Hand Temporary Tattoos\"},{\"@type\":\"BreadcrumbList\",\"@id\":\"https:\\\/\\\/likeink.com\\\/sv\\\/gnuggisar\\\/suicide-squad-joker-tatueringar-a5-ark\\\/#breadcrumb\",\"itemListElement\":[{\"@type\":\"ListItem\",\"position\":1,\"name\":\"Hem\",\"item\":\"https:\\\/\\\/likeink.com\\\/sv\\\/\"},{\"@type\":\"ListItem\",\"position\":2,\"name\":\"Webbutik\",\"item\":\"https:\\\/\\\/likeink.com\\\/sv\\\/webbutik\\\/\"},{\"@type\":\"ListItem\",\"position\":3,\"name\":\"Suicide Squad Joker Tatueringar\"}]},{\"@type\":\"WebSite\",\"@id\":\"https:\\\/\\\/likeink.com\\\/sv\\\/#website\",\"url\":\"https:\\\/\\\/likeink.com\\\/sv\\\/\",\"name\":\"Like ink\",\"description\":\"Make your own custom design\",\"potentialAction\":[{\"@type\":\"SearchAction\",\"target\":{\"@type\":\"EntryPoint\",\"urlTemplate\":\"https:\\\/\\\/likeink.com\\\/sv\\\/?s={search_term_string}\"},\"query-input\":{\"@type\":\"PropertyValueSpecification\",\"valueRequired\":true,\"valueName\":\"search_term_string\"}}],\"inLanguage\":\"sv-SE\"}]}<\/script>\n<!-- \/ Yoast SEO Premium plugin. -->","yoast_head_json":{"title":"Suicide Squad Joker Tatueringar A5-ark - Like ink","description":"Suicide Squad Joker Tatueringar p\u00e5 A5-ark. Jokertatueringar f\u00f6r ansikte, h\u00e4nder och underarmar. Bra kvalitet och snabb leverans! - Like ink","robots":{"index":"index","follow":"follow","max-snippet":"max-snippet:-1","max-image-preview":"max-image-preview:large","max-video-preview":"max-video-preview:-1"},"canonical":"https:\/\/likeink.com\/sv\/gnuggisar\/suicide-squad-joker-tatueringar-a5-ark\/","og_locale":"sv_SE","og_type":"article","og_title":"Suicide Squad Joker Tatueringar","og_description":"V\u00e5ra ark med gnuggistatueringar \u00e4r 20X14 cm stora och fyllda med Joker designen fr\u00e5n filmen Suicide Squad som ni ser p\u00e5 bilden. Vi trycker och skickar din best\u00e4llning inom 24 timmar! Suicide Squad Joker Tatueringar f\u00f6r ansikte, hand och underarmar I sitt ansikte har Joker f\u00f6ljande tatueringar: Texten Damaged ska placeras mitt p\u00e5 pannan, J-tatuueringen under v\u00e4nster \u00f6ga och den svarta stj\u00e4rnan snett \u00f6ver h\u00f6ger \u00f6ga.  Den stora mer avl\u00e5nga munnen ska vara p\u00e5 h\u00f6ger underarm och den stora h\u00f6gre munnen ska vara p\u00e5 v\u00e4nsterhandens handrygg. Tatueringen med HAHAHA ska vara p\u00e5 v\u00e4nster underarm.  Jokern som p\u00e5 engelska \u00e4r The Joker, \u00e4r en fiktiv skurk fr\u00e5n DC Comics, fr\u00e4mst k\u00e4nd som Batmans \u00e4rkefiende. The Joker skapades av Bob Kane och Bill Finger, och hade sitt f\u00f6rsta framtr\u00e4dande i Batman #1  Jokern \u00e4r en av f\u00e5 fiktiva figurer som har tatueringar och det g\u00f6r naturligtvis Jokern tillsammans med Jokerns ex-flickv\u00e4n Harley Quinn till Like inks favoritskurkar.  Like inks gnuggistatueringar h\u00e5ller h\u00f6gsta kvalitet, \u00e4r s\u00e4kra och l\u00e4tta att anv\u00e4nda och dessutom ser tatueringarna bra ut!","og_url":"https:\/\/likeink.com\/sv\/gnuggisar\/suicide-squad-joker-tatueringar-a5-ark\/","og_site_name":"Like ink","article_publisher":"https:\/\/www.facebook.com\/LikeInkSe","article_modified_time":"2026-04-14T13:36:56+00:00","og_image":[{"width":1200,"height":845,"url":"https:\/\/likeink.com\/wp-content\/uploads\/2022\/09\/Joker_FaceTattoos_Likeink.jpg","type":"image\/jpeg"}],"twitter_card":"summary_large_image","schema":{"@context":"https:\/\/schema.org","@graph":[{"@type":"WebPage","@id":"https:\/\/likeink.com\/sv\/gnuggisar\/suicide-squad-joker-tatueringar-a5-ark\/","url":"https:\/\/likeink.com\/sv\/gnuggisar\/suicide-squad-joker-tatueringar-a5-ark\/","name":"Suicide Squad Joker Tatueringar A5-ark - Like ink","isPartOf":{"@id":"https:\/\/likeink.com\/sv\/#website"},"primaryImageOfPage":{"@id":"https:\/\/likeink.com\/sv\/gnuggisar\/suicide-squad-joker-tatueringar-a5-ark\/#primaryimage"},"image":{"@id":"https:\/\/likeink.com\/sv\/gnuggisar\/suicide-squad-joker-tatueringar-a5-ark\/#primaryimage"},"thumbnailUrl":"https:\/\/likeink.com\/wp-content\/uploads\/2022\/09\/Joker_FaceTattoos_Likeink.jpg","datePublished":"2022-09-20T18:11:45+00:00","dateModified":"2026-04-14T13:36:56+00:00","description":"Suicide Squad Joker Tatueringar p\u00e5 A5-ark. Jokertatueringar f\u00f6r ansikte, h\u00e4nder och underarmar. Bra kvalitet och snabb leverans! - Like ink","breadcrumb":{"@id":"https:\/\/likeink.com\/sv\/gnuggisar\/suicide-squad-joker-tatueringar-a5-ark\/#breadcrumb"},"inLanguage":"sv-SE","potentialAction":[{"@type":"ReadAction","target":["https:\/\/likeink.com\/sv\/gnuggisar\/suicide-squad-joker-tatueringar-a5-ark\/"]}]},{"@type":"ImageObject","inLanguage":"sv-SE","@id":"https:\/\/likeink.com\/sv\/gnuggisar\/suicide-squad-joker-tatueringar-a5-ark\/#primaryimage","url":"https:\/\/likeink.com\/wp-content\/uploads\/2022\/09\/Joker_FaceTattoos_Likeink.jpg","contentUrl":"https:\/\/likeink.com\/wp-content\/uploads\/2022\/09\/Joker_FaceTattoos_Likeink.jpg","width":1200,"height":845,"caption":"Suicide Squad Joker Face & Hand Temporary Tattoos"},{"@type":"BreadcrumbList","@id":"https:\/\/likeink.com\/sv\/gnuggisar\/suicide-squad-joker-tatueringar-a5-ark\/#breadcrumb","itemListElement":[{"@type":"ListItem","position":1,"name":"Hem","item":"https:\/\/likeink.com\/sv\/"},{"@type":"ListItem","position":2,"name":"Webbutik","item":"https:\/\/likeink.com\/sv\/webbutik\/"},{"@type":"ListItem","position":3,"name":"Suicide Squad Joker Tatueringar"}]},{"@type":"WebSite","@id":"https:\/\/likeink.com\/sv\/#website","url":"https:\/\/likeink.com\/sv\/","name":"Like ink","description":"Make your own custom design","potentialAction":[{"@type":"SearchAction","target":{"@type":"EntryPoint","urlTemplate":"https:\/\/likeink.com\/sv\/?s={search_term_string}"},"query-input":{"@type":"PropertyValueSpecification","valueRequired":true,"valueName":"search_term_string"}}],"inLanguage":"sv-SE"}]}},"_links":{"self":[{"href":"https:\/\/likeink.com\/sv\/wp-json\/wp\/v2\/product\/13450","targetHints":{"allow":["GET"]}}],"collection":[{"href":"https:\/\/likeink.com\/sv\/wp-json\/wp\/v2\/product"}],"about":[{"href":"https:\/\/likeink.com\/sv\/wp-json\/wp\/v2\/types\/product"}],"wp:featuredmedia":[{"embeddable":true,"href":"https:\/\/likeink.com\/sv\/wp-json\/wp\/v2\/media\/13443"}],"wp:attachment":[{"href":"https:\/\/likeink.com\/sv\/wp-json\/wp\/v2\/media?parent=13450"}],"wp:term":[{"taxonomy":"product_brand","embeddable":true,"href":"https:\/\/likeink.com\/sv\/wp-json\/wp\/v2\/product_brand?post=13450"},{"taxonomy":"product_cat","embeddable":true,"href":"https:\/\/likeink.com\/sv\/wp-json\/wp\/v2\/product_cat?post=13450"},{"taxonomy":"product_tag","embeddable":true,"href":"https:\/\/likeink.com\/sv\/wp-json\/wp\/v2\/product_tag?post=13450"}],"curies":[{"name":"wp","href":"https:\/\/api.w.org\/{rel}","templated":true}]}}