{"id":13599,"date":"2022-09-28T15:10:41","date_gmt":"2022-09-28T15:10:41","guid":{"rendered":"https:\/\/likeink.se\/produkt\/day-of-the-dead-face-tattoos-a5\/"},"modified":"2026-04-14T13:36:54","modified_gmt":"2026-04-14T13:36:54","slug":"day-of-the-dead-ansiktstatueringar","status":"publish","type":"product","link":"https:\/\/likeink.com\/sv\/gnuggisar\/day-of-the-dead-ansiktstatueringar\/","title":{"rendered":"Day Of the Dead ansikts-tatueringar"},"content":{"rendered":"","protected":false},"excerpt":{"rendered":"<p>V\u00e5ra ark med gnuggistatueringar \u00e4r 20X14 cm stora och fyllda med designen p\u00e5 bilden. Vi trycker och skickar din best\u00e4llning inom 24 timmar!<\/p>\n<h2>Best\u00e4ll gnuggisar till halloween, A5 ark med Day of the Dead ansiktstatueringar<\/h2>\n<p>Day of the Dead \u00e4r ursprungligen en mexikansk h\u00f6gtid som firades varje \u00e5r till minne av familj och v\u00e4nner som g\u00e5tt bort. Med tiden har Day of the Dead spridits till stora delar av v\u00e4rlden och idag sm\u00e4lter h\u00f6gtiden ofta samman med Halloween, Allhelgonaafton och andra amerikanska h\u00f6gtider.<\/p>\n<p>Med hj\u00e4lp av detta A5-ark fyllt av Day of the Dead gnuggistatueringar kan du dekorera ditt ansikte och din kropp med spindeln\u00e4t, kors, spindlar och olika m\u00f6nster!<br \/>\nEn sak \u00e4r s\u00e4ker, du kommer att synas oavsett om du ska p\u00e5 Halloween-fest, maskerad eller bara vill skoja till det!<\/p>\n<p>V\u00e5ra tatueringar \u00e4r enkla att applicera, tv\u00e4tta bort och \u00e4r givetvis s\u00e4kra att anv\u00e4nda.<\/p>\n<p>Storlek ark: A5<br \/>\nAntal tatueringar: 16<\/p>\n","protected":false},"featured_media":13515,"template":"","meta":[],"product_brand":[],"product_cat":[17,126,490],"product_tag":[],"class_list":{"0":"post-13599","1":"product","2":"type-product","3":"status-publish","4":"has-post-thumbnail","6":"product_cat-fardiga-ark","7":"product_cat-halloween-tatueringar","8":"product_cat-maskerad-sasong","10":"first","11":"instock","12":"taxable","13":"shipping-taxable","14":"purchasable","15":"product-type-simple"},"yoast_head":"<!-- This site is optimized with the Yoast SEO Premium plugin v26.2 (Yoast SEO v27.4) - https:\/\/yoast.com\/product\/yoast-seo-premium-wordpress\/ -->\n<title>Day Of the Dead ansiktstatueringar p\u00e5 A5 ark - Like ink<\/title>\n<meta name=\"description\" content=\"Day Of the Dead ansiktstatueringar perfekt f\u00f6r Halloweenfesten! H\u00f6g kvalitet och s\u00e4kra tatueringar tillverkade i Sverige. - Like ink\" \/>\n<meta name=\"robots\" content=\"index, follow, max-snippet:-1, max-image-preview:large, max-video-preview:-1\" \/>\n<link rel=\"canonical\" href=\"https:\/\/likeink.com\/sv\/gnuggisar\/day-of-the-dead-ansiktstatueringar\/\" \/>\n<meta property=\"og:locale\" content=\"sv_SE\" \/>\n<meta property=\"og:type\" content=\"article\" \/>\n<meta property=\"og:title\" content=\"Day Of the Dead ansikts-tatueringar\" \/>\n<meta property=\"og:description\" content=\"V\u00e5ra ark med gnuggistatueringar \u00e4r 20X14 cm stora och fyllda med designen p\u00e5 bilden. Vi trycker och skickar din best\u00e4llning inom 24 timmar! Best\u00e4ll gnuggisar till halloween, A5 ark med Day of the Dead ansiktstatueringar Day of the Dead \u00e4r ursprungligen en mexikansk h\u00f6gtid som firades varje \u00e5r till minne av familj och v\u00e4nner som g\u00e5tt bort. Med tiden har Day of the Dead spridits till stora delar av v\u00e4rlden och idag sm\u00e4lter h\u00f6gtiden ofta samman med Halloween, Allhelgonaafton och andra amerikanska h\u00f6gtider.  Med hj\u00e4lp av detta A5-ark fyllt av Day of the Dead gnuggistatueringar kan du dekorera ditt ansikte och din kropp med spindeln\u00e4t, kors, spindlar och olika m\u00f6nster! En sak \u00e4r s\u00e4ker, du kommer att synas oavsett om du ska p\u00e5 Halloween-fest, maskerad eller bara vill skoja till det!  V\u00e5ra tatueringar \u00e4r enkla att applicera, tv\u00e4tta bort och \u00e4r givetvis s\u00e4kra att anv\u00e4nda.  Storlek ark: A5 Antal tatueringar: 16\" \/>\n<meta property=\"og:url\" content=\"https:\/\/likeink.com\/sv\/gnuggisar\/day-of-the-dead-ansiktstatueringar\/\" \/>\n<meta property=\"og:site_name\" content=\"Like ink\" \/>\n<meta property=\"article:publisher\" content=\"https:\/\/www.facebook.com\/LikeInkSe\" \/>\n<meta property=\"article:modified_time\" content=\"2026-04-14T13:36:54+00:00\" \/>\n<meta property=\"og:image\" content=\"https:\/\/likeink.com\/wp-content\/uploads\/2022\/09\/DayOfTheDead_FaceTattoo_Purple_Likeink.jpg\" \/>\n\t<meta property=\"og:image:width\" content=\"992\" \/>\n\t<meta property=\"og:image:height\" content=\"700\" \/>\n\t<meta property=\"og:image:type\" content=\"image\/jpeg\" \/>\n<meta name=\"twitter:card\" content=\"summary_large_image\" \/>\n<script type=\"application\/ld+json\" class=\"yoast-schema-graph\">{\"@context\":\"https:\\\/\\\/schema.org\",\"@graph\":[{\"@type\":\"WebPage\",\"@id\":\"https:\\\/\\\/likeink.com\\\/sv\\\/gnuggisar\\\/day-of-the-dead-ansiktstatueringar\\\/\",\"url\":\"https:\\\/\\\/likeink.com\\\/sv\\\/gnuggisar\\\/day-of-the-dead-ansiktstatueringar\\\/\",\"name\":\"Day Of the Dead ansiktstatueringar p\u00e5 A5 ark - Like ink\",\"isPartOf\":{\"@id\":\"https:\\\/\\\/likeink.com\\\/sv\\\/#website\"},\"primaryImageOfPage\":{\"@id\":\"https:\\\/\\\/likeink.com\\\/sv\\\/gnuggisar\\\/day-of-the-dead-ansiktstatueringar\\\/#primaryimage\"},\"image\":{\"@id\":\"https:\\\/\\\/likeink.com\\\/sv\\\/gnuggisar\\\/day-of-the-dead-ansiktstatueringar\\\/#primaryimage\"},\"thumbnailUrl\":\"https:\\\/\\\/likeink.com\\\/wp-content\\\/uploads\\\/2022\\\/09\\\/DayOfTheDead_FaceTattoo_Purple_Likeink.jpg\",\"datePublished\":\"2022-09-28T15:10:41+00:00\",\"dateModified\":\"2026-04-14T13:36:54+00:00\",\"description\":\"Day Of the Dead ansiktstatueringar perfekt f\u00f6r Halloweenfesten! H\u00f6g kvalitet och s\u00e4kra tatueringar tillverkade i Sverige. - Like ink\",\"breadcrumb\":{\"@id\":\"https:\\\/\\\/likeink.com\\\/sv\\\/gnuggisar\\\/day-of-the-dead-ansiktstatueringar\\\/#breadcrumb\"},\"inLanguage\":\"sv-SE\",\"potentialAction\":[{\"@type\":\"ReadAction\",\"target\":[\"https:\\\/\\\/likeink.com\\\/sv\\\/gnuggisar\\\/day-of-the-dead-ansiktstatueringar\\\/\"]}]},{\"@type\":\"ImageObject\",\"inLanguage\":\"sv-SE\",\"@id\":\"https:\\\/\\\/likeink.com\\\/sv\\\/gnuggisar\\\/day-of-the-dead-ansiktstatueringar\\\/#primaryimage\",\"url\":\"https:\\\/\\\/likeink.com\\\/wp-content\\\/uploads\\\/2022\\\/09\\\/DayOfTheDead_FaceTattoo_Purple_Likeink.jpg\",\"contentUrl\":\"https:\\\/\\\/likeink.com\\\/wp-content\\\/uploads\\\/2022\\\/09\\\/DayOfTheDead_FaceTattoo_Purple_Likeink.jpg\",\"width\":992,\"height\":700,\"caption\":\"Rosa tatuering, tillf\u00e4lligt tatuering\"},{\"@type\":\"BreadcrumbList\",\"@id\":\"https:\\\/\\\/likeink.com\\\/sv\\\/gnuggisar\\\/day-of-the-dead-ansiktstatueringar\\\/#breadcrumb\",\"itemListElement\":[{\"@type\":\"ListItem\",\"position\":1,\"name\":\"Hem\",\"item\":\"https:\\\/\\\/likeink.com\\\/sv\\\/\"},{\"@type\":\"ListItem\",\"position\":2,\"name\":\"Webbutik\",\"item\":\"https:\\\/\\\/likeink.com\\\/sv\\\/webbutik\\\/\"},{\"@type\":\"ListItem\",\"position\":3,\"name\":\"Day Of the Dead ansikts-tatueringar\"}]},{\"@type\":\"WebSite\",\"@id\":\"https:\\\/\\\/likeink.com\\\/sv\\\/#website\",\"url\":\"https:\\\/\\\/likeink.com\\\/sv\\\/\",\"name\":\"Like ink\",\"description\":\"Make your own custom design\",\"potentialAction\":[{\"@type\":\"SearchAction\",\"target\":{\"@type\":\"EntryPoint\",\"urlTemplate\":\"https:\\\/\\\/likeink.com\\\/sv\\\/?s={search_term_string}\"},\"query-input\":{\"@type\":\"PropertyValueSpecification\",\"valueRequired\":true,\"valueName\":\"search_term_string\"}}],\"inLanguage\":\"sv-SE\"}]}<\/script>\n<!-- \/ Yoast SEO Premium plugin. -->","yoast_head_json":{"title":"Day Of the Dead ansiktstatueringar p\u00e5 A5 ark - Like ink","description":"Day Of the Dead ansiktstatueringar perfekt f\u00f6r Halloweenfesten! H\u00f6g kvalitet och s\u00e4kra tatueringar tillverkade i Sverige. - Like ink","robots":{"index":"index","follow":"follow","max-snippet":"max-snippet:-1","max-image-preview":"max-image-preview:large","max-video-preview":"max-video-preview:-1"},"canonical":"https:\/\/likeink.com\/sv\/gnuggisar\/day-of-the-dead-ansiktstatueringar\/","og_locale":"sv_SE","og_type":"article","og_title":"Day Of the Dead ansikts-tatueringar","og_description":"V\u00e5ra ark med gnuggistatueringar \u00e4r 20X14 cm stora och fyllda med designen p\u00e5 bilden. Vi trycker och skickar din best\u00e4llning inom 24 timmar! Best\u00e4ll gnuggisar till halloween, A5 ark med Day of the Dead ansiktstatueringar Day of the Dead \u00e4r ursprungligen en mexikansk h\u00f6gtid som firades varje \u00e5r till minne av familj och v\u00e4nner som g\u00e5tt bort. Med tiden har Day of the Dead spridits till stora delar av v\u00e4rlden och idag sm\u00e4lter h\u00f6gtiden ofta samman med Halloween, Allhelgonaafton och andra amerikanska h\u00f6gtider.  Med hj\u00e4lp av detta A5-ark fyllt av Day of the Dead gnuggistatueringar kan du dekorera ditt ansikte och din kropp med spindeln\u00e4t, kors, spindlar och olika m\u00f6nster! En sak \u00e4r s\u00e4ker, du kommer att synas oavsett om du ska p\u00e5 Halloween-fest, maskerad eller bara vill skoja till det!  V\u00e5ra tatueringar \u00e4r enkla att applicera, tv\u00e4tta bort och \u00e4r givetvis s\u00e4kra att anv\u00e4nda.  Storlek ark: A5 Antal tatueringar: 16","og_url":"https:\/\/likeink.com\/sv\/gnuggisar\/day-of-the-dead-ansiktstatueringar\/","og_site_name":"Like ink","article_publisher":"https:\/\/www.facebook.com\/LikeInkSe","article_modified_time":"2026-04-14T13:36:54+00:00","og_image":[{"width":992,"height":700,"url":"https:\/\/likeink.com\/wp-content\/uploads\/2022\/09\/DayOfTheDead_FaceTattoo_Purple_Likeink.jpg","type":"image\/jpeg"}],"twitter_card":"summary_large_image","schema":{"@context":"https:\/\/schema.org","@graph":[{"@type":"WebPage","@id":"https:\/\/likeink.com\/sv\/gnuggisar\/day-of-the-dead-ansiktstatueringar\/","url":"https:\/\/likeink.com\/sv\/gnuggisar\/day-of-the-dead-ansiktstatueringar\/","name":"Day Of the Dead ansiktstatueringar p\u00e5 A5 ark - Like ink","isPartOf":{"@id":"https:\/\/likeink.com\/sv\/#website"},"primaryImageOfPage":{"@id":"https:\/\/likeink.com\/sv\/gnuggisar\/day-of-the-dead-ansiktstatueringar\/#primaryimage"},"image":{"@id":"https:\/\/likeink.com\/sv\/gnuggisar\/day-of-the-dead-ansiktstatueringar\/#primaryimage"},"thumbnailUrl":"https:\/\/likeink.com\/wp-content\/uploads\/2022\/09\/DayOfTheDead_FaceTattoo_Purple_Likeink.jpg","datePublished":"2022-09-28T15:10:41+00:00","dateModified":"2026-04-14T13:36:54+00:00","description":"Day Of the Dead ansiktstatueringar perfekt f\u00f6r Halloweenfesten! H\u00f6g kvalitet och s\u00e4kra tatueringar tillverkade i Sverige. - Like ink","breadcrumb":{"@id":"https:\/\/likeink.com\/sv\/gnuggisar\/day-of-the-dead-ansiktstatueringar\/#breadcrumb"},"inLanguage":"sv-SE","potentialAction":[{"@type":"ReadAction","target":["https:\/\/likeink.com\/sv\/gnuggisar\/day-of-the-dead-ansiktstatueringar\/"]}]},{"@type":"ImageObject","inLanguage":"sv-SE","@id":"https:\/\/likeink.com\/sv\/gnuggisar\/day-of-the-dead-ansiktstatueringar\/#primaryimage","url":"https:\/\/likeink.com\/wp-content\/uploads\/2022\/09\/DayOfTheDead_FaceTattoo_Purple_Likeink.jpg","contentUrl":"https:\/\/likeink.com\/wp-content\/uploads\/2022\/09\/DayOfTheDead_FaceTattoo_Purple_Likeink.jpg","width":992,"height":700,"caption":"Rosa tatuering, tillf\u00e4lligt tatuering"},{"@type":"BreadcrumbList","@id":"https:\/\/likeink.com\/sv\/gnuggisar\/day-of-the-dead-ansiktstatueringar\/#breadcrumb","itemListElement":[{"@type":"ListItem","position":1,"name":"Hem","item":"https:\/\/likeink.com\/sv\/"},{"@type":"ListItem","position":2,"name":"Webbutik","item":"https:\/\/likeink.com\/sv\/webbutik\/"},{"@type":"ListItem","position":3,"name":"Day Of the Dead ansikts-tatueringar"}]},{"@type":"WebSite","@id":"https:\/\/likeink.com\/sv\/#website","url":"https:\/\/likeink.com\/sv\/","name":"Like ink","description":"Make your own custom design","potentialAction":[{"@type":"SearchAction","target":{"@type":"EntryPoint","urlTemplate":"https:\/\/likeink.com\/sv\/?s={search_term_string}"},"query-input":{"@type":"PropertyValueSpecification","valueRequired":true,"valueName":"search_term_string"}}],"inLanguage":"sv-SE"}]}},"_links":{"self":[{"href":"https:\/\/likeink.com\/sv\/wp-json\/wp\/v2\/product\/13599","targetHints":{"allow":["GET"]}}],"collection":[{"href":"https:\/\/likeink.com\/sv\/wp-json\/wp\/v2\/product"}],"about":[{"href":"https:\/\/likeink.com\/sv\/wp-json\/wp\/v2\/types\/product"}],"wp:featuredmedia":[{"embeddable":true,"href":"https:\/\/likeink.com\/sv\/wp-json\/wp\/v2\/media\/13515"}],"wp:attachment":[{"href":"https:\/\/likeink.com\/sv\/wp-json\/wp\/v2\/media?parent=13599"}],"wp:term":[{"taxonomy":"product_brand","embeddable":true,"href":"https:\/\/likeink.com\/sv\/wp-json\/wp\/v2\/product_brand?post=13599"},{"taxonomy":"product_cat","embeddable":true,"href":"https:\/\/likeink.com\/sv\/wp-json\/wp\/v2\/product_cat?post=13599"},{"taxonomy":"product_tag","embeddable":true,"href":"https:\/\/likeink.com\/sv\/wp-json\/wp\/v2\/product_tag?post=13599"}],"curies":[{"name":"wp","href":"https:\/\/api.w.org\/{rel}","templated":true}]}}