{"id":13608,"date":"2022-09-28T15:16:20","date_gmt":"2022-09-28T15:16:20","guid":{"rendered":"https:\/\/likeink.se\/produkt\/halloween-face-tattoos-a5\/"},"modified":"2026-04-14T13:36:53","modified_gmt":"2026-04-14T13:36:53","slug":"halloween-ansiktstatueringar-a5","status":"publish","type":"product","link":"https:\/\/likeink.com\/sv\/gnuggisar\/halloween-ansiktstatueringar-a5\/","title":{"rendered":"Halloween ansikts-tatueringar"},"content":{"rendered":"","protected":false},"excerpt":{"rendered":"<p>V\u00e5ra ark med gnuggistatueringar \u00e4r 20X14 cm stora och fyllda med designen p\u00e5 bilden. Vi trycker och skickar din best\u00e4llning inom 24 timmar!<\/p>\n<h2>K\u00f6p Halloween ansiktstatueringar<\/h2>\n<p>Motiven \u00e4r inspirerade fr\u00e5n h\u00f6gtiden Day of the Dead som ursprungligen \u00e4r en mexikansk h\u00f6gtid som firades varje \u00e5r till minne av familj och v\u00e4nner som g\u00e5tt bort. Med tiden har Day of the Dead spridits till stora delar av v\u00e4rlden och idag sm\u00e4lter h\u00f6gtiden ofta samman med Halloween, Allhelgonaafton och andra amerikanska h\u00f6gtider.<\/p>\n<p>Med hj\u00e4lp av detta A5-ark fyllt av Day of the Dead ansiktstatueringar kan du dekorera ditt ansikte och din kropp med spindeln\u00e4t, kors, spindlar och olika m\u00f6nster!<br \/>\nEn sak \u00e4r s\u00e4ker, du kommer att synas oavsett om du ska p\u00e5 Halloween-fest, Day of the Dead-fest, en maskerad eller bara vill skoja till det!<\/p>\n<p>V\u00e5ra ansiktstatueringar \u00e4r enkla att applicera, tv\u00e4tta bort och \u00e4r givetvis s\u00e4kra att anv\u00e4nda.<\/p>\n<p>Storlek ark: A5<br \/>\nAntal tatueringar: 16<\/p>\n","protected":false},"featured_media":13522,"template":"","meta":[],"product_brand":[],"product_cat":[17,490],"product_tag":[],"class_list":{"0":"post-13608","1":"product","2":"type-product","3":"status-publish","4":"has-post-thumbnail","6":"product_cat-fardiga-ark","7":"product_cat-maskerad-sasong","9":"first","10":"instock","11":"taxable","12":"shipping-taxable","13":"purchasable","14":"product-type-simple"},"yoast_head":"<!-- This site is optimized with the Yoast SEO Premium plugin v26.2 (Yoast SEO v27.5) - https:\/\/yoast.com\/product\/yoast-seo-premium-wordpress\/ -->\n<title>Halloween ansiktstatueringar A5-ark - Like ink<\/title>\n<meta name=\"description\" content=\"Halloween ansiktstatueringar som \u00e4r enkla och s\u00e4kra att anv\u00e4nda! Tillverkning i Sverige inspirerade av Day Of The Dead - Like ink\" \/>\n<meta name=\"robots\" content=\"index, follow, max-snippet:-1, max-image-preview:large, max-video-preview:-1\" \/>\n<link rel=\"canonical\" href=\"https:\/\/likeink.com\/sv\/gnuggisar\/halloween-ansiktstatueringar-a5\/\" \/>\n<meta property=\"og:locale\" content=\"sv_SE\" \/>\n<meta property=\"og:type\" content=\"article\" \/>\n<meta property=\"og:title\" content=\"Halloween ansikts-tatueringar\" \/>\n<meta property=\"og:description\" content=\"V\u00e5ra ark med gnuggistatueringar \u00e4r 20X14 cm stora och fyllda med designen p\u00e5 bilden. Vi trycker och skickar din best\u00e4llning inom 24 timmar! K\u00f6p Halloween ansiktstatueringar Motiven \u00e4r inspirerade fr\u00e5n h\u00f6gtiden Day of the Dead som ursprungligen \u00e4r en mexikansk h\u00f6gtid som firades varje \u00e5r till minne av familj och v\u00e4nner som g\u00e5tt bort. Med tiden har Day of the Dead spridits till stora delar av v\u00e4rlden och idag sm\u00e4lter h\u00f6gtiden ofta samman med Halloween, Allhelgonaafton och andra amerikanska h\u00f6gtider.  Med hj\u00e4lp av detta A5-ark fyllt av Day of the Dead ansiktstatueringar kan du dekorera ditt ansikte och din kropp med spindeln\u00e4t, kors, spindlar och olika m\u00f6nster! En sak \u00e4r s\u00e4ker, du kommer att synas oavsett om du ska p\u00e5 Halloween-fest, Day of the Dead-fest, en maskerad eller bara vill skoja till det!  V\u00e5ra ansiktstatueringar \u00e4r enkla att applicera, tv\u00e4tta bort och \u00e4r givetvis s\u00e4kra att anv\u00e4nda.  Storlek ark: A5 Antal tatueringar: 16\" \/>\n<meta property=\"og:url\" content=\"https:\/\/likeink.com\/sv\/gnuggisar\/halloween-ansiktstatueringar-a5\/\" \/>\n<meta property=\"og:site_name\" content=\"Like ink\" \/>\n<meta property=\"article:publisher\" content=\"https:\/\/www.facebook.com\/LikeInkSe\" \/>\n<meta property=\"article:modified_time\" content=\"2026-04-14T13:36:53+00:00\" \/>\n<meta property=\"og:image\" content=\"https:\/\/likeink.com\/wp-content\/uploads\/2022\/09\/DayOfTheDead_FaceTattoo_Black_Likeink.jpg\" \/>\n\t<meta property=\"og:image:width\" content=\"1134\" \/>\n\t<meta property=\"og:image:height\" content=\"800\" \/>\n\t<meta property=\"og:image:type\" content=\"image\/jpeg\" \/>\n<meta name=\"twitter:card\" content=\"summary_large_image\" \/>\n<!-- \/ Yoast SEO Premium plugin. -->","yoast_head_json":{"title":"Halloween ansiktstatueringar A5-ark - Like ink","description":"Halloween ansiktstatueringar som \u00e4r enkla och s\u00e4kra att anv\u00e4nda! Tillverkning i Sverige inspirerade av Day Of The Dead - Like ink","robots":{"index":"index","follow":"follow","max-snippet":"max-snippet:-1","max-image-preview":"max-image-preview:large","max-video-preview":"max-video-preview:-1"},"canonical":"https:\/\/likeink.com\/sv\/gnuggisar\/halloween-ansiktstatueringar-a5\/","og_locale":"sv_SE","og_type":"article","og_title":"Halloween ansikts-tatueringar","og_description":"V\u00e5ra ark med gnuggistatueringar \u00e4r 20X14 cm stora och fyllda med designen p\u00e5 bilden. Vi trycker och skickar din best\u00e4llning inom 24 timmar! K\u00f6p Halloween ansiktstatueringar Motiven \u00e4r inspirerade fr\u00e5n h\u00f6gtiden Day of the Dead som ursprungligen \u00e4r en mexikansk h\u00f6gtid som firades varje \u00e5r till minne av familj och v\u00e4nner som g\u00e5tt bort. Med tiden har Day of the Dead spridits till stora delar av v\u00e4rlden och idag sm\u00e4lter h\u00f6gtiden ofta samman med Halloween, Allhelgonaafton och andra amerikanska h\u00f6gtider.  Med hj\u00e4lp av detta A5-ark fyllt av Day of the Dead ansiktstatueringar kan du dekorera ditt ansikte och din kropp med spindeln\u00e4t, kors, spindlar och olika m\u00f6nster! En sak \u00e4r s\u00e4ker, du kommer att synas oavsett om du ska p\u00e5 Halloween-fest, Day of the Dead-fest, en maskerad eller bara vill skoja till det!  V\u00e5ra ansiktstatueringar \u00e4r enkla att applicera, tv\u00e4tta bort och \u00e4r givetvis s\u00e4kra att anv\u00e4nda.  Storlek ark: A5 Antal tatueringar: 16","og_url":"https:\/\/likeink.com\/sv\/gnuggisar\/halloween-ansiktstatueringar-a5\/","og_site_name":"Like ink","article_publisher":"https:\/\/www.facebook.com\/LikeInkSe","article_modified_time":"2026-04-14T13:36:53+00:00","og_image":[{"width":1134,"height":800,"url":"https:\/\/likeink.com\/wp-content\/uploads\/2022\/09\/DayOfTheDead_FaceTattoo_Black_Likeink.jpg","type":"image\/jpeg"}],"twitter_card":"summary_large_image","schema":{"@context":"https:\/\/schema.org","@graph":[{"@type":"WebPage","@id":"https:\/\/likeink.com\/sv\/gnuggisar\/halloween-ansiktstatueringar-a5\/","url":"https:\/\/likeink.com\/sv\/gnuggisar\/halloween-ansiktstatueringar-a5\/","name":"Halloween ansiktstatueringar A5-ark - Like ink","isPartOf":{"@id":"https:\/\/likeink.com\/sv\/#website"},"primaryImageOfPage":{"@id":"https:\/\/likeink.com\/sv\/gnuggisar\/halloween-ansiktstatueringar-a5\/#primaryimage"},"image":{"@id":"https:\/\/likeink.com\/sv\/gnuggisar\/halloween-ansiktstatueringar-a5\/#primaryimage"},"thumbnailUrl":"https:\/\/likeink.com\/wp-content\/uploads\/2022\/09\/DayOfTheDead_FaceTattoo_Black_Likeink.jpg","datePublished":"2022-09-28T15:16:20+00:00","dateModified":"2026-04-14T13:36:53+00:00","description":"Halloween ansiktstatueringar som \u00e4r enkla och s\u00e4kra att anv\u00e4nda! Tillverkning i Sverige inspirerade av Day Of The Dead - Like ink","breadcrumb":{"@id":"https:\/\/likeink.com\/sv\/gnuggisar\/halloween-ansiktstatueringar-a5\/#breadcrumb"},"inLanguage":"sv-SE","potentialAction":[{"@type":"ReadAction","target":["https:\/\/likeink.com\/sv\/gnuggisar\/halloween-ansiktstatueringar-a5\/"]}]},{"@type":"ImageObject","inLanguage":"sv-SE","@id":"https:\/\/likeink.com\/sv\/gnuggisar\/halloween-ansiktstatueringar-a5\/#primaryimage","url":"https:\/\/likeink.com\/wp-content\/uploads\/2022\/09\/DayOfTheDead_FaceTattoo_Black_Likeink.jpg","contentUrl":"https:\/\/likeink.com\/wp-content\/uploads\/2022\/09\/DayOfTheDead_FaceTattoo_Black_Likeink.jpg","width":1134,"height":800,"caption":"Tatuering Day Of The Dead ansikte. Like ink ansiktstatuering"},{"@type":"BreadcrumbList","@id":"https:\/\/likeink.com\/sv\/gnuggisar\/halloween-ansiktstatueringar-a5\/#breadcrumb","itemListElement":[{"@type":"ListItem","position":1,"name":"Hem","item":"https:\/\/likeink.com\/sv\/"},{"@type":"ListItem","position":2,"name":"Webbutik","item":"https:\/\/likeink.com\/sv\/webbutik\/"},{"@type":"ListItem","position":3,"name":"Halloween ansikts-tatueringar"}]},{"@type":"WebSite","@id":"https:\/\/likeink.com\/sv\/#website","url":"https:\/\/likeink.com\/sv\/","name":"Like ink","description":"Make your own custom design","potentialAction":[{"@type":"SearchAction","target":{"@type":"EntryPoint","urlTemplate":"https:\/\/likeink.com\/sv\/?s={search_term_string}"},"query-input":{"@type":"PropertyValueSpecification","valueRequired":true,"valueName":"search_term_string"}}],"inLanguage":"sv-SE"}]}},"_links":{"self":[{"href":"https:\/\/likeink.com\/sv\/wp-json\/wp\/v2\/product\/13608","targetHints":{"allow":["GET"]}}],"collection":[{"href":"https:\/\/likeink.com\/sv\/wp-json\/wp\/v2\/product"}],"about":[{"href":"https:\/\/likeink.com\/sv\/wp-json\/wp\/v2\/types\/product"}],"wp:featuredmedia":[{"embeddable":true,"href":"https:\/\/likeink.com\/sv\/wp-json\/wp\/v2\/media\/13522"}],"wp:attachment":[{"href":"https:\/\/likeink.com\/sv\/wp-json\/wp\/v2\/media?parent=13608"}],"wp:term":[{"taxonomy":"product_brand","embeddable":true,"href":"https:\/\/likeink.com\/sv\/wp-json\/wp\/v2\/product_brand?post=13608"},{"taxonomy":"product_cat","embeddable":true,"href":"https:\/\/likeink.com\/sv\/wp-json\/wp\/v2\/product_cat?post=13608"},{"taxonomy":"product_tag","embeddable":true,"href":"https:\/\/likeink.com\/sv\/wp-json\/wp\/v2\/product_tag?post=13608"}],"curies":[{"name":"wp","href":"https:\/\/api.w.org\/{rel}","templated":true}]}}