{"id":13919,"date":"2022-10-11T15:28:39","date_gmt":"2022-10-11T15:28:39","guid":{"rendered":"https:\/\/likeink.se\/produkt\/lines-fake-tattoos-a5\/"},"modified":"2026-04-14T13:14:11","modified_gmt":"2026-04-14T13:14:11","slug":"fejktatueringar-linjer","status":"publish","type":"product","link":"https:\/\/likeink.com\/sv\/gnuggisar\/fejktatueringar-linjer\/","title":{"rendered":"Fejktatueringar &#8220;linjer&#8221;"},"content":{"rendered":"","protected":false},"excerpt":{"rendered":"<p>Hos oss p\u00e5 Like ink kan du best\u00e4lla f\u00e4rdiga ark med eng\u00e5ngstatueringar som ocks\u00e5 ofta kallas f\u00f6r fejktatueringar eller gnuggisar. Vi trycker och skickar dina tatueringar inom 24h!<br \/>\nVi har m\u00e4ngder av f\u00e4rdigritade fejktatueringar och dessutom kan du ladda upp valfria motiv och best\u00e4lla gnuggisar med din egen design av oss. <\/p>\n<h2>Best\u00e4ll fejktatueringar med linjer i olika f\u00e4rger<\/h2>\n<p>Hoppas att du gillar designen \/ tatueringarna p\u00e5 det h\u00e4r arket med produktnamn \u201dFejktatueringar &#8220;linjer&#8221; A5-ark\u201d och stort tack f\u00f6r att du best\u00e4ller dina gnuggisar av oss p\u00e5 Like ink. <\/p>\n<p>Storlek p\u00e5 tatuering:<br \/>\nV\u00e5ra ark med gnuggisar \u00e4r 20X14 cm stora och \u00e4r fyllda med tatueringarna som du ser p\u00e5 produktbilden. H\u00e4r \u00e4r det linjer i olika f\u00e4rger som g\u00e4ller! Varje linje \u00e4r omkring 5-9 mm bred. <\/p>\n<p>Hur l\u00e4nge h\u00e5ller en gnuggistatuering och hur fungerar det?<br \/>\nV\u00e5ra gnuggisar h\u00e5ller i 1-10 dagar beroende p\u00e5 placering och sk\u00f6tsel. Fejktatueringarna \u00e4r l\u00e4tta att applicera och tv\u00e4tta bort och du f\u00e5r instruktioner ihop med din order. <\/p>\n<p>&#8211;\tTrim the individual Tattoo close to image<br \/>\n&#8211;\tRemove clear film liner from adhesive<br \/>\n&#8211;\tPlace the Tattoo in the desired position<br \/>\n&#8211;\tApply water with a wet sponge or towel<br \/>\n&#8211;\tAfter 15 seconds remove the wet paper<br \/>\n&#8211;\tFinished. Have fun and enjoy!<br \/>\n&#8211;\tApply baby powder for mat finish if desired.<\/p>\n<p>\u00d6vrig information! <\/p>\n<p>Leverans:<br \/>\nVi skickar dagligen best\u00e4llningar \u00f6ver hela v\u00e4rlden fr\u00e5n v\u00e5rt tryckeri som ligger i Malm\u00f6, Sverige. Vi trycker och skickar dina tillf\u00e4lliga tatueringarr inom 24h.<\/p>\n<p>\u00c4r fake tatueringar milj\u00f6v\u00e4nliga?<br \/>\nTatueringarna \u00e4r veganska och f\u00f6r oss p\u00e5 Like ink \u00e4r milj\u00f6n viktig. Alla komponenter \u00e4r fria fr\u00e5n PVC och PCB.<br \/>\nVi klimatkompenserar alla frakter och anv\u00e4nder f\u00e4rg, kuvert och trycksaker som \u00e4r Svanenm\u00e4rkta, s\u00e4kra f\u00f6r dig och bra f\u00f6r milj\u00f6n.<br \/>\nVi f\u00f6ljer EC1223-2009 Cosmetics Regulations (EG-f\u00f6rordning kring kosmetiska produkter kring s\u00e4kerhet)<\/p>\n<p>Ha en fantastisk dag! <\/p>\n<p>Like ink \u2013 Real Fake Tattoos! <\/p>\n","protected":false},"featured_media":13904,"template":"","meta":[],"product_brand":[],"product_cat":[17,490],"product_tag":[],"class_list":{"0":"post-13919","1":"product","2":"type-product","3":"status-publish","4":"has-post-thumbnail","6":"product_cat-fardiga-ark","7":"product_cat-maskerad-sasong","9":"first","10":"instock","11":"taxable","12":"shipping-taxable","13":"purchasable","14":"product-type-simple"},"yoast_head":"<!-- This site is optimized with the Yoast SEO Premium plugin v26.2 (Yoast SEO v27.5) - https:\/\/yoast.com\/product\/yoast-seo-premium-wordpress\/ -->\n<title>Fejktatueringar &quot;linjer&quot; A5-ark I Fullt av m\u00f6jligheter - Like ink<\/title>\n<meta name=\"description\" content=\"Fejktatueringar &quot;linjer&quot; p\u00e5 A5-ark. Varje linje \u00e4r 15cm l\u00e5ng och ca 6 mm bred. En linje tv\u00e4rs\u00f6ver ansiktet r\u00e4cker f\u00f6r en ny stil - Like ink\" \/>\n<meta name=\"robots\" content=\"index, follow, max-snippet:-1, max-image-preview:large, max-video-preview:-1\" \/>\n<link rel=\"canonical\" href=\"https:\/\/likeink.com\/sv\/gnuggisar\/fejktatueringar-linjer\/\" \/>\n<meta property=\"og:locale\" content=\"sv_SE\" \/>\n<meta property=\"og:type\" content=\"article\" \/>\n<meta property=\"og:title\" content=\"Fejktatueringar &quot;linjer&quot;\" \/>\n<meta property=\"og:description\" content=\"Hos oss p\u00e5 Like ink kan du best\u00e4lla f\u00e4rdiga ark med eng\u00e5ngstatueringar som ocks\u00e5 ofta kallas f\u00f6r fejktatueringar eller gnuggisar. Vi trycker och skickar dina tatueringar inom 24h!  Vi har m\u00e4ngder av f\u00e4rdigritade fejktatueringar och dessutom kan du ladda upp valfria motiv och best\u00e4lla gnuggisar med din egen design av oss.   Best\u00e4ll fejktatueringar med linjer i olika f\u00e4rger   Hoppas att du gillar designen \/ tatueringarna p\u00e5 det h\u00e4r arket med produktnamn \u201dFejktatueringar &quot;linjer&quot; A5-ark\u201d och stort tack f\u00f6r att du best\u00e4ller dina gnuggisar av oss p\u00e5 Like ink.    Storlek p\u00e5 tatuering:  V\u00e5ra ark med gnuggisar \u00e4r 20X14 cm stora och \u00e4r fyllda med tatueringarna som du ser p\u00e5 produktbilden. H\u00e4r \u00e4r det linjer i olika f\u00e4rger som g\u00e4ller! Varje linje \u00e4r omkring 5-9 mm bred.   Hur l\u00e4nge h\u00e5ller en gnuggistatuering och hur fungerar det?  V\u00e5ra gnuggisar h\u00e5ller i 1-10 dagar beroende p\u00e5 placering och sk\u00f6tsel. Fejktatueringarna \u00e4r l\u00e4tta att applicera och tv\u00e4tta bort och du f\u00e5r instruktioner ihop med din order.   - Trim the individual Tattoo close to image - Remove clear film liner from adhesive - Place the Tattoo in the desired position - Apply water with a wet sponge or towel - After 15 seconds remove the wet paper - Finished. Have fun and enjoy! - Apply baby powder for mat finish if desired.  \u00d6vrig information!   Leverans:  Vi skickar dagligen best\u00e4llningar \u00f6ver hela v\u00e4rlden fr\u00e5n v\u00e5rt tryckeri som ligger i Malm\u00f6, Sverige. Vi trycker och skickar dina tillf\u00e4lliga tatueringarr inom 24h.  \u00c4r fake tatueringar milj\u00f6v\u00e4nliga?  Tatueringarna \u00e4r veganska och f\u00f6r oss p\u00e5 Like ink \u00e4r milj\u00f6n viktig. Alla komponenter \u00e4r fria fr\u00e5n PVC och PCB. Vi klimatkompenserar alla frakter och anv\u00e4nder f\u00e4rg, kuvert och trycksaker som \u00e4r Svanenm\u00e4rkta, s\u00e4kra f\u00f6r dig och bra f\u00f6r milj\u00f6n.  Vi f\u00f6ljer EC1223-2009 Cosmetics Regulations (EG-f\u00f6rordning kring kosmetiska produkter kring s\u00e4kerhet)   Ha en fantastisk dag!   Like ink \u2013 Real Fake Tattoos!\" \/>\n<meta property=\"og:url\" content=\"https:\/\/likeink.com\/sv\/gnuggisar\/fejktatueringar-linjer\/\" \/>\n<meta property=\"og:site_name\" content=\"Like ink\" \/>\n<meta property=\"article:publisher\" content=\"https:\/\/www.facebook.com\/LikeInkSe\" \/>\n<meta property=\"article:modified_time\" content=\"2026-04-14T13:14:11+00:00\" \/>\n<meta property=\"og:image\" content=\"https:\/\/likeink.com\/wp-content\/uploads\/2022\/10\/Likeink_Lines_Tattoos.jpg\" \/>\n\t<meta property=\"og:image:width\" content=\"1200\" \/>\n\t<meta property=\"og:image:height\" content=\"845\" \/>\n\t<meta property=\"og:image:type\" content=\"image\/jpeg\" \/>\n<meta name=\"twitter:card\" content=\"summary_large_image\" \/>\n<!-- \/ Yoast SEO Premium plugin. -->","yoast_head_json":{"title":"Fejktatueringar \"linjer\" A5-ark I Fullt av m\u00f6jligheter - Like ink","description":"Fejktatueringar \"linjer\" p\u00e5 A5-ark. Varje linje \u00e4r 15cm l\u00e5ng och ca 6 mm bred. En linje tv\u00e4rs\u00f6ver ansiktet r\u00e4cker f\u00f6r en ny stil - Like ink","robots":{"index":"index","follow":"follow","max-snippet":"max-snippet:-1","max-image-preview":"max-image-preview:large","max-video-preview":"max-video-preview:-1"},"canonical":"https:\/\/likeink.com\/sv\/gnuggisar\/fejktatueringar-linjer\/","og_locale":"sv_SE","og_type":"article","og_title":"Fejktatueringar \"linjer\"","og_description":"Hos oss p\u00e5 Like ink kan du best\u00e4lla f\u00e4rdiga ark med eng\u00e5ngstatueringar som ocks\u00e5 ofta kallas f\u00f6r fejktatueringar eller gnuggisar. Vi trycker och skickar dina tatueringar inom 24h!  Vi har m\u00e4ngder av f\u00e4rdigritade fejktatueringar och dessutom kan du ladda upp valfria motiv och best\u00e4lla gnuggisar med din egen design av oss.   Best\u00e4ll fejktatueringar med linjer i olika f\u00e4rger   Hoppas att du gillar designen \/ tatueringarna p\u00e5 det h\u00e4r arket med produktnamn \u201dFejktatueringar \"linjer\" A5-ark\u201d och stort tack f\u00f6r att du best\u00e4ller dina gnuggisar av oss p\u00e5 Like ink.    Storlek p\u00e5 tatuering:  V\u00e5ra ark med gnuggisar \u00e4r 20X14 cm stora och \u00e4r fyllda med tatueringarna som du ser p\u00e5 produktbilden. H\u00e4r \u00e4r det linjer i olika f\u00e4rger som g\u00e4ller! Varje linje \u00e4r omkring 5-9 mm bred.   Hur l\u00e4nge h\u00e5ller en gnuggistatuering och hur fungerar det?  V\u00e5ra gnuggisar h\u00e5ller i 1-10 dagar beroende p\u00e5 placering och sk\u00f6tsel. Fejktatueringarna \u00e4r l\u00e4tta att applicera och tv\u00e4tta bort och du f\u00e5r instruktioner ihop med din order.   - Trim the individual Tattoo close to image - Remove clear film liner from adhesive - Place the Tattoo in the desired position - Apply water with a wet sponge or towel - After 15 seconds remove the wet paper - Finished. Have fun and enjoy! - Apply baby powder for mat finish if desired.  \u00d6vrig information!   Leverans:  Vi skickar dagligen best\u00e4llningar \u00f6ver hela v\u00e4rlden fr\u00e5n v\u00e5rt tryckeri som ligger i Malm\u00f6, Sverige. Vi trycker och skickar dina tillf\u00e4lliga tatueringarr inom 24h.  \u00c4r fake tatueringar milj\u00f6v\u00e4nliga?  Tatueringarna \u00e4r veganska och f\u00f6r oss p\u00e5 Like ink \u00e4r milj\u00f6n viktig. Alla komponenter \u00e4r fria fr\u00e5n PVC och PCB. Vi klimatkompenserar alla frakter och anv\u00e4nder f\u00e4rg, kuvert och trycksaker som \u00e4r Svanenm\u00e4rkta, s\u00e4kra f\u00f6r dig och bra f\u00f6r milj\u00f6n.  Vi f\u00f6ljer EC1223-2009 Cosmetics Regulations (EG-f\u00f6rordning kring kosmetiska produkter kring s\u00e4kerhet)   Ha en fantastisk dag!   Like ink \u2013 Real Fake Tattoos!","og_url":"https:\/\/likeink.com\/sv\/gnuggisar\/fejktatueringar-linjer\/","og_site_name":"Like ink","article_publisher":"https:\/\/www.facebook.com\/LikeInkSe","article_modified_time":"2026-04-14T13:14:11+00:00","og_image":[{"width":1200,"height":845,"url":"https:\/\/likeink.com\/wp-content\/uploads\/2022\/10\/Likeink_Lines_Tattoos.jpg","type":"image\/jpeg"}],"twitter_card":"summary_large_image","schema":{"@context":"https:\/\/schema.org","@graph":[{"@type":"WebPage","@id":"https:\/\/likeink.com\/sv\/gnuggisar\/fejktatueringar-linjer\/","url":"https:\/\/likeink.com\/sv\/gnuggisar\/fejktatueringar-linjer\/","name":"Fejktatueringar \"linjer\" A5-ark I Fullt av m\u00f6jligheter - Like ink","isPartOf":{"@id":"https:\/\/likeink.com\/sv\/#website"},"primaryImageOfPage":{"@id":"https:\/\/likeink.com\/sv\/gnuggisar\/fejktatueringar-linjer\/#primaryimage"},"image":{"@id":"https:\/\/likeink.com\/sv\/gnuggisar\/fejktatueringar-linjer\/#primaryimage"},"thumbnailUrl":"https:\/\/likeink.com\/wp-content\/uploads\/2022\/10\/Likeink_Lines_Tattoos.jpg","datePublished":"2022-10-11T15:28:39+00:00","dateModified":"2026-04-14T13:14:11+00:00","description":"Fejktatueringar \"linjer\" p\u00e5 A5-ark. Varje linje \u00e4r 15cm l\u00e5ng och ca 6 mm bred. En linje tv\u00e4rs\u00f6ver ansiktet r\u00e4cker f\u00f6r en ny stil - Like ink","breadcrumb":{"@id":"https:\/\/likeink.com\/sv\/gnuggisar\/fejktatueringar-linjer\/#breadcrumb"},"inLanguage":"sv-SE","potentialAction":[{"@type":"ReadAction","target":["https:\/\/likeink.com\/sv\/gnuggisar\/fejktatueringar-linjer\/"]}]},{"@type":"ImageObject","inLanguage":"sv-SE","@id":"https:\/\/likeink.com\/sv\/gnuggisar\/fejktatueringar-linjer\/#primaryimage","url":"https:\/\/likeink.com\/wp-content\/uploads\/2022\/10\/Likeink_Lines_Tattoos.jpg","contentUrl":"https:\/\/likeink.com\/wp-content\/uploads\/2022\/10\/Likeink_Lines_Tattoos.jpg","width":1200,"height":845,"caption":"Linjer tatueringar"},{"@type":"BreadcrumbList","@id":"https:\/\/likeink.com\/sv\/gnuggisar\/fejktatueringar-linjer\/#breadcrumb","itemListElement":[{"@type":"ListItem","position":1,"name":"Hem","item":"https:\/\/likeink.com\/sv\/"},{"@type":"ListItem","position":2,"name":"Webbutik","item":"https:\/\/likeink.com\/sv\/webbutik\/"},{"@type":"ListItem","position":3,"name":"Fejktatueringar &#8220;linjer&#8221;"}]},{"@type":"WebSite","@id":"https:\/\/likeink.com\/sv\/#website","url":"https:\/\/likeink.com\/sv\/","name":"Like ink","description":"Make your own custom design","potentialAction":[{"@type":"SearchAction","target":{"@type":"EntryPoint","urlTemplate":"https:\/\/likeink.com\/sv\/?s={search_term_string}"},"query-input":{"@type":"PropertyValueSpecification","valueRequired":true,"valueName":"search_term_string"}}],"inLanguage":"sv-SE"}]}},"_links":{"self":[{"href":"https:\/\/likeink.com\/sv\/wp-json\/wp\/v2\/product\/13919","targetHints":{"allow":["GET"]}}],"collection":[{"href":"https:\/\/likeink.com\/sv\/wp-json\/wp\/v2\/product"}],"about":[{"href":"https:\/\/likeink.com\/sv\/wp-json\/wp\/v2\/types\/product"}],"wp:featuredmedia":[{"embeddable":true,"href":"https:\/\/likeink.com\/sv\/wp-json\/wp\/v2\/media\/13904"}],"wp:attachment":[{"href":"https:\/\/likeink.com\/sv\/wp-json\/wp\/v2\/media?parent=13919"}],"wp:term":[{"taxonomy":"product_brand","embeddable":true,"href":"https:\/\/likeink.com\/sv\/wp-json\/wp\/v2\/product_brand?post=13919"},{"taxonomy":"product_cat","embeddable":true,"href":"https:\/\/likeink.com\/sv\/wp-json\/wp\/v2\/product_cat?post=13919"},{"taxonomy":"product_tag","embeddable":true,"href":"https:\/\/likeink.com\/sv\/wp-json\/wp\/v2\/product_tag?post=13919"}],"curies":[{"name":"wp","href":"https:\/\/api.w.org\/{rel}","templated":true}]}}